{"id":3986,"date":"2016-11-26T15:19:12","date_gmt":"2016-11-26T13:19:12","guid":{"rendered":"http:\/\/enko.ee\/et\/about-us\/"},"modified":"2025-04-14T18:58:31","modified_gmt":"2025-04-14T15:58:31","slug":"ettevottest","status":"publish","type":"page","link":"https:\/\/enko.ee\/et\/ettevottest\/","title":{"rendered":"Ettev\u00f5ttest"},"content":{"rendered":"<h2>Ettev\u00f5ttest<\/h2>\n<p>ENKO AS asutati 1990. aastal erakapitalil p\u00f5hinevalt. Meie peamine tegevusala on nii\u00a0<strong>allhanke korras kui ka oma toodete n\u00e4ol plastiku-, metalli-, ja kummitoodete kavandamine, tootearendus, tootmine ja turustamine<\/strong>\u00a0erinevatesse valdkondadesse nagu \u00fcldehitus, santehnika, ventilatsioon, elektrotehnika, aparaadiehitus, kodutehnika jne.<\/p>\n<p>Meie kvaliteedijuhtimiss\u00fcsteem, mis h\u00f5lmab k\u00f5iki etappe\u00a0<strong>toote kavandamisest kuni l\u00f5ppkontrollini<\/strong>\u00a0on alates 1998 aastast vastavuses\u00a0<strong>ISO 9001<\/strong>\u00a0standardiga ning k\u00e4esoleval ajal\u00a0 sertifitseeritud\u00a0<a href=\"\/wp-content\/uploads\/2024\/03\/Q-117-24 est_STAMPED.pdf\" target=\"_blank\" rel=\"noopener\">koosk\u00f5las Inspecta Estonia O\u00fc sertifikaadile: Q-117-24<\/a>\u00a0ja\u00a0<a href=\"\/wp-content\/uploads\/2016\/11\/IQNET-1.pdf\" target=\"_blank\" rel=\"noopener\">IQNet<\/a>\u00a0poolt. Kehtiv ISO9001:2015 sertifikaat on v\u00e4laj antud 12.03.2024. a. ettev\u00f5tte Inspecta Estonia O\u00fc poolt ning kehtib kuni 11.03.2027.<\/p>\n<p>T\u00e4na on Aktsiaselts ENKO t\u00f6\u00f6andja 26-le t\u00f6\u00f6tajale.<\/p>\n<p>ENKO AS-i peamine tegevusala on v\u00e4ga erinevate\u00a0plastikust, kummist, silikoonist\u00a0ning metallist valmistatud toodete v\u00e4ljat\u00f6\u00f6tamine ja tootmine.\u00a0 ENKO AS omab kaasaegset tehnoloogiat ning seadmeid projekteerimiseks, tootmiseks ja kvaliteedi kontrolliks.<\/p>\n<p>ENKO AS-i klientideks on suuremad hulgim\u00fc\u00fcgiettev\u00f5tted ja tootmisettev\u00f5tted Soomes, Rootsis, Norras, Eestis, L\u00e4tis, Leedus jne. Pidevas koost\u00f6\u00f6s ja tihedas kontaktis tarbijatega arendame ning t\u00e4iustame tootevalikut p\u00f6\u00f6rates erilist t\u00e4helepanu toodangu kvaliteedile.<\/p>\n<p>ENKO AS on registreerinud uute tehniliste lahenduste rakendamise kohta toodetel<strong>\u00a07 patenti, 7 kasulikku mudelit ja 2 t\u00f6\u00f6stusliku disaini lahendit<\/strong>.<\/p>\n","protected":false},"excerpt":{"rendered":"<p>Ettev\u00f5ttest ENKO AS asutati 1990. aastal erakapitalil p\u00f5hinevalt. Meie peamine tegevusala on nii\u00a0allhanke korras kui ka oma toodete n\u00e4ol plastiku-, metalli-, ja kummitoodete kavandamine, tootearendus, tootmine ja turustamine\u00a0erinevatesse valdkondadesse nagu&#8230;<\/p>\n","protected":false},"author":1,"featured_media":0,"parent":0,"menu_order":2,"comment_status":"closed","ping_status":"closed","template":"","meta":{"_monsterinsights_skip_tracking":false,"_monsterinsights_sitenote_active":false,"_monsterinsights_sitenote_note":"","_monsterinsights_sitenote_category":0,"footnotes":""},"class_list":["post-3986","page","type-page","status-publish"],"yoast_head":"<!-- This site is optimized with the Yoast SEO plugin v22.2 - https:\/\/yoast.com\/wordpress\/plugins\/seo\/ -->\n<title>Ettev\u00f5ttest - Enko AS<\/title>\n<meta name=\"robots\" content=\"index, follow, max-snippet:-1, max-image-preview:large, max-video-preview:-1\" \/>\n<link rel=\"canonical\" href=\"https:\/\/enko.ee\/et\/ettevottest\/\" \/>\n<meta property=\"og:locale\" content=\"et_EE\" \/>\n<meta property=\"og:type\" content=\"article\" \/>\n<meta property=\"og:title\" content=\"Ettev\u00f5ttest - Enko AS\" \/>\n<meta property=\"og:description\" content=\"Ettev\u00f5ttest ENKO AS asutati 1990. aastal erakapitalil p\u00f5hinevalt. Meie peamine tegevusala on nii\u00a0allhanke korras kui ka oma toodete n\u00e4ol plastiku-, metalli-, ja kummitoodete kavandamine, tootearendus, tootmine ja turustamine\u00a0erinevatesse valdkondadesse nagu...\" \/>\n<meta property=\"og:url\" content=\"https:\/\/enko.ee\/et\/ettevottest\/\" \/>\n<meta property=\"og:site_name\" content=\"Enko AS\" \/>\n<meta property=\"article:modified_time\" content=\"2025-04-14T15:58:31+00:00\" \/>\n<meta name=\"twitter:card\" content=\"summary_large_image\" \/>\n<meta name=\"twitter:label1\" content=\"Est. reading time\" \/>\n\t<meta name=\"twitter:data1\" content=\"1 minut\" \/>\n<script type=\"application\/ld+json\" class=\"yoast-schema-graph\">{\"@context\":\"https:\/\/schema.org\",\"@graph\":[{\"@type\":\"WebPage\",\"@id\":\"https:\/\/enko.ee\/et\/ettevottest\/\",\"url\":\"https:\/\/enko.ee\/et\/ettevottest\/\",\"name\":\"Ettev\u00f5ttest - Enko AS\",\"isPartOf\":{\"@id\":\"https:\/\/enko.ee\/et\/#website\"},\"datePublished\":\"2016-11-26T13:19:12+00:00\",\"dateModified\":\"2025-04-14T15:58:31+00:00\",\"breadcrumb\":{\"@id\":\"https:\/\/enko.ee\/et\/ettevottest\/#breadcrumb\"},\"inLanguage\":\"et\",\"potentialAction\":[{\"@type\":\"ReadAction\",\"target\":[\"https:\/\/enko.ee\/et\/ettevottest\/\"]}]},{\"@type\":\"BreadcrumbList\",\"@id\":\"https:\/\/enko.ee\/et\/ettevottest\/#breadcrumb\",\"itemListElement\":[{\"@type\":\"ListItem\",\"position\":1,\"name\":\"Home\",\"item\":\"https:\/\/enko.ee\/et\/\"},{\"@type\":\"ListItem\",\"position\":2,\"name\":\"Ettev\u00f5ttest\"}]},{\"@type\":\"WebSite\",\"@id\":\"https:\/\/enko.ee\/et\/#website\",\"url\":\"https:\/\/enko.ee\/et\/\",\"name\":\"Enko AS\",\"description\":\"Metallist, plastikust ja kummist detailide \/ toodete kavandamine, tootmine ning montaa\u017e. Plasti \/ kummi survevalu, lehtmetalli t&ouml;&ouml;tlemine, valuvormide ja stantside projekteerimine, valmistamine ja modifitseerimine. Kinnitusvahendid.\",\"potentialAction\":[{\"@type\":\"SearchAction\",\"target\":{\"@type\":\"EntryPoint\",\"urlTemplate\":\"https:\/\/enko.ee\/et\/?s={search_term_string}\"},\"query-input\":\"required name=search_term_string\"}],\"inLanguage\":\"et\"}]}<\/script>\n<!-- \/ Yoast SEO plugin. -->","yoast_head_json":{"title":"Ettev\u00f5ttest - Enko AS","robots":{"index":"index","follow":"follow","max-snippet":"max-snippet:-1","max-image-preview":"max-image-preview:large","max-video-preview":"max-video-preview:-1"},"canonical":"https:\/\/enko.ee\/et\/ettevottest\/","og_locale":"et_EE","og_type":"article","og_title":"Ettev\u00f5ttest - Enko AS","og_description":"Ettev\u00f5ttest ENKO AS asutati 1990. aastal erakapitalil p\u00f5hinevalt. Meie peamine tegevusala on nii\u00a0allhanke korras kui ka oma toodete n\u00e4ol plastiku-, metalli-, ja kummitoodete kavandamine, tootearendus, tootmine ja turustamine\u00a0erinevatesse valdkondadesse nagu...","og_url":"https:\/\/enko.ee\/et\/ettevottest\/","og_site_name":"Enko AS","article_modified_time":"2025-04-14T15:58:31+00:00","twitter_card":"summary_large_image","twitter_misc":{"Est. reading time":"1 minut"},"schema":{"@context":"https:\/\/schema.org","@graph":[{"@type":"WebPage","@id":"https:\/\/enko.ee\/et\/ettevottest\/","url":"https:\/\/enko.ee\/et\/ettevottest\/","name":"Ettev\u00f5ttest - Enko AS","isPartOf":{"@id":"https:\/\/enko.ee\/et\/#website"},"datePublished":"2016-11-26T13:19:12+00:00","dateModified":"2025-04-14T15:58:31+00:00","breadcrumb":{"@id":"https:\/\/enko.ee\/et\/ettevottest\/#breadcrumb"},"inLanguage":"et","potentialAction":[{"@type":"ReadAction","target":["https:\/\/enko.ee\/et\/ettevottest\/"]}]},{"@type":"BreadcrumbList","@id":"https:\/\/enko.ee\/et\/ettevottest\/#breadcrumb","itemListElement":[{"@type":"ListItem","position":1,"name":"Home","item":"https:\/\/enko.ee\/et\/"},{"@type":"ListItem","position":2,"name":"Ettev\u00f5ttest"}]},{"@type":"WebSite","@id":"https:\/\/enko.ee\/et\/#website","url":"https:\/\/enko.ee\/et\/","name":"Enko AS","description":"Metallist, plastikust ja kummist detailide \/ toodete kavandamine, tootmine ning montaa\u017e. Plasti \/ kummi survevalu, lehtmetalli t&ouml;&ouml;tlemine, valuvormide ja stantside projekteerimine, valmistamine ja modifitseerimine. Kinnitusvahendid.","potentialAction":[{"@type":"SearchAction","target":{"@type":"EntryPoint","urlTemplate":"https:\/\/enko.ee\/et\/?s={search_term_string}"},"query-input":"required name=search_term_string"}],"inLanguage":"et"}]}},"_links":{"self":[{"href":"https:\/\/enko.ee\/et\/wp-json\/wp\/v2\/pages\/3986","targetHints":{"allow":["GET"]}}],"collection":[{"href":"https:\/\/enko.ee\/et\/wp-json\/wp\/v2\/pages"}],"about":[{"href":"https:\/\/enko.ee\/et\/wp-json\/wp\/v2\/types\/page"}],"author":[{"embeddable":true,"href":"https:\/\/enko.ee\/et\/wp-json\/wp\/v2\/users\/1"}],"replies":[{"embeddable":true,"href":"https:\/\/enko.ee\/et\/wp-json\/wp\/v2\/comments?post=3986"}],"version-history":[{"count":9,"href":"https:\/\/enko.ee\/et\/wp-json\/wp\/v2\/pages\/3986\/revisions"}],"predecessor-version":[{"id":6316,"href":"https:\/\/enko.ee\/et\/wp-json\/wp\/v2\/pages\/3986\/revisions\/6316"}],"wp:attachment":[{"href":"https:\/\/enko.ee\/et\/wp-json\/wp\/v2\/media?parent=3986"}],"curies":[{"name":"wp","href":"https:\/\/api.w.org\/{rel}","templated":true}]}}