{"id":3989,"date":"2016-11-14T18:59:48","date_gmt":"2016-11-14T16:59:48","guid":{"rendered":"http:\/\/enko.ee\/et\/research-development\/"},"modified":"2017-03-14T11:40:53","modified_gmt":"2017-03-14T09:40:53","slug":"teadus-ja-arendustegevus","status":"publish","type":"page","link":"https:\/\/enko.ee\/et\/teadus-ja-arendustegevus\/","title":{"rendered":"Teadus- ja arendustegevus"},"content":{"rendered":"<h2>Toote projekteerimine \/ kavandamine<\/h2>\n<p>Konkurentsiv\u00f5imelise ja innovaatilise tootmisettev\u00f5tte jaoks on p\u00fchendunud teadus-ja arendustegevuse osakond kohustuslik. Meie R&amp;D osakond keskendub uuringutele, disainile, arendust\u00f6\u00f6le ja kvaliteedikontrollile. Meil on k\u00f5rge kompetents j\u00e4rgmistes valdkondades: projekteerimine ja modelleerimine , toote- ja tootmistehnoloogia v\u00e4ljat\u00f6\u00f6tamine, juurutamine ja rakendamine, metroloogia, testimine ja kvaliteedikontroll.<\/p>\n<p>Meie akrediteeritud labori k\u00e4sutuses on kaasaegsed testimis-ja anal\u00fc\u00fcsiseadmed. K\u00f5ik meil kasutatavad pooltooted ja valmistooted kontrollitakse kuni 100 % ulatuses, et tagada meie klientide poolt n\u00f5utud kvaliteet. Uute rakenduste v\u00e4ljat\u00f6\u00f6tamisel ja arendamisel teeme me koost\u00f6\u00f6d oma klientidega.<\/p>\n<p>ENKO AS on registreerinud uute tehniliste lahenduste rakendamise kohta toodetel\u00a0<strong>7 patenti, 7 kasulikku mudelit ja 2 t\u00f6\u00f6stusliku disaini lahendit.<\/strong><\/p>\n<h2>Oma ala eksperdid<\/h2>\n<p>Meie insenerid on vastutavad uurimist\u00f6\u00f6de, kavandamise ning tootearenduse eest. Neil on vastavad teadmised ja kogemused arendamaks plastikust, kummist ja metallist tooteid.<\/p>\n<p>Tootmisinseneride vastutusala on \u00f5ige tootmistehnoloogia v\u00e4ljat\u00f6\u00f6tamine, masinate seadistamine ning nende rakendamine tootmisprotsessis.<\/p>\n<p>Toodete ning nende loomisel, arendamisel ja tootmisel kasutatavate protsesside k\u00f5rget kvaliteeditaset kindlustavad kavandamisprotseduurid j\u00e4rgmistes valdkondades:<img loading=\"lazy\" decoding=\"async\" class=\"alignright wp-image-2817 size-full\" src=\"\/wp-content\/uploads\/2016\/11\/Research-Development-2.png\" alt=\"Research development\" width=\"250\" height=\"267\" \/><\/p>\n<ul class=\"checkbox\">\n<li>Tooted<\/li>\n<li>Stantsid<\/li>\n<li>Valuvormid<\/li>\n<li>Tehnoloogiaprotsessid<\/li>\n<li>Rakised<\/li>\n<li>Abivahendid jne<\/li>\n<\/ul>\n<p>ENKO AS kasutab kaasaegseid t\u00f6\u00f6vahendeid ja programme, et luua tootmiseks vajalikud tootejoonised. Meie projekteerijad on vilunud erinevates tarkvarapakettides, kuhu kuuluvad n\u00e4itena Solid Edge, AutoCAD, Mold Design Bundle, Moldwizard jne.<\/p>\n<h2>Uuri t\u00e4psemalt<\/h2>\n<p>ENKO AS on \u00fcks v\u00e4hestest ettev\u00f5tetest, millel on ettev\u00f5ttesisene v\u00f5imekus muuta ideed vastavalt kliendi soovile pakendatud toodeteks. Me mitte ainult ei projekteeri ja tooda, meie h\u00e4sti \u00fclesehitatud taristu v\u00f5imaldab meil seda teha ka konkurentsiv\u00f5imelise hinnaga.<\/p>\n<p>Palun v\u00f5tke meiega \u00fchendust, et uurida t\u00e4psemalt meie tootearendustegevuse kohta.<\/p>\n","protected":false},"excerpt":{"rendered":"<p>Toote projekteerimine \/ kavandamine Konkurentsiv\u00f5imelise ja innovaatilise tootmisettev\u00f5tte jaoks on p\u00fchendunud teadus-ja arendustegevuse osakond kohustuslik. Meie R&amp;D osakond keskendub uuringutele, disainile, arendust\u00f6\u00f6le ja kvaliteedikontrollile. Meil on k\u00f5rge kompetents j\u00e4rgmistes valdkondades:&#8230;<\/p>\n","protected":false},"author":1,"featured_media":0,"parent":0,"menu_order":3,"comment_status":"closed","ping_status":"closed","template":"","meta":{"_monsterinsights_skip_tracking":false,"_monsterinsights_sitenote_active":false,"_monsterinsights_sitenote_note":"","_monsterinsights_sitenote_category":0,"footnotes":""},"class_list":["post-3989","page","type-page","status-publish"],"yoast_head":"<!-- This site is optimized with the Yoast SEO plugin v22.2 - https:\/\/yoast.com\/wordpress\/plugins\/seo\/ -->\n<title>Teadus- ja arendustegevus - Enko AS<\/title>\n<meta name=\"robots\" content=\"index, follow, max-snippet:-1, max-image-preview:large, max-video-preview:-1\" \/>\n<link rel=\"canonical\" href=\"https:\/\/enko.ee\/et\/teadus-ja-arendustegevus\/\" \/>\n<meta property=\"og:locale\" content=\"et_EE\" \/>\n<meta property=\"og:type\" content=\"article\" \/>\n<meta property=\"og:title\" content=\"Teadus- ja arendustegevus - Enko AS\" \/>\n<meta property=\"og:description\" content=\"Toote projekteerimine \/ kavandamine Konkurentsiv\u00f5imelise ja innovaatilise tootmisettev\u00f5tte jaoks on p\u00fchendunud teadus-ja arendustegevuse osakond kohustuslik. Meie R&amp;D osakond keskendub uuringutele, disainile, arendust\u00f6\u00f6le ja kvaliteedikontrollile. Meil on k\u00f5rge kompetents j\u00e4rgmistes valdkondades:...\" \/>\n<meta property=\"og:url\" content=\"https:\/\/enko.ee\/et\/teadus-ja-arendustegevus\/\" \/>\n<meta property=\"og:site_name\" content=\"Enko AS\" \/>\n<meta property=\"article:modified_time\" content=\"2017-03-14T09:40:53+00:00\" \/>\n<meta name=\"twitter:card\" content=\"summary_large_image\" \/>\n<meta name=\"twitter:label1\" content=\"Est. reading time\" \/>\n\t<meta name=\"twitter:data1\" content=\"1 minut\" \/>\n<script type=\"application\/ld+json\" class=\"yoast-schema-graph\">{\"@context\":\"https:\/\/schema.org\",\"@graph\":[{\"@type\":\"WebPage\",\"@id\":\"https:\/\/enko.ee\/et\/teadus-ja-arendustegevus\/\",\"url\":\"https:\/\/enko.ee\/et\/teadus-ja-arendustegevus\/\",\"name\":\"Teadus- ja arendustegevus - Enko AS\",\"isPartOf\":{\"@id\":\"https:\/\/enko.ee\/et\/#website\"},\"datePublished\":\"2016-11-14T16:59:48+00:00\",\"dateModified\":\"2017-03-14T09:40:53+00:00\",\"breadcrumb\":{\"@id\":\"https:\/\/enko.ee\/et\/teadus-ja-arendustegevus\/#breadcrumb\"},\"inLanguage\":\"et\",\"potentialAction\":[{\"@type\":\"ReadAction\",\"target\":[\"https:\/\/enko.ee\/et\/teadus-ja-arendustegevus\/\"]}]},{\"@type\":\"BreadcrumbList\",\"@id\":\"https:\/\/enko.ee\/et\/teadus-ja-arendustegevus\/#breadcrumb\",\"itemListElement\":[{\"@type\":\"ListItem\",\"position\":1,\"name\":\"Home\",\"item\":\"https:\/\/enko.ee\/et\/\"},{\"@type\":\"ListItem\",\"position\":2,\"name\":\"Teadus- ja arendustegevus\"}]},{\"@type\":\"WebSite\",\"@id\":\"https:\/\/enko.ee\/et\/#website\",\"url\":\"https:\/\/enko.ee\/et\/\",\"name\":\"Enko AS\",\"description\":\"Metallist, plastikust ja kummist detailide \/ toodete kavandamine, tootmine ning montaa\u017e. Plasti \/ kummi survevalu, lehtmetalli t&ouml;&ouml;tlemine, valuvormide ja stantside projekteerimine, valmistamine ja modifitseerimine. Kinnitusvahendid.\",\"potentialAction\":[{\"@type\":\"SearchAction\",\"target\":{\"@type\":\"EntryPoint\",\"urlTemplate\":\"https:\/\/enko.ee\/et\/?s={search_term_string}\"},\"query-input\":\"required name=search_term_string\"}],\"inLanguage\":\"et\"}]}<\/script>\n<!-- \/ Yoast SEO plugin. -->","yoast_head_json":{"title":"Teadus- ja arendustegevus - Enko AS","robots":{"index":"index","follow":"follow","max-snippet":"max-snippet:-1","max-image-preview":"max-image-preview:large","max-video-preview":"max-video-preview:-1"},"canonical":"https:\/\/enko.ee\/et\/teadus-ja-arendustegevus\/","og_locale":"et_EE","og_type":"article","og_title":"Teadus- ja arendustegevus - Enko AS","og_description":"Toote projekteerimine \/ kavandamine Konkurentsiv\u00f5imelise ja innovaatilise tootmisettev\u00f5tte jaoks on p\u00fchendunud teadus-ja arendustegevuse osakond kohustuslik. Meie R&amp;D osakond keskendub uuringutele, disainile, arendust\u00f6\u00f6le ja kvaliteedikontrollile. Meil on k\u00f5rge kompetents j\u00e4rgmistes valdkondades:...","og_url":"https:\/\/enko.ee\/et\/teadus-ja-arendustegevus\/","og_site_name":"Enko AS","article_modified_time":"2017-03-14T09:40:53+00:00","twitter_card":"summary_large_image","twitter_misc":{"Est. reading time":"1 minut"},"schema":{"@context":"https:\/\/schema.org","@graph":[{"@type":"WebPage","@id":"https:\/\/enko.ee\/et\/teadus-ja-arendustegevus\/","url":"https:\/\/enko.ee\/et\/teadus-ja-arendustegevus\/","name":"Teadus- ja arendustegevus - Enko AS","isPartOf":{"@id":"https:\/\/enko.ee\/et\/#website"},"datePublished":"2016-11-14T16:59:48+00:00","dateModified":"2017-03-14T09:40:53+00:00","breadcrumb":{"@id":"https:\/\/enko.ee\/et\/teadus-ja-arendustegevus\/#breadcrumb"},"inLanguage":"et","potentialAction":[{"@type":"ReadAction","target":["https:\/\/enko.ee\/et\/teadus-ja-arendustegevus\/"]}]},{"@type":"BreadcrumbList","@id":"https:\/\/enko.ee\/et\/teadus-ja-arendustegevus\/#breadcrumb","itemListElement":[{"@type":"ListItem","position":1,"name":"Home","item":"https:\/\/enko.ee\/et\/"},{"@type":"ListItem","position":2,"name":"Teadus- ja arendustegevus"}]},{"@type":"WebSite","@id":"https:\/\/enko.ee\/et\/#website","url":"https:\/\/enko.ee\/et\/","name":"Enko AS","description":"Metallist, plastikust ja kummist detailide \/ toodete kavandamine, tootmine ning montaa\u017e. Plasti \/ kummi survevalu, lehtmetalli t&ouml;&ouml;tlemine, valuvormide ja stantside projekteerimine, valmistamine ja modifitseerimine. Kinnitusvahendid.","potentialAction":[{"@type":"SearchAction","target":{"@type":"EntryPoint","urlTemplate":"https:\/\/enko.ee\/et\/?s={search_term_string}"},"query-input":"required name=search_term_string"}],"inLanguage":"et"}]}},"_links":{"self":[{"href":"https:\/\/enko.ee\/et\/wp-json\/wp\/v2\/pages\/3989","targetHints":{"allow":["GET"]}}],"collection":[{"href":"https:\/\/enko.ee\/et\/wp-json\/wp\/v2\/pages"}],"about":[{"href":"https:\/\/enko.ee\/et\/wp-json\/wp\/v2\/types\/page"}],"author":[{"embeddable":true,"href":"https:\/\/enko.ee\/et\/wp-json\/wp\/v2\/users\/1"}],"replies":[{"embeddable":true,"href":"https:\/\/enko.ee\/et\/wp-json\/wp\/v2\/comments?post=3989"}],"version-history":[{"count":2,"href":"https:\/\/enko.ee\/et\/wp-json\/wp\/v2\/pages\/3989\/revisions"}],"predecessor-version":[{"id":4875,"href":"https:\/\/enko.ee\/et\/wp-json\/wp\/v2\/pages\/3989\/revisions\/4875"}],"wp:attachment":[{"href":"https:\/\/enko.ee\/et\/wp-json\/wp\/v2\/media?parent=3989"}],"curies":[{"name":"wp","href":"https:\/\/api.w.org\/{rel}","templated":true}]}}