{"id":3992,"date":"2017-02-27T18:48:37","date_gmt":"2017-02-27T16:48:37","guid":{"rendered":"http:\/\/enko.ee\/et\/?page_id=3992"},"modified":"2018-08-28T14:14:10","modified_gmt":"2018-08-28T11:14:10","slug":"tootmine-ja-montaaz","status":"publish","type":"page","link":"https:\/\/enko.ee\/et\/tootmine-ja-montaaz\/","title":{"rendered":"Tootmine ja montaa\u017e"},"content":{"rendered":"<h2>Tootmine ja montaa\u017e<\/h2>\n<p>ENKO konkurentsieeliseks on laialdane majasisene v\u00f5imekus ja teadmised erinevate materjalide t\u00f6\u00f6tlemisel. Toodete disain ja arendamine; metalli t\u00f6\u00f6tlemine; plastiku, kummi ja silikooni survevalu; eelnevalt toodetud detailide ja komponentide montaa\u017e keerukateks pool- ja valmistoodeteks; pidev kvaliteedikontroll ja l\u00f5pptestimine &#8211; k\u00f5iki neid ja mitmeid lisateenuseid on Teil v\u00f5imalik kasutada t\u00e4isteenusena v\u00e4hendades sedasi oma tarneahela kulusid m\u00e4rkimisv\u00e4\u00e4rselt. Kui paljud ettev\u00f5tted otsivad allhankijaid nii oma plastik-, kummi- kui ka metalldetailidele eraldi, siis ENKO kliendid saavutavad ka ise oma konkurentide ees eelise ning naudivad meelerahu, mida pakub professionaalne koost\u00f6\u00f6 ning teadmine, et k\u00f5ik on endiselt Teie kontrolli all.<\/p>\n<p>M\u00f5ningaid n\u00e4idistooteid, mida ENKO AS on tootnud allhanke korras, v\u00f5ib n\u00e4ha\u00a0<a href=\"\/et\/tootekataloog\/\">SIIN<\/a><\/p>\n<p>Lugege t\u00e4psemalt meie tootmise ning montaa\u017ei kohta:<\/p>\n<ul class=\"arrow\">\n<li><a class=\"arrow\" href=\"\/et\/tootmine-ja-montaaz\/valuvormid-ja-stantsid\/\">Instrumentaalosakond<\/a><\/li>\n<li><a href=\"\/et\/tootmine-ja-montaaz\/plastmassi-ja-kummi-survevalu\/\">Plastiku ja kummi survevalu<\/a><\/li>\n<li><a href=\"\/et\/tootmine-ja-montaaz\/lehtmetalli-tootlemine\/\" rel=\"alternate\">Metalli t\u00f6\u00f6tlemine<\/a><\/li>\n<li><a href=\"\/et\/tootmine-ja-montaaz\/toetavad-protsessid\/\">Toetavad protsessid<\/a><\/li>\n<li><a href=\"\/et\/tootmine-ja-montaaz\/montaaz-ja-pakendamine\/\">Montaa\u017e ja pakendamine<\/a><\/li>\n<\/ul>\n<p><img loading=\"lazy\" decoding=\"async\" class=\"alignnone wp-image-2821 size-full\" src=\"\/wp-content\/uploads\/2016\/11\/plastic-department-enko-as-e1480334809415.jpg\" alt=\"Plastic department enko as\" width=\"780\" height=\"230\" srcset=\"https:\/\/enko.ee\/wp-content\/uploads\/2016\/11\/plastic-department-enko-as-e1480334809415.jpg 780w, https:\/\/enko.ee\/wp-content\/uploads\/2016\/11\/plastic-department-enko-as-e1480334809415-300x88.jpg 300w, https:\/\/enko.ee\/wp-content\/uploads\/2016\/11\/plastic-department-enko-as-e1480334809415-768x226.jpg 768w\" sizes=\"auto, (max-width: 780px) 100vw, 780px\" \/><\/p>\n","protected":false},"excerpt":{"rendered":"<p>Tootmine ja montaa\u017e ENKO konkurentsieeliseks on laialdane majasisene v\u00f5imekus ja teadmised erinevate materjalide t\u00f6\u00f6tlemisel. Toodete disain ja arendamine; metalli t\u00f6\u00f6tlemine; plastiku, kummi ja silikooni survevalu; eelnevalt toodetud detailide ja komponentide&#8230;<\/p>\n","protected":false},"author":1,"featured_media":0,"parent":0,"menu_order":4,"comment_status":"closed","ping_status":"closed","template":"","meta":{"_monsterinsights_skip_tracking":false,"_monsterinsights_sitenote_active":false,"_monsterinsights_sitenote_note":"","_monsterinsights_sitenote_category":0,"footnotes":""},"class_list":["post-3992","page","type-page","status-publish"],"yoast_head":"<!-- This site is optimized with the Yoast SEO plugin v22.2 - https:\/\/yoast.com\/wordpress\/plugins\/seo\/ -->\n<title>Tootmine ja montaa\u017e - Enko AS<\/title>\n<meta name=\"robots\" content=\"index, follow, max-snippet:-1, max-image-preview:large, max-video-preview:-1\" \/>\n<link rel=\"canonical\" href=\"https:\/\/enko.ee\/et\/tootmine-ja-montaaz\/\" \/>\n<meta property=\"og:locale\" content=\"et_EE\" \/>\n<meta property=\"og:type\" content=\"article\" \/>\n<meta property=\"og:title\" content=\"Tootmine ja montaa\u017e - Enko AS\" \/>\n<meta property=\"og:description\" content=\"Tootmine ja montaa\u017e ENKO konkurentsieeliseks on laialdane majasisene v\u00f5imekus ja teadmised erinevate materjalide t\u00f6\u00f6tlemisel. Toodete disain ja arendamine; metalli t\u00f6\u00f6tlemine; plastiku, kummi ja silikooni survevalu; eelnevalt toodetud detailide ja komponentide...\" \/>\n<meta property=\"og:url\" content=\"https:\/\/enko.ee\/et\/tootmine-ja-montaaz\/\" \/>\n<meta property=\"og:site_name\" content=\"Enko AS\" \/>\n<meta property=\"article:modified_time\" content=\"2018-08-28T11:14:10+00:00\" \/>\n<meta name=\"twitter:card\" content=\"summary_large_image\" \/>\n<meta name=\"twitter:label1\" content=\"Est. reading time\" \/>\n\t<meta name=\"twitter:data1\" content=\"1 minut\" \/>\n<script type=\"application\/ld+json\" class=\"yoast-schema-graph\">{\"@context\":\"https:\/\/schema.org\",\"@graph\":[{\"@type\":\"WebPage\",\"@id\":\"https:\/\/enko.ee\/et\/tootmine-ja-montaaz\/\",\"url\":\"https:\/\/enko.ee\/et\/tootmine-ja-montaaz\/\",\"name\":\"Tootmine ja montaa\u017e - Enko AS\",\"isPartOf\":{\"@id\":\"https:\/\/enko.ee\/et\/#website\"},\"datePublished\":\"2017-02-27T16:48:37+00:00\",\"dateModified\":\"2018-08-28T11:14:10+00:00\",\"breadcrumb\":{\"@id\":\"https:\/\/enko.ee\/et\/tootmine-ja-montaaz\/#breadcrumb\"},\"inLanguage\":\"et\",\"potentialAction\":[{\"@type\":\"ReadAction\",\"target\":[\"https:\/\/enko.ee\/et\/tootmine-ja-montaaz\/\"]}]},{\"@type\":\"BreadcrumbList\",\"@id\":\"https:\/\/enko.ee\/et\/tootmine-ja-montaaz\/#breadcrumb\",\"itemListElement\":[{\"@type\":\"ListItem\",\"position\":1,\"name\":\"Home\",\"item\":\"https:\/\/enko.ee\/et\/\"},{\"@type\":\"ListItem\",\"position\":2,\"name\":\"Tootmine ja montaa\u017e\"}]},{\"@type\":\"WebSite\",\"@id\":\"https:\/\/enko.ee\/et\/#website\",\"url\":\"https:\/\/enko.ee\/et\/\",\"name\":\"Enko AS\",\"description\":\"Metallist, plastikust ja kummist detailide \/ toodete kavandamine, tootmine ning montaa\u017e. Plasti \/ kummi survevalu, lehtmetalli t&ouml;&ouml;tlemine, valuvormide ja stantside projekteerimine, valmistamine ja modifitseerimine. Kinnitusvahendid.\",\"potentialAction\":[{\"@type\":\"SearchAction\",\"target\":{\"@type\":\"EntryPoint\",\"urlTemplate\":\"https:\/\/enko.ee\/et\/?s={search_term_string}\"},\"query-input\":\"required name=search_term_string\"}],\"inLanguage\":\"et\"}]}<\/script>\n<!-- \/ Yoast SEO plugin. -->","yoast_head_json":{"title":"Tootmine ja montaa\u017e - Enko AS","robots":{"index":"index","follow":"follow","max-snippet":"max-snippet:-1","max-image-preview":"max-image-preview:large","max-video-preview":"max-video-preview:-1"},"canonical":"https:\/\/enko.ee\/et\/tootmine-ja-montaaz\/","og_locale":"et_EE","og_type":"article","og_title":"Tootmine ja montaa\u017e - Enko AS","og_description":"Tootmine ja montaa\u017e ENKO konkurentsieeliseks on laialdane majasisene v\u00f5imekus ja teadmised erinevate materjalide t\u00f6\u00f6tlemisel. Toodete disain ja arendamine; metalli t\u00f6\u00f6tlemine; plastiku, kummi ja silikooni survevalu; eelnevalt toodetud detailide ja komponentide...","og_url":"https:\/\/enko.ee\/et\/tootmine-ja-montaaz\/","og_site_name":"Enko AS","article_modified_time":"2018-08-28T11:14:10+00:00","twitter_card":"summary_large_image","twitter_misc":{"Est. reading time":"1 minut"},"schema":{"@context":"https:\/\/schema.org","@graph":[{"@type":"WebPage","@id":"https:\/\/enko.ee\/et\/tootmine-ja-montaaz\/","url":"https:\/\/enko.ee\/et\/tootmine-ja-montaaz\/","name":"Tootmine ja montaa\u017e - Enko AS","isPartOf":{"@id":"https:\/\/enko.ee\/et\/#website"},"datePublished":"2017-02-27T16:48:37+00:00","dateModified":"2018-08-28T11:14:10+00:00","breadcrumb":{"@id":"https:\/\/enko.ee\/et\/tootmine-ja-montaaz\/#breadcrumb"},"inLanguage":"et","potentialAction":[{"@type":"ReadAction","target":["https:\/\/enko.ee\/et\/tootmine-ja-montaaz\/"]}]},{"@type":"BreadcrumbList","@id":"https:\/\/enko.ee\/et\/tootmine-ja-montaaz\/#breadcrumb","itemListElement":[{"@type":"ListItem","position":1,"name":"Home","item":"https:\/\/enko.ee\/et\/"},{"@type":"ListItem","position":2,"name":"Tootmine ja montaa\u017e"}]},{"@type":"WebSite","@id":"https:\/\/enko.ee\/et\/#website","url":"https:\/\/enko.ee\/et\/","name":"Enko AS","description":"Metallist, plastikust ja kummist detailide \/ toodete kavandamine, tootmine ning montaa\u017e. Plasti \/ kummi survevalu, lehtmetalli t&ouml;&ouml;tlemine, valuvormide ja stantside projekteerimine, valmistamine ja modifitseerimine. Kinnitusvahendid.","potentialAction":[{"@type":"SearchAction","target":{"@type":"EntryPoint","urlTemplate":"https:\/\/enko.ee\/et\/?s={search_term_string}"},"query-input":"required name=search_term_string"}],"inLanguage":"et"}]}},"_links":{"self":[{"href":"https:\/\/enko.ee\/et\/wp-json\/wp\/v2\/pages\/3992","targetHints":{"allow":["GET"]}}],"collection":[{"href":"https:\/\/enko.ee\/et\/wp-json\/wp\/v2\/pages"}],"about":[{"href":"https:\/\/enko.ee\/et\/wp-json\/wp\/v2\/types\/page"}],"author":[{"embeddable":true,"href":"https:\/\/enko.ee\/et\/wp-json\/wp\/v2\/users\/1"}],"replies":[{"embeddable":true,"href":"https:\/\/enko.ee\/et\/wp-json\/wp\/v2\/comments?post=3992"}],"version-history":[{"count":6,"href":"https:\/\/enko.ee\/et\/wp-json\/wp\/v2\/pages\/3992\/revisions"}],"predecessor-version":[{"id":4952,"href":"https:\/\/enko.ee\/et\/wp-json\/wp\/v2\/pages\/3992\/revisions\/4952"}],"wp:attachment":[{"href":"https:\/\/enko.ee\/et\/wp-json\/wp\/v2\/media?parent=3992"}],"curies":[{"name":"wp","href":"https:\/\/api.w.org\/{rel}","templated":true}]}}