{"id":3996,"date":"2017-02-27T18:50:57","date_gmt":"2017-02-27T16:50:57","guid":{"rendered":"http:\/\/enko.ee\/et\/?page_id=3996"},"modified":"2025-04-14T19:28:01","modified_gmt":"2025-04-14T16:28:01","slug":"kvaliteet","status":"publish","type":"page","link":"https:\/\/enko.ee\/et\/kvaliteet\/","title":{"rendered":"Kvaliteet"},"content":{"rendered":"<h2>Kvaliteet<\/h2>\n<p>Meie kvaliteedijuhtimiss\u00fcsteem, mis h\u00f5lmab k\u00f5iki etappe toote kavandamisest kuni viimaste testideni, on alates 1998 aastast vastavuses\u00a0<strong>ISO 9001 standardiga<\/strong>\u00a0ning k\u00e4esoleval hetkel sertifitseeritud vasatavlt ISO9001:2015 n\u00f5uetele INSPECTA Estonia O\u00fc ja IQNeti poolt.<\/p>\n<p><a href=\"\/wp-content\/uploads\/2024\/03\/Q-117-24 est_STAMPED.pdf\" target=\"_blank\"><img loading=\"lazy\" decoding=\"async\" class=\"alignleft wp-image-3760 size-medium\" src=\"\/wp-content\/uploads\/2024\/03\/Inspecta_ISO9001_Q-117-24_212x300_v0.png\" width=\"211\" height=\"300\" \/><\/a><a href=\"\/wp-content\/uploads\/2016\/11\/IQNET-Certificate.pdf\" target=\"_blank\"><img loading=\"lazy\" decoding=\"async\" class=\"alignleft wp-image-3761 size-medium\" src=\"\/wp-content\/uploads\/2016\/11\/ENKO_iqnet-212x300.png\" width=\"212\" height=\"300\" srcset=\"https:\/\/enko.ee\/wp-content\/uploads\/2016\/11\/ENKO_iqnet-212x300.png 212w, https:\/\/enko.ee\/wp-content\/uploads\/2016\/11\/ENKO_iqnet.png 484w\" sizes=\"auto, (max-width: 212px) 100vw, 212px\" \/><\/a><\/p>\n<p>&nbsp;<\/p>\n","protected":false},"excerpt":{"rendered":"<p>Kvaliteet Meie kvaliteedijuhtimiss\u00fcsteem, mis h\u00f5lmab k\u00f5iki etappe toote kavandamisest kuni viimaste testideni, on alates 1998 aastast vastavuses\u00a0ISO 9001 standardiga\u00a0ning k\u00e4esoleval hetkel sertifitseeritud vasatavlt ISO9001:2015 n\u00f5uetele INSPECTA Estonia O\u00fc ja IQNeti&#8230;<\/p>\n","protected":false},"author":1,"featured_media":0,"parent":0,"menu_order":5,"comment_status":"closed","ping_status":"closed","template":"","meta":{"_monsterinsights_skip_tracking":false,"_monsterinsights_sitenote_active":false,"_monsterinsights_sitenote_note":"","_monsterinsights_sitenote_category":0,"footnotes":""},"class_list":["post-3996","page","type-page","status-publish"],"yoast_head":"<!-- This site is optimized with the Yoast SEO plugin v22.2 - https:\/\/yoast.com\/wordpress\/plugins\/seo\/ -->\n<title>Kvaliteet - Enko AS<\/title>\n<meta name=\"robots\" content=\"index, follow, max-snippet:-1, max-image-preview:large, max-video-preview:-1\" \/>\n<link rel=\"canonical\" href=\"https:\/\/enko.ee\/et\/kvaliteet\/\" \/>\n<meta property=\"og:locale\" content=\"et_EE\" \/>\n<meta property=\"og:type\" content=\"article\" \/>\n<meta property=\"og:title\" content=\"Kvaliteet - Enko AS\" \/>\n<meta property=\"og:description\" content=\"Kvaliteet Meie kvaliteedijuhtimiss\u00fcsteem, mis h\u00f5lmab k\u00f5iki etappe toote kavandamisest kuni viimaste testideni, on alates 1998 aastast vastavuses\u00a0ISO 9001 standardiga\u00a0ning k\u00e4esoleval hetkel sertifitseeritud vasatavlt ISO9001:2015 n\u00f5uetele INSPECTA Estonia O\u00fc ja IQNeti...\" \/>\n<meta property=\"og:url\" content=\"https:\/\/enko.ee\/et\/kvaliteet\/\" \/>\n<meta property=\"og:site_name\" content=\"Enko AS\" \/>\n<meta property=\"article:modified_time\" content=\"2025-04-14T16:28:01+00:00\" \/>\n<meta name=\"twitter:card\" content=\"summary_large_image\" \/>\n<script type=\"application\/ld+json\" class=\"yoast-schema-graph\">{\"@context\":\"https:\/\/schema.org\",\"@graph\":[{\"@type\":\"WebPage\",\"@id\":\"https:\/\/enko.ee\/et\/kvaliteet\/\",\"url\":\"https:\/\/enko.ee\/et\/kvaliteet\/\",\"name\":\"Kvaliteet - Enko AS\",\"isPartOf\":{\"@id\":\"https:\/\/enko.ee\/et\/#website\"},\"datePublished\":\"2017-02-27T16:50:57+00:00\",\"dateModified\":\"2025-04-14T16:28:01+00:00\",\"breadcrumb\":{\"@id\":\"https:\/\/enko.ee\/et\/kvaliteet\/#breadcrumb\"},\"inLanguage\":\"et\",\"potentialAction\":[{\"@type\":\"ReadAction\",\"target\":[\"https:\/\/enko.ee\/et\/kvaliteet\/\"]}]},{\"@type\":\"BreadcrumbList\",\"@id\":\"https:\/\/enko.ee\/et\/kvaliteet\/#breadcrumb\",\"itemListElement\":[{\"@type\":\"ListItem\",\"position\":1,\"name\":\"Home\",\"item\":\"https:\/\/enko.ee\/et\/\"},{\"@type\":\"ListItem\",\"position\":2,\"name\":\"Kvaliteet\"}]},{\"@type\":\"WebSite\",\"@id\":\"https:\/\/enko.ee\/et\/#website\",\"url\":\"https:\/\/enko.ee\/et\/\",\"name\":\"Enko AS\",\"description\":\"Metallist, plastikust ja kummist detailide \/ toodete kavandamine, tootmine ning montaa\u017e. Plasti \/ kummi survevalu, lehtmetalli t&ouml;&ouml;tlemine, valuvormide ja stantside projekteerimine, valmistamine ja modifitseerimine. Kinnitusvahendid.\",\"potentialAction\":[{\"@type\":\"SearchAction\",\"target\":{\"@type\":\"EntryPoint\",\"urlTemplate\":\"https:\/\/enko.ee\/et\/?s={search_term_string}\"},\"query-input\":\"required name=search_term_string\"}],\"inLanguage\":\"et\"}]}<\/script>\n<!-- \/ Yoast SEO plugin. -->","yoast_head_json":{"title":"Kvaliteet - Enko AS","robots":{"index":"index","follow":"follow","max-snippet":"max-snippet:-1","max-image-preview":"max-image-preview:large","max-video-preview":"max-video-preview:-1"},"canonical":"https:\/\/enko.ee\/et\/kvaliteet\/","og_locale":"et_EE","og_type":"article","og_title":"Kvaliteet - Enko AS","og_description":"Kvaliteet Meie kvaliteedijuhtimiss\u00fcsteem, mis h\u00f5lmab k\u00f5iki etappe toote kavandamisest kuni viimaste testideni, on alates 1998 aastast vastavuses\u00a0ISO 9001 standardiga\u00a0ning k\u00e4esoleval hetkel sertifitseeritud vasatavlt ISO9001:2015 n\u00f5uetele INSPECTA Estonia O\u00fc ja IQNeti...","og_url":"https:\/\/enko.ee\/et\/kvaliteet\/","og_site_name":"Enko AS","article_modified_time":"2025-04-14T16:28:01+00:00","twitter_card":"summary_large_image","schema":{"@context":"https:\/\/schema.org","@graph":[{"@type":"WebPage","@id":"https:\/\/enko.ee\/et\/kvaliteet\/","url":"https:\/\/enko.ee\/et\/kvaliteet\/","name":"Kvaliteet - Enko AS","isPartOf":{"@id":"https:\/\/enko.ee\/et\/#website"},"datePublished":"2017-02-27T16:50:57+00:00","dateModified":"2025-04-14T16:28:01+00:00","breadcrumb":{"@id":"https:\/\/enko.ee\/et\/kvaliteet\/#breadcrumb"},"inLanguage":"et","potentialAction":[{"@type":"ReadAction","target":["https:\/\/enko.ee\/et\/kvaliteet\/"]}]},{"@type":"BreadcrumbList","@id":"https:\/\/enko.ee\/et\/kvaliteet\/#breadcrumb","itemListElement":[{"@type":"ListItem","position":1,"name":"Home","item":"https:\/\/enko.ee\/et\/"},{"@type":"ListItem","position":2,"name":"Kvaliteet"}]},{"@type":"WebSite","@id":"https:\/\/enko.ee\/et\/#website","url":"https:\/\/enko.ee\/et\/","name":"Enko AS","description":"Metallist, plastikust ja kummist detailide \/ toodete kavandamine, tootmine ning montaa\u017e. Plasti \/ kummi survevalu, lehtmetalli t&ouml;&ouml;tlemine, valuvormide ja stantside projekteerimine, valmistamine ja modifitseerimine. Kinnitusvahendid.","potentialAction":[{"@type":"SearchAction","target":{"@type":"EntryPoint","urlTemplate":"https:\/\/enko.ee\/et\/?s={search_term_string}"},"query-input":"required name=search_term_string"}],"inLanguage":"et"}]}},"_links":{"self":[{"href":"https:\/\/enko.ee\/et\/wp-json\/wp\/v2\/pages\/3996","targetHints":{"allow":["GET"]}}],"collection":[{"href":"https:\/\/enko.ee\/et\/wp-json\/wp\/v2\/pages"}],"about":[{"href":"https:\/\/enko.ee\/et\/wp-json\/wp\/v2\/types\/page"}],"author":[{"embeddable":true,"href":"https:\/\/enko.ee\/et\/wp-json\/wp\/v2\/users\/1"}],"replies":[{"embeddable":true,"href":"https:\/\/enko.ee\/et\/wp-json\/wp\/v2\/comments?post=3996"}],"version-history":[{"count":2,"href":"https:\/\/enko.ee\/et\/wp-json\/wp\/v2\/pages\/3996\/revisions"}],"predecessor-version":[{"id":6324,"href":"https:\/\/enko.ee\/et\/wp-json\/wp\/v2\/pages\/3996\/revisions\/6324"}],"wp:attachment":[{"href":"https:\/\/enko.ee\/et\/wp-json\/wp\/v2\/media?parent=3996"}],"curies":[{"name":"wp","href":"https:\/\/api.w.org\/{rel}","templated":true}]}}