{"id":4032,"date":"2017-03-02T01:00:34","date_gmt":"2017-03-01T23:00:34","guid":{"rendered":"http:\/\/enko.ee\/et\/?page_id=4032"},"modified":"2017-03-02T01:00:34","modified_gmt":"2017-03-01T23:00:34","slug":"voimekus","status":"publish","type":"page","link":"https:\/\/enko.ee\/et\/ettevottest\/voimekus\/","title":{"rendered":"V\u00f5imekus"},"content":{"rendered":"<div class=\"headline\">\n<h2 class=\"title\">V\u00f5imekus<\/h2>\n<\/div>\n<h3>Kavandamine \/ Projekteerimine<\/h3>\n<ul class=\"arrow\">\n<li>Kavandamise\/projekteerimise konsultatsioon<\/li>\n<li>Tehniliste lahenduste v\u00e4ljat\u00f6\u00f6tamine<\/li>\n<li>Tootearendus, mille k\u00e4igus aitame parendada teie tooteid<\/li>\n<li>Protot\u00fc\u00fcbid<\/li>\n<\/ul>\n<h3>Protsessiarendus \/ Tootmine<\/h3>\n<ul class=\"arrow\">\n<li>Tootmiseks vajalike tehnoloogiliste protsesside v\u00e4ljat\u00f6\u00f6tamine ning dokumenteerimine<\/li>\n<li>Tootmis-, koostamis- kvaliteedikontrolli,- pakkimis- ja muude t\u00f6\u00f6riistade kavandamine ja valmistamine<\/li>\n<li>Katseseadmete projekteerimine ning valmistamine<\/li>\n<li>T\u00f6\u00f6riistade hooldus ja remont<\/li>\n<li>Tarneahela juhtimine &#8211; tarnijate valik<\/li>\n<li>Tarnijate kvalifikatsioon<\/li>\n<li>Plastmassi, kummi, silikooni survevalu<\/li>\n<li>Lehtmetalli t\u00f6\u00f6tlemine ( l\u00f5ikamine, stantsimine, painutus, keevitus jne.)<\/li>\n<li>Allkoostude valmistamine<\/li>\n<li>Toetavad tegevused<\/li>\n<\/ul>\n<p>Kvaliteedikontroll<\/p>\n<h3>Montaa\u017e ja testimine<\/h3>\n<p>Kvaliteedikontroll<\/p>\n<h3>Pakendamine, sildistamine ja tarne vastavalt kliendi n\u00f5udmistele<\/h3>\n<p>Akrediteeritud katse-ja kalibreerimislabor<\/p>\n","protected":false},"excerpt":{"rendered":"<p>V\u00f5imekus Kavandamine \/ Projekteerimine Kavandamise\/projekteerimise konsultatsioon Tehniliste lahenduste v\u00e4ljat\u00f6\u00f6tamine Tootearendus, mille k\u00e4igus aitame parendada teie tooteid Protot\u00fc\u00fcbid Protsessiarendus \/ Tootmine Tootmiseks vajalike tehnoloogiliste protsesside v\u00e4ljat\u00f6\u00f6tamine ning dokumenteerimine Tootmis-, koostamis- kvaliteedikontrolli,-&#8230;<\/p>\n","protected":false},"author":1,"featured_media":0,"parent":3986,"menu_order":1,"comment_status":"closed","ping_status":"closed","template":"","meta":{"_monsterinsights_skip_tracking":false,"_monsterinsights_sitenote_active":false,"_monsterinsights_sitenote_note":"","_monsterinsights_sitenote_category":0,"footnotes":""},"class_list":["post-4032","page","type-page","status-publish"],"yoast_head":"<!-- This site is optimized with the Yoast SEO plugin v22.2 - https:\/\/yoast.com\/wordpress\/plugins\/seo\/ -->\n<title>V\u00f5imekus - Enko AS<\/title>\n<meta name=\"robots\" content=\"index, follow, max-snippet:-1, max-image-preview:large, max-video-preview:-1\" \/>\n<link rel=\"canonical\" href=\"https:\/\/enko.ee\/et\/ettevottest\/voimekus\/\" \/>\n<meta property=\"og:locale\" content=\"et_EE\" \/>\n<meta property=\"og:type\" content=\"article\" \/>\n<meta property=\"og:title\" content=\"V\u00f5imekus - Enko AS\" \/>\n<meta property=\"og:description\" content=\"V\u00f5imekus Kavandamine \/ Projekteerimine Kavandamise\/projekteerimise konsultatsioon Tehniliste lahenduste v\u00e4ljat\u00f6\u00f6tamine Tootearendus, mille k\u00e4igus aitame parendada teie tooteid Protot\u00fc\u00fcbid Protsessiarendus \/ Tootmine Tootmiseks vajalike tehnoloogiliste protsesside v\u00e4ljat\u00f6\u00f6tamine ning dokumenteerimine Tootmis-, koostamis- kvaliteedikontrolli,-...\" \/>\n<meta property=\"og:url\" content=\"https:\/\/enko.ee\/et\/ettevottest\/voimekus\/\" \/>\n<meta property=\"og:site_name\" content=\"Enko AS\" \/>\n<meta name=\"twitter:card\" content=\"summary_large_image\" \/>\n<script type=\"application\/ld+json\" class=\"yoast-schema-graph\">{\"@context\":\"https:\/\/schema.org\",\"@graph\":[{\"@type\":\"WebPage\",\"@id\":\"https:\/\/enko.ee\/et\/ettevottest\/voimekus\/\",\"url\":\"https:\/\/enko.ee\/et\/ettevottest\/voimekus\/\",\"name\":\"V\u00f5imekus - Enko AS\",\"isPartOf\":{\"@id\":\"https:\/\/enko.ee\/et\/#website\"},\"datePublished\":\"2017-03-01T23:00:34+00:00\",\"dateModified\":\"2017-03-01T23:00:34+00:00\",\"breadcrumb\":{\"@id\":\"https:\/\/enko.ee\/et\/ettevottest\/voimekus\/#breadcrumb\"},\"inLanguage\":\"et\",\"potentialAction\":[{\"@type\":\"ReadAction\",\"target\":[\"https:\/\/enko.ee\/et\/ettevottest\/voimekus\/\"]}]},{\"@type\":\"BreadcrumbList\",\"@id\":\"https:\/\/enko.ee\/et\/ettevottest\/voimekus\/#breadcrumb\",\"itemListElement\":[{\"@type\":\"ListItem\",\"position\":1,\"name\":\"Home\",\"item\":\"https:\/\/enko.ee\/et\/\"},{\"@type\":\"ListItem\",\"position\":2,\"name\":\"Ettev\u00f5ttest\",\"item\":\"https:\/\/enko.ee\/et\/ettevottest\/\"},{\"@type\":\"ListItem\",\"position\":3,\"name\":\"V\u00f5imekus\"}]},{\"@type\":\"WebSite\",\"@id\":\"https:\/\/enko.ee\/et\/#website\",\"url\":\"https:\/\/enko.ee\/et\/\",\"name\":\"Enko AS\",\"description\":\"Metallist, plastikust ja kummist detailide \/ toodete kavandamine, tootmine ning montaa\u017e. Plasti \/ kummi survevalu, lehtmetalli t&ouml;&ouml;tlemine, valuvormide ja stantside projekteerimine, valmistamine ja modifitseerimine. Kinnitusvahendid.\",\"potentialAction\":[{\"@type\":\"SearchAction\",\"target\":{\"@type\":\"EntryPoint\",\"urlTemplate\":\"https:\/\/enko.ee\/et\/?s={search_term_string}\"},\"query-input\":\"required name=search_term_string\"}],\"inLanguage\":\"et\"}]}<\/script>\n<!-- \/ Yoast SEO plugin. -->","yoast_head_json":{"title":"V\u00f5imekus - Enko AS","robots":{"index":"index","follow":"follow","max-snippet":"max-snippet:-1","max-image-preview":"max-image-preview:large","max-video-preview":"max-video-preview:-1"},"canonical":"https:\/\/enko.ee\/et\/ettevottest\/voimekus\/","og_locale":"et_EE","og_type":"article","og_title":"V\u00f5imekus - Enko AS","og_description":"V\u00f5imekus Kavandamine \/ Projekteerimine Kavandamise\/projekteerimise konsultatsioon Tehniliste lahenduste v\u00e4ljat\u00f6\u00f6tamine Tootearendus, mille k\u00e4igus aitame parendada teie tooteid Protot\u00fc\u00fcbid Protsessiarendus \/ Tootmine Tootmiseks vajalike tehnoloogiliste protsesside v\u00e4ljat\u00f6\u00f6tamine ning dokumenteerimine Tootmis-, koostamis- kvaliteedikontrolli,-...","og_url":"https:\/\/enko.ee\/et\/ettevottest\/voimekus\/","og_site_name":"Enko AS","twitter_card":"summary_large_image","schema":{"@context":"https:\/\/schema.org","@graph":[{"@type":"WebPage","@id":"https:\/\/enko.ee\/et\/ettevottest\/voimekus\/","url":"https:\/\/enko.ee\/et\/ettevottest\/voimekus\/","name":"V\u00f5imekus - Enko AS","isPartOf":{"@id":"https:\/\/enko.ee\/et\/#website"},"datePublished":"2017-03-01T23:00:34+00:00","dateModified":"2017-03-01T23:00:34+00:00","breadcrumb":{"@id":"https:\/\/enko.ee\/et\/ettevottest\/voimekus\/#breadcrumb"},"inLanguage":"et","potentialAction":[{"@type":"ReadAction","target":["https:\/\/enko.ee\/et\/ettevottest\/voimekus\/"]}]},{"@type":"BreadcrumbList","@id":"https:\/\/enko.ee\/et\/ettevottest\/voimekus\/#breadcrumb","itemListElement":[{"@type":"ListItem","position":1,"name":"Home","item":"https:\/\/enko.ee\/et\/"},{"@type":"ListItem","position":2,"name":"Ettev\u00f5ttest","item":"https:\/\/enko.ee\/et\/ettevottest\/"},{"@type":"ListItem","position":3,"name":"V\u00f5imekus"}]},{"@type":"WebSite","@id":"https:\/\/enko.ee\/et\/#website","url":"https:\/\/enko.ee\/et\/","name":"Enko AS","description":"Metallist, plastikust ja kummist detailide \/ toodete kavandamine, tootmine ning montaa\u017e. Plasti \/ kummi survevalu, lehtmetalli t&ouml;&ouml;tlemine, valuvormide ja stantside projekteerimine, valmistamine ja modifitseerimine. Kinnitusvahendid.","potentialAction":[{"@type":"SearchAction","target":{"@type":"EntryPoint","urlTemplate":"https:\/\/enko.ee\/et\/?s={search_term_string}"},"query-input":"required name=search_term_string"}],"inLanguage":"et"}]}},"_links":{"self":[{"href":"https:\/\/enko.ee\/et\/wp-json\/wp\/v2\/pages\/4032","targetHints":{"allow":["GET"]}}],"collection":[{"href":"https:\/\/enko.ee\/et\/wp-json\/wp\/v2\/pages"}],"about":[{"href":"https:\/\/enko.ee\/et\/wp-json\/wp\/v2\/types\/page"}],"author":[{"embeddable":true,"href":"https:\/\/enko.ee\/et\/wp-json\/wp\/v2\/users\/1"}],"replies":[{"embeddable":true,"href":"https:\/\/enko.ee\/et\/wp-json\/wp\/v2\/comments?post=4032"}],"version-history":[{"count":1,"href":"https:\/\/enko.ee\/et\/wp-json\/wp\/v2\/pages\/4032\/revisions"}],"predecessor-version":[{"id":4040,"href":"https:\/\/enko.ee\/et\/wp-json\/wp\/v2\/pages\/4032\/revisions\/4040"}],"up":[{"embeddable":true,"href":"https:\/\/enko.ee\/et\/wp-json\/wp\/v2\/pages\/3986"}],"wp:attachment":[{"href":"https:\/\/enko.ee\/et\/wp-json\/wp\/v2\/media?parent=4032"}],"curies":[{"name":"wp","href":"https:\/\/api.w.org\/{rel}","templated":true}]}}