{"id":4033,"date":"2017-03-02T01:01:34","date_gmt":"2017-03-01T23:01:34","guid":{"rendered":"http:\/\/enko.ee\/et\/?page_id=4033"},"modified":"2017-03-14T11:41:47","modified_gmt":"2017-03-14T09:41:47","slug":"allhankena-tootmine","status":"publish","type":"page","link":"https:\/\/enko.ee\/et\/ettevottest\/allhankena-tootmine\/","title":{"rendered":"Allhankena tootmine"},"content":{"rendered":"<h2 class=\"title\">Allhankena tootmine<\/h2>\n<p>T\u00e4nap\u00e4eval kasutab hankestrateegia v\u00f5tmekomponendina globaalseid hankeid valdav osa ettev\u00f5tetest, kelle eesm\u00e4rk on laieneda uutele turgudele v\u00f5i arendada olemasolevaid\u00a0<strong>v\u00e4hendamaks tootmisega kaasnevaid kulusid<\/strong>.<\/p>\n<p>Meie ENKO AS-is kohandame oma kogemuste-, ressursi- ja tootmisbaasi Teie poolt esitatud n\u00f5uetega, et kujundada, arendada, toota ning tarnida Teie poolt tellitud komponente, pooltooteid ja\/v\u00f5i valmistooteid parima kvaliteediga ning \u00f5igeaegselt.<\/p>\n<p>Oleme plast- ja lehtmetalltoodete allhaneketootmisega tegelenud paralleellselt omatoodanguga ettev\u00f5tte algusaastatest saati. K\u00e4esolevaga kasutavad meie kavandamis- ja tootmisv\u00f5imalusi ettev\u00f5tted erinevatelt tegevusaladelt (elektroonikat\u00f6\u00f6stus, valgustit\u00f6\u00f6stus, k\u00fclmseadete- ja suurk\u00f6\u00f6giseadmetet\u00f6\u00f6stus, reovee kogumis- ja puhastuss\u00fcsteemide t\u00f6\u00f6stus jne).<\/p>\n<p>Kui me \u00fchendame oma kogemused tootearenduses ning tootmiskogemuse, siis pole kahtlustki, et see toob see kasu nii Teile kui ka Teie l\u00f5pptarbijale.<\/p>\n<p>M\u00f5ningaid allhanke korras teostatud t\u00f6id v\u00f5ib n\u00e4ha\u00a0<a href=\"\/et\/portfolio\/allhanketoodang\/\">SIIN<\/a>:<\/p>\n<p><a href=\"\/portfolio\/contract-manufacturing\/\"><img loading=\"lazy\" decoding=\"async\" class=\"alignleft wp-image-3026 size-full\" src=\"\/wp-content\/uploads\/2016\/11\/enko-as-sheet-metal-forming-sub-contractor.jpg\" alt=\"enko-as-sheet-metal-forming-sub-contractor\" width=\"342\" height=\"205\" srcset=\"https:\/\/enko.ee\/wp-content\/uploads\/2016\/11\/enko-as-sheet-metal-forming-sub-contractor.jpg 342w, https:\/\/enko.ee\/wp-content\/uploads\/2016\/11\/enko-as-sheet-metal-forming-sub-contractor-300x180.jpg 300w\" sizes=\"auto, (max-width: 342px) 100vw, 342px\" \/><\/a><a href=\"\/portfolio\/contract-manufacturing\/\"><img loading=\"lazy\" decoding=\"async\" class=\"alignleft wp-image-3025 size-full\" src=\"\/wp-content\/uploads\/2016\/11\/enko-as-plastic-injection-molding-sub-contractor.jpg\" alt=\"enko-as-plastic-injection-molding-sub-contractor\" width=\"342\" height=\"206\" srcset=\"https:\/\/enko.ee\/wp-content\/uploads\/2016\/11\/enko-as-plastic-injection-molding-sub-contractor.jpg 342w, https:\/\/enko.ee\/wp-content\/uploads\/2016\/11\/enko-as-plastic-injection-molding-sub-contractor-300x181.jpg 300w\" sizes=\"auto, (max-width: 342px) 100vw, 342px\" \/><\/a><\/p>\n<p>&nbsp;<\/p>\n","protected":false},"excerpt":{"rendered":"<p>Allhankena tootmine T\u00e4nap\u00e4eval kasutab hankestrateegia v\u00f5tmekomponendina globaalseid hankeid valdav osa ettev\u00f5tetest, kelle eesm\u00e4rk on laieneda uutele turgudele v\u00f5i arendada olemasolevaid\u00a0v\u00e4hendamaks tootmisega kaasnevaid kulusid. Meie ENKO AS-is kohandame oma kogemuste-, ressursi-&#8230;<\/p>\n","protected":false},"author":1,"featured_media":0,"parent":3986,"menu_order":2,"comment_status":"closed","ping_status":"closed","template":"","meta":{"_monsterinsights_skip_tracking":false,"_monsterinsights_sitenote_active":false,"_monsterinsights_sitenote_note":"","_monsterinsights_sitenote_category":0,"footnotes":""},"class_list":["post-4033","page","type-page","status-publish"],"yoast_head":"<!-- This site is optimized with the Yoast SEO plugin v22.2 - https:\/\/yoast.com\/wordpress\/plugins\/seo\/ -->\n<title>Allhankena tootmine - Enko AS<\/title>\n<meta name=\"robots\" content=\"index, follow, max-snippet:-1, max-image-preview:large, max-video-preview:-1\" \/>\n<link rel=\"canonical\" href=\"https:\/\/enko.ee\/et\/ettevottest\/allhankena-tootmine\/\" \/>\n<meta property=\"og:locale\" content=\"et_EE\" \/>\n<meta property=\"og:type\" content=\"article\" \/>\n<meta property=\"og:title\" content=\"Allhankena tootmine - Enko AS\" \/>\n<meta property=\"og:description\" content=\"Allhankena tootmine T\u00e4nap\u00e4eval kasutab hankestrateegia v\u00f5tmekomponendina globaalseid hankeid valdav osa ettev\u00f5tetest, kelle eesm\u00e4rk on laieneda uutele turgudele v\u00f5i arendada olemasolevaid\u00a0v\u00e4hendamaks tootmisega kaasnevaid kulusid. Meie ENKO AS-is kohandame oma kogemuste-, ressursi-...\" \/>\n<meta property=\"og:url\" content=\"https:\/\/enko.ee\/et\/ettevottest\/allhankena-tootmine\/\" \/>\n<meta property=\"og:site_name\" content=\"Enko AS\" \/>\n<meta property=\"article:modified_time\" content=\"2017-03-14T09:41:47+00:00\" \/>\n<meta name=\"twitter:card\" content=\"summary_large_image\" \/>\n<meta name=\"twitter:label1\" content=\"Est. reading time\" \/>\n\t<meta name=\"twitter:data1\" content=\"1 minut\" \/>\n<script type=\"application\/ld+json\" class=\"yoast-schema-graph\">{\"@context\":\"https:\/\/schema.org\",\"@graph\":[{\"@type\":\"WebPage\",\"@id\":\"https:\/\/enko.ee\/et\/ettevottest\/allhankena-tootmine\/\",\"url\":\"https:\/\/enko.ee\/et\/ettevottest\/allhankena-tootmine\/\",\"name\":\"Allhankena tootmine - Enko AS\",\"isPartOf\":{\"@id\":\"https:\/\/enko.ee\/et\/#website\"},\"datePublished\":\"2017-03-01T23:01:34+00:00\",\"dateModified\":\"2017-03-14T09:41:47+00:00\",\"breadcrumb\":{\"@id\":\"https:\/\/enko.ee\/et\/ettevottest\/allhankena-tootmine\/#breadcrumb\"},\"inLanguage\":\"et\",\"potentialAction\":[{\"@type\":\"ReadAction\",\"target\":[\"https:\/\/enko.ee\/et\/ettevottest\/allhankena-tootmine\/\"]}]},{\"@type\":\"BreadcrumbList\",\"@id\":\"https:\/\/enko.ee\/et\/ettevottest\/allhankena-tootmine\/#breadcrumb\",\"itemListElement\":[{\"@type\":\"ListItem\",\"position\":1,\"name\":\"Home\",\"item\":\"https:\/\/enko.ee\/et\/\"},{\"@type\":\"ListItem\",\"position\":2,\"name\":\"Ettev\u00f5ttest\",\"item\":\"https:\/\/enko.ee\/et\/ettevottest\/\"},{\"@type\":\"ListItem\",\"position\":3,\"name\":\"Allhankena tootmine\"}]},{\"@type\":\"WebSite\",\"@id\":\"https:\/\/enko.ee\/et\/#website\",\"url\":\"https:\/\/enko.ee\/et\/\",\"name\":\"Enko AS\",\"description\":\"Metallist, plastikust ja kummist detailide \/ toodete kavandamine, tootmine ning montaa\u017e. Plasti \/ kummi survevalu, lehtmetalli t&ouml;&ouml;tlemine, valuvormide ja stantside projekteerimine, valmistamine ja modifitseerimine. Kinnitusvahendid.\",\"potentialAction\":[{\"@type\":\"SearchAction\",\"target\":{\"@type\":\"EntryPoint\",\"urlTemplate\":\"https:\/\/enko.ee\/et\/?s={search_term_string}\"},\"query-input\":\"required name=search_term_string\"}],\"inLanguage\":\"et\"}]}<\/script>\n<!-- \/ Yoast SEO plugin. -->","yoast_head_json":{"title":"Allhankena tootmine - Enko AS","robots":{"index":"index","follow":"follow","max-snippet":"max-snippet:-1","max-image-preview":"max-image-preview:large","max-video-preview":"max-video-preview:-1"},"canonical":"https:\/\/enko.ee\/et\/ettevottest\/allhankena-tootmine\/","og_locale":"et_EE","og_type":"article","og_title":"Allhankena tootmine - Enko AS","og_description":"Allhankena tootmine T\u00e4nap\u00e4eval kasutab hankestrateegia v\u00f5tmekomponendina globaalseid hankeid valdav osa ettev\u00f5tetest, kelle eesm\u00e4rk on laieneda uutele turgudele v\u00f5i arendada olemasolevaid\u00a0v\u00e4hendamaks tootmisega kaasnevaid kulusid. Meie ENKO AS-is kohandame oma kogemuste-, ressursi-...","og_url":"https:\/\/enko.ee\/et\/ettevottest\/allhankena-tootmine\/","og_site_name":"Enko AS","article_modified_time":"2017-03-14T09:41:47+00:00","twitter_card":"summary_large_image","twitter_misc":{"Est. reading time":"1 minut"},"schema":{"@context":"https:\/\/schema.org","@graph":[{"@type":"WebPage","@id":"https:\/\/enko.ee\/et\/ettevottest\/allhankena-tootmine\/","url":"https:\/\/enko.ee\/et\/ettevottest\/allhankena-tootmine\/","name":"Allhankena tootmine - Enko AS","isPartOf":{"@id":"https:\/\/enko.ee\/et\/#website"},"datePublished":"2017-03-01T23:01:34+00:00","dateModified":"2017-03-14T09:41:47+00:00","breadcrumb":{"@id":"https:\/\/enko.ee\/et\/ettevottest\/allhankena-tootmine\/#breadcrumb"},"inLanguage":"et","potentialAction":[{"@type":"ReadAction","target":["https:\/\/enko.ee\/et\/ettevottest\/allhankena-tootmine\/"]}]},{"@type":"BreadcrumbList","@id":"https:\/\/enko.ee\/et\/ettevottest\/allhankena-tootmine\/#breadcrumb","itemListElement":[{"@type":"ListItem","position":1,"name":"Home","item":"https:\/\/enko.ee\/et\/"},{"@type":"ListItem","position":2,"name":"Ettev\u00f5ttest","item":"https:\/\/enko.ee\/et\/ettevottest\/"},{"@type":"ListItem","position":3,"name":"Allhankena tootmine"}]},{"@type":"WebSite","@id":"https:\/\/enko.ee\/et\/#website","url":"https:\/\/enko.ee\/et\/","name":"Enko AS","description":"Metallist, plastikust ja kummist detailide \/ toodete kavandamine, tootmine ning montaa\u017e. Plasti \/ kummi survevalu, lehtmetalli t&ouml;&ouml;tlemine, valuvormide ja stantside projekteerimine, valmistamine ja modifitseerimine. Kinnitusvahendid.","potentialAction":[{"@type":"SearchAction","target":{"@type":"EntryPoint","urlTemplate":"https:\/\/enko.ee\/et\/?s={search_term_string}"},"query-input":"required name=search_term_string"}],"inLanguage":"et"}]}},"_links":{"self":[{"href":"https:\/\/enko.ee\/et\/wp-json\/wp\/v2\/pages\/4033","targetHints":{"allow":["GET"]}}],"collection":[{"href":"https:\/\/enko.ee\/et\/wp-json\/wp\/v2\/pages"}],"about":[{"href":"https:\/\/enko.ee\/et\/wp-json\/wp\/v2\/types\/page"}],"author":[{"embeddable":true,"href":"https:\/\/enko.ee\/et\/wp-json\/wp\/v2\/users\/1"}],"replies":[{"embeddable":true,"href":"https:\/\/enko.ee\/et\/wp-json\/wp\/v2\/comments?post=4033"}],"version-history":[{"count":2,"href":"https:\/\/enko.ee\/et\/wp-json\/wp\/v2\/pages\/4033\/revisions"}],"predecessor-version":[{"id":4876,"href":"https:\/\/enko.ee\/et\/wp-json\/wp\/v2\/pages\/4033\/revisions\/4876"}],"up":[{"embeddable":true,"href":"https:\/\/enko.ee\/et\/wp-json\/wp\/v2\/pages\/3986"}],"wp:attachment":[{"href":"https:\/\/enko.ee\/et\/wp-json\/wp\/v2\/media?parent=4033"}],"curies":[{"name":"wp","href":"https:\/\/api.w.org\/{rel}","templated":true}]}}