{"id":4034,"date":"2017-03-02T01:02:11","date_gmt":"2017-03-01T23:02:11","guid":{"rendered":"http:\/\/enko.ee\/et\/?page_id=4034"},"modified":"2017-03-02T01:02:26","modified_gmt":"2017-03-01T23:02:26","slug":"soovitused","status":"publish","type":"page","link":"https:\/\/enko.ee\/et\/ettevottest\/soovitused\/","title":{"rendered":"Soovitused"},"content":{"rendered":"<div class=\"headline\">\n<h1 class=\"title\">Soovitused<\/h1>\n<\/div>\n<h3>T\u00e4name Teid heade s\u00f5nade eest!<\/h3>\n<p>Enko AS on olnud osa Evac\u2019i tarneahelast juba \u00fcle 10 aasta. Enko teeb tihedat koost\u00f6\u00f6d ka meie teiste allhankijatega. Enko m\u00f5istab h\u00e4sti meie n\u00f5udlike klientide ja sihtgruppide poolt esitatavaid kvaliteedin\u00f5udeid meie toodetele ja komponentidele. Enko on erakordne pakkudes sama katuse alt \u201ek\u00f5ike kummist, plastist ja metallist \u201e.<\/p>\n<p><strong>Jouni Piironen, Evac OY<\/strong><\/p>\n<hr \/>\n<p>Oleme Enko AS-i klient juba alates aastast 1995 ; koos oleme loonud pikaajalise \u00e4risuhte. Oleme v\u00e4ga rahul nende toodete kvaliteediga ning erinevate teenustega mida nad meile osutanud on.<\/p>\n<p><strong>Margareta Granlund, Ahlsell Sverige AB<\/strong><\/p>\n<hr \/>\n<p>Teeme koost\u00f6\u00f6d juba pikemat aega ja mulje on v\u00e4ga positiivne, alati on peetud kinni tarneaegadest ja lepingutest ning k\u00f5ik k\u00fcsimused on saanud vastused. Julgen soovitada kui oma ala proffe.<\/p>\n<p><strong>Aare Kaljurand, InCap Electronics Estonia O\u00dc<\/strong><\/p>\n<hr \/>\n<p>Kui \u00e4ri on s\u00f5da, siis selleks, et ellu j\u00e4\u00e4da ja h\u00e4sti edeneda peab olema parem kui konkurendid \u00fches kindlas asjas. Muutumas on arusaam sellest, mida pakutakse ja millega kaubeldakse. Arusaamine sellest, kellele kuuluvad ideed, on ettev\u00f5tluse tuleviku jaoks \u00e4\u00e4rmiselt oluline. Lihtne on j\u00e4ljendada ettev\u00f5tte tooteid, kuid palju raskem on paljundada tema teadmisi. See on oluline efekt, sest kui k\u00e4sitleme tooteid teadmistena, on need konkurentsis tugevad relvad. Ideed on uueks v\u00e4\u00e4ringuks. Neid ei saa k\u00e4ega katsuda. Ideed on puudutamatud. Mittemateriaalsed n\u00e4htused on uue teadmusmajanduse t\u00f5ukej\u00f5uks ja Enko vaieldamatuks tugevuseks ning konkurentsieeliseks. Enko on investeerinud teadmistega t\u00f6\u00f6tajatesse, mis annab Enkole eelise konkurentide ees ja Enko klientidele v\u00f5imaluse koost\u00f6\u00f6 arendamise kaudu olla ka ise konkurentsiv\u00f5imeline.<\/p>\n<p><strong>M\u00e4rt Agur, Henkel Makroflex AS<\/strong><\/p>\n<hr \/>\n<p>AS ENKO &#8211; s\u00fcmpaatne pereettev\u00f5te. Usaldusv\u00e4\u00e4rne partner, kelle t\u00e4psed tarned n\u00f5utud kvaliteediga on alati \u00f5igel ajal kohal. Meie koost\u00f6\u00f6s hindan k\u00f5rgelt suhtumist, et probleeme ei ole olemas \u2013 on lahendused.<\/p>\n<p><strong>Heimo Tammiste, Alppilux O\u00dc<\/strong><\/p>\n<hr \/>\n<p>NOTE P\u00e4rnu O\u00dc alustas oma koost\u00f6\u00f6d Enko AS-ga kui olime veel v\u00e4ikeettev\u00f5te nimega Paitec Elektroonika. Enko oli meie \u00fcks esimesi partnereid, kellega alustasime koost\u00f6\u00f6d Eestis kui otsisime alternatiive Soome lehtmetalli tootjatele. Enko poolne suhtlemine on olnud alati v\u00e4ga meeldiv ja vastutulelik. Kvaliteedi ja tarnetega meil probleeme ei ole.<\/p>\n<p><strong>K\u00fclli M\u00fc\u00fcr, NOTE P\u00e4rnu O\u00dc<\/strong><\/p>\n","protected":false},"excerpt":{"rendered":"<p>Soovitused T\u00e4name Teid heade s\u00f5nade eest! Enko AS on olnud osa Evac\u2019i tarneahelast juba \u00fcle 10 aasta. Enko teeb tihedat koost\u00f6\u00f6d ka meie teiste allhankijatega. Enko m\u00f5istab h\u00e4sti meie n\u00f5udlike&#8230;<\/p>\n","protected":false},"author":1,"featured_media":0,"parent":3986,"menu_order":3,"comment_status":"closed","ping_status":"closed","template":"","meta":{"_monsterinsights_skip_tracking":false,"_monsterinsights_sitenote_active":false,"_monsterinsights_sitenote_note":"","_monsterinsights_sitenote_category":0,"footnotes":""},"class_list":["post-4034","page","type-page","status-publish"],"yoast_head":"<!-- This site is optimized with the Yoast SEO plugin v22.2 - https:\/\/yoast.com\/wordpress\/plugins\/seo\/ -->\n<title>Soovitused - Enko AS<\/title>\n<meta name=\"robots\" content=\"index, follow, max-snippet:-1, max-image-preview:large, max-video-preview:-1\" \/>\n<link rel=\"canonical\" href=\"https:\/\/enko.ee\/et\/ettevottest\/soovitused\/\" \/>\n<meta property=\"og:locale\" content=\"et_EE\" \/>\n<meta property=\"og:type\" content=\"article\" \/>\n<meta property=\"og:title\" content=\"Soovitused - Enko AS\" \/>\n<meta property=\"og:description\" content=\"Soovitused T\u00e4name Teid heade s\u00f5nade eest! Enko AS on olnud osa Evac\u2019i tarneahelast juba \u00fcle 10 aasta. Enko teeb tihedat koost\u00f6\u00f6d ka meie teiste allhankijatega. Enko m\u00f5istab h\u00e4sti meie n\u00f5udlike...\" \/>\n<meta property=\"og:url\" content=\"https:\/\/enko.ee\/et\/ettevottest\/soovitused\/\" \/>\n<meta property=\"og:site_name\" content=\"Enko AS\" \/>\n<meta property=\"article:modified_time\" content=\"2017-03-01T23:02:26+00:00\" \/>\n<meta name=\"twitter:card\" content=\"summary_large_image\" \/>\n<meta name=\"twitter:label1\" content=\"Est. reading time\" \/>\n\t<meta name=\"twitter:data1\" content=\"2 minutit\" \/>\n<script type=\"application\/ld+json\" class=\"yoast-schema-graph\">{\"@context\":\"https:\/\/schema.org\",\"@graph\":[{\"@type\":\"WebPage\",\"@id\":\"https:\/\/enko.ee\/et\/ettevottest\/soovitused\/\",\"url\":\"https:\/\/enko.ee\/et\/ettevottest\/soovitused\/\",\"name\":\"Soovitused - Enko AS\",\"isPartOf\":{\"@id\":\"https:\/\/enko.ee\/et\/#website\"},\"datePublished\":\"2017-03-01T23:02:11+00:00\",\"dateModified\":\"2017-03-01T23:02:26+00:00\",\"breadcrumb\":{\"@id\":\"https:\/\/enko.ee\/et\/ettevottest\/soovitused\/#breadcrumb\"},\"inLanguage\":\"et\",\"potentialAction\":[{\"@type\":\"ReadAction\",\"target\":[\"https:\/\/enko.ee\/et\/ettevottest\/soovitused\/\"]}]},{\"@type\":\"BreadcrumbList\",\"@id\":\"https:\/\/enko.ee\/et\/ettevottest\/soovitused\/#breadcrumb\",\"itemListElement\":[{\"@type\":\"ListItem\",\"position\":1,\"name\":\"Home\",\"item\":\"https:\/\/enko.ee\/et\/\"},{\"@type\":\"ListItem\",\"position\":2,\"name\":\"Ettev\u00f5ttest\",\"item\":\"https:\/\/enko.ee\/et\/ettevottest\/\"},{\"@type\":\"ListItem\",\"position\":3,\"name\":\"Soovitused\"}]},{\"@type\":\"WebSite\",\"@id\":\"https:\/\/enko.ee\/et\/#website\",\"url\":\"https:\/\/enko.ee\/et\/\",\"name\":\"Enko AS\",\"description\":\"Metallist, plastikust ja kummist detailide \/ toodete kavandamine, tootmine ning montaa\u017e. Plasti \/ kummi survevalu, lehtmetalli t&ouml;&ouml;tlemine, valuvormide ja stantside projekteerimine, valmistamine ja modifitseerimine. Kinnitusvahendid.\",\"potentialAction\":[{\"@type\":\"SearchAction\",\"target\":{\"@type\":\"EntryPoint\",\"urlTemplate\":\"https:\/\/enko.ee\/et\/?s={search_term_string}\"},\"query-input\":\"required name=search_term_string\"}],\"inLanguage\":\"et\"}]}<\/script>\n<!-- \/ Yoast SEO plugin. -->","yoast_head_json":{"title":"Soovitused - Enko AS","robots":{"index":"index","follow":"follow","max-snippet":"max-snippet:-1","max-image-preview":"max-image-preview:large","max-video-preview":"max-video-preview:-1"},"canonical":"https:\/\/enko.ee\/et\/ettevottest\/soovitused\/","og_locale":"et_EE","og_type":"article","og_title":"Soovitused - Enko AS","og_description":"Soovitused T\u00e4name Teid heade s\u00f5nade eest! Enko AS on olnud osa Evac\u2019i tarneahelast juba \u00fcle 10 aasta. Enko teeb tihedat koost\u00f6\u00f6d ka meie teiste allhankijatega. Enko m\u00f5istab h\u00e4sti meie n\u00f5udlike...","og_url":"https:\/\/enko.ee\/et\/ettevottest\/soovitused\/","og_site_name":"Enko AS","article_modified_time":"2017-03-01T23:02:26+00:00","twitter_card":"summary_large_image","twitter_misc":{"Est. reading time":"2 minutit"},"schema":{"@context":"https:\/\/schema.org","@graph":[{"@type":"WebPage","@id":"https:\/\/enko.ee\/et\/ettevottest\/soovitused\/","url":"https:\/\/enko.ee\/et\/ettevottest\/soovitused\/","name":"Soovitused - Enko AS","isPartOf":{"@id":"https:\/\/enko.ee\/et\/#website"},"datePublished":"2017-03-01T23:02:11+00:00","dateModified":"2017-03-01T23:02:26+00:00","breadcrumb":{"@id":"https:\/\/enko.ee\/et\/ettevottest\/soovitused\/#breadcrumb"},"inLanguage":"et","potentialAction":[{"@type":"ReadAction","target":["https:\/\/enko.ee\/et\/ettevottest\/soovitused\/"]}]},{"@type":"BreadcrumbList","@id":"https:\/\/enko.ee\/et\/ettevottest\/soovitused\/#breadcrumb","itemListElement":[{"@type":"ListItem","position":1,"name":"Home","item":"https:\/\/enko.ee\/et\/"},{"@type":"ListItem","position":2,"name":"Ettev\u00f5ttest","item":"https:\/\/enko.ee\/et\/ettevottest\/"},{"@type":"ListItem","position":3,"name":"Soovitused"}]},{"@type":"WebSite","@id":"https:\/\/enko.ee\/et\/#website","url":"https:\/\/enko.ee\/et\/","name":"Enko AS","description":"Metallist, plastikust ja kummist detailide \/ toodete kavandamine, tootmine ning montaa\u017e. Plasti \/ kummi survevalu, lehtmetalli t&ouml;&ouml;tlemine, valuvormide ja stantside projekteerimine, valmistamine ja modifitseerimine. Kinnitusvahendid.","potentialAction":[{"@type":"SearchAction","target":{"@type":"EntryPoint","urlTemplate":"https:\/\/enko.ee\/et\/?s={search_term_string}"},"query-input":"required name=search_term_string"}],"inLanguage":"et"}]}},"_links":{"self":[{"href":"https:\/\/enko.ee\/et\/wp-json\/wp\/v2\/pages\/4034","targetHints":{"allow":["GET"]}}],"collection":[{"href":"https:\/\/enko.ee\/et\/wp-json\/wp\/v2\/pages"}],"about":[{"href":"https:\/\/enko.ee\/et\/wp-json\/wp\/v2\/types\/page"}],"author":[{"embeddable":true,"href":"https:\/\/enko.ee\/et\/wp-json\/wp\/v2\/users\/1"}],"replies":[{"embeddable":true,"href":"https:\/\/enko.ee\/et\/wp-json\/wp\/v2\/comments?post=4034"}],"version-history":[{"count":2,"href":"https:\/\/enko.ee\/et\/wp-json\/wp\/v2\/pages\/4034\/revisions"}],"predecessor-version":[{"id":4043,"href":"https:\/\/enko.ee\/et\/wp-json\/wp\/v2\/pages\/4034\/revisions\/4043"}],"up":[{"embeddable":true,"href":"https:\/\/enko.ee\/et\/wp-json\/wp\/v2\/pages\/3986"}],"wp:attachment":[{"href":"https:\/\/enko.ee\/et\/wp-json\/wp\/v2\/media?parent=4034"}],"curies":[{"name":"wp","href":"https:\/\/api.w.org\/{rel}","templated":true}]}}