{"id":4035,"date":"2017-03-02T01:03:08","date_gmt":"2017-03-01T23:03:08","guid":{"rendered":"http:\/\/enko.ee\/et\/?page_id=4035"},"modified":"2018-08-03T10:41:54","modified_gmt":"2018-08-03T07:41:54","slug":"toopakkumised","status":"publish","type":"page","link":"https:\/\/enko.ee\/et\/ettevottest\/toopakkumised\/","title":{"rendered":"T\u00f6\u00f6pakkumised"},"content":{"rendered":"<h2 class=\"pagetitle\">T\u00f6\u00f6pakkumised:<\/h2>\n<p>Allj\u00e4rgnevalt on toodud tabel vabadest t\u00f6\u00f6kohtadest ENKO AS-is. Rohkema info saamiseks palun klikkige ametikoha nimetusel.<\/p>\n<table class=\"joomlatable\" style=\"height: 54px;\" border=\"0\" width=\"1095\" cellspacing=\"0\" cellpadding=\"0\">\n<tbody>\n<tr class=\"even\">\n<td align=\"right\"><\/td>\n<td><a href=\"http:\/\/enko.ee\/et\/ettevottest\/toopakkumised\/survevalu-operaator\/\">Tootmisliini operaator<\/a><\/td>\n<td><\/td>\n<\/tr>\n<\/tbody>\n<\/table>\n","protected":false},"excerpt":{"rendered":"<p>T\u00f6\u00f6pakkumised: Allj\u00e4rgnevalt on toodud tabel vabadest t\u00f6\u00f6kohtadest ENKO AS-is. Rohkema info saamiseks palun klikkige ametikoha nimetusel. Tootmisliini operaator<\/p>\n","protected":false},"author":1,"featured_media":0,"parent":3986,"menu_order":4,"comment_status":"closed","ping_status":"closed","template":"","meta":{"_monsterinsights_skip_tracking":false,"_monsterinsights_sitenote_active":false,"_monsterinsights_sitenote_note":"","_monsterinsights_sitenote_category":0,"footnotes":""},"class_list":["post-4035","page","type-page","status-publish"],"yoast_head":"<!-- This site is optimized with the Yoast SEO plugin v22.2 - https:\/\/yoast.com\/wordpress\/plugins\/seo\/ -->\n<title>T\u00f6\u00f6pakkumised - Enko AS<\/title>\n<meta name=\"robots\" content=\"index, follow, max-snippet:-1, max-image-preview:large, max-video-preview:-1\" \/>\n<link rel=\"canonical\" href=\"https:\/\/enko.ee\/et\/ettevottest\/toopakkumised\/\" \/>\n<meta property=\"og:locale\" content=\"et_EE\" \/>\n<meta property=\"og:type\" content=\"article\" \/>\n<meta property=\"og:title\" content=\"T\u00f6\u00f6pakkumised - Enko AS\" \/>\n<meta property=\"og:description\" content=\"T\u00f6\u00f6pakkumised: Allj\u00e4rgnevalt on toodud tabel vabadest t\u00f6\u00f6kohtadest ENKO AS-is. Rohkema info saamiseks palun klikkige ametikoha nimetusel. Tootmisliini operaator\" \/>\n<meta property=\"og:url\" content=\"https:\/\/enko.ee\/et\/ettevottest\/toopakkumised\/\" \/>\n<meta property=\"og:site_name\" content=\"Enko AS\" \/>\n<meta property=\"article:modified_time\" content=\"2018-08-03T07:41:54+00:00\" \/>\n<meta name=\"twitter:card\" content=\"summary_large_image\" \/>\n<script type=\"application\/ld+json\" class=\"yoast-schema-graph\">{\"@context\":\"https:\/\/schema.org\",\"@graph\":[{\"@type\":\"WebPage\",\"@id\":\"https:\/\/enko.ee\/et\/ettevottest\/toopakkumised\/\",\"url\":\"https:\/\/enko.ee\/et\/ettevottest\/toopakkumised\/\",\"name\":\"T\u00f6\u00f6pakkumised - Enko AS\",\"isPartOf\":{\"@id\":\"https:\/\/enko.ee\/et\/#website\"},\"datePublished\":\"2017-03-01T23:03:08+00:00\",\"dateModified\":\"2018-08-03T07:41:54+00:00\",\"breadcrumb\":{\"@id\":\"https:\/\/enko.ee\/et\/ettevottest\/toopakkumised\/#breadcrumb\"},\"inLanguage\":\"et\",\"potentialAction\":[{\"@type\":\"ReadAction\",\"target\":[\"https:\/\/enko.ee\/et\/ettevottest\/toopakkumised\/\"]}]},{\"@type\":\"BreadcrumbList\",\"@id\":\"https:\/\/enko.ee\/et\/ettevottest\/toopakkumised\/#breadcrumb\",\"itemListElement\":[{\"@type\":\"ListItem\",\"position\":1,\"name\":\"Home\",\"item\":\"https:\/\/enko.ee\/et\/\"},{\"@type\":\"ListItem\",\"position\":2,\"name\":\"Ettev\u00f5ttest\",\"item\":\"https:\/\/enko.ee\/et\/ettevottest\/\"},{\"@type\":\"ListItem\",\"position\":3,\"name\":\"T\u00f6\u00f6pakkumised\"}]},{\"@type\":\"WebSite\",\"@id\":\"https:\/\/enko.ee\/et\/#website\",\"url\":\"https:\/\/enko.ee\/et\/\",\"name\":\"Enko AS\",\"description\":\"Metallist, plastikust ja kummist detailide \/ toodete kavandamine, tootmine ning montaa\u017e. Plasti \/ kummi survevalu, lehtmetalli t&ouml;&ouml;tlemine, valuvormide ja stantside projekteerimine, valmistamine ja modifitseerimine. Kinnitusvahendid.\",\"potentialAction\":[{\"@type\":\"SearchAction\",\"target\":{\"@type\":\"EntryPoint\",\"urlTemplate\":\"https:\/\/enko.ee\/et\/?s={search_term_string}\"},\"query-input\":\"required name=search_term_string\"}],\"inLanguage\":\"et\"}]}<\/script>\n<!-- \/ Yoast SEO plugin. -->","yoast_head_json":{"title":"T\u00f6\u00f6pakkumised - Enko AS","robots":{"index":"index","follow":"follow","max-snippet":"max-snippet:-1","max-image-preview":"max-image-preview:large","max-video-preview":"max-video-preview:-1"},"canonical":"https:\/\/enko.ee\/et\/ettevottest\/toopakkumised\/","og_locale":"et_EE","og_type":"article","og_title":"T\u00f6\u00f6pakkumised - Enko AS","og_description":"T\u00f6\u00f6pakkumised: Allj\u00e4rgnevalt on toodud tabel vabadest t\u00f6\u00f6kohtadest ENKO AS-is. Rohkema info saamiseks palun klikkige ametikoha nimetusel. Tootmisliini operaator","og_url":"https:\/\/enko.ee\/et\/ettevottest\/toopakkumised\/","og_site_name":"Enko AS","article_modified_time":"2018-08-03T07:41:54+00:00","twitter_card":"summary_large_image","schema":{"@context":"https:\/\/schema.org","@graph":[{"@type":"WebPage","@id":"https:\/\/enko.ee\/et\/ettevottest\/toopakkumised\/","url":"https:\/\/enko.ee\/et\/ettevottest\/toopakkumised\/","name":"T\u00f6\u00f6pakkumised - Enko AS","isPartOf":{"@id":"https:\/\/enko.ee\/et\/#website"},"datePublished":"2017-03-01T23:03:08+00:00","dateModified":"2018-08-03T07:41:54+00:00","breadcrumb":{"@id":"https:\/\/enko.ee\/et\/ettevottest\/toopakkumised\/#breadcrumb"},"inLanguage":"et","potentialAction":[{"@type":"ReadAction","target":["https:\/\/enko.ee\/et\/ettevottest\/toopakkumised\/"]}]},{"@type":"BreadcrumbList","@id":"https:\/\/enko.ee\/et\/ettevottest\/toopakkumised\/#breadcrumb","itemListElement":[{"@type":"ListItem","position":1,"name":"Home","item":"https:\/\/enko.ee\/et\/"},{"@type":"ListItem","position":2,"name":"Ettev\u00f5ttest","item":"https:\/\/enko.ee\/et\/ettevottest\/"},{"@type":"ListItem","position":3,"name":"T\u00f6\u00f6pakkumised"}]},{"@type":"WebSite","@id":"https:\/\/enko.ee\/et\/#website","url":"https:\/\/enko.ee\/et\/","name":"Enko AS","description":"Metallist, plastikust ja kummist detailide \/ toodete kavandamine, tootmine ning montaa\u017e. Plasti \/ kummi survevalu, lehtmetalli t&ouml;&ouml;tlemine, valuvormide ja stantside projekteerimine, valmistamine ja modifitseerimine. Kinnitusvahendid.","potentialAction":[{"@type":"SearchAction","target":{"@type":"EntryPoint","urlTemplate":"https:\/\/enko.ee\/et\/?s={search_term_string}"},"query-input":"required name=search_term_string"}],"inLanguage":"et"}]}},"_links":{"self":[{"href":"https:\/\/enko.ee\/et\/wp-json\/wp\/v2\/pages\/4035","targetHints":{"allow":["GET"]}}],"collection":[{"href":"https:\/\/enko.ee\/et\/wp-json\/wp\/v2\/pages"}],"about":[{"href":"https:\/\/enko.ee\/et\/wp-json\/wp\/v2\/types\/page"}],"author":[{"embeddable":true,"href":"https:\/\/enko.ee\/et\/wp-json\/wp\/v2\/users\/1"}],"replies":[{"embeddable":true,"href":"https:\/\/enko.ee\/et\/wp-json\/wp\/v2\/comments?post=4035"}],"version-history":[{"count":7,"href":"https:\/\/enko.ee\/et\/wp-json\/wp\/v2\/pages\/4035\/revisions"}],"predecessor-version":[{"id":4927,"href":"https:\/\/enko.ee\/et\/wp-json\/wp\/v2\/pages\/4035\/revisions\/4927"}],"up":[{"embeddable":true,"href":"https:\/\/enko.ee\/et\/wp-json\/wp\/v2\/pages\/3986"}],"wp:attachment":[{"href":"https:\/\/enko.ee\/et\/wp-json\/wp\/v2\/media?parent=4035"}],"curies":[{"name":"wp","href":"https:\/\/api.w.org\/{rel}","templated":true}]}}