{"id":4052,"date":"2017-03-02T01:04:30","date_gmt":"2017-03-01T23:04:30","guid":{"rendered":"http:\/\/enko.ee\/et\/?page_id=4052"},"modified":"2018-08-03T10:30:06","modified_gmt":"2018-08-03T07:30:06","slug":"survevalu-operaator","status":"publish","type":"page","link":"https:\/\/enko.ee\/et\/ettevottest\/toopakkumised\/survevalu-operaator\/","title":{"rendered":"Plasti survevalu tootmisliini operaator-pakkija (VIIMSIS) (SOBIB NAISTELE)"},"content":{"rendered":"<p>AS Enko VIIMSI tehas soovib leida oma meeskonda kiiret ja \u00f5ppimisv\u00f5imelist operaatorit.<\/p>\n<p>Plasti survevalu tootmisliini operaatori p\u00f5hi\u00fclesanneteks on:<br \/>\n&#8211; toodangu loendamine\/kaalumine, sorteerimine, pakendamine, markeerimine ja ladustamine,<br \/>\n&#8211; toodangu viimistlemine,<br \/>\n&#8211; valmistava toodangu kvaliteedi kontroll,<br \/>\n&#8211; aruandlus- ja t\u00f6\u00f6dokumentatsiooni t\u00e4itmine.<\/p>\n<h4><\/h4>\n<h2>N\u00f5udmised kandidaadile<\/h2>\n<p>&#8211; soovitav t\u00f6\u00f6kogemus survevalu tootmisliini operaatorina,<br \/>\n&#8211; valmisolek t\u00f6\u00f6tada vahetustes,<br \/>\n&#8211; valmisolek meeskonnat\u00f6\u00f6ks,<br \/>\n&#8211; ausus, korrektsus ja kohusetundlikkus<\/p>\n<h4><\/h4>\n<h2>Ettev\u00f5te pakub<\/h2>\n<p>&#8211; kaasaegset t\u00f6\u00f6keskkonda ja t\u00f6\u00f6vahendeid<br \/>\n&#8211; kindlat ja p\u00fcsivat t\u00f6\u00f6d pidevalt arenevas ettev\u00f5ttes<br \/>\n&#8211; t\u00f6\u00f6riietust<br \/>\n&#8211; s\u00f5bralikku ja toetavat kollektiivi<\/p>\n<p>Lisainfo:<br \/>\nT\u00f6\u00f6koht asub Viimsis Tulbiaia tee 3.<br \/>\nT\u00f6\u00f6 on kahes vahetuses: 8:00-20:00 ja 20:00-8:00. \u00d6\u00f6tundidele lisandub koefitsient. Kollektiiv on vene keelt k\u00f5nelev.<\/p>\n<p>Kandideerimise eelduseks on CV saatmine.<br \/>\n\u00dchendust v\u00f5etakse vaid sobivate kandidaatidega<\/p>\n<p>Kontaktisik:<\/p>\n<p>Anna Koltsova<\/p>\n<p>tel: 5696 6697<\/p>\n","protected":false},"excerpt":{"rendered":"<p>AS Enko VIIMSI tehas soovib leida oma meeskonda kiiret ja \u00f5ppimisv\u00f5imelist operaatorit. Plasti survevalu tootmisliini operaatori p\u00f5hi\u00fclesanneteks on: &#8211; toodangu loendamine\/kaalumine, sorteerimine, pakendamine, markeerimine ja ladustamine, &#8211; toodangu viimistlemine, &#8211;&#8230;<\/p>\n","protected":false},"author":1,"featured_media":0,"parent":4035,"menu_order":4,"comment_status":"closed","ping_status":"closed","template":"","meta":{"_monsterinsights_skip_tracking":false,"_monsterinsights_sitenote_active":false,"_monsterinsights_sitenote_note":"","_monsterinsights_sitenote_category":0,"footnotes":""},"class_list":["post-4052","page","type-page","status-publish"],"yoast_head":"<!-- This site is optimized with the Yoast SEO plugin v22.2 - https:\/\/yoast.com\/wordpress\/plugins\/seo\/ -->\n<title>Plasti survevalu tootmisliini operaator-pakkija (VIIMSIS) (SOBIB NAISTELE) - Enko AS<\/title>\n<meta name=\"robots\" content=\"index, follow, max-snippet:-1, max-image-preview:large, max-video-preview:-1\" \/>\n<link rel=\"canonical\" href=\"https:\/\/enko.ee\/et\/ettevottest\/toopakkumised\/survevalu-operaator\/\" \/>\n<meta property=\"og:locale\" content=\"et_EE\" \/>\n<meta property=\"og:type\" content=\"article\" \/>\n<meta property=\"og:title\" content=\"Plasti survevalu tootmisliini operaator-pakkija (VIIMSIS) (SOBIB NAISTELE) - Enko AS\" \/>\n<meta property=\"og:description\" content=\"AS Enko VIIMSI tehas soovib leida oma meeskonda kiiret ja \u00f5ppimisv\u00f5imelist operaatorit. Plasti survevalu tootmisliini operaatori p\u00f5hi\u00fclesanneteks on: &#8211; toodangu loendamine\/kaalumine, sorteerimine, pakendamine, markeerimine ja ladustamine, &#8211; toodangu viimistlemine, &#8211;...\" \/>\n<meta property=\"og:url\" content=\"https:\/\/enko.ee\/et\/ettevottest\/toopakkumised\/survevalu-operaator\/\" \/>\n<meta property=\"og:site_name\" content=\"Enko AS\" \/>\n<meta property=\"article:modified_time\" content=\"2018-08-03T07:30:06+00:00\" \/>\n<meta name=\"twitter:card\" content=\"summary_large_image\" \/>\n<meta name=\"twitter:label1\" content=\"Est. reading time\" \/>\n\t<meta name=\"twitter:data1\" content=\"1 minut\" \/>\n<script type=\"application\/ld+json\" class=\"yoast-schema-graph\">{\"@context\":\"https:\/\/schema.org\",\"@graph\":[{\"@type\":\"WebPage\",\"@id\":\"https:\/\/enko.ee\/et\/ettevottest\/toopakkumised\/survevalu-operaator\/\",\"url\":\"https:\/\/enko.ee\/et\/ettevottest\/toopakkumised\/survevalu-operaator\/\",\"name\":\"Plasti survevalu tootmisliini operaator-pakkija (VIIMSIS) (SOBIB NAISTELE) - Enko AS\",\"isPartOf\":{\"@id\":\"https:\/\/enko.ee\/et\/#website\"},\"datePublished\":\"2017-03-01T23:04:30+00:00\",\"dateModified\":\"2018-08-03T07:30:06+00:00\",\"breadcrumb\":{\"@id\":\"https:\/\/enko.ee\/et\/ettevottest\/toopakkumised\/survevalu-operaator\/#breadcrumb\"},\"inLanguage\":\"et\",\"potentialAction\":[{\"@type\":\"ReadAction\",\"target\":[\"https:\/\/enko.ee\/et\/ettevottest\/toopakkumised\/survevalu-operaator\/\"]}]},{\"@type\":\"BreadcrumbList\",\"@id\":\"https:\/\/enko.ee\/et\/ettevottest\/toopakkumised\/survevalu-operaator\/#breadcrumb\",\"itemListElement\":[{\"@type\":\"ListItem\",\"position\":1,\"name\":\"Home\",\"item\":\"https:\/\/enko.ee\/et\/\"},{\"@type\":\"ListItem\",\"position\":2,\"name\":\"Ettev\u00f5ttest\",\"item\":\"https:\/\/enko.ee\/et\/ettevottest\/\"},{\"@type\":\"ListItem\",\"position\":3,\"name\":\"T\u00f6\u00f6pakkumised\",\"item\":\"https:\/\/enko.ee\/et\/ettevottest\/toopakkumised\/\"},{\"@type\":\"ListItem\",\"position\":4,\"name\":\"Plasti survevalu tootmisliini operaator-pakkija (VIIMSIS) (SOBIB NAISTELE)\"}]},{\"@type\":\"WebSite\",\"@id\":\"https:\/\/enko.ee\/et\/#website\",\"url\":\"https:\/\/enko.ee\/et\/\",\"name\":\"Enko AS\",\"description\":\"Metallist, plastikust ja kummist detailide \/ toodete kavandamine, tootmine ning montaa\u017e. Plasti \/ kummi survevalu, lehtmetalli t&ouml;&ouml;tlemine, valuvormide ja stantside projekteerimine, valmistamine ja modifitseerimine. Kinnitusvahendid.\",\"potentialAction\":[{\"@type\":\"SearchAction\",\"target\":{\"@type\":\"EntryPoint\",\"urlTemplate\":\"https:\/\/enko.ee\/et\/?s={search_term_string}\"},\"query-input\":\"required name=search_term_string\"}],\"inLanguage\":\"et\"}]}<\/script>\n<!-- \/ Yoast SEO plugin. -->","yoast_head_json":{"title":"Plasti survevalu tootmisliini operaator-pakkija (VIIMSIS) (SOBIB NAISTELE) - Enko AS","robots":{"index":"index","follow":"follow","max-snippet":"max-snippet:-1","max-image-preview":"max-image-preview:large","max-video-preview":"max-video-preview:-1"},"canonical":"https:\/\/enko.ee\/et\/ettevottest\/toopakkumised\/survevalu-operaator\/","og_locale":"et_EE","og_type":"article","og_title":"Plasti survevalu tootmisliini operaator-pakkija (VIIMSIS) (SOBIB NAISTELE) - Enko AS","og_description":"AS Enko VIIMSI tehas soovib leida oma meeskonda kiiret ja \u00f5ppimisv\u00f5imelist operaatorit. Plasti survevalu tootmisliini operaatori p\u00f5hi\u00fclesanneteks on: &#8211; toodangu loendamine\/kaalumine, sorteerimine, pakendamine, markeerimine ja ladustamine, &#8211; toodangu viimistlemine, &#8211;...","og_url":"https:\/\/enko.ee\/et\/ettevottest\/toopakkumised\/survevalu-operaator\/","og_site_name":"Enko AS","article_modified_time":"2018-08-03T07:30:06+00:00","twitter_card":"summary_large_image","twitter_misc":{"Est. reading time":"1 minut"},"schema":{"@context":"https:\/\/schema.org","@graph":[{"@type":"WebPage","@id":"https:\/\/enko.ee\/et\/ettevottest\/toopakkumised\/survevalu-operaator\/","url":"https:\/\/enko.ee\/et\/ettevottest\/toopakkumised\/survevalu-operaator\/","name":"Plasti survevalu tootmisliini operaator-pakkija (VIIMSIS) (SOBIB NAISTELE) - Enko AS","isPartOf":{"@id":"https:\/\/enko.ee\/et\/#website"},"datePublished":"2017-03-01T23:04:30+00:00","dateModified":"2018-08-03T07:30:06+00:00","breadcrumb":{"@id":"https:\/\/enko.ee\/et\/ettevottest\/toopakkumised\/survevalu-operaator\/#breadcrumb"},"inLanguage":"et","potentialAction":[{"@type":"ReadAction","target":["https:\/\/enko.ee\/et\/ettevottest\/toopakkumised\/survevalu-operaator\/"]}]},{"@type":"BreadcrumbList","@id":"https:\/\/enko.ee\/et\/ettevottest\/toopakkumised\/survevalu-operaator\/#breadcrumb","itemListElement":[{"@type":"ListItem","position":1,"name":"Home","item":"https:\/\/enko.ee\/et\/"},{"@type":"ListItem","position":2,"name":"Ettev\u00f5ttest","item":"https:\/\/enko.ee\/et\/ettevottest\/"},{"@type":"ListItem","position":3,"name":"T\u00f6\u00f6pakkumised","item":"https:\/\/enko.ee\/et\/ettevottest\/toopakkumised\/"},{"@type":"ListItem","position":4,"name":"Plasti survevalu tootmisliini operaator-pakkija (VIIMSIS) (SOBIB NAISTELE)"}]},{"@type":"WebSite","@id":"https:\/\/enko.ee\/et\/#website","url":"https:\/\/enko.ee\/et\/","name":"Enko AS","description":"Metallist, plastikust ja kummist detailide \/ toodete kavandamine, tootmine ning montaa\u017e. Plasti \/ kummi survevalu, lehtmetalli t&ouml;&ouml;tlemine, valuvormide ja stantside projekteerimine, valmistamine ja modifitseerimine. Kinnitusvahendid.","potentialAction":[{"@type":"SearchAction","target":{"@type":"EntryPoint","urlTemplate":"https:\/\/enko.ee\/et\/?s={search_term_string}"},"query-input":"required name=search_term_string"}],"inLanguage":"et"}]}},"_links":{"self":[{"href":"https:\/\/enko.ee\/et\/wp-json\/wp\/v2\/pages\/4052","targetHints":{"allow":["GET"]}}],"collection":[{"href":"https:\/\/enko.ee\/et\/wp-json\/wp\/v2\/pages"}],"about":[{"href":"https:\/\/enko.ee\/et\/wp-json\/wp\/v2\/types\/page"}],"author":[{"embeddable":true,"href":"https:\/\/enko.ee\/et\/wp-json\/wp\/v2\/users\/1"}],"replies":[{"embeddable":true,"href":"https:\/\/enko.ee\/et\/wp-json\/wp\/v2\/comments?post=4052"}],"version-history":[{"count":3,"href":"https:\/\/enko.ee\/et\/wp-json\/wp\/v2\/pages\/4052\/revisions"}],"predecessor-version":[{"id":4918,"href":"https:\/\/enko.ee\/et\/wp-json\/wp\/v2\/pages\/4052\/revisions\/4918"}],"up":[{"embeddable":true,"href":"https:\/\/enko.ee\/et\/wp-json\/wp\/v2\/pages\/4035"}],"wp:attachment":[{"href":"https:\/\/enko.ee\/et\/wp-json\/wp\/v2\/media?parent=4052"}],"curies":[{"name":"wp","href":"https:\/\/api.w.org\/{rel}","templated":true}]}}