{"id":4057,"date":"2017-03-02T01:07:36","date_gmt":"2017-03-01T23:07:36","guid":{"rendered":"http:\/\/enko.ee\/et\/?page_id=4057"},"modified":"2017-03-02T01:07:36","modified_gmt":"2017-03-01T23:07:36","slug":"vaakum-metalliseerimine","status":"publish","type":"page","link":"https:\/\/enko.ee\/et\/tootmine-ja-montaaz\/vaakum-metalliseerimine\/","title":{"rendered":"Vaakum metalliseerimine"},"content":{"rendered":"<h2>Vaakum metalliseerimine<\/h2>\n<p>ENKO AS hakkas 2016 aastal kasutama plastmassist detailide metalliseerimiseks vaakum metalliseerimise tehnoloogiat (nn. Physical Vapor Deposition (PVD)).<\/p>\n<p>See tehnoloogia asendab taolised traditsioonilised meetodid \u00a0nagu galvaanika. Tehnoloogia \u00a0rakendamine ei s\u00f5ltu kaetava materjali t\u00fc\u00fcbist (plastik, metall, klaas jne) ning on keskkonnas\u00f5bralik.<\/p>\n<p>PVD-d \u00a0kasutades tekib v\u00f5imalus toota plastmassist tooteid\/detaile k\u00f5rgete dekoratiivsete omadustega (nn. metallil\u00e4ige). Pealekantud metallkihi kaitseks kasutatakse k\u00f5rge keemilise ja\/v\u00f5i mehhaanilise p\u00fcsivusega lakki. Pealekantav lakk on l\u00e4bipaistev ning lubab v\u00e4rvainete lisamist toote vajaliku v\u00e4rvi (tooni) saavutamiseks.<\/p>\n<p>Vaakumpindamisliin on toodetud \u00a0Itaalia firma Kolzer Vacuum Technologies poolt ning v\u00f5imaldab peale kanda dekoratiivkatteid kasutades alumiiniumi termilist aurustamist ning funktsionaalkatteid kasutades vajaliku metalli pihustamist (sputtering). Vaakumkambri p\u00f5hiparameetrid:\u00a0sisediameeter &#8211; 1 000 mm, s\u00fcgavus &#8211; 1 200 mm, vaakum t\u00f6\u00f6reziimis &#8211; 4\u00d710\u20134 Torr.<\/p>\n<p><iframe loading=\"lazy\" width=\"1080\" height=\"608\" src=\"https:\/\/www.youtube.com\/embed\/7taUqhmiLwk?feature=oembed\" frameborder=\"0\" allowfullscreen><\/iframe><\/p>\n<p><iframe loading=\"lazy\" width=\"1080\" height=\"608\" src=\"https:\/\/www.youtube.com\/embed\/2fwK9sF6aWU?feature=oembed\" frameborder=\"0\" allowfullscreen><\/iframe><\/p>\n","protected":false},"excerpt":{"rendered":"<p>Vaakum metalliseerimine ENKO AS hakkas 2016 aastal kasutama plastmassist detailide metalliseerimiseks vaakum metalliseerimise tehnoloogiat (nn. Physical Vapor Deposition (PVD)). See tehnoloogia asendab taolised traditsioonilised meetodid \u00a0nagu galvaanika. Tehnoloogia \u00a0rakendamine ei&#8230;<\/p>\n","protected":false},"author":1,"featured_media":0,"parent":3992,"menu_order":1,"comment_status":"closed","ping_status":"closed","template":"","meta":{"_monsterinsights_skip_tracking":false,"_monsterinsights_sitenote_active":false,"_monsterinsights_sitenote_note":"","_monsterinsights_sitenote_category":0,"footnotes":""},"class_list":["post-4057","page","type-page","status-publish"],"yoast_head":"<!-- This site is optimized with the Yoast SEO plugin v22.2 - https:\/\/yoast.com\/wordpress\/plugins\/seo\/ -->\n<title>Vaakum metalliseerimine - Enko AS<\/title>\n<meta name=\"robots\" content=\"index, follow, max-snippet:-1, max-image-preview:large, max-video-preview:-1\" \/>\n<link rel=\"canonical\" href=\"https:\/\/enko.ee\/et\/tootmine-ja-montaaz\/vaakum-metalliseerimine\/\" \/>\n<meta property=\"og:locale\" content=\"et_EE\" \/>\n<meta property=\"og:type\" content=\"article\" \/>\n<meta property=\"og:title\" content=\"Vaakum metalliseerimine - Enko AS\" \/>\n<meta property=\"og:description\" content=\"Vaakum metalliseerimine ENKO AS hakkas 2016 aastal kasutama plastmassist detailide metalliseerimiseks vaakum metalliseerimise tehnoloogiat (nn. Physical Vapor Deposition (PVD)). See tehnoloogia asendab taolised traditsioonilised meetodid \u00a0nagu galvaanika. Tehnoloogia \u00a0rakendamine ei...\" \/>\n<meta property=\"og:url\" content=\"https:\/\/enko.ee\/et\/tootmine-ja-montaaz\/vaakum-metalliseerimine\/\" \/>\n<meta property=\"og:site_name\" content=\"Enko AS\" \/>\n<meta name=\"twitter:card\" content=\"summary_large_image\" \/>\n<meta name=\"twitter:label1\" content=\"Est. reading time\" \/>\n\t<meta name=\"twitter:data1\" content=\"1 minut\" \/>\n<script type=\"application\/ld+json\" class=\"yoast-schema-graph\">{\"@context\":\"https:\/\/schema.org\",\"@graph\":[{\"@type\":\"WebPage\",\"@id\":\"https:\/\/enko.ee\/et\/tootmine-ja-montaaz\/vaakum-metalliseerimine\/\",\"url\":\"https:\/\/enko.ee\/et\/tootmine-ja-montaaz\/vaakum-metalliseerimine\/\",\"name\":\"Vaakum metalliseerimine - Enko AS\",\"isPartOf\":{\"@id\":\"https:\/\/enko.ee\/et\/#website\"},\"datePublished\":\"2017-03-01T23:07:36+00:00\",\"dateModified\":\"2017-03-01T23:07:36+00:00\",\"breadcrumb\":{\"@id\":\"https:\/\/enko.ee\/et\/tootmine-ja-montaaz\/vaakum-metalliseerimine\/#breadcrumb\"},\"inLanguage\":\"et\",\"potentialAction\":[{\"@type\":\"ReadAction\",\"target\":[\"https:\/\/enko.ee\/et\/tootmine-ja-montaaz\/vaakum-metalliseerimine\/\"]}]},{\"@type\":\"BreadcrumbList\",\"@id\":\"https:\/\/enko.ee\/et\/tootmine-ja-montaaz\/vaakum-metalliseerimine\/#breadcrumb\",\"itemListElement\":[{\"@type\":\"ListItem\",\"position\":1,\"name\":\"Home\",\"item\":\"https:\/\/enko.ee\/et\/\"},{\"@type\":\"ListItem\",\"position\":2,\"name\":\"Tootmine ja montaa\u017e\",\"item\":\"https:\/\/enko.ee\/et\/tootmine-ja-montaaz\/\"},{\"@type\":\"ListItem\",\"position\":3,\"name\":\"Vaakum metalliseerimine\"}]},{\"@type\":\"WebSite\",\"@id\":\"https:\/\/enko.ee\/et\/#website\",\"url\":\"https:\/\/enko.ee\/et\/\",\"name\":\"Enko AS\",\"description\":\"Metallist, plastikust ja kummist detailide \/ toodete kavandamine, tootmine ning montaa\u017e. Plasti \/ kummi survevalu, lehtmetalli t&ouml;&ouml;tlemine, valuvormide ja stantside projekteerimine, valmistamine ja modifitseerimine. Kinnitusvahendid.\",\"potentialAction\":[{\"@type\":\"SearchAction\",\"target\":{\"@type\":\"EntryPoint\",\"urlTemplate\":\"https:\/\/enko.ee\/et\/?s={search_term_string}\"},\"query-input\":\"required name=search_term_string\"}],\"inLanguage\":\"et\"}]}<\/script>\n<!-- \/ Yoast SEO plugin. -->","yoast_head_json":{"title":"Vaakum metalliseerimine - Enko AS","robots":{"index":"index","follow":"follow","max-snippet":"max-snippet:-1","max-image-preview":"max-image-preview:large","max-video-preview":"max-video-preview:-1"},"canonical":"https:\/\/enko.ee\/et\/tootmine-ja-montaaz\/vaakum-metalliseerimine\/","og_locale":"et_EE","og_type":"article","og_title":"Vaakum metalliseerimine - Enko AS","og_description":"Vaakum metalliseerimine ENKO AS hakkas 2016 aastal kasutama plastmassist detailide metalliseerimiseks vaakum metalliseerimise tehnoloogiat (nn. Physical Vapor Deposition (PVD)). See tehnoloogia asendab taolised traditsioonilised meetodid \u00a0nagu galvaanika. Tehnoloogia \u00a0rakendamine ei...","og_url":"https:\/\/enko.ee\/et\/tootmine-ja-montaaz\/vaakum-metalliseerimine\/","og_site_name":"Enko AS","twitter_card":"summary_large_image","twitter_misc":{"Est. reading time":"1 minut"},"schema":{"@context":"https:\/\/schema.org","@graph":[{"@type":"WebPage","@id":"https:\/\/enko.ee\/et\/tootmine-ja-montaaz\/vaakum-metalliseerimine\/","url":"https:\/\/enko.ee\/et\/tootmine-ja-montaaz\/vaakum-metalliseerimine\/","name":"Vaakum metalliseerimine - Enko AS","isPartOf":{"@id":"https:\/\/enko.ee\/et\/#website"},"datePublished":"2017-03-01T23:07:36+00:00","dateModified":"2017-03-01T23:07:36+00:00","breadcrumb":{"@id":"https:\/\/enko.ee\/et\/tootmine-ja-montaaz\/vaakum-metalliseerimine\/#breadcrumb"},"inLanguage":"et","potentialAction":[{"@type":"ReadAction","target":["https:\/\/enko.ee\/et\/tootmine-ja-montaaz\/vaakum-metalliseerimine\/"]}]},{"@type":"BreadcrumbList","@id":"https:\/\/enko.ee\/et\/tootmine-ja-montaaz\/vaakum-metalliseerimine\/#breadcrumb","itemListElement":[{"@type":"ListItem","position":1,"name":"Home","item":"https:\/\/enko.ee\/et\/"},{"@type":"ListItem","position":2,"name":"Tootmine ja montaa\u017e","item":"https:\/\/enko.ee\/et\/tootmine-ja-montaaz\/"},{"@type":"ListItem","position":3,"name":"Vaakum metalliseerimine"}]},{"@type":"WebSite","@id":"https:\/\/enko.ee\/et\/#website","url":"https:\/\/enko.ee\/et\/","name":"Enko AS","description":"Metallist, plastikust ja kummist detailide \/ toodete kavandamine, tootmine ning montaa\u017e. Plasti \/ kummi survevalu, lehtmetalli t&ouml;&ouml;tlemine, valuvormide ja stantside projekteerimine, valmistamine ja modifitseerimine. Kinnitusvahendid.","potentialAction":[{"@type":"SearchAction","target":{"@type":"EntryPoint","urlTemplate":"https:\/\/enko.ee\/et\/?s={search_term_string}"},"query-input":"required name=search_term_string"}],"inLanguage":"et"}]}},"_links":{"self":[{"href":"https:\/\/enko.ee\/et\/wp-json\/wp\/v2\/pages\/4057","targetHints":{"allow":["GET"]}}],"collection":[{"href":"https:\/\/enko.ee\/et\/wp-json\/wp\/v2\/pages"}],"about":[{"href":"https:\/\/enko.ee\/et\/wp-json\/wp\/v2\/types\/page"}],"author":[{"embeddable":true,"href":"https:\/\/enko.ee\/et\/wp-json\/wp\/v2\/users\/1"}],"replies":[{"embeddable":true,"href":"https:\/\/enko.ee\/et\/wp-json\/wp\/v2\/comments?post=4057"}],"version-history":[{"count":1,"href":"https:\/\/enko.ee\/et\/wp-json\/wp\/v2\/pages\/4057\/revisions"}],"predecessor-version":[{"id":4072,"href":"https:\/\/enko.ee\/et\/wp-json\/wp\/v2\/pages\/4057\/revisions\/4072"}],"up":[{"embeddable":true,"href":"https:\/\/enko.ee\/et\/wp-json\/wp\/v2\/pages\/3992"}],"wp:attachment":[{"href":"https:\/\/enko.ee\/et\/wp-json\/wp\/v2\/media?parent=4057"}],"curies":[{"name":"wp","href":"https:\/\/api.w.org\/{rel}","templated":true}]}}