{"id":4058,"date":"2017-03-02T01:07:56","date_gmt":"2017-03-01T23:07:56","guid":{"rendered":"http:\/\/enko.ee\/et\/?page_id=4058"},"modified":"2017-03-14T11:49:05","modified_gmt":"2017-03-14T09:49:05","slug":"valuvormid-ja-stantsid","status":"publish","type":"page","link":"https:\/\/enko.ee\/et\/tootmine-ja-montaaz\/valuvormid-ja-stantsid\/","title":{"rendered":"Valuvormid ja stantsid"},"content":{"rendered":"<h2>Instrumentaalosakond<\/h2>\n<p>Valuvormide, stantside ja muude tootmist\u00f6\u00f6riistade valmistamine.<\/p>\n<p>1995 aastal loodud t\u00f6\u00f6riistaosakond on varustatud moodsa tehnoloogiaga valuvormide ja stantside valmistamiseks.<\/p>\n<ul class=\"arrow\">\n<li>Valuvormide ja stantside valmistamine, hooldus ja remont (umbes 200 valuvormi ja 250 stantsi on kasutuses meie enda tootmises).<\/li>\n<li>Lihvimismasinad, CNC freespingid, CAD\/CAM s\u00fcsteemid, treipingid, erosioonmasinad, traaterosioonmasinad, l\u00f5ikemasinad, kidade eemaldus jne.<\/li>\n<li>Maksimaalsed valuvormide ja stantside m\u00f5\u00f5tmed 500 x 500 mm<\/li>\n<\/ul>\n<p><img loading=\"lazy\" decoding=\"async\" class=\"wp-image-2836 alignnone\" src=\"\/wp-content\/uploads\/2016\/11\/tool-shop-enko-as-estonia-1-300x225.jpg\" alt=\"tool-shop-enko-as-estonia-1\" width=\"273\" height=\"205\" srcset=\"https:\/\/enko.ee\/wp-content\/uploads\/2016\/11\/tool-shop-enko-as-estonia-1-300x225.jpg 300w, https:\/\/enko.ee\/wp-content\/uploads\/2016\/11\/tool-shop-enko-as-estonia-1.jpg 448w\" sizes=\"auto, (max-width: 273px) 100vw, 273px\" \/>\u00a0 \u00a0 \u00a0 \u00a0\u00a0<img loading=\"lazy\" decoding=\"async\" class=\"wp-image-2835 alignnone\" src=\"\/wp-content\/uploads\/2016\/11\/tool-shop-enko-as-estonia-3-300x225.jpg\" alt=\"tool-shop-enko-as-estonia-3\" width=\"273\" height=\"205\" srcset=\"https:\/\/enko.ee\/wp-content\/uploads\/2016\/11\/tool-shop-enko-as-estonia-3-300x225.jpg 300w, https:\/\/enko.ee\/wp-content\/uploads\/2016\/11\/tool-shop-enko-as-estonia-3.jpg 448w\" sizes=\"auto, (max-width: 273px) 100vw, 273px\" \/><\/p>\n","protected":false},"excerpt":{"rendered":"<p>Instrumentaalosakond Valuvormide, stantside ja muude tootmist\u00f6\u00f6riistade valmistamine. 1995 aastal loodud t\u00f6\u00f6riistaosakond on varustatud moodsa tehnoloogiaga valuvormide ja stantside valmistamiseks. Valuvormide ja stantside valmistamine, hooldus ja remont (umbes 200 valuvormi ja&#8230;<\/p>\n","protected":false},"author":1,"featured_media":6068,"parent":3992,"menu_order":2,"comment_status":"closed","ping_status":"closed","template":"","meta":{"_monsterinsights_skip_tracking":false,"_monsterinsights_sitenote_active":false,"_monsterinsights_sitenote_note":"","_monsterinsights_sitenote_category":0,"footnotes":""},"class_list":["post-4058","page","type-page","status-publish","has-post-thumbnail"],"yoast_head":"<!-- This site is optimized with the Yoast SEO plugin v22.2 - https:\/\/yoast.com\/wordpress\/plugins\/seo\/ -->\n<title>Valuvormid ja stantsid - Enko AS<\/title>\n<meta name=\"robots\" content=\"index, follow, max-snippet:-1, max-image-preview:large, max-video-preview:-1\" \/>\n<link rel=\"canonical\" href=\"https:\/\/enko.ee\/et\/tootmine-ja-montaaz\/valuvormid-ja-stantsid\/\" \/>\n<meta property=\"og:locale\" content=\"et_EE\" \/>\n<meta property=\"og:type\" content=\"article\" \/>\n<meta property=\"og:title\" content=\"Valuvormid ja stantsid - Enko AS\" \/>\n<meta property=\"og:description\" content=\"Instrumentaalosakond Valuvormide, stantside ja muude tootmist\u00f6\u00f6riistade valmistamine. 1995 aastal loodud t\u00f6\u00f6riistaosakond on varustatud moodsa tehnoloogiaga valuvormide ja stantside valmistamiseks. Valuvormide ja stantside valmistamine, hooldus ja remont (umbes 200 valuvormi ja...\" \/>\n<meta property=\"og:url\" content=\"https:\/\/enko.ee\/et\/tootmine-ja-montaaz\/valuvormid-ja-stantsid\/\" \/>\n<meta property=\"og:site_name\" content=\"Enko AS\" \/>\n<meta property=\"article:modified_time\" content=\"2017-03-14T09:49:05+00:00\" \/>\n<meta property=\"og:image\" content=\"https:\/\/enko.ee\/wp-content\/uploads\/2016\/11\/injection-molding-extrusion-enko-as-estonia.jpg\" \/>\n\t<meta property=\"og:image:width\" content=\"718\" \/>\n\t<meta property=\"og:image:height\" content=\"232\" \/>\n\t<meta property=\"og:image:type\" content=\"image\/jpeg\" \/>\n<meta name=\"twitter:card\" content=\"summary_large_image\" \/>\n<script type=\"application\/ld+json\" class=\"yoast-schema-graph\">{\"@context\":\"https:\/\/schema.org\",\"@graph\":[{\"@type\":\"WebPage\",\"@id\":\"https:\/\/enko.ee\/et\/tootmine-ja-montaaz\/valuvormid-ja-stantsid\/\",\"url\":\"https:\/\/enko.ee\/et\/tootmine-ja-montaaz\/valuvormid-ja-stantsid\/\",\"name\":\"Valuvormid ja stantsid - Enko AS\",\"isPartOf\":{\"@id\":\"https:\/\/enko.ee\/et\/#website\"},\"primaryImageOfPage\":{\"@id\":\"https:\/\/enko.ee\/et\/tootmine-ja-montaaz\/valuvormid-ja-stantsid\/#primaryimage\"},\"image\":{\"@id\":\"https:\/\/enko.ee\/et\/tootmine-ja-montaaz\/valuvormid-ja-stantsid\/#primaryimage\"},\"thumbnailUrl\":\"https:\/\/enko.ee\/wp-content\/uploads\/2016\/11\/injection-molding-extrusion-enko-as-estonia.jpg\",\"datePublished\":\"2017-03-01T23:07:56+00:00\",\"dateModified\":\"2017-03-14T09:49:05+00:00\",\"breadcrumb\":{\"@id\":\"https:\/\/enko.ee\/et\/tootmine-ja-montaaz\/valuvormid-ja-stantsid\/#breadcrumb\"},\"inLanguage\":\"et\",\"potentialAction\":[{\"@type\":\"ReadAction\",\"target\":[\"https:\/\/enko.ee\/et\/tootmine-ja-montaaz\/valuvormid-ja-stantsid\/\"]}]},{\"@type\":\"ImageObject\",\"inLanguage\":\"et\",\"@id\":\"https:\/\/enko.ee\/et\/tootmine-ja-montaaz\/valuvormid-ja-stantsid\/#primaryimage\",\"url\":\"https:\/\/enko.ee\/wp-content\/uploads\/2016\/11\/injection-molding-extrusion-enko-as-estonia.jpg\",\"contentUrl\":\"https:\/\/enko.ee\/wp-content\/uploads\/2016\/11\/injection-molding-extrusion-enko-as-estonia.jpg\",\"width\":718,\"height\":232},{\"@type\":\"BreadcrumbList\",\"@id\":\"https:\/\/enko.ee\/et\/tootmine-ja-montaaz\/valuvormid-ja-stantsid\/#breadcrumb\",\"itemListElement\":[{\"@type\":\"ListItem\",\"position\":1,\"name\":\"Home\",\"item\":\"https:\/\/enko.ee\/et\/\"},{\"@type\":\"ListItem\",\"position\":2,\"name\":\"Tootmine ja montaa\u017e\",\"item\":\"https:\/\/enko.ee\/et\/tootmine-ja-montaaz\/\"},{\"@type\":\"ListItem\",\"position\":3,\"name\":\"Valuvormid ja stantsid\"}]},{\"@type\":\"WebSite\",\"@id\":\"https:\/\/enko.ee\/et\/#website\",\"url\":\"https:\/\/enko.ee\/et\/\",\"name\":\"Enko AS\",\"description\":\"Metallist, plastikust ja kummist detailide \/ toodete kavandamine, tootmine ning montaa\u017e. Plasti \/ kummi survevalu, lehtmetalli t&ouml;&ouml;tlemine, valuvormide ja stantside projekteerimine, valmistamine ja modifitseerimine. Kinnitusvahendid.\",\"potentialAction\":[{\"@type\":\"SearchAction\",\"target\":{\"@type\":\"EntryPoint\",\"urlTemplate\":\"https:\/\/enko.ee\/et\/?s={search_term_string}\"},\"query-input\":\"required name=search_term_string\"}],\"inLanguage\":\"et\"}]}<\/script>\n<!-- \/ Yoast SEO plugin. -->","yoast_head_json":{"title":"Valuvormid ja stantsid - Enko AS","robots":{"index":"index","follow":"follow","max-snippet":"max-snippet:-1","max-image-preview":"max-image-preview:large","max-video-preview":"max-video-preview:-1"},"canonical":"https:\/\/enko.ee\/et\/tootmine-ja-montaaz\/valuvormid-ja-stantsid\/","og_locale":"et_EE","og_type":"article","og_title":"Valuvormid ja stantsid - Enko AS","og_description":"Instrumentaalosakond Valuvormide, stantside ja muude tootmist\u00f6\u00f6riistade valmistamine. 1995 aastal loodud t\u00f6\u00f6riistaosakond on varustatud moodsa tehnoloogiaga valuvormide ja stantside valmistamiseks. Valuvormide ja stantside valmistamine, hooldus ja remont (umbes 200 valuvormi ja...","og_url":"https:\/\/enko.ee\/et\/tootmine-ja-montaaz\/valuvormid-ja-stantsid\/","og_site_name":"Enko AS","article_modified_time":"2017-03-14T09:49:05+00:00","og_image":[{"width":718,"height":232,"url":"https:\/\/enko.ee\/wp-content\/uploads\/2016\/11\/injection-molding-extrusion-enko-as-estonia.jpg","type":"image\/jpeg"}],"twitter_card":"summary_large_image","schema":{"@context":"https:\/\/schema.org","@graph":[{"@type":"WebPage","@id":"https:\/\/enko.ee\/et\/tootmine-ja-montaaz\/valuvormid-ja-stantsid\/","url":"https:\/\/enko.ee\/et\/tootmine-ja-montaaz\/valuvormid-ja-stantsid\/","name":"Valuvormid ja stantsid - Enko AS","isPartOf":{"@id":"https:\/\/enko.ee\/et\/#website"},"primaryImageOfPage":{"@id":"https:\/\/enko.ee\/et\/tootmine-ja-montaaz\/valuvormid-ja-stantsid\/#primaryimage"},"image":{"@id":"https:\/\/enko.ee\/et\/tootmine-ja-montaaz\/valuvormid-ja-stantsid\/#primaryimage"},"thumbnailUrl":"https:\/\/enko.ee\/wp-content\/uploads\/2016\/11\/injection-molding-extrusion-enko-as-estonia.jpg","datePublished":"2017-03-01T23:07:56+00:00","dateModified":"2017-03-14T09:49:05+00:00","breadcrumb":{"@id":"https:\/\/enko.ee\/et\/tootmine-ja-montaaz\/valuvormid-ja-stantsid\/#breadcrumb"},"inLanguage":"et","potentialAction":[{"@type":"ReadAction","target":["https:\/\/enko.ee\/et\/tootmine-ja-montaaz\/valuvormid-ja-stantsid\/"]}]},{"@type":"ImageObject","inLanguage":"et","@id":"https:\/\/enko.ee\/et\/tootmine-ja-montaaz\/valuvormid-ja-stantsid\/#primaryimage","url":"https:\/\/enko.ee\/wp-content\/uploads\/2016\/11\/injection-molding-extrusion-enko-as-estonia.jpg","contentUrl":"https:\/\/enko.ee\/wp-content\/uploads\/2016\/11\/injection-molding-extrusion-enko-as-estonia.jpg","width":718,"height":232},{"@type":"BreadcrumbList","@id":"https:\/\/enko.ee\/et\/tootmine-ja-montaaz\/valuvormid-ja-stantsid\/#breadcrumb","itemListElement":[{"@type":"ListItem","position":1,"name":"Home","item":"https:\/\/enko.ee\/et\/"},{"@type":"ListItem","position":2,"name":"Tootmine ja montaa\u017e","item":"https:\/\/enko.ee\/et\/tootmine-ja-montaaz\/"},{"@type":"ListItem","position":3,"name":"Valuvormid ja stantsid"}]},{"@type":"WebSite","@id":"https:\/\/enko.ee\/et\/#website","url":"https:\/\/enko.ee\/et\/","name":"Enko AS","description":"Metallist, plastikust ja kummist detailide \/ toodete kavandamine, tootmine ning montaa\u017e. Plasti \/ kummi survevalu, lehtmetalli t&ouml;&ouml;tlemine, valuvormide ja stantside projekteerimine, valmistamine ja modifitseerimine. Kinnitusvahendid.","potentialAction":[{"@type":"SearchAction","target":{"@type":"EntryPoint","urlTemplate":"https:\/\/enko.ee\/et\/?s={search_term_string}"},"query-input":"required name=search_term_string"}],"inLanguage":"et"}]}},"_links":{"self":[{"href":"https:\/\/enko.ee\/et\/wp-json\/wp\/v2\/pages\/4058","targetHints":{"allow":["GET"]}}],"collection":[{"href":"https:\/\/enko.ee\/et\/wp-json\/wp\/v2\/pages"}],"about":[{"href":"https:\/\/enko.ee\/et\/wp-json\/wp\/v2\/types\/page"}],"author":[{"embeddable":true,"href":"https:\/\/enko.ee\/et\/wp-json\/wp\/v2\/users\/1"}],"replies":[{"embeddable":true,"href":"https:\/\/enko.ee\/et\/wp-json\/wp\/v2\/comments?post=4058"}],"version-history":[{"count":2,"href":"https:\/\/enko.ee\/et\/wp-json\/wp\/v2\/pages\/4058\/revisions"}],"predecessor-version":[{"id":4884,"href":"https:\/\/enko.ee\/et\/wp-json\/wp\/v2\/pages\/4058\/revisions\/4884"}],"up":[{"embeddable":true,"href":"https:\/\/enko.ee\/et\/wp-json\/wp\/v2\/pages\/3992"}],"wp:featuredmedia":[{"embeddable":true,"href":"https:\/\/enko.ee\/et\/wp-json\/wp\/v2\/media\/6068"}],"wp:attachment":[{"href":"https:\/\/enko.ee\/et\/wp-json\/wp\/v2\/media?parent=4058"}],"curies":[{"name":"wp","href":"https:\/\/api.w.org\/{rel}","templated":true}]}}