{"id":4059,"date":"2017-03-02T01:08:16","date_gmt":"2017-03-01T23:08:16","guid":{"rendered":"http:\/\/enko.ee\/et\/?page_id=4059"},"modified":"2017-03-14T11:43:54","modified_gmt":"2017-03-14T09:43:54","slug":"plastmassi-ja-kummi-survevalu","status":"publish","type":"page","link":"https:\/\/enko.ee\/et\/tootmine-ja-montaaz\/plastmassi-ja-kummi-survevalu\/","title":{"rendered":"Plastmassi ja kummi survevalu"},"content":{"rendered":"<h2>Survevalu ja ekstrusioon<\/h2>\n<p>ENKO AS valmistab plastmassist, kummist ja silikoonist tooteid erinevate tehnoloogiliste lahendustega alates 1990 aastast.<\/p>\n<p>Kasutame lisaks tavalisele survevalule ka insert survevalu ja mitmev\u00e4rvilist \/ mitmekomponentset (multikomponentset) survevalu. Seda k\u00f5ike v\u00f5imaldavad horisontaalpressid firmadelt Engel ja Dong Shin.<\/p>\n<ul class=\"arrow\">\n<li>30 survevalumasinat j\u00f5uga 200 kuni 3000 kN<\/li>\n<li>materjalid: PP, PE, ABS, PC, PA, EPDM, TPE ja muud.<\/li>\n<li>toodete maksimaalne kaal on 0,5 kg ja maksimaalsed m\u00f5\u00f5tmed on 500 x 500 mm<\/li>\n<li>M\u00f5ningaid n\u00e4idistooteid saab n\u00e4ha\u00a0<a href=\"\/et\/portfolio\/teostatud-plastivalu\/\">SIIN:<\/a><\/li>\n<\/ul>\n<p>Lisaks survevalule kasutame ka ekstrusioon meetodit ekstruuder- ja koekstruuderliinidega firmalt Pagani , et toota plastik torusid ja kahev\u00e4rvilisi TPE profiile.<\/p>\n<p><img loading=\"lazy\" decoding=\"async\" class=\"wp-image-3453 alignnone\" src=\"\/wp-content\/uploads\/2016\/11\/extrusion-enko-as-estonia.jpg\" width=\"293\" height=\"195\" srcset=\"https:\/\/enko.ee\/wp-content\/uploads\/2016\/11\/extrusion-enko-as-estonia.jpg 448w, https:\/\/enko.ee\/wp-content\/uploads\/2016\/11\/extrusion-enko-as-estonia-300x200.jpg 300w\" sizes=\"auto, (max-width: 293px) 100vw, 293px\" \/>\u00a0 \u00a0 \u00a0 \u00a0 \u00a0<img loading=\"lazy\" decoding=\"async\" class=\"wp-image-3454 alignnone\" src=\"\/wp-content\/uploads\/2016\/11\/injection-molding-enko-as-estonia.jpg\" width=\"293\" height=\"195\" srcset=\"https:\/\/enko.ee\/wp-content\/uploads\/2016\/11\/injection-molding-enko-as-estonia.jpg 448w, https:\/\/enko.ee\/wp-content\/uploads\/2016\/11\/injection-molding-enko-as-estonia-300x200.jpg 300w\" sizes=\"auto, (max-width: 293px) 100vw, 293px\" \/><\/p>\n","protected":false},"excerpt":{"rendered":"<p>Survevalu ja ekstrusioon ENKO AS valmistab plastmassist, kummist ja silikoonist tooteid erinevate tehnoloogiliste lahendustega alates 1990 aastast. Kasutame lisaks tavalisele survevalule ka insert survevalu ja mitmev\u00e4rvilist \/ mitmekomponentset (multikomponentset) survevalu&#8230;.<\/p>\n","protected":false},"author":1,"featured_media":0,"parent":3992,"menu_order":3,"comment_status":"closed","ping_status":"closed","template":"","meta":{"_monsterinsights_skip_tracking":false,"_monsterinsights_sitenote_active":false,"_monsterinsights_sitenote_note":"","_monsterinsights_sitenote_category":0,"footnotes":""},"class_list":["post-4059","page","type-page","status-publish"],"yoast_head":"<!-- This site is optimized with the Yoast SEO plugin v22.2 - https:\/\/yoast.com\/wordpress\/plugins\/seo\/ -->\n<title>Plastmassi ja kummi survevalu - Enko AS<\/title>\n<meta name=\"robots\" content=\"index, follow, max-snippet:-1, max-image-preview:large, max-video-preview:-1\" \/>\n<link rel=\"canonical\" href=\"https:\/\/enko.ee\/et\/tootmine-ja-montaaz\/plastmassi-ja-kummi-survevalu\/\" \/>\n<meta property=\"og:locale\" content=\"et_EE\" \/>\n<meta property=\"og:type\" content=\"article\" \/>\n<meta property=\"og:title\" content=\"Plastmassi ja kummi survevalu - Enko AS\" \/>\n<meta property=\"og:description\" content=\"Survevalu ja ekstrusioon ENKO AS valmistab plastmassist, kummist ja silikoonist tooteid erinevate tehnoloogiliste lahendustega alates 1990 aastast. Kasutame lisaks tavalisele survevalule ka insert survevalu ja mitmev\u00e4rvilist \/ mitmekomponentset (multikomponentset) survevalu....\" \/>\n<meta property=\"og:url\" content=\"https:\/\/enko.ee\/et\/tootmine-ja-montaaz\/plastmassi-ja-kummi-survevalu\/\" \/>\n<meta property=\"og:site_name\" content=\"Enko AS\" \/>\n<meta property=\"article:modified_time\" content=\"2017-03-14T09:43:54+00:00\" \/>\n<meta name=\"twitter:card\" content=\"summary_large_image\" \/>\n<script type=\"application\/ld+json\" class=\"yoast-schema-graph\">{\"@context\":\"https:\/\/schema.org\",\"@graph\":[{\"@type\":\"WebPage\",\"@id\":\"https:\/\/enko.ee\/et\/tootmine-ja-montaaz\/plastmassi-ja-kummi-survevalu\/\",\"url\":\"https:\/\/enko.ee\/et\/tootmine-ja-montaaz\/plastmassi-ja-kummi-survevalu\/\",\"name\":\"Plastmassi ja kummi survevalu - Enko AS\",\"isPartOf\":{\"@id\":\"https:\/\/enko.ee\/et\/#website\"},\"datePublished\":\"2017-03-01T23:08:16+00:00\",\"dateModified\":\"2017-03-14T09:43:54+00:00\",\"breadcrumb\":{\"@id\":\"https:\/\/enko.ee\/et\/tootmine-ja-montaaz\/plastmassi-ja-kummi-survevalu\/#breadcrumb\"},\"inLanguage\":\"et\",\"potentialAction\":[{\"@type\":\"ReadAction\",\"target\":[\"https:\/\/enko.ee\/et\/tootmine-ja-montaaz\/plastmassi-ja-kummi-survevalu\/\"]}]},{\"@type\":\"BreadcrumbList\",\"@id\":\"https:\/\/enko.ee\/et\/tootmine-ja-montaaz\/plastmassi-ja-kummi-survevalu\/#breadcrumb\",\"itemListElement\":[{\"@type\":\"ListItem\",\"position\":1,\"name\":\"Home\",\"item\":\"https:\/\/enko.ee\/et\/\"},{\"@type\":\"ListItem\",\"position\":2,\"name\":\"Tootmine ja montaa\u017e\",\"item\":\"https:\/\/enko.ee\/et\/tootmine-ja-montaaz\/\"},{\"@type\":\"ListItem\",\"position\":3,\"name\":\"Plastmassi ja kummi survevalu\"}]},{\"@type\":\"WebSite\",\"@id\":\"https:\/\/enko.ee\/et\/#website\",\"url\":\"https:\/\/enko.ee\/et\/\",\"name\":\"Enko AS\",\"description\":\"Metallist, plastikust ja kummist detailide \/ toodete kavandamine, tootmine ning montaa\u017e. Plasti \/ kummi survevalu, lehtmetalli t&ouml;&ouml;tlemine, valuvormide ja stantside projekteerimine, valmistamine ja modifitseerimine. Kinnitusvahendid.\",\"potentialAction\":[{\"@type\":\"SearchAction\",\"target\":{\"@type\":\"EntryPoint\",\"urlTemplate\":\"https:\/\/enko.ee\/et\/?s={search_term_string}\"},\"query-input\":\"required name=search_term_string\"}],\"inLanguage\":\"et\"}]}<\/script>\n<!-- \/ Yoast SEO plugin. -->","yoast_head_json":{"title":"Plastmassi ja kummi survevalu - Enko AS","robots":{"index":"index","follow":"follow","max-snippet":"max-snippet:-1","max-image-preview":"max-image-preview:large","max-video-preview":"max-video-preview:-1"},"canonical":"https:\/\/enko.ee\/et\/tootmine-ja-montaaz\/plastmassi-ja-kummi-survevalu\/","og_locale":"et_EE","og_type":"article","og_title":"Plastmassi ja kummi survevalu - Enko AS","og_description":"Survevalu ja ekstrusioon ENKO AS valmistab plastmassist, kummist ja silikoonist tooteid erinevate tehnoloogiliste lahendustega alates 1990 aastast. Kasutame lisaks tavalisele survevalule ka insert survevalu ja mitmev\u00e4rvilist \/ mitmekomponentset (multikomponentset) survevalu....","og_url":"https:\/\/enko.ee\/et\/tootmine-ja-montaaz\/plastmassi-ja-kummi-survevalu\/","og_site_name":"Enko AS","article_modified_time":"2017-03-14T09:43:54+00:00","twitter_card":"summary_large_image","schema":{"@context":"https:\/\/schema.org","@graph":[{"@type":"WebPage","@id":"https:\/\/enko.ee\/et\/tootmine-ja-montaaz\/plastmassi-ja-kummi-survevalu\/","url":"https:\/\/enko.ee\/et\/tootmine-ja-montaaz\/plastmassi-ja-kummi-survevalu\/","name":"Plastmassi ja kummi survevalu - Enko AS","isPartOf":{"@id":"https:\/\/enko.ee\/et\/#website"},"datePublished":"2017-03-01T23:08:16+00:00","dateModified":"2017-03-14T09:43:54+00:00","breadcrumb":{"@id":"https:\/\/enko.ee\/et\/tootmine-ja-montaaz\/plastmassi-ja-kummi-survevalu\/#breadcrumb"},"inLanguage":"et","potentialAction":[{"@type":"ReadAction","target":["https:\/\/enko.ee\/et\/tootmine-ja-montaaz\/plastmassi-ja-kummi-survevalu\/"]}]},{"@type":"BreadcrumbList","@id":"https:\/\/enko.ee\/et\/tootmine-ja-montaaz\/plastmassi-ja-kummi-survevalu\/#breadcrumb","itemListElement":[{"@type":"ListItem","position":1,"name":"Home","item":"https:\/\/enko.ee\/et\/"},{"@type":"ListItem","position":2,"name":"Tootmine ja montaa\u017e","item":"https:\/\/enko.ee\/et\/tootmine-ja-montaaz\/"},{"@type":"ListItem","position":3,"name":"Plastmassi ja kummi survevalu"}]},{"@type":"WebSite","@id":"https:\/\/enko.ee\/et\/#website","url":"https:\/\/enko.ee\/et\/","name":"Enko AS","description":"Metallist, plastikust ja kummist detailide \/ toodete kavandamine, tootmine ning montaa\u017e. Plasti \/ kummi survevalu, lehtmetalli t&ouml;&ouml;tlemine, valuvormide ja stantside projekteerimine, valmistamine ja modifitseerimine. Kinnitusvahendid.","potentialAction":[{"@type":"SearchAction","target":{"@type":"EntryPoint","urlTemplate":"https:\/\/enko.ee\/et\/?s={search_term_string}"},"query-input":"required name=search_term_string"}],"inLanguage":"et"}]}},"_links":{"self":[{"href":"https:\/\/enko.ee\/et\/wp-json\/wp\/v2\/pages\/4059","targetHints":{"allow":["GET"]}}],"collection":[{"href":"https:\/\/enko.ee\/et\/wp-json\/wp\/v2\/pages"}],"about":[{"href":"https:\/\/enko.ee\/et\/wp-json\/wp\/v2\/types\/page"}],"author":[{"embeddable":true,"href":"https:\/\/enko.ee\/et\/wp-json\/wp\/v2\/users\/1"}],"replies":[{"embeddable":true,"href":"https:\/\/enko.ee\/et\/wp-json\/wp\/v2\/comments?post=4059"}],"version-history":[{"count":2,"href":"https:\/\/enko.ee\/et\/wp-json\/wp\/v2\/pages\/4059\/revisions"}],"predecessor-version":[{"id":4878,"href":"https:\/\/enko.ee\/et\/wp-json\/wp\/v2\/pages\/4059\/revisions\/4878"}],"up":[{"embeddable":true,"href":"https:\/\/enko.ee\/et\/wp-json\/wp\/v2\/pages\/3992"}],"wp:attachment":[{"href":"https:\/\/enko.ee\/et\/wp-json\/wp\/v2\/media?parent=4059"}],"curies":[{"name":"wp","href":"https:\/\/api.w.org\/{rel}","templated":true}]}}