{"id":4060,"date":"2017-03-02T01:08:39","date_gmt":"2017-03-01T23:08:39","guid":{"rendered":"http:\/\/enko.ee\/et\/?page_id=4060"},"modified":"2019-03-12T09:49:31","modified_gmt":"2019-03-12T07:49:31","slug":"lehtmetalli-tootlemine","status":"publish","type":"page","link":"https:\/\/enko.ee\/et\/tootmine-ja-montaaz\/lehtmetalli-tootlemine\/","title":{"rendered":"Lehtmetalli t\u00f6\u00f6tlemine"},"content":{"rendered":"<h2>Lehtmetalli t\u00f6\u00f6tlemine<\/h2>\n<p>ENKO AS alustas metalli t\u00f6\u00f6tlemist 1990 aastal oma p\u00f5hikataloogi toodetest &#8211; kinnitusvahenditest. Seoses aastatega kogutud teadmiste ja oskustega ning pideva investeerimisega k\u00f5rgtehnoloogiasse on tekkinud v\u00f5imalus valmistada metalltooteid ka kinnitusvahendite turu v\u00e4ljaspoole.<\/p>\n<ul class=\"arrow\">\n<li><img loading=\"lazy\" decoding=\"async\" class=\"wp-image-3035 size-full alignright\" src=\"\/wp-content\/uploads\/2016\/11\/dsc_4061.jpg\" alt=\"dsc_4061\" width=\"342\" height=\"227\" srcset=\"https:\/\/enko.ee\/wp-content\/uploads\/2016\/11\/dsc_4061.jpg 342w, https:\/\/enko.ee\/wp-content\/uploads\/2016\/11\/dsc_4061-300x199.jpg 300w\" sizes=\"auto, (max-width: 342px) 100vw, 342px\" \/>Finn-Power\u00b4i lehet\u00f6\u00f6tluskeskus, stantsimine, gilliotiinid, painutusmasinad, keevitused, keermestused jne.<\/li>\n<li>Must teras, tsingitud teras, roostevaba teras, roostevaba vedruteras, alumiinium, vask.<\/li>\n<li>Leht-, rull- ja ribateras paksusega 0,5 kuni 4 mm<\/li>\n<li>M\u00f5ningaid n\u00e4idistooteid saab n\u00e4ha\u00a0<a href=\"\/et\/portfolio\/teostatud-lehtmetalli-tootlemine\/\">SIIN<\/a><\/li>\n<\/ul>\n<p>Omame j\u00e4rgmiseid masinaid metalli t\u00f6\u00f6tlemiseks:<br \/>\nGiljotiinid: maksimum lehe paksus 4,0 mm ja laius 2,5 m<\/p>\n<p>Ekstsentrik pressid : 2,5 &#8211; 100 tonnised<br \/>\nH\u00fcdraulilised pressid : 10 &#8211; 100 tonnised<br \/>\nAutomaat ekstsentrikpressid : 25 &#8211; 63 tonnised<\/p>\n<p>Painutuspingid: painutuse laius kuni 2,5 m<\/p>\n<p>Lehet\u00f6\u00f6tluskeskus FINN-POWER E5 U: T\u00f6\u00f6deldava lehe m\u00f5\u00f5dud kuni 2530 x 1270 mm, paksus : roostevaba teras kuni 3,0 mm, teras kuni 4,0 mm, alumiinium kuni 4 mm<\/p>\n<h2><img loading=\"lazy\" decoding=\"async\" class=\"size-full wp-image-3034 alignright\" src=\"\/wp-content\/uploads\/2016\/11\/press.jpg\" alt=\"press\" width=\"341\" height=\"227\" \/>Lehtmetalli painutamine<\/h2>\n<p>Painutuspingid: painutuse laius kuni 2,5 m<\/p>\n<h2>Lehtmetalli l\u00f5ikamine<\/h2>\n<p>Giljotiinid: maksimum lehe paksus 4,0 mm ja laius 2,5 m<\/p>\n<h2>Lehtmetalli stantsimine<\/h2>\n<p>Ekstsentrik pressid : 2,5 &#8211; 100 tonnised<br \/>\nH\u00fcdraulilised pressid : 10 &#8211; 100 tonnised<br \/>\nAutomaat ekstsentrikpressid : 25 &#8211; 63 tonnised<\/p>\n<p>Lehet\u00f6\u00f6tluskeskus FINN-POWER E5 U: T\u00f6\u00f6deldava lehe m\u00f5\u00f5dud kuni 2530 x 1270 mm, paksus : roostevaba teras kuni 3,0 mm, teras kuni 4,0 mm, alumiinium kuni 4 mm.<\/p>\n<p><img loading=\"lazy\" decoding=\"async\" class=\"wp-image-3040 size-full alignnone\" src=\"\/wp-content\/uploads\/2016\/11\/metal-processing-enko-as-estonia.jpg\" alt=\"metal-processing-enko-as-estonia\" width=\"730\" height=\"250\" srcset=\"https:\/\/enko.ee\/wp-content\/uploads\/2016\/11\/metal-processing-enko-as-estonia.jpg 730w, https:\/\/enko.ee\/wp-content\/uploads\/2016\/11\/metal-processing-enko-as-estonia-300x103.jpg 300w\" sizes=\"auto, (max-width: 730px) 100vw, 730px\" \/><\/p>\n","protected":false},"excerpt":{"rendered":"<p>Lehtmetalli t\u00f6\u00f6tlemine ENKO AS alustas metalli t\u00f6\u00f6tlemist 1990 aastal oma p\u00f5hikataloogi toodetest &#8211; kinnitusvahenditest. Seoses aastatega kogutud teadmiste ja oskustega ning pideva investeerimisega k\u00f5rgtehnoloogiasse on tekkinud v\u00f5imalus valmistada metalltooteid ka&#8230;<\/p>\n","protected":false},"author":1,"featured_media":0,"parent":3992,"menu_order":4,"comment_status":"closed","ping_status":"closed","template":"","meta":{"_monsterinsights_skip_tracking":false,"_monsterinsights_sitenote_active":false,"_monsterinsights_sitenote_note":"","_monsterinsights_sitenote_category":0,"footnotes":""},"class_list":["post-4060","page","type-page","status-publish"],"yoast_head":"<!-- This site is optimized with the Yoast SEO plugin v22.2 - https:\/\/yoast.com\/wordpress\/plugins\/seo\/ -->\n<title>Lehtmetalli t\u00f6\u00f6tlemine - Enko AS<\/title>\n<meta name=\"robots\" content=\"index, follow, max-snippet:-1, max-image-preview:large, max-video-preview:-1\" \/>\n<link rel=\"canonical\" href=\"https:\/\/enko.ee\/et\/tootmine-ja-montaaz\/lehtmetalli-tootlemine\/\" \/>\n<meta property=\"og:locale\" content=\"et_EE\" \/>\n<meta property=\"og:type\" content=\"article\" \/>\n<meta property=\"og:title\" content=\"Lehtmetalli t\u00f6\u00f6tlemine - Enko AS\" \/>\n<meta property=\"og:description\" content=\"Lehtmetalli t\u00f6\u00f6tlemine ENKO AS alustas metalli t\u00f6\u00f6tlemist 1990 aastal oma p\u00f5hikataloogi toodetest &#8211; kinnitusvahenditest. Seoses aastatega kogutud teadmiste ja oskustega ning pideva investeerimisega k\u00f5rgtehnoloogiasse on tekkinud v\u00f5imalus valmistada metalltooteid ka...\" \/>\n<meta property=\"og:url\" content=\"https:\/\/enko.ee\/et\/tootmine-ja-montaaz\/lehtmetalli-tootlemine\/\" \/>\n<meta property=\"og:site_name\" content=\"Enko AS\" \/>\n<meta property=\"article:modified_time\" content=\"2019-03-12T07:49:31+00:00\" \/>\n<meta name=\"twitter:card\" content=\"summary_large_image\" \/>\n<meta name=\"twitter:label1\" content=\"Est. reading time\" \/>\n\t<meta name=\"twitter:data1\" content=\"1 minut\" \/>\n<script type=\"application\/ld+json\" class=\"yoast-schema-graph\">{\"@context\":\"https:\/\/schema.org\",\"@graph\":[{\"@type\":\"WebPage\",\"@id\":\"https:\/\/enko.ee\/et\/tootmine-ja-montaaz\/lehtmetalli-tootlemine\/\",\"url\":\"https:\/\/enko.ee\/et\/tootmine-ja-montaaz\/lehtmetalli-tootlemine\/\",\"name\":\"Lehtmetalli t\u00f6\u00f6tlemine - Enko AS\",\"isPartOf\":{\"@id\":\"https:\/\/enko.ee\/et\/#website\"},\"datePublished\":\"2017-03-01T23:08:39+00:00\",\"dateModified\":\"2019-03-12T07:49:31+00:00\",\"breadcrumb\":{\"@id\":\"https:\/\/enko.ee\/et\/tootmine-ja-montaaz\/lehtmetalli-tootlemine\/#breadcrumb\"},\"inLanguage\":\"et\",\"potentialAction\":[{\"@type\":\"ReadAction\",\"target\":[\"https:\/\/enko.ee\/et\/tootmine-ja-montaaz\/lehtmetalli-tootlemine\/\"]}]},{\"@type\":\"BreadcrumbList\",\"@id\":\"https:\/\/enko.ee\/et\/tootmine-ja-montaaz\/lehtmetalli-tootlemine\/#breadcrumb\",\"itemListElement\":[{\"@type\":\"ListItem\",\"position\":1,\"name\":\"Home\",\"item\":\"https:\/\/enko.ee\/et\/\"},{\"@type\":\"ListItem\",\"position\":2,\"name\":\"Tootmine ja montaa\u017e\",\"item\":\"https:\/\/enko.ee\/et\/tootmine-ja-montaaz\/\"},{\"@type\":\"ListItem\",\"position\":3,\"name\":\"Lehtmetalli t\u00f6\u00f6tlemine\"}]},{\"@type\":\"WebSite\",\"@id\":\"https:\/\/enko.ee\/et\/#website\",\"url\":\"https:\/\/enko.ee\/et\/\",\"name\":\"Enko AS\",\"description\":\"Metallist, plastikust ja kummist detailide \/ toodete kavandamine, tootmine ning montaa\u017e. Plasti \/ kummi survevalu, lehtmetalli t&ouml;&ouml;tlemine, valuvormide ja stantside projekteerimine, valmistamine ja modifitseerimine. Kinnitusvahendid.\",\"potentialAction\":[{\"@type\":\"SearchAction\",\"target\":{\"@type\":\"EntryPoint\",\"urlTemplate\":\"https:\/\/enko.ee\/et\/?s={search_term_string}\"},\"query-input\":\"required name=search_term_string\"}],\"inLanguage\":\"et\"}]}<\/script>\n<!-- \/ Yoast SEO plugin. -->","yoast_head_json":{"title":"Lehtmetalli t\u00f6\u00f6tlemine - Enko AS","robots":{"index":"index","follow":"follow","max-snippet":"max-snippet:-1","max-image-preview":"max-image-preview:large","max-video-preview":"max-video-preview:-1"},"canonical":"https:\/\/enko.ee\/et\/tootmine-ja-montaaz\/lehtmetalli-tootlemine\/","og_locale":"et_EE","og_type":"article","og_title":"Lehtmetalli t\u00f6\u00f6tlemine - Enko AS","og_description":"Lehtmetalli t\u00f6\u00f6tlemine ENKO AS alustas metalli t\u00f6\u00f6tlemist 1990 aastal oma p\u00f5hikataloogi toodetest &#8211; kinnitusvahenditest. Seoses aastatega kogutud teadmiste ja oskustega ning pideva investeerimisega k\u00f5rgtehnoloogiasse on tekkinud v\u00f5imalus valmistada metalltooteid ka...","og_url":"https:\/\/enko.ee\/et\/tootmine-ja-montaaz\/lehtmetalli-tootlemine\/","og_site_name":"Enko AS","article_modified_time":"2019-03-12T07:49:31+00:00","twitter_card":"summary_large_image","twitter_misc":{"Est. reading time":"1 minut"},"schema":{"@context":"https:\/\/schema.org","@graph":[{"@type":"WebPage","@id":"https:\/\/enko.ee\/et\/tootmine-ja-montaaz\/lehtmetalli-tootlemine\/","url":"https:\/\/enko.ee\/et\/tootmine-ja-montaaz\/lehtmetalli-tootlemine\/","name":"Lehtmetalli t\u00f6\u00f6tlemine - Enko AS","isPartOf":{"@id":"https:\/\/enko.ee\/et\/#website"},"datePublished":"2017-03-01T23:08:39+00:00","dateModified":"2019-03-12T07:49:31+00:00","breadcrumb":{"@id":"https:\/\/enko.ee\/et\/tootmine-ja-montaaz\/lehtmetalli-tootlemine\/#breadcrumb"},"inLanguage":"et","potentialAction":[{"@type":"ReadAction","target":["https:\/\/enko.ee\/et\/tootmine-ja-montaaz\/lehtmetalli-tootlemine\/"]}]},{"@type":"BreadcrumbList","@id":"https:\/\/enko.ee\/et\/tootmine-ja-montaaz\/lehtmetalli-tootlemine\/#breadcrumb","itemListElement":[{"@type":"ListItem","position":1,"name":"Home","item":"https:\/\/enko.ee\/et\/"},{"@type":"ListItem","position":2,"name":"Tootmine ja montaa\u017e","item":"https:\/\/enko.ee\/et\/tootmine-ja-montaaz\/"},{"@type":"ListItem","position":3,"name":"Lehtmetalli t\u00f6\u00f6tlemine"}]},{"@type":"WebSite","@id":"https:\/\/enko.ee\/et\/#website","url":"https:\/\/enko.ee\/et\/","name":"Enko AS","description":"Metallist, plastikust ja kummist detailide \/ toodete kavandamine, tootmine ning montaa\u017e. Plasti \/ kummi survevalu, lehtmetalli t&ouml;&ouml;tlemine, valuvormide ja stantside projekteerimine, valmistamine ja modifitseerimine. Kinnitusvahendid.","potentialAction":[{"@type":"SearchAction","target":{"@type":"EntryPoint","urlTemplate":"https:\/\/enko.ee\/et\/?s={search_term_string}"},"query-input":"required name=search_term_string"}],"inLanguage":"et"}]}},"_links":{"self":[{"href":"https:\/\/enko.ee\/et\/wp-json\/wp\/v2\/pages\/4060","targetHints":{"allow":["GET"]}}],"collection":[{"href":"https:\/\/enko.ee\/et\/wp-json\/wp\/v2\/pages"}],"about":[{"href":"https:\/\/enko.ee\/et\/wp-json\/wp\/v2\/types\/page"}],"author":[{"embeddable":true,"href":"https:\/\/enko.ee\/et\/wp-json\/wp\/v2\/users\/1"}],"replies":[{"embeddable":true,"href":"https:\/\/enko.ee\/et\/wp-json\/wp\/v2\/comments?post=4060"}],"version-history":[{"count":4,"href":"https:\/\/enko.ee\/et\/wp-json\/wp\/v2\/pages\/4060\/revisions"}],"predecessor-version":[{"id":6127,"href":"https:\/\/enko.ee\/et\/wp-json\/wp\/v2\/pages\/4060\/revisions\/6127"}],"up":[{"embeddable":true,"href":"https:\/\/enko.ee\/et\/wp-json\/wp\/v2\/pages\/3992"}],"wp:attachment":[{"href":"https:\/\/enko.ee\/et\/wp-json\/wp\/v2\/media?parent=4060"}],"curies":[{"name":"wp","href":"https:\/\/api.w.org\/{rel}","templated":true}]}}