{"id":4061,"date":"2017-03-02T01:09:00","date_gmt":"2017-03-01T23:09:00","guid":{"rendered":"http:\/\/enko.ee\/et\/?page_id=4061"},"modified":"2017-03-14T11:47:41","modified_gmt":"2017-03-14T09:47:41","slug":"toetavad-protsessid","status":"publish","type":"page","link":"https:\/\/enko.ee\/et\/tootmine-ja-montaaz\/toetavad-protsessid\/","title":{"rendered":"Toetavad protsessid"},"content":{"rendered":"<h2>Toetavad protsessid<\/h2>\n<h3><img loading=\"lazy\" decoding=\"async\" class=\"alignright wp-image-3052 size-full\" src=\"\/wp-content\/uploads\/2016\/11\/turning-enko-as-estonia.jpg\" alt=\"turning-enko-as-estonia\" width=\"314\" height=\"209\" srcset=\"https:\/\/enko.ee\/wp-content\/uploads\/2016\/11\/turning-enko-as-estonia.jpg 314w, https:\/\/enko.ee\/wp-content\/uploads\/2016\/11\/turning-enko-as-estonia-300x200.jpg 300w\" sizes=\"auto, (max-width: 314px) 100vw, 314px\" \/>Keevitus<\/h3>\n<ul class=\"arrow\">\n<li>Lehtmetalli kontaktkeevitus. Kasutatavad materjalid: teras, roostevaba teras, tsingitud teras<\/li>\n<li>MIG\/MAG keevitus<\/li>\n<\/ul>\n<h3>Treimine<\/h3>\n<ul class=\"arrow\">\n<li>revolverautomaattreipingid<\/li>\n<li>revolverautomaattreipingid k\u00f5rgendatud t\u00e4psusega (m\u00f5ningad n\u00e4ited\u00a0<a href=\"\/et\/portfolio\/teostatud-treimistood\/\">siin<\/a>)<\/li>\n<li>revolvertreipingid CNC juhtimisega<\/li>\n<\/ul>\n<h3><img loading=\"lazy\" decoding=\"async\" class=\"alignright wp-image-3053\" src=\"\/wp-content\/uploads\/2016\/11\/vibratory-finishing-enko-as.jpg\" alt=\"vibratory-finishing-enko-as\" width=\"314\" height=\"209\" srcset=\"https:\/\/enko.ee\/wp-content\/uploads\/2016\/11\/vibratory-finishing-enko-as.jpg 448w, https:\/\/enko.ee\/wp-content\/uploads\/2016\/11\/vibratory-finishing-enko-as-300x200.jpg 300w\" sizes=\"auto, (max-width: 314px) 100vw, 314px\" \/>Kinnitusdetailide sissepressimine lehtmetalli:<\/h3>\n<ul class=\"arrow\">\n<li>erinevat t\u00fc\u00fcpi kinnitusdetailide (pressmutrid, keermepuksid jne.) lehtmetalli sissepressimine Haeger seadmega reguleeritava j\u00f5uga kuni 72 kN.<\/li>\n<\/ul>\n<h3>Vibrot\u00f6\u00f6tlemine:<\/h3>\n<ul class=\"arrow\">\n<li>Metalldetailide stantsimisj\u00e4rgne \u00e4\u00e4rte- ja pinnat\u00f6\u00f6tlus abrasiivkividega.<br \/>\nVibromasinate punkrite m\u00f5\u00f5dud: 630 x 370 x 460 mm<sup>3<\/sup>.<\/li>\n<\/ul>\n","protected":false},"excerpt":{"rendered":"<p>Toetavad protsessid Keevitus Lehtmetalli kontaktkeevitus. Kasutatavad materjalid: teras, roostevaba teras, tsingitud teras MIG\/MAG keevitus Treimine revolverautomaattreipingid revolverautomaattreipingid k\u00f5rgendatud t\u00e4psusega (m\u00f5ningad n\u00e4ited\u00a0siin) revolvertreipingid CNC juhtimisega Kinnitusdetailide sissepressimine lehtmetalli: erinevat t\u00fc\u00fcpi kinnitusdetailide&#8230;<\/p>\n","protected":false},"author":1,"featured_media":0,"parent":3992,"menu_order":5,"comment_status":"closed","ping_status":"closed","template":"","meta":{"_monsterinsights_skip_tracking":false,"_monsterinsights_sitenote_active":false,"_monsterinsights_sitenote_note":"","_monsterinsights_sitenote_category":0,"footnotes":""},"class_list":["post-4061","page","type-page","status-publish"],"yoast_head":"<!-- This site is optimized with the Yoast SEO plugin v22.2 - https:\/\/yoast.com\/wordpress\/plugins\/seo\/ -->\n<title>Toetavad protsessid - Enko AS<\/title>\n<meta name=\"robots\" content=\"index, follow, max-snippet:-1, max-image-preview:large, max-video-preview:-1\" \/>\n<link rel=\"canonical\" href=\"https:\/\/enko.ee\/et\/tootmine-ja-montaaz\/toetavad-protsessid\/\" \/>\n<meta property=\"og:locale\" content=\"et_EE\" \/>\n<meta property=\"og:type\" content=\"article\" \/>\n<meta property=\"og:title\" content=\"Toetavad protsessid - Enko AS\" \/>\n<meta property=\"og:description\" content=\"Toetavad protsessid Keevitus Lehtmetalli kontaktkeevitus. Kasutatavad materjalid: teras, roostevaba teras, tsingitud teras MIG\/MAG keevitus Treimine revolverautomaattreipingid revolverautomaattreipingid k\u00f5rgendatud t\u00e4psusega (m\u00f5ningad n\u00e4ited\u00a0siin) revolvertreipingid CNC juhtimisega Kinnitusdetailide sissepressimine lehtmetalli: erinevat t\u00fc\u00fcpi kinnitusdetailide...\" \/>\n<meta property=\"og:url\" content=\"https:\/\/enko.ee\/et\/tootmine-ja-montaaz\/toetavad-protsessid\/\" \/>\n<meta property=\"og:site_name\" content=\"Enko AS\" \/>\n<meta property=\"article:modified_time\" content=\"2017-03-14T09:47:41+00:00\" \/>\n<meta name=\"twitter:card\" content=\"summary_large_image\" \/>\n<script type=\"application\/ld+json\" class=\"yoast-schema-graph\">{\"@context\":\"https:\/\/schema.org\",\"@graph\":[{\"@type\":\"WebPage\",\"@id\":\"https:\/\/enko.ee\/et\/tootmine-ja-montaaz\/toetavad-protsessid\/\",\"url\":\"https:\/\/enko.ee\/et\/tootmine-ja-montaaz\/toetavad-protsessid\/\",\"name\":\"Toetavad protsessid - Enko AS\",\"isPartOf\":{\"@id\":\"https:\/\/enko.ee\/et\/#website\"},\"datePublished\":\"2017-03-01T23:09:00+00:00\",\"dateModified\":\"2017-03-14T09:47:41+00:00\",\"breadcrumb\":{\"@id\":\"https:\/\/enko.ee\/et\/tootmine-ja-montaaz\/toetavad-protsessid\/#breadcrumb\"},\"inLanguage\":\"et\",\"potentialAction\":[{\"@type\":\"ReadAction\",\"target\":[\"https:\/\/enko.ee\/et\/tootmine-ja-montaaz\/toetavad-protsessid\/\"]}]},{\"@type\":\"BreadcrumbList\",\"@id\":\"https:\/\/enko.ee\/et\/tootmine-ja-montaaz\/toetavad-protsessid\/#breadcrumb\",\"itemListElement\":[{\"@type\":\"ListItem\",\"position\":1,\"name\":\"Home\",\"item\":\"https:\/\/enko.ee\/et\/\"},{\"@type\":\"ListItem\",\"position\":2,\"name\":\"Tootmine ja montaa\u017e\",\"item\":\"https:\/\/enko.ee\/et\/tootmine-ja-montaaz\/\"},{\"@type\":\"ListItem\",\"position\":3,\"name\":\"Toetavad protsessid\"}]},{\"@type\":\"WebSite\",\"@id\":\"https:\/\/enko.ee\/et\/#website\",\"url\":\"https:\/\/enko.ee\/et\/\",\"name\":\"Enko AS\",\"description\":\"Metallist, plastikust ja kummist detailide \/ toodete kavandamine, tootmine ning montaa\u017e. Plasti \/ kummi survevalu, lehtmetalli t&ouml;&ouml;tlemine, valuvormide ja stantside projekteerimine, valmistamine ja modifitseerimine. Kinnitusvahendid.\",\"potentialAction\":[{\"@type\":\"SearchAction\",\"target\":{\"@type\":\"EntryPoint\",\"urlTemplate\":\"https:\/\/enko.ee\/et\/?s={search_term_string}\"},\"query-input\":\"required name=search_term_string\"}],\"inLanguage\":\"et\"}]}<\/script>\n<!-- \/ Yoast SEO plugin. -->","yoast_head_json":{"title":"Toetavad protsessid - Enko AS","robots":{"index":"index","follow":"follow","max-snippet":"max-snippet:-1","max-image-preview":"max-image-preview:large","max-video-preview":"max-video-preview:-1"},"canonical":"https:\/\/enko.ee\/et\/tootmine-ja-montaaz\/toetavad-protsessid\/","og_locale":"et_EE","og_type":"article","og_title":"Toetavad protsessid - Enko AS","og_description":"Toetavad protsessid Keevitus Lehtmetalli kontaktkeevitus. Kasutatavad materjalid: teras, roostevaba teras, tsingitud teras MIG\/MAG keevitus Treimine revolverautomaattreipingid revolverautomaattreipingid k\u00f5rgendatud t\u00e4psusega (m\u00f5ningad n\u00e4ited\u00a0siin) revolvertreipingid CNC juhtimisega Kinnitusdetailide sissepressimine lehtmetalli: erinevat t\u00fc\u00fcpi kinnitusdetailide...","og_url":"https:\/\/enko.ee\/et\/tootmine-ja-montaaz\/toetavad-protsessid\/","og_site_name":"Enko AS","article_modified_time":"2017-03-14T09:47:41+00:00","twitter_card":"summary_large_image","schema":{"@context":"https:\/\/schema.org","@graph":[{"@type":"WebPage","@id":"https:\/\/enko.ee\/et\/tootmine-ja-montaaz\/toetavad-protsessid\/","url":"https:\/\/enko.ee\/et\/tootmine-ja-montaaz\/toetavad-protsessid\/","name":"Toetavad protsessid - Enko AS","isPartOf":{"@id":"https:\/\/enko.ee\/et\/#website"},"datePublished":"2017-03-01T23:09:00+00:00","dateModified":"2017-03-14T09:47:41+00:00","breadcrumb":{"@id":"https:\/\/enko.ee\/et\/tootmine-ja-montaaz\/toetavad-protsessid\/#breadcrumb"},"inLanguage":"et","potentialAction":[{"@type":"ReadAction","target":["https:\/\/enko.ee\/et\/tootmine-ja-montaaz\/toetavad-protsessid\/"]}]},{"@type":"BreadcrumbList","@id":"https:\/\/enko.ee\/et\/tootmine-ja-montaaz\/toetavad-protsessid\/#breadcrumb","itemListElement":[{"@type":"ListItem","position":1,"name":"Home","item":"https:\/\/enko.ee\/et\/"},{"@type":"ListItem","position":2,"name":"Tootmine ja montaa\u017e","item":"https:\/\/enko.ee\/et\/tootmine-ja-montaaz\/"},{"@type":"ListItem","position":3,"name":"Toetavad protsessid"}]},{"@type":"WebSite","@id":"https:\/\/enko.ee\/et\/#website","url":"https:\/\/enko.ee\/et\/","name":"Enko AS","description":"Metallist, plastikust ja kummist detailide \/ toodete kavandamine, tootmine ning montaa\u017e. Plasti \/ kummi survevalu, lehtmetalli t&ouml;&ouml;tlemine, valuvormide ja stantside projekteerimine, valmistamine ja modifitseerimine. Kinnitusvahendid.","potentialAction":[{"@type":"SearchAction","target":{"@type":"EntryPoint","urlTemplate":"https:\/\/enko.ee\/et\/?s={search_term_string}"},"query-input":"required name=search_term_string"}],"inLanguage":"et"}]}},"_links":{"self":[{"href":"https:\/\/enko.ee\/et\/wp-json\/wp\/v2\/pages\/4061","targetHints":{"allow":["GET"]}}],"collection":[{"href":"https:\/\/enko.ee\/et\/wp-json\/wp\/v2\/pages"}],"about":[{"href":"https:\/\/enko.ee\/et\/wp-json\/wp\/v2\/types\/page"}],"author":[{"embeddable":true,"href":"https:\/\/enko.ee\/et\/wp-json\/wp\/v2\/users\/1"}],"replies":[{"embeddable":true,"href":"https:\/\/enko.ee\/et\/wp-json\/wp\/v2\/comments?post=4061"}],"version-history":[{"count":2,"href":"https:\/\/enko.ee\/et\/wp-json\/wp\/v2\/pages\/4061\/revisions"}],"predecessor-version":[{"id":4882,"href":"https:\/\/enko.ee\/et\/wp-json\/wp\/v2\/pages\/4061\/revisions\/4882"}],"up":[{"embeddable":true,"href":"https:\/\/enko.ee\/et\/wp-json\/wp\/v2\/pages\/3992"}],"wp:attachment":[{"href":"https:\/\/enko.ee\/et\/wp-json\/wp\/v2\/media?parent=4061"}],"curies":[{"name":"wp","href":"https:\/\/api.w.org\/{rel}","templated":true}]}}