{"id":4062,"date":"2017-03-02T01:09:14","date_gmt":"2017-03-01T23:09:14","guid":{"rendered":"http:\/\/enko.ee\/et\/?page_id=4062"},"modified":"2017-03-14T11:48:06","modified_gmt":"2017-03-14T09:48:06","slug":"montaaz-ja-pakendamine","status":"publish","type":"page","link":"https:\/\/enko.ee\/et\/tootmine-ja-montaaz\/montaaz-ja-pakendamine\/","title":{"rendered":"Montaa\u017e ja pakendamine"},"content":{"rendered":"<h2>Montaa\u017e ja pakendamine<\/h2>\n<p>ENKO AS monteerib ja pakendab kogu endavalmistatud toodangu. Monteerimisel kasutatakse erinevaid seadmeid, t\u00f6\u00f6riistu ja abivahendeid. Tooted l\u00e4bivad k\u00f5ik kvaliteedi tootmis- ja l\u00f5ppkontrolli ning keerukamad tooted l\u00e4bivad ka spetsiaalsed vahetestimised iga toote jaoks spetsiaalselt valmistatud testimisstendidel.<\/p>\n<p>ENKO AS omab pikaajalisi h\u00e4id suhteid suurimate pakendi valmistajatega Eestis, kes omavad kvaliteedijuhtimiss\u00fcsteemi vastavalt ISO 9001 n\u00f5uetele.<\/p>\n<p>ENKO AS sildistab pakendid vastavalt kliendi soovile.<\/p>\n<p><img loading=\"lazy\" decoding=\"async\" class=\"alignleft size-full wp-image-3078\" src=\"\/wp-content\/uploads\/2016\/11\/assembly-packaging-25-enko-as-estonia.jpg\" alt=\"assembly-packaging-25-enko-as-estonia\" width=\"341\" height=\"225\" srcset=\"https:\/\/enko.ee\/wp-content\/uploads\/2016\/11\/assembly-packaging-25-enko-as-estonia.jpg 341w, https:\/\/enko.ee\/wp-content\/uploads\/2016\/11\/assembly-packaging-25-enko-as-estonia-300x198.jpg 300w\" sizes=\"auto, (max-width: 341px) 100vw, 341px\" \/>\u00a0<img loading=\"lazy\" decoding=\"async\" class=\"alignleft size-full wp-image-3077\" src=\"\/wp-content\/uploads\/2016\/11\/assembly-26-enko-as-estonia.jpg\" alt=\"assembly-26-enko-as-estonia\" width=\"339\" height=\"225\" srcset=\"https:\/\/enko.ee\/wp-content\/uploads\/2016\/11\/assembly-26-enko-as-estonia.jpg 339w, https:\/\/enko.ee\/wp-content\/uploads\/2016\/11\/assembly-26-enko-as-estonia-300x199.jpg 300w\" sizes=\"auto, (max-width: 339px) 100vw, 339px\" \/><\/p>\n<p>&nbsp;<\/p>\n","protected":false},"excerpt":{"rendered":"<p>Montaa\u017e ja pakendamine ENKO AS monteerib ja pakendab kogu endavalmistatud toodangu. Monteerimisel kasutatakse erinevaid seadmeid, t\u00f6\u00f6riistu ja abivahendeid. Tooted l\u00e4bivad k\u00f5ik kvaliteedi tootmis- ja l\u00f5ppkontrolli ning keerukamad tooted l\u00e4bivad ka&#8230;<\/p>\n","protected":false},"author":1,"featured_media":0,"parent":3992,"menu_order":6,"comment_status":"closed","ping_status":"closed","template":"","meta":{"_monsterinsights_skip_tracking":false,"_monsterinsights_sitenote_active":false,"_monsterinsights_sitenote_note":"","_monsterinsights_sitenote_category":0,"footnotes":""},"class_list":["post-4062","page","type-page","status-publish"],"yoast_head":"<!-- This site is optimized with the Yoast SEO plugin v22.2 - https:\/\/yoast.com\/wordpress\/plugins\/seo\/ -->\n<title>Montaa\u017e ja pakendamine - Enko AS<\/title>\n<meta name=\"robots\" content=\"index, follow, max-snippet:-1, max-image-preview:large, max-video-preview:-1\" \/>\n<link rel=\"canonical\" href=\"https:\/\/enko.ee\/et\/tootmine-ja-montaaz\/montaaz-ja-pakendamine\/\" \/>\n<meta property=\"og:locale\" content=\"et_EE\" \/>\n<meta property=\"og:type\" content=\"article\" \/>\n<meta property=\"og:title\" content=\"Montaa\u017e ja pakendamine - Enko AS\" \/>\n<meta property=\"og:description\" content=\"Montaa\u017e ja pakendamine ENKO AS monteerib ja pakendab kogu endavalmistatud toodangu. Monteerimisel kasutatakse erinevaid seadmeid, t\u00f6\u00f6riistu ja abivahendeid. Tooted l\u00e4bivad k\u00f5ik kvaliteedi tootmis- ja l\u00f5ppkontrolli ning keerukamad tooted l\u00e4bivad ka...\" \/>\n<meta property=\"og:url\" content=\"https:\/\/enko.ee\/et\/tootmine-ja-montaaz\/montaaz-ja-pakendamine\/\" \/>\n<meta property=\"og:site_name\" content=\"Enko AS\" \/>\n<meta property=\"article:modified_time\" content=\"2017-03-14T09:48:06+00:00\" \/>\n<meta name=\"twitter:card\" content=\"summary_large_image\" \/>\n<script type=\"application\/ld+json\" class=\"yoast-schema-graph\">{\"@context\":\"https:\/\/schema.org\",\"@graph\":[{\"@type\":\"WebPage\",\"@id\":\"https:\/\/enko.ee\/et\/tootmine-ja-montaaz\/montaaz-ja-pakendamine\/\",\"url\":\"https:\/\/enko.ee\/et\/tootmine-ja-montaaz\/montaaz-ja-pakendamine\/\",\"name\":\"Montaa\u017e ja pakendamine - Enko AS\",\"isPartOf\":{\"@id\":\"https:\/\/enko.ee\/et\/#website\"},\"datePublished\":\"2017-03-01T23:09:14+00:00\",\"dateModified\":\"2017-03-14T09:48:06+00:00\",\"breadcrumb\":{\"@id\":\"https:\/\/enko.ee\/et\/tootmine-ja-montaaz\/montaaz-ja-pakendamine\/#breadcrumb\"},\"inLanguage\":\"et\",\"potentialAction\":[{\"@type\":\"ReadAction\",\"target\":[\"https:\/\/enko.ee\/et\/tootmine-ja-montaaz\/montaaz-ja-pakendamine\/\"]}]},{\"@type\":\"BreadcrumbList\",\"@id\":\"https:\/\/enko.ee\/et\/tootmine-ja-montaaz\/montaaz-ja-pakendamine\/#breadcrumb\",\"itemListElement\":[{\"@type\":\"ListItem\",\"position\":1,\"name\":\"Home\",\"item\":\"https:\/\/enko.ee\/et\/\"},{\"@type\":\"ListItem\",\"position\":2,\"name\":\"Tootmine ja montaa\u017e\",\"item\":\"https:\/\/enko.ee\/et\/tootmine-ja-montaaz\/\"},{\"@type\":\"ListItem\",\"position\":3,\"name\":\"Montaa\u017e ja pakendamine\"}]},{\"@type\":\"WebSite\",\"@id\":\"https:\/\/enko.ee\/et\/#website\",\"url\":\"https:\/\/enko.ee\/et\/\",\"name\":\"Enko AS\",\"description\":\"Metallist, plastikust ja kummist detailide \/ toodete kavandamine, tootmine ning montaa\u017e. Plasti \/ kummi survevalu, lehtmetalli t&ouml;&ouml;tlemine, valuvormide ja stantside projekteerimine, valmistamine ja modifitseerimine. Kinnitusvahendid.\",\"potentialAction\":[{\"@type\":\"SearchAction\",\"target\":{\"@type\":\"EntryPoint\",\"urlTemplate\":\"https:\/\/enko.ee\/et\/?s={search_term_string}\"},\"query-input\":\"required name=search_term_string\"}],\"inLanguage\":\"et\"}]}<\/script>\n<!-- \/ Yoast SEO plugin. -->","yoast_head_json":{"title":"Montaa\u017e ja pakendamine - Enko AS","robots":{"index":"index","follow":"follow","max-snippet":"max-snippet:-1","max-image-preview":"max-image-preview:large","max-video-preview":"max-video-preview:-1"},"canonical":"https:\/\/enko.ee\/et\/tootmine-ja-montaaz\/montaaz-ja-pakendamine\/","og_locale":"et_EE","og_type":"article","og_title":"Montaa\u017e ja pakendamine - Enko AS","og_description":"Montaa\u017e ja pakendamine ENKO AS monteerib ja pakendab kogu endavalmistatud toodangu. Monteerimisel kasutatakse erinevaid seadmeid, t\u00f6\u00f6riistu ja abivahendeid. Tooted l\u00e4bivad k\u00f5ik kvaliteedi tootmis- ja l\u00f5ppkontrolli ning keerukamad tooted l\u00e4bivad ka...","og_url":"https:\/\/enko.ee\/et\/tootmine-ja-montaaz\/montaaz-ja-pakendamine\/","og_site_name":"Enko AS","article_modified_time":"2017-03-14T09:48:06+00:00","twitter_card":"summary_large_image","schema":{"@context":"https:\/\/schema.org","@graph":[{"@type":"WebPage","@id":"https:\/\/enko.ee\/et\/tootmine-ja-montaaz\/montaaz-ja-pakendamine\/","url":"https:\/\/enko.ee\/et\/tootmine-ja-montaaz\/montaaz-ja-pakendamine\/","name":"Montaa\u017e ja pakendamine - Enko AS","isPartOf":{"@id":"https:\/\/enko.ee\/et\/#website"},"datePublished":"2017-03-01T23:09:14+00:00","dateModified":"2017-03-14T09:48:06+00:00","breadcrumb":{"@id":"https:\/\/enko.ee\/et\/tootmine-ja-montaaz\/montaaz-ja-pakendamine\/#breadcrumb"},"inLanguage":"et","potentialAction":[{"@type":"ReadAction","target":["https:\/\/enko.ee\/et\/tootmine-ja-montaaz\/montaaz-ja-pakendamine\/"]}]},{"@type":"BreadcrumbList","@id":"https:\/\/enko.ee\/et\/tootmine-ja-montaaz\/montaaz-ja-pakendamine\/#breadcrumb","itemListElement":[{"@type":"ListItem","position":1,"name":"Home","item":"https:\/\/enko.ee\/et\/"},{"@type":"ListItem","position":2,"name":"Tootmine ja montaa\u017e","item":"https:\/\/enko.ee\/et\/tootmine-ja-montaaz\/"},{"@type":"ListItem","position":3,"name":"Montaa\u017e ja pakendamine"}]},{"@type":"WebSite","@id":"https:\/\/enko.ee\/et\/#website","url":"https:\/\/enko.ee\/et\/","name":"Enko AS","description":"Metallist, plastikust ja kummist detailide \/ toodete kavandamine, tootmine ning montaa\u017e. Plasti \/ kummi survevalu, lehtmetalli t&ouml;&ouml;tlemine, valuvormide ja stantside projekteerimine, valmistamine ja modifitseerimine. Kinnitusvahendid.","potentialAction":[{"@type":"SearchAction","target":{"@type":"EntryPoint","urlTemplate":"https:\/\/enko.ee\/et\/?s={search_term_string}"},"query-input":"required name=search_term_string"}],"inLanguage":"et"}]}},"_links":{"self":[{"href":"https:\/\/enko.ee\/et\/wp-json\/wp\/v2\/pages\/4062","targetHints":{"allow":["GET"]}}],"collection":[{"href":"https:\/\/enko.ee\/et\/wp-json\/wp\/v2\/pages"}],"about":[{"href":"https:\/\/enko.ee\/et\/wp-json\/wp\/v2\/types\/page"}],"author":[{"embeddable":true,"href":"https:\/\/enko.ee\/et\/wp-json\/wp\/v2\/users\/1"}],"replies":[{"embeddable":true,"href":"https:\/\/enko.ee\/et\/wp-json\/wp\/v2\/comments?post=4062"}],"version-history":[{"count":2,"href":"https:\/\/enko.ee\/et\/wp-json\/wp\/v2\/pages\/4062\/revisions"}],"predecessor-version":[{"id":4883,"href":"https:\/\/enko.ee\/et\/wp-json\/wp\/v2\/pages\/4062\/revisions\/4883"}],"up":[{"embeddable":true,"href":"https:\/\/enko.ee\/et\/wp-json\/wp\/v2\/pages\/3992"}],"wp:attachment":[{"href":"https:\/\/enko.ee\/et\/wp-json\/wp\/v2\/media?parent=4062"}],"curies":[{"name":"wp","href":"https:\/\/api.w.org\/{rel}","templated":true}]}}