{"id":4063,"date":"2017-03-02T01:09:31","date_gmt":"2017-03-01T23:09:31","guid":{"rendered":"http:\/\/enko.ee\/et\/?page_id=4063"},"modified":"2017-03-02T01:09:31","modified_gmt":"2017-03-01T23:09:31","slug":"katse-ja-kalibreerimislabor","status":"publish","type":"page","link":"https:\/\/enko.ee\/et\/tootmine-ja-montaaz\/katse-ja-kalibreerimislabor\/","title":{"rendered":"Katse- ja kalibreerimislabor"},"content":{"rendered":"<h2>Katse- ja kalibreerimislabor<\/h2>\n<p>Laboratoorium on akrediteeritud Eesti Akrediteerimiskeskuse poolt vastavalt ISO 17025 n\u00f5uetele ja tema registreerimisnumber on K017.<br \/>\nOma labor v\u00f5imaldab meil l\u00e4bi viia k\u00f5rgetasemelist kvaliteedikontrolli igas tootearenduse ja tootmise etapis.<\/p>\n<p><img loading=\"lazy\" decoding=\"async\" class=\"alignright wp-image-2830 size-medium\" src=\"\/wp-content\/uploads\/2016\/11\/Testing-and-calibration-laboratory-300x225.png\" alt=\"testing-and-calibration-laboratory\" width=\"300\" height=\"225\" srcset=\"https:\/\/enko.ee\/wp-content\/uploads\/2016\/11\/Testing-and-calibration-laboratory-300x225.png 300w, https:\/\/enko.ee\/wp-content\/uploads\/2016\/11\/Testing-and-calibration-laboratory.png 314w\" sizes=\"auto, (max-width: 300px) 100vw, 300px\" \/>Laboratooriumi tegevusvaldkonnad:<\/p>\n<ul class=\"arrow\">\n<li>\n<address>nihikute kalibreerimine, m\u00f5\u00f5teulatus: (0,5\u00f7500) mm<\/address>\n<\/li>\n<li>\n<address>kruvikute kalibreerimine, m\u00f5\u00f5teulatus: ( 0\u00f725 ) mm<\/address>\n<\/li>\n<li>\n<address>kinnitustarvikute tugevuskatsetused, m\u00f5\u00f5teulatus: (0,1\u00f7100) kN<\/address>\n<\/li>\n<li>\n<address>kellindikaatorite kalibreerimine, m\u00f5\u00f5teulatus: (0\u00f750) mm<\/address>\n<\/li>\n<li>\n<address>kummi ja plastiku k\u00f5vaduse m\u00e4\u00e4ramine (IRHD, Shore A)<\/address>\n<\/li>\n<\/ul>\n<p>LISA Enko AS Katse-ja Kalibreerimislabori akrediteerimis-tunnistusele K017\u00a0<a href=\"\/wp-content\/uploads\/2016\/11\/merged_document.pdf\" target=\"_blank\">SIIN<\/a><\/p>\n<p>&nbsp;<\/p>\n","protected":false},"excerpt":{"rendered":"<p>Katse- ja kalibreerimislabor Laboratoorium on akrediteeritud Eesti Akrediteerimiskeskuse poolt vastavalt ISO 17025 n\u00f5uetele ja tema registreerimisnumber on K017. Oma labor v\u00f5imaldab meil l\u00e4bi viia k\u00f5rgetasemelist kvaliteedikontrolli igas tootearenduse ja tootmise&#8230;<\/p>\n","protected":false},"author":1,"featured_media":0,"parent":3992,"menu_order":7,"comment_status":"closed","ping_status":"closed","template":"","meta":{"_monsterinsights_skip_tracking":false,"_monsterinsights_sitenote_active":false,"_monsterinsights_sitenote_note":"","_monsterinsights_sitenote_category":0,"footnotes":""},"class_list":["post-4063","page","type-page","status-publish"],"yoast_head":"<!-- This site is optimized with the Yoast SEO plugin v22.2 - https:\/\/yoast.com\/wordpress\/plugins\/seo\/ -->\n<title>Katse- ja kalibreerimislabor - Enko AS<\/title>\n<meta name=\"robots\" content=\"index, follow, max-snippet:-1, max-image-preview:large, max-video-preview:-1\" \/>\n<link rel=\"canonical\" href=\"https:\/\/enko.ee\/et\/tootmine-ja-montaaz\/katse-ja-kalibreerimislabor\/\" \/>\n<meta property=\"og:locale\" content=\"et_EE\" \/>\n<meta property=\"og:type\" content=\"article\" \/>\n<meta property=\"og:title\" content=\"Katse- ja kalibreerimislabor - Enko AS\" \/>\n<meta property=\"og:description\" content=\"Katse- ja kalibreerimislabor Laboratoorium on akrediteeritud Eesti Akrediteerimiskeskuse poolt vastavalt ISO 17025 n\u00f5uetele ja tema registreerimisnumber on K017. Oma labor v\u00f5imaldab meil l\u00e4bi viia k\u00f5rgetasemelist kvaliteedikontrolli igas tootearenduse ja tootmise...\" \/>\n<meta property=\"og:url\" content=\"https:\/\/enko.ee\/et\/tootmine-ja-montaaz\/katse-ja-kalibreerimislabor\/\" \/>\n<meta property=\"og:site_name\" content=\"Enko AS\" \/>\n<meta name=\"twitter:card\" content=\"summary_large_image\" \/>\n<script type=\"application\/ld+json\" class=\"yoast-schema-graph\">{\"@context\":\"https:\/\/schema.org\",\"@graph\":[{\"@type\":\"WebPage\",\"@id\":\"https:\/\/enko.ee\/et\/tootmine-ja-montaaz\/katse-ja-kalibreerimislabor\/\",\"url\":\"https:\/\/enko.ee\/et\/tootmine-ja-montaaz\/katse-ja-kalibreerimislabor\/\",\"name\":\"Katse- ja kalibreerimislabor - Enko AS\",\"isPartOf\":{\"@id\":\"https:\/\/enko.ee\/et\/#website\"},\"datePublished\":\"2017-03-01T23:09:31+00:00\",\"dateModified\":\"2017-03-01T23:09:31+00:00\",\"breadcrumb\":{\"@id\":\"https:\/\/enko.ee\/et\/tootmine-ja-montaaz\/katse-ja-kalibreerimislabor\/#breadcrumb\"},\"inLanguage\":\"et\",\"potentialAction\":[{\"@type\":\"ReadAction\",\"target\":[\"https:\/\/enko.ee\/et\/tootmine-ja-montaaz\/katse-ja-kalibreerimislabor\/\"]}]},{\"@type\":\"BreadcrumbList\",\"@id\":\"https:\/\/enko.ee\/et\/tootmine-ja-montaaz\/katse-ja-kalibreerimislabor\/#breadcrumb\",\"itemListElement\":[{\"@type\":\"ListItem\",\"position\":1,\"name\":\"Home\",\"item\":\"https:\/\/enko.ee\/et\/\"},{\"@type\":\"ListItem\",\"position\":2,\"name\":\"Tootmine ja montaa\u017e\",\"item\":\"https:\/\/enko.ee\/et\/tootmine-ja-montaaz\/\"},{\"@type\":\"ListItem\",\"position\":3,\"name\":\"Katse- ja kalibreerimislabor\"}]},{\"@type\":\"WebSite\",\"@id\":\"https:\/\/enko.ee\/et\/#website\",\"url\":\"https:\/\/enko.ee\/et\/\",\"name\":\"Enko AS\",\"description\":\"Metallist, plastikust ja kummist detailide \/ toodete kavandamine, tootmine ning montaa\u017e. Plasti \/ kummi survevalu, lehtmetalli t&ouml;&ouml;tlemine, valuvormide ja stantside projekteerimine, valmistamine ja modifitseerimine. Kinnitusvahendid.\",\"potentialAction\":[{\"@type\":\"SearchAction\",\"target\":{\"@type\":\"EntryPoint\",\"urlTemplate\":\"https:\/\/enko.ee\/et\/?s={search_term_string}\"},\"query-input\":\"required name=search_term_string\"}],\"inLanguage\":\"et\"}]}<\/script>\n<!-- \/ Yoast SEO plugin. -->","yoast_head_json":{"title":"Katse- ja kalibreerimislabor - Enko AS","robots":{"index":"index","follow":"follow","max-snippet":"max-snippet:-1","max-image-preview":"max-image-preview:large","max-video-preview":"max-video-preview:-1"},"canonical":"https:\/\/enko.ee\/et\/tootmine-ja-montaaz\/katse-ja-kalibreerimislabor\/","og_locale":"et_EE","og_type":"article","og_title":"Katse- ja kalibreerimislabor - Enko AS","og_description":"Katse- ja kalibreerimislabor Laboratoorium on akrediteeritud Eesti Akrediteerimiskeskuse poolt vastavalt ISO 17025 n\u00f5uetele ja tema registreerimisnumber on K017. Oma labor v\u00f5imaldab meil l\u00e4bi viia k\u00f5rgetasemelist kvaliteedikontrolli igas tootearenduse ja tootmise...","og_url":"https:\/\/enko.ee\/et\/tootmine-ja-montaaz\/katse-ja-kalibreerimislabor\/","og_site_name":"Enko AS","twitter_card":"summary_large_image","schema":{"@context":"https:\/\/schema.org","@graph":[{"@type":"WebPage","@id":"https:\/\/enko.ee\/et\/tootmine-ja-montaaz\/katse-ja-kalibreerimislabor\/","url":"https:\/\/enko.ee\/et\/tootmine-ja-montaaz\/katse-ja-kalibreerimislabor\/","name":"Katse- ja kalibreerimislabor - Enko AS","isPartOf":{"@id":"https:\/\/enko.ee\/et\/#website"},"datePublished":"2017-03-01T23:09:31+00:00","dateModified":"2017-03-01T23:09:31+00:00","breadcrumb":{"@id":"https:\/\/enko.ee\/et\/tootmine-ja-montaaz\/katse-ja-kalibreerimislabor\/#breadcrumb"},"inLanguage":"et","potentialAction":[{"@type":"ReadAction","target":["https:\/\/enko.ee\/et\/tootmine-ja-montaaz\/katse-ja-kalibreerimislabor\/"]}]},{"@type":"BreadcrumbList","@id":"https:\/\/enko.ee\/et\/tootmine-ja-montaaz\/katse-ja-kalibreerimislabor\/#breadcrumb","itemListElement":[{"@type":"ListItem","position":1,"name":"Home","item":"https:\/\/enko.ee\/et\/"},{"@type":"ListItem","position":2,"name":"Tootmine ja montaa\u017e","item":"https:\/\/enko.ee\/et\/tootmine-ja-montaaz\/"},{"@type":"ListItem","position":3,"name":"Katse- ja kalibreerimislabor"}]},{"@type":"WebSite","@id":"https:\/\/enko.ee\/et\/#website","url":"https:\/\/enko.ee\/et\/","name":"Enko AS","description":"Metallist, plastikust ja kummist detailide \/ toodete kavandamine, tootmine ning montaa\u017e. Plasti \/ kummi survevalu, lehtmetalli t&ouml;&ouml;tlemine, valuvormide ja stantside projekteerimine, valmistamine ja modifitseerimine. Kinnitusvahendid.","potentialAction":[{"@type":"SearchAction","target":{"@type":"EntryPoint","urlTemplate":"https:\/\/enko.ee\/et\/?s={search_term_string}"},"query-input":"required name=search_term_string"}],"inLanguage":"et"}]}},"_links":{"self":[{"href":"https:\/\/enko.ee\/et\/wp-json\/wp\/v2\/pages\/4063","targetHints":{"allow":["GET"]}}],"collection":[{"href":"https:\/\/enko.ee\/et\/wp-json\/wp\/v2\/pages"}],"about":[{"href":"https:\/\/enko.ee\/et\/wp-json\/wp\/v2\/types\/page"}],"author":[{"embeddable":true,"href":"https:\/\/enko.ee\/et\/wp-json\/wp\/v2\/users\/1"}],"replies":[{"embeddable":true,"href":"https:\/\/enko.ee\/et\/wp-json\/wp\/v2\/comments?post=4063"}],"version-history":[{"count":1,"href":"https:\/\/enko.ee\/et\/wp-json\/wp\/v2\/pages\/4063\/revisions"}],"predecessor-version":[{"id":4078,"href":"https:\/\/enko.ee\/et\/wp-json\/wp\/v2\/pages\/4063\/revisions\/4078"}],"up":[{"embeddable":true,"href":"https:\/\/enko.ee\/et\/wp-json\/wp\/v2\/pages\/3992"}],"wp:attachment":[{"href":"https:\/\/enko.ee\/et\/wp-json\/wp\/v2\/media?parent=4063"}],"curies":[{"name":"wp","href":"https:\/\/api.w.org\/{rel}","templated":true}]}}