{"id":4937,"date":"2018-08-28T13:40:17","date_gmt":"2018-08-28T10:40:17","guid":{"rendered":"http:\/\/enko.ee\/fi\/?page_id=4937"},"modified":"2023-05-09T14:05:34","modified_gmt":"2023-05-09T11:05:34","slug":"yritys","status":"publish","type":"page","link":"https:\/\/enko.ee\/fi\/yritys\/","title":{"rendered":"Yritys"},"content":{"rendered":"<h2>Yritys<\/h2>\n<p>ENKO AS perustettiin 1990. P\u00e4\u00e4toimialanamme on erilaisten yleisrakentamisessa, saniteettitiloissa, ilmastointiasennuksissa, elektroniikassa, laitevalmistuksessa ja kodinkoneissa k\u00e4ytett\u00e4vien muovi-, metalli- ja kumituotteiden suunnittelu, kehitys, valmistus ja markkinointi sek\u00e4 alihankintana ett\u00e4 suoraan loppuasiakkaalle toimitettuna.<\/p>\n<p>ENKO otti standardia ISO 9001 vastaavan laadunvarmistusj\u00e4rjestelm\u00e4n k\u00e4ytt\u00f6\u00f6n 1998, ja j\u00e4rjestelm\u00e4 kattaa kaikki vaiheet tuotesuunnittelusta lopullisen tuotteen tarkastukseen. Laadunvarmistusj\u00e4rjestelm\u00e4n ovat sertifioineet <a href=\"http:\/\/enko.ee\/wp-content\/uploads\/2023\/05\/Q-071-21 eng 02_STAMPED.pdf\">INSPECTA<\/a>ja <a href=\"http:\/\/enko.ee\/wp-content\/uploads\/2016\/11\/IQNET-1.pdf\">IQNet<\/a>. Voimassaoleva ISO9001:2015 sertifikaatti ENKO As:lle my\u00f6nnettiin 12.03.2021 ja on uusittu ja on voimassa 11.03.2024 asti Inspecta Estonia O\u00fc:n toimesta.<\/p>\n<p>ENKOn palveluksessa ty\u00f6skentelee 38 ty\u00f6ntekij\u00e4\u00e4.<\/p>\n<p>ENKOn p\u00e4\u00e4toimialana on erilaisten muovi-, kumi- silikoni- ja metallituotteiden suunnittelu ja valmistus.\u00a0 Suunnittelussa, valmistuksessa ja laadunvarmistuksessa hy\u00f6dynnet\u00e4\u00e4n uusinta teknologiaa.<\/p>\n<p>ENKO AS:n ensisijaisia asiakkaita ovat suuremmat tukkukauppiaat ja tuotantoryitykset esimerkiksi Suomessa, Ruotsissa, Norjassa, Virossa, Latviassa ja Liettuassa. Kehit\u00e4mme ja t\u00e4ydenn\u00e4mme tuotevalikoimaa tiiviiss\u00e4 yhteisty\u00f6ss\u00e4 loppuk\u00e4ytt\u00e4jien kanssa ja painotamme erityisesti tuotteidemme laatua.<\/p>\n<p>ENKOn kehitt\u00e4mill\u00e4 tuotteilla on yhteens\u00e4 7 patenttia, 7 hy\u00f6dyllist\u00e4 mallia ja 2 rekister\u00f6ity\u00e4 teollista toteutusratkaisua.<\/p>\n","protected":false},"excerpt":{"rendered":"<p>Yritys ENKO AS perustettiin 1990. P\u00e4\u00e4toimialanamme on erilaisten yleisrakentamisessa, saniteettitiloissa, ilmastointiasennuksissa, elektroniikassa, laitevalmistuksessa ja kodinkoneissa k\u00e4ytett\u00e4vien muovi-, metalli- ja kumituotteiden suunnittelu, kehitys, valmistus ja markkinointi sek\u00e4 alihankintana ett\u00e4 suoraan loppuasiakkaalle&#8230;<\/p>\n","protected":false},"author":1,"featured_media":0,"parent":0,"menu_order":2,"comment_status":"closed","ping_status":"closed","template":"","meta":{"_monsterinsights_skip_tracking":false,"_monsterinsights_sitenote_active":false,"_monsterinsights_sitenote_note":"","_monsterinsights_sitenote_category":0,"footnotes":""},"class_list":["post-4937","page","type-page","status-publish"],"yoast_head":"<!-- This site is optimized with the Yoast SEO plugin v22.2 - https:\/\/yoast.com\/wordpress\/plugins\/seo\/ -->\n<title>Yritys - Enko AS<\/title>\n<meta name=\"description\" content=\"ENKO n p\u00e4\u00e4toimialana on erilaisten muovi-, kumi- silikoni- ja metallituotteiden suunnittelu ja valmistus.\" \/>\n<meta name=\"robots\" content=\"index, follow, max-snippet:-1, max-image-preview:large, max-video-preview:-1\" \/>\n<link rel=\"canonical\" href=\"https:\/\/enko.ee\/fi\/yritys\/\" \/>\n<meta property=\"og:locale\" content=\"fi_FI\" \/>\n<meta property=\"og:type\" content=\"article\" \/>\n<meta property=\"og:title\" content=\"Yritys - Enko AS\" \/>\n<meta property=\"og:description\" content=\"ENKO n p\u00e4\u00e4toimialana on erilaisten muovi-, kumi- silikoni- ja metallituotteiden suunnittelu ja valmistus.\" \/>\n<meta property=\"og:url\" content=\"https:\/\/enko.ee\/fi\/yritys\/\" \/>\n<meta property=\"og:site_name\" content=\"Enko AS\" \/>\n<meta property=\"article:modified_time\" content=\"2023-05-09T11:05:34+00:00\" \/>\n<meta name=\"twitter:card\" content=\"summary_large_image\" \/>\n<meta name=\"twitter:label1\" content=\"Arvioitu lukuaika\" \/>\n\t<meta name=\"twitter:data1\" content=\"1 minuutti\" \/>\n<script type=\"application\/ld+json\" class=\"yoast-schema-graph\">{\"@context\":\"https:\/\/schema.org\",\"@graph\":[{\"@type\":\"WebPage\",\"@id\":\"https:\/\/enko.ee\/fi\/yritys\/\",\"url\":\"https:\/\/enko.ee\/fi\/yritys\/\",\"name\":\"Yritys - Enko AS\",\"isPartOf\":{\"@id\":\"https:\/\/enko.ee\/fi\/#website\"},\"datePublished\":\"2018-08-28T10:40:17+00:00\",\"dateModified\":\"2023-05-09T11:05:34+00:00\",\"description\":\"ENKO n p\u00e4\u00e4toimialana on erilaisten muovi-, kumi- silikoni- ja metallituotteiden suunnittelu ja valmistus.\",\"breadcrumb\":{\"@id\":\"https:\/\/enko.ee\/fi\/yritys\/#breadcrumb\"},\"inLanguage\":\"fi\",\"potentialAction\":[{\"@type\":\"ReadAction\",\"target\":[\"https:\/\/enko.ee\/fi\/yritys\/\"]}]},{\"@type\":\"BreadcrumbList\",\"@id\":\"https:\/\/enko.ee\/fi\/yritys\/#breadcrumb\",\"itemListElement\":[{\"@type\":\"ListItem\",\"position\":1,\"name\":\"Home\",\"item\":\"https:\/\/enko.ee\/fi\/\"},{\"@type\":\"ListItem\",\"position\":2,\"name\":\"Yritys\"}]},{\"@type\":\"WebSite\",\"@id\":\"https:\/\/enko.ee\/fi\/#website\",\"url\":\"https:\/\/enko.ee\/fi\/\",\"name\":\"Enko AS\",\"description\":\"Metallist, plastikust ja kummist detailide \/ toodete kavandamine, tootmine ning montaa\u017e. Plasti \/ kummi survevalu, lehtmetalli t&ouml;&ouml;tlemine, valuvormide ja stantside projekteerimine, valmistamine ja modifitseerimine. Kinnitusvahendid.\",\"potentialAction\":[{\"@type\":\"SearchAction\",\"target\":{\"@type\":\"EntryPoint\",\"urlTemplate\":\"https:\/\/enko.ee\/fi\/?s={search_term_string}\"},\"query-input\":\"required name=search_term_string\"}],\"inLanguage\":\"fi\"}]}<\/script>\n<!-- \/ Yoast SEO plugin. -->","yoast_head_json":{"title":"Yritys - Enko AS","description":"ENKO n p\u00e4\u00e4toimialana on erilaisten muovi-, kumi- silikoni- ja metallituotteiden suunnittelu ja valmistus.","robots":{"index":"index","follow":"follow","max-snippet":"max-snippet:-1","max-image-preview":"max-image-preview:large","max-video-preview":"max-video-preview:-1"},"canonical":"https:\/\/enko.ee\/fi\/yritys\/","og_locale":"fi_FI","og_type":"article","og_title":"Yritys - Enko AS","og_description":"ENKO n p\u00e4\u00e4toimialana on erilaisten muovi-, kumi- silikoni- ja metallituotteiden suunnittelu ja valmistus.","og_url":"https:\/\/enko.ee\/fi\/yritys\/","og_site_name":"Enko AS","article_modified_time":"2023-05-09T11:05:34+00:00","twitter_card":"summary_large_image","twitter_misc":{"Arvioitu lukuaika":"1 minuutti"},"schema":{"@context":"https:\/\/schema.org","@graph":[{"@type":"WebPage","@id":"https:\/\/enko.ee\/fi\/yritys\/","url":"https:\/\/enko.ee\/fi\/yritys\/","name":"Yritys - Enko AS","isPartOf":{"@id":"https:\/\/enko.ee\/fi\/#website"},"datePublished":"2018-08-28T10:40:17+00:00","dateModified":"2023-05-09T11:05:34+00:00","description":"ENKO n p\u00e4\u00e4toimialana on erilaisten muovi-, kumi- silikoni- ja metallituotteiden suunnittelu ja valmistus.","breadcrumb":{"@id":"https:\/\/enko.ee\/fi\/yritys\/#breadcrumb"},"inLanguage":"fi","potentialAction":[{"@type":"ReadAction","target":["https:\/\/enko.ee\/fi\/yritys\/"]}]},{"@type":"BreadcrumbList","@id":"https:\/\/enko.ee\/fi\/yritys\/#breadcrumb","itemListElement":[{"@type":"ListItem","position":1,"name":"Home","item":"https:\/\/enko.ee\/fi\/"},{"@type":"ListItem","position":2,"name":"Yritys"}]},{"@type":"WebSite","@id":"https:\/\/enko.ee\/fi\/#website","url":"https:\/\/enko.ee\/fi\/","name":"Enko AS","description":"Metallist, plastikust ja kummist detailide \/ toodete kavandamine, tootmine ning montaa\u017e. Plasti \/ kummi survevalu, lehtmetalli t&ouml;&ouml;tlemine, valuvormide ja stantside projekteerimine, valmistamine ja modifitseerimine. Kinnitusvahendid.","potentialAction":[{"@type":"SearchAction","target":{"@type":"EntryPoint","urlTemplate":"https:\/\/enko.ee\/fi\/?s={search_term_string}"},"query-input":"required name=search_term_string"}],"inLanguage":"fi"}]}},"_links":{"self":[{"href":"https:\/\/enko.ee\/fi\/wp-json\/wp\/v2\/pages\/4937","targetHints":{"allow":["GET"]}}],"collection":[{"href":"https:\/\/enko.ee\/fi\/wp-json\/wp\/v2\/pages"}],"about":[{"href":"https:\/\/enko.ee\/fi\/wp-json\/wp\/v2\/types\/page"}],"author":[{"embeddable":true,"href":"https:\/\/enko.ee\/fi\/wp-json\/wp\/v2\/users\/1"}],"replies":[{"embeddable":true,"href":"https:\/\/enko.ee\/fi\/wp-json\/wp\/v2\/comments?post=4937"}],"version-history":[{"count":2,"href":"https:\/\/enko.ee\/fi\/wp-json\/wp\/v2\/pages\/4937\/revisions"}],"predecessor-version":[{"id":6292,"href":"https:\/\/enko.ee\/fi\/wp-json\/wp\/v2\/pages\/4937\/revisions\/6292"}],"wp:attachment":[{"href":"https:\/\/enko.ee\/fi\/wp-json\/wp\/v2\/media?parent=4937"}],"curies":[{"name":"wp","href":"https:\/\/api.w.org\/{rel}","templated":true}]}}