{"id":4939,"date":"2018-08-28T13:46:22","date_gmt":"2018-08-28T10:46:22","guid":{"rendered":"http:\/\/enko.ee\/fi\/?page_id=4939"},"modified":"2018-08-28T13:48:41","modified_gmt":"2018-08-28T10:48:41","slug":"palvelut","status":"publish","type":"page","link":"https:\/\/enko.ee\/fi\/yritys\/palvelut\/","title":{"rendered":"Palvelut"},"content":{"rendered":"<div class=\"headline\">\n<h2>Palvelut<\/h2>\n<\/div>\n<h3>Suunnittelu<\/h3>\n<ul class=\"arrow\">\n<li>Suunnitteluun liittyv\u00e4 konsultointi<\/li>\n<li>Tekniset ratkaisut<\/li>\n<li>Entist\u00e4 parempiin tuotteisiin t\u00e4ht\u00e4\u00e4v\u00e4 tuotekehitys<\/li>\n<li>Prototyypit<\/li>\n<\/ul>\n<h3>Prosessien kehitys ja valmistus<\/h3>\n<ul class=\"arrow\">\n<li>Valmistusprosessien suunnittelu ja dokumentointi<\/li>\n<li>Tuotannossa, suunnittelussa, laadunvarmistuksessa ja pakkaamisessa tarvittavien ty\u00f6kalujen sek\u00e4 muiden ty\u00f6kalujen suunnittelu ja valmistus<\/li>\n<li>Testauslaitteiden suunnittelu ja valmistus<\/li>\n<li>Ty\u00f6kalujen huolto ja korjaus<\/li>\n<li>Toimitusketjun hallinnointi \u2013 alihankkijoiden valinta<\/li>\n<li>Alihankkijoiden p\u00e4tevyysvaatimusten m\u00e4\u00e4ritys<\/li>\n<li>Muovin, kumin ja silikonin ruiskupuristus<\/li>\n<li>Metallin ty\u00f6st\u00f6 (leikkaaminen, stanssaus, taivutus, hitsaus jne.)<\/li>\n<li>Alarakenteiden valmistus<\/li>\n<li>Tukipalvelut<\/li>\n<li>Laadunvalvonta<\/li>\n<\/ul>\n<h3>Kokoaminen ja testaus<\/h3>\n<ul>\n<li>Laadunvalvonta<\/li>\n<\/ul>\n<h3>Pakkaaminen, merkinn\u00e4t ja toimitus asiakkaan toiveiden mukaisesti<\/h3>\n<ul>\n<li><span lang=\"fi\">Hyv\u00e4ksytty testaus- ja kalibrointilaboratorio<\/span><\/li>\n<\/ul>\n","protected":false},"excerpt":{"rendered":"<p>Palvelut Suunnittelu Suunnitteluun liittyv\u00e4 konsultointi Tekniset ratkaisut Entist\u00e4 parempiin tuotteisiin t\u00e4ht\u00e4\u00e4v\u00e4 tuotekehitys Prototyypit Prosessien kehitys ja valmistus Valmistusprosessien suunnittelu ja dokumentointi Tuotannossa, suunnittelussa, laadunvarmistuksessa ja pakkaamisessa tarvittavien ty\u00f6kalujen sek\u00e4 muiden&#8230;<\/p>\n","protected":false},"author":3,"featured_media":0,"parent":4937,"menu_order":1,"comment_status":"closed","ping_status":"closed","template":"","meta":{"_monsterinsights_skip_tracking":false,"_monsterinsights_sitenote_active":false,"_monsterinsights_sitenote_note":"","_monsterinsights_sitenote_category":0,"footnotes":""},"class_list":["post-4939","page","type-page","status-publish"],"yoast_head":"<!-- This site is optimized with the Yoast SEO plugin v22.2 - https:\/\/yoast.com\/wordpress\/plugins\/seo\/ -->\n<title>Palvelut - Enko AS<\/title>\n<meta name=\"robots\" content=\"index, follow, max-snippet:-1, max-image-preview:large, max-video-preview:-1\" \/>\n<link rel=\"canonical\" href=\"https:\/\/enko.ee\/fi\/yritys\/palvelut\/\" \/>\n<meta property=\"og:locale\" content=\"fi_FI\" \/>\n<meta property=\"og:type\" content=\"article\" \/>\n<meta property=\"og:title\" content=\"Palvelut - Enko AS\" \/>\n<meta property=\"og:description\" content=\"Palvelut Suunnittelu Suunnitteluun liittyv\u00e4 konsultointi Tekniset ratkaisut Entist\u00e4 parempiin tuotteisiin t\u00e4ht\u00e4\u00e4v\u00e4 tuotekehitys Prototyypit Prosessien kehitys ja valmistus Valmistusprosessien suunnittelu ja dokumentointi Tuotannossa, suunnittelussa, laadunvarmistuksessa ja pakkaamisessa tarvittavien ty\u00f6kalujen sek\u00e4 muiden...\" \/>\n<meta property=\"og:url\" content=\"https:\/\/enko.ee\/fi\/yritys\/palvelut\/\" \/>\n<meta property=\"og:site_name\" content=\"Enko AS\" \/>\n<meta property=\"article:modified_time\" content=\"2018-08-28T10:48:41+00:00\" \/>\n<meta name=\"twitter:card\" content=\"summary_large_image\" \/>\n<script type=\"application\/ld+json\" class=\"yoast-schema-graph\">{\"@context\":\"https:\/\/schema.org\",\"@graph\":[{\"@type\":\"WebPage\",\"@id\":\"https:\/\/enko.ee\/fi\/yritys\/palvelut\/\",\"url\":\"https:\/\/enko.ee\/fi\/yritys\/palvelut\/\",\"name\":\"Palvelut - Enko AS\",\"isPartOf\":{\"@id\":\"https:\/\/enko.ee\/fi\/#website\"},\"datePublished\":\"2018-08-28T10:46:22+00:00\",\"dateModified\":\"2018-08-28T10:48:41+00:00\",\"breadcrumb\":{\"@id\":\"https:\/\/enko.ee\/fi\/yritys\/palvelut\/#breadcrumb\"},\"inLanguage\":\"fi\",\"potentialAction\":[{\"@type\":\"ReadAction\",\"target\":[\"https:\/\/enko.ee\/fi\/yritys\/palvelut\/\"]}]},{\"@type\":\"BreadcrumbList\",\"@id\":\"https:\/\/enko.ee\/fi\/yritys\/palvelut\/#breadcrumb\",\"itemListElement\":[{\"@type\":\"ListItem\",\"position\":1,\"name\":\"Home\",\"item\":\"https:\/\/enko.ee\/fi\/\"},{\"@type\":\"ListItem\",\"position\":2,\"name\":\"Yritys\",\"item\":\"https:\/\/enko.ee\/fi\/about-us\/\"},{\"@type\":\"ListItem\",\"position\":3,\"name\":\"Palvelut\"}]},{\"@type\":\"WebSite\",\"@id\":\"https:\/\/enko.ee\/fi\/#website\",\"url\":\"https:\/\/enko.ee\/fi\/\",\"name\":\"Enko AS\",\"description\":\"Metallist, plastikust ja kummist detailide \/ toodete kavandamine, tootmine ning montaa\u017e. Plasti \/ kummi survevalu, lehtmetalli t&ouml;&ouml;tlemine, valuvormide ja stantside projekteerimine, valmistamine ja modifitseerimine. Kinnitusvahendid.\",\"potentialAction\":[{\"@type\":\"SearchAction\",\"target\":{\"@type\":\"EntryPoint\",\"urlTemplate\":\"https:\/\/enko.ee\/fi\/?s={search_term_string}\"},\"query-input\":\"required name=search_term_string\"}],\"inLanguage\":\"fi\"}]}<\/script>\n<!-- \/ Yoast SEO plugin. -->","yoast_head_json":{"title":"Palvelut - Enko AS","robots":{"index":"index","follow":"follow","max-snippet":"max-snippet:-1","max-image-preview":"max-image-preview:large","max-video-preview":"max-video-preview:-1"},"canonical":"https:\/\/enko.ee\/fi\/yritys\/palvelut\/","og_locale":"fi_FI","og_type":"article","og_title":"Palvelut - Enko AS","og_description":"Palvelut Suunnittelu Suunnitteluun liittyv\u00e4 konsultointi Tekniset ratkaisut Entist\u00e4 parempiin tuotteisiin t\u00e4ht\u00e4\u00e4v\u00e4 tuotekehitys Prototyypit Prosessien kehitys ja valmistus Valmistusprosessien suunnittelu ja dokumentointi Tuotannossa, suunnittelussa, laadunvarmistuksessa ja pakkaamisessa tarvittavien ty\u00f6kalujen sek\u00e4 muiden...","og_url":"https:\/\/enko.ee\/fi\/yritys\/palvelut\/","og_site_name":"Enko AS","article_modified_time":"2018-08-28T10:48:41+00:00","twitter_card":"summary_large_image","schema":{"@context":"https:\/\/schema.org","@graph":[{"@type":"WebPage","@id":"https:\/\/enko.ee\/fi\/yritys\/palvelut\/","url":"https:\/\/enko.ee\/fi\/yritys\/palvelut\/","name":"Palvelut - Enko AS","isPartOf":{"@id":"https:\/\/enko.ee\/fi\/#website"},"datePublished":"2018-08-28T10:46:22+00:00","dateModified":"2018-08-28T10:48:41+00:00","breadcrumb":{"@id":"https:\/\/enko.ee\/fi\/yritys\/palvelut\/#breadcrumb"},"inLanguage":"fi","potentialAction":[{"@type":"ReadAction","target":["https:\/\/enko.ee\/fi\/yritys\/palvelut\/"]}]},{"@type":"BreadcrumbList","@id":"https:\/\/enko.ee\/fi\/yritys\/palvelut\/#breadcrumb","itemListElement":[{"@type":"ListItem","position":1,"name":"Home","item":"https:\/\/enko.ee\/fi\/"},{"@type":"ListItem","position":2,"name":"Yritys","item":"https:\/\/enko.ee\/fi\/about-us\/"},{"@type":"ListItem","position":3,"name":"Palvelut"}]},{"@type":"WebSite","@id":"https:\/\/enko.ee\/fi\/#website","url":"https:\/\/enko.ee\/fi\/","name":"Enko AS","description":"Metallist, plastikust ja kummist detailide \/ toodete kavandamine, tootmine ning montaa\u017e. Plasti \/ kummi survevalu, lehtmetalli t&ouml;&ouml;tlemine, valuvormide ja stantside projekteerimine, valmistamine ja modifitseerimine. Kinnitusvahendid.","potentialAction":[{"@type":"SearchAction","target":{"@type":"EntryPoint","urlTemplate":"https:\/\/enko.ee\/fi\/?s={search_term_string}"},"query-input":"required name=search_term_string"}],"inLanguage":"fi"}]}},"_links":{"self":[{"href":"https:\/\/enko.ee\/fi\/wp-json\/wp\/v2\/pages\/4939","targetHints":{"allow":["GET"]}}],"collection":[{"href":"https:\/\/enko.ee\/fi\/wp-json\/wp\/v2\/pages"}],"about":[{"href":"https:\/\/enko.ee\/fi\/wp-json\/wp\/v2\/types\/page"}],"author":[{"embeddable":true,"href":"https:\/\/enko.ee\/fi\/wp-json\/wp\/v2\/users\/3"}],"replies":[{"embeddable":true,"href":"https:\/\/enko.ee\/fi\/wp-json\/wp\/v2\/comments?post=4939"}],"version-history":[{"count":3,"href":"https:\/\/enko.ee\/fi\/wp-json\/wp\/v2\/pages\/4939\/revisions"}],"predecessor-version":[{"id":4942,"href":"https:\/\/enko.ee\/fi\/wp-json\/wp\/v2\/pages\/4939\/revisions\/4942"}],"up":[{"embeddable":true,"href":"https:\/\/enko.ee\/fi\/wp-json\/wp\/v2\/pages\/4937"}],"wp:attachment":[{"href":"https:\/\/enko.ee\/fi\/wp-json\/wp\/v2\/media?parent=4939"}],"curies":[{"name":"wp","href":"https:\/\/api.w.org\/{rel}","templated":true}]}}