{"id":4943,"date":"2018-08-28T13:50:13","date_gmt":"2018-08-28T10:50:13","guid":{"rendered":"http:\/\/enko.ee\/fi\/?page_id=4943"},"modified":"2018-08-28T13:50:13","modified_gmt":"2018-08-28T10:50:13","slug":"alihankinta","status":"publish","type":"page","link":"https:\/\/enko.ee\/fi\/yritys\/alihankinta\/","title":{"rendered":"Alihankinta"},"content":{"rendered":"<h2>Alihankinta<\/h2>\n<p>&nbsp;<\/p>\n<p>Globaali alihankinta on yleinen k\u00e4yt\u00e4nt\u00f6 yritysten laajentuessa uusille markkinoille tai pyrkiess\u00e4 parantamaan asemaansa nykyisill\u00e4 markkinoilla tuotantokustannuksia karsimalla.<\/p>\n<p>ENKO AS mukauttaa palvelunsa ja resurssinsa tilaajan toiveiden mukaisesti luodakseen, kehitt\u00e4\u00e4kseen, valmistaakseen ja toimittaakseen korkealaatuiset komponentit, puolituotteet ja valmistuotteet asiakkaalle sovitusti.<\/p>\n<p>Olemme toimineet alihankkijoina sek\u00e4 kehitt\u00e4neet omaa tuotantoamme aivan toimintamme alusta l\u00e4htien. Toimitamme suunnittelu- ja tuotantopalveluja useille eri toimialoille (elektroniikka, valaisimet, kylm\u00e4- ja suurkeitti\u00f6laitteet, j\u00e4tevedenpuhdistamot jne.).<\/p>\n<p>Yhdist\u00e4m\u00e4ll\u00e4 tuotekehitykseen ja valmistukseen liittyv\u00e4n osaamisemme pystymme tarjoamaan huomattavaa hy\u00f6ty\u00e4 sek\u00e4 yrityksille ett\u00e4 loppuk\u00e4ytt\u00e4jille.<\/p>\n<p>Tutustu alihankintaamme <a href=\"http:\/\/enko.ee\/et\/portfolio\/allhanketoodang\/\">T\u00c4\u00c4LL\u00c4<\/a>:<\/p>\n<p><a href=\"\/portfolio\/contract-manufacturing\/\"><img loading=\"lazy\" decoding=\"async\" class=\"alignleft wp-image-3026 size-full\" src=\"\/wp-content\/uploads\/2016\/11\/enko-as-sheet-metal-forming-sub-contractor.jpg\" alt=\"enko-as-sheet-metal-forming-sub-contractor\" width=\"342\" height=\"205\" srcset=\"https:\/\/enko.ee\/wp-content\/uploads\/2016\/11\/enko-as-sheet-metal-forming-sub-contractor.jpg 342w, https:\/\/enko.ee\/wp-content\/uploads\/2016\/11\/enko-as-sheet-metal-forming-sub-contractor-300x180.jpg 300w\" sizes=\"auto, (max-width: 342px) 100vw, 342px\" \/><\/a><a href=\"\/portfolio\/contract-manufacturing\/\"><img loading=\"lazy\" decoding=\"async\" class=\"alignleft wp-image-3025 size-full\" src=\"\/wp-content\/uploads\/2016\/11\/enko-as-plastic-injection-molding-sub-contractor.jpg\" alt=\"enko-as-plastic-injection-molding-sub-contractor\" width=\"342\" height=\"206\" srcset=\"https:\/\/enko.ee\/wp-content\/uploads\/2016\/11\/enko-as-plastic-injection-molding-sub-contractor.jpg 342w, https:\/\/enko.ee\/wp-content\/uploads\/2016\/11\/enko-as-plastic-injection-molding-sub-contractor-300x181.jpg 300w\" sizes=\"auto, (max-width: 342px) 100vw, 342px\" \/><\/a><\/p>\n<p>&nbsp;<\/p>\n","protected":false},"excerpt":{"rendered":"<p>Alihankinta &nbsp; Globaali alihankinta on yleinen k\u00e4yt\u00e4nt\u00f6 yritysten laajentuessa uusille markkinoille tai pyrkiess\u00e4 parantamaan asemaansa nykyisill\u00e4 markkinoilla tuotantokustannuksia karsimalla. ENKO AS mukauttaa palvelunsa ja resurssinsa tilaajan toiveiden mukaisesti luodakseen, kehitt\u00e4\u00e4kseen,&#8230;<\/p>\n","protected":false},"author":3,"featured_media":0,"parent":4937,"menu_order":2,"comment_status":"closed","ping_status":"closed","template":"","meta":{"_monsterinsights_skip_tracking":false,"_monsterinsights_sitenote_active":false,"_monsterinsights_sitenote_note":"","_monsterinsights_sitenote_category":0,"footnotes":""},"class_list":["post-4943","page","type-page","status-publish"],"yoast_head":"<!-- This site is optimized with the Yoast SEO plugin v22.2 - https:\/\/yoast.com\/wordpress\/plugins\/seo\/ -->\n<title>Alihankinta - Enko AS<\/title>\n<meta name=\"robots\" content=\"index, follow, max-snippet:-1, max-image-preview:large, max-video-preview:-1\" \/>\n<link rel=\"canonical\" href=\"https:\/\/enko.ee\/fi\/yritys\/alihankinta\/\" \/>\n<meta property=\"og:locale\" content=\"fi_FI\" \/>\n<meta property=\"og:type\" content=\"article\" \/>\n<meta property=\"og:title\" content=\"Alihankinta - Enko AS\" \/>\n<meta property=\"og:description\" content=\"Alihankinta &nbsp; Globaali alihankinta on yleinen k\u00e4yt\u00e4nt\u00f6 yritysten laajentuessa uusille markkinoille tai pyrkiess\u00e4 parantamaan asemaansa nykyisill\u00e4 markkinoilla tuotantokustannuksia karsimalla. ENKO AS mukauttaa palvelunsa ja resurssinsa tilaajan toiveiden mukaisesti luodakseen, kehitt\u00e4\u00e4kseen,...\" \/>\n<meta property=\"og:url\" content=\"https:\/\/enko.ee\/fi\/yritys\/alihankinta\/\" \/>\n<meta property=\"og:site_name\" content=\"Enko AS\" \/>\n<meta name=\"twitter:card\" content=\"summary_large_image\" \/>\n<script type=\"application\/ld+json\" class=\"yoast-schema-graph\">{\"@context\":\"https:\/\/schema.org\",\"@graph\":[{\"@type\":\"WebPage\",\"@id\":\"https:\/\/enko.ee\/fi\/yritys\/alihankinta\/\",\"url\":\"https:\/\/enko.ee\/fi\/yritys\/alihankinta\/\",\"name\":\"Alihankinta - Enko AS\",\"isPartOf\":{\"@id\":\"https:\/\/enko.ee\/fi\/#website\"},\"datePublished\":\"2018-08-28T10:50:13+00:00\",\"dateModified\":\"2018-08-28T10:50:13+00:00\",\"breadcrumb\":{\"@id\":\"https:\/\/enko.ee\/fi\/yritys\/alihankinta\/#breadcrumb\"},\"inLanguage\":\"fi\",\"potentialAction\":[{\"@type\":\"ReadAction\",\"target\":[\"https:\/\/enko.ee\/fi\/yritys\/alihankinta\/\"]}]},{\"@type\":\"BreadcrumbList\",\"@id\":\"https:\/\/enko.ee\/fi\/yritys\/alihankinta\/#breadcrumb\",\"itemListElement\":[{\"@type\":\"ListItem\",\"position\":1,\"name\":\"Home\",\"item\":\"https:\/\/enko.ee\/fi\/\"},{\"@type\":\"ListItem\",\"position\":2,\"name\":\"Yritys\",\"item\":\"https:\/\/enko.ee\/fi\/about-us\/\"},{\"@type\":\"ListItem\",\"position\":3,\"name\":\"Alihankinta\"}]},{\"@type\":\"WebSite\",\"@id\":\"https:\/\/enko.ee\/fi\/#website\",\"url\":\"https:\/\/enko.ee\/fi\/\",\"name\":\"Enko AS\",\"description\":\"Metallist, plastikust ja kummist detailide \/ toodete kavandamine, tootmine ning montaa\u017e. Plasti \/ kummi survevalu, lehtmetalli t&ouml;&ouml;tlemine, valuvormide ja stantside projekteerimine, valmistamine ja modifitseerimine. Kinnitusvahendid.\",\"potentialAction\":[{\"@type\":\"SearchAction\",\"target\":{\"@type\":\"EntryPoint\",\"urlTemplate\":\"https:\/\/enko.ee\/fi\/?s={search_term_string}\"},\"query-input\":\"required name=search_term_string\"}],\"inLanguage\":\"fi\"}]}<\/script>\n<!-- \/ Yoast SEO plugin. -->","yoast_head_json":{"title":"Alihankinta - Enko AS","robots":{"index":"index","follow":"follow","max-snippet":"max-snippet:-1","max-image-preview":"max-image-preview:large","max-video-preview":"max-video-preview:-1"},"canonical":"https:\/\/enko.ee\/fi\/yritys\/alihankinta\/","og_locale":"fi_FI","og_type":"article","og_title":"Alihankinta - Enko AS","og_description":"Alihankinta &nbsp; Globaali alihankinta on yleinen k\u00e4yt\u00e4nt\u00f6 yritysten laajentuessa uusille markkinoille tai pyrkiess\u00e4 parantamaan asemaansa nykyisill\u00e4 markkinoilla tuotantokustannuksia karsimalla. ENKO AS mukauttaa palvelunsa ja resurssinsa tilaajan toiveiden mukaisesti luodakseen, kehitt\u00e4\u00e4kseen,...","og_url":"https:\/\/enko.ee\/fi\/yritys\/alihankinta\/","og_site_name":"Enko AS","twitter_card":"summary_large_image","schema":{"@context":"https:\/\/schema.org","@graph":[{"@type":"WebPage","@id":"https:\/\/enko.ee\/fi\/yritys\/alihankinta\/","url":"https:\/\/enko.ee\/fi\/yritys\/alihankinta\/","name":"Alihankinta - Enko AS","isPartOf":{"@id":"https:\/\/enko.ee\/fi\/#website"},"datePublished":"2018-08-28T10:50:13+00:00","dateModified":"2018-08-28T10:50:13+00:00","breadcrumb":{"@id":"https:\/\/enko.ee\/fi\/yritys\/alihankinta\/#breadcrumb"},"inLanguage":"fi","potentialAction":[{"@type":"ReadAction","target":["https:\/\/enko.ee\/fi\/yritys\/alihankinta\/"]}]},{"@type":"BreadcrumbList","@id":"https:\/\/enko.ee\/fi\/yritys\/alihankinta\/#breadcrumb","itemListElement":[{"@type":"ListItem","position":1,"name":"Home","item":"https:\/\/enko.ee\/fi\/"},{"@type":"ListItem","position":2,"name":"Yritys","item":"https:\/\/enko.ee\/fi\/about-us\/"},{"@type":"ListItem","position":3,"name":"Alihankinta"}]},{"@type":"WebSite","@id":"https:\/\/enko.ee\/fi\/#website","url":"https:\/\/enko.ee\/fi\/","name":"Enko AS","description":"Metallist, plastikust ja kummist detailide \/ toodete kavandamine, tootmine ning montaa\u017e. Plasti \/ kummi survevalu, lehtmetalli t&ouml;&ouml;tlemine, valuvormide ja stantside projekteerimine, valmistamine ja modifitseerimine. Kinnitusvahendid.","potentialAction":[{"@type":"SearchAction","target":{"@type":"EntryPoint","urlTemplate":"https:\/\/enko.ee\/fi\/?s={search_term_string}"},"query-input":"required name=search_term_string"}],"inLanguage":"fi"}]}},"_links":{"self":[{"href":"https:\/\/enko.ee\/fi\/wp-json\/wp\/v2\/pages\/4943","targetHints":{"allow":["GET"]}}],"collection":[{"href":"https:\/\/enko.ee\/fi\/wp-json\/wp\/v2\/pages"}],"about":[{"href":"https:\/\/enko.ee\/fi\/wp-json\/wp\/v2\/types\/page"}],"author":[{"embeddable":true,"href":"https:\/\/enko.ee\/fi\/wp-json\/wp\/v2\/users\/3"}],"replies":[{"embeddable":true,"href":"https:\/\/enko.ee\/fi\/wp-json\/wp\/v2\/comments?post=4943"}],"version-history":[{"count":1,"href":"https:\/\/enko.ee\/fi\/wp-json\/wp\/v2\/pages\/4943\/revisions"}],"predecessor-version":[{"id":4944,"href":"https:\/\/enko.ee\/fi\/wp-json\/wp\/v2\/pages\/4943\/revisions\/4944"}],"up":[{"embeddable":true,"href":"https:\/\/enko.ee\/fi\/wp-json\/wp\/v2\/pages\/4937"}],"wp:attachment":[{"href":"https:\/\/enko.ee\/fi\/wp-json\/wp\/v2\/media?parent=4943"}],"curies":[{"name":"wp","href":"https:\/\/api.w.org\/{rel}","templated":true}]}}