{"id":4945,"date":"2018-08-28T13:52:29","date_gmt":"2018-08-28T10:52:29","guid":{"rendered":"http:\/\/enko.ee\/fi\/?page_id=4945"},"modified":"2018-08-28T13:53:03","modified_gmt":"2018-08-28T10:53:03","slug":"referenssit","status":"publish","type":"page","link":"https:\/\/enko.ee\/fi\/yritys\/referenssit\/","title":{"rendered":"Referenssit"},"content":{"rendered":"<div class=\"headline\">\n<h2>Referenssit<\/h2>\n<\/div>\n<h3>Kiit\u00e4mme palautteesta!<\/h3>\n<p>Enko on toiminut Evacin alihankkijana jo yli 10 vuotta. Enko tekee tiivist\u00e4 yhteisty\u00f6t\u00e4 muiden alihankkijoidemme kanssa. Enko on sis\u00e4ist\u00e4nyt t\u00e4ydellisesti vaativien asiakkaidemme ja kohderyhmiemme tuotteille ja komponenteille esitt\u00e4m\u00e4t korkeat laatuvaatimukset. Enko on suorastaan poikkeuksellinen, sill\u00e4 se pystyy tarjoamaan kaikkea \u201dkumista muoviin ja metalliin\u201d.<\/p>\n<p><strong>Jouni Piironen, Evac Oy<\/strong><\/p>\n<hr \/>\n<p>Olemme tehneet yhteisty\u00f6t\u00e4 Enkon kanssa jo 1995 alkaen, joten kumppanuudellamme on pitk\u00e4t perinteet. Olemme tyytyv\u00e4isi\u00e4 tuotteiden laatuun sek\u00e4 muihin Enkon meille tarjoamiin palveluihin.<\/p>\n<p><strong>Margareta Granlund, Ahlsell Sverige AB<\/strong><\/p>\n<hr \/>\n<p>Yhteisty\u00f6mme on kest\u00e4nyt pitk\u00e4\u00e4n, ja olemme olleet tyytyv\u00e4isi\u00e4 Enkoon: toimitukset ovat aina sujuneet sovitusti ja kaikki ongelmat on ratkaistu. Enko on oman alansa p\u00e4tev\u00e4 asiantuntijayritys.<\/p>\n<p><strong>Aare Kaljurand, InCap Electronics Estonia O\u00dc<\/strong><\/p>\n<hr \/>\n<p>Yritysmaailmassa menesty\u00e4kseen on oltava kilpailijoita parempi ainakin yhdess\u00e4 asiassa. K\u00e4sitys vallitsevasta kysynn\u00e4st\u00e4 ja tarjonnasta on muuttumassa. Ideat ja niiden hy\u00f6dynt\u00e4minen on \u00e4\u00e4rimm\u00e4isen t\u00e4rke\u00e4\u00e4 liiketoiminnan tulevaisuuden kannalta. Muiden tuotteiden matkiminen on paljon helpompaa kuin osaamisen kopioiminen. T\u00e4m\u00e4 on t\u00e4rke\u00e4\u00e4, sill\u00e4 jos tuotteita tarkastellaan osaamisen n\u00e4k\u00f6kulmasta, ne ovat erinomainen kilpailuvaltti. Ideat ovat arvokkaita. Mutta ne eiv\u00e4t ole k\u00e4sin kosketeltavissa. Ideat ovat ulottumattomissamme. Aineeton p\u00e4\u00e4oma on uuden tietoon perustuvan talouden kantava voima, ja my\u00f6s Enkon vahvuus sek\u00e4 kilpailuetu. Enko on investoinut p\u00e4tev\u00e4\u00e4n ty\u00f6voimaan, joten meill\u00e4 on kilpailuetu muihin yrityksiin n\u00e4hden. Samalla\u00a0Enkon asiakkaiden kilpailukyky kehittyy Enkon kanssa teht\u00e4v\u00e4n yhteisty\u00f6n ansiosta.<\/p>\n<p><strong>M\u00e4rt Agur, Henkel Makroflex AS<\/strong><\/p>\n<hr \/>\n<p>AS ENKO \u2013 aito perheyritys. Luotettava yhteisty\u00f6kumppani, joka toimittaa laadukkaat tuotteet sovitusti. Arvostan yhteisty\u00f6ss\u00e4mme erityisesti sit\u00e4, ett\u00e4 ratkaisut korvaavat ongelmat.<\/p>\n<p><strong>Heimo Tammiste, Alppilux O\u00dc<\/strong><\/p>\n<hr \/>\n<p>NOTE P\u00e4rnu O\u00dc ja Enko aloittivat yhteisty\u00f6ns\u00e4 jo silloin, kun olimme viel\u00e4 pieni yritys nimelt\u00e4 Paitec Elektroonika. Enko oli er\u00e4s ensimm\u00e4isi\u00e4 yhteisty\u00f6kumppaneitamme Virossa\u00a0 etsiess\u00e4mme vaihtoehtoja suomalaisille metallintoimittajille. Enkon asenne on aina ollut eritt\u00e4in positiivinen ja yhteisty\u00f6kykyinen. Laatu- tai toimitusongelmia ei ole.<\/p>\n<p><strong>K\u00fclli M\u00fc\u00fcr, NOTE P\u00e4rnu O\u00dc<\/strong><\/p>\n","protected":false},"excerpt":{"rendered":"<p>Referenssit Kiit\u00e4mme palautteesta! Enko on toiminut Evacin alihankkijana jo yli 10 vuotta. Enko tekee tiivist\u00e4 yhteisty\u00f6t\u00e4 muiden alihankkijoidemme kanssa. Enko on sis\u00e4ist\u00e4nyt t\u00e4ydellisesti vaativien asiakkaidemme ja kohderyhmiemme tuotteille ja komponenteille&#8230;<\/p>\n","protected":false},"author":3,"featured_media":0,"parent":4937,"menu_order":3,"comment_status":"closed","ping_status":"closed","template":"","meta":{"_monsterinsights_skip_tracking":false,"_monsterinsights_sitenote_active":false,"_monsterinsights_sitenote_note":"","_monsterinsights_sitenote_category":0,"footnotes":""},"class_list":["post-4945","page","type-page","status-publish"],"yoast_head":"<!-- This site is optimized with the Yoast SEO plugin v22.2 - https:\/\/yoast.com\/wordpress\/plugins\/seo\/ -->\n<title>Referenssit - Enko AS<\/title>\n<meta name=\"robots\" content=\"index, follow, max-snippet:-1, max-image-preview:large, max-video-preview:-1\" \/>\n<link rel=\"canonical\" href=\"https:\/\/enko.ee\/fi\/yritys\/referenssit\/\" \/>\n<meta property=\"og:locale\" content=\"fi_FI\" \/>\n<meta property=\"og:type\" content=\"article\" \/>\n<meta property=\"og:title\" content=\"Referenssit - Enko AS\" \/>\n<meta property=\"og:description\" content=\"Referenssit Kiit\u00e4mme palautteesta! Enko on toiminut Evacin alihankkijana jo yli 10 vuotta. Enko tekee tiivist\u00e4 yhteisty\u00f6t\u00e4 muiden alihankkijoidemme kanssa. Enko on sis\u00e4ist\u00e4nyt t\u00e4ydellisesti vaativien asiakkaidemme ja kohderyhmiemme tuotteille ja komponenteille...\" \/>\n<meta property=\"og:url\" content=\"https:\/\/enko.ee\/fi\/yritys\/referenssit\/\" \/>\n<meta property=\"og:site_name\" content=\"Enko AS\" \/>\n<meta property=\"article:modified_time\" content=\"2018-08-28T10:53:03+00:00\" \/>\n<meta name=\"twitter:card\" content=\"summary_large_image\" \/>\n<meta name=\"twitter:label1\" content=\"Arvioitu lukuaika\" \/>\n\t<meta name=\"twitter:data1\" content=\"2 minuuttia\" \/>\n<script type=\"application\/ld+json\" class=\"yoast-schema-graph\">{\"@context\":\"https:\/\/schema.org\",\"@graph\":[{\"@type\":\"WebPage\",\"@id\":\"https:\/\/enko.ee\/fi\/yritys\/referenssit\/\",\"url\":\"https:\/\/enko.ee\/fi\/yritys\/referenssit\/\",\"name\":\"Referenssit - Enko AS\",\"isPartOf\":{\"@id\":\"https:\/\/enko.ee\/fi\/#website\"},\"datePublished\":\"2018-08-28T10:52:29+00:00\",\"dateModified\":\"2018-08-28T10:53:03+00:00\",\"breadcrumb\":{\"@id\":\"https:\/\/enko.ee\/fi\/yritys\/referenssit\/#breadcrumb\"},\"inLanguage\":\"fi\",\"potentialAction\":[{\"@type\":\"ReadAction\",\"target\":[\"https:\/\/enko.ee\/fi\/yritys\/referenssit\/\"]}]},{\"@type\":\"BreadcrumbList\",\"@id\":\"https:\/\/enko.ee\/fi\/yritys\/referenssit\/#breadcrumb\",\"itemListElement\":[{\"@type\":\"ListItem\",\"position\":1,\"name\":\"Home\",\"item\":\"https:\/\/enko.ee\/fi\/\"},{\"@type\":\"ListItem\",\"position\":2,\"name\":\"Yritys\",\"item\":\"https:\/\/enko.ee\/fi\/about-us\/\"},{\"@type\":\"ListItem\",\"position\":3,\"name\":\"Referenssit\"}]},{\"@type\":\"WebSite\",\"@id\":\"https:\/\/enko.ee\/fi\/#website\",\"url\":\"https:\/\/enko.ee\/fi\/\",\"name\":\"Enko AS\",\"description\":\"Metallist, plastikust ja kummist detailide \/ toodete kavandamine, tootmine ning montaa\u017e. Plasti \/ kummi survevalu, lehtmetalli t&ouml;&ouml;tlemine, valuvormide ja stantside projekteerimine, valmistamine ja modifitseerimine. Kinnitusvahendid.\",\"potentialAction\":[{\"@type\":\"SearchAction\",\"target\":{\"@type\":\"EntryPoint\",\"urlTemplate\":\"https:\/\/enko.ee\/fi\/?s={search_term_string}\"},\"query-input\":\"required name=search_term_string\"}],\"inLanguage\":\"fi\"}]}<\/script>\n<!-- \/ Yoast SEO plugin. -->","yoast_head_json":{"title":"Referenssit - Enko AS","robots":{"index":"index","follow":"follow","max-snippet":"max-snippet:-1","max-image-preview":"max-image-preview:large","max-video-preview":"max-video-preview:-1"},"canonical":"https:\/\/enko.ee\/fi\/yritys\/referenssit\/","og_locale":"fi_FI","og_type":"article","og_title":"Referenssit - Enko AS","og_description":"Referenssit Kiit\u00e4mme palautteesta! Enko on toiminut Evacin alihankkijana jo yli 10 vuotta. Enko tekee tiivist\u00e4 yhteisty\u00f6t\u00e4 muiden alihankkijoidemme kanssa. Enko on sis\u00e4ist\u00e4nyt t\u00e4ydellisesti vaativien asiakkaidemme ja kohderyhmiemme tuotteille ja komponenteille...","og_url":"https:\/\/enko.ee\/fi\/yritys\/referenssit\/","og_site_name":"Enko AS","article_modified_time":"2018-08-28T10:53:03+00:00","twitter_card":"summary_large_image","twitter_misc":{"Arvioitu lukuaika":"2 minuuttia"},"schema":{"@context":"https:\/\/schema.org","@graph":[{"@type":"WebPage","@id":"https:\/\/enko.ee\/fi\/yritys\/referenssit\/","url":"https:\/\/enko.ee\/fi\/yritys\/referenssit\/","name":"Referenssit - Enko AS","isPartOf":{"@id":"https:\/\/enko.ee\/fi\/#website"},"datePublished":"2018-08-28T10:52:29+00:00","dateModified":"2018-08-28T10:53:03+00:00","breadcrumb":{"@id":"https:\/\/enko.ee\/fi\/yritys\/referenssit\/#breadcrumb"},"inLanguage":"fi","potentialAction":[{"@type":"ReadAction","target":["https:\/\/enko.ee\/fi\/yritys\/referenssit\/"]}]},{"@type":"BreadcrumbList","@id":"https:\/\/enko.ee\/fi\/yritys\/referenssit\/#breadcrumb","itemListElement":[{"@type":"ListItem","position":1,"name":"Home","item":"https:\/\/enko.ee\/fi\/"},{"@type":"ListItem","position":2,"name":"Yritys","item":"https:\/\/enko.ee\/fi\/about-us\/"},{"@type":"ListItem","position":3,"name":"Referenssit"}]},{"@type":"WebSite","@id":"https:\/\/enko.ee\/fi\/#website","url":"https:\/\/enko.ee\/fi\/","name":"Enko AS","description":"Metallist, plastikust ja kummist detailide \/ toodete kavandamine, tootmine ning montaa\u017e. Plasti \/ kummi survevalu, lehtmetalli t&ouml;&ouml;tlemine, valuvormide ja stantside projekteerimine, valmistamine ja modifitseerimine. Kinnitusvahendid.","potentialAction":[{"@type":"SearchAction","target":{"@type":"EntryPoint","urlTemplate":"https:\/\/enko.ee\/fi\/?s={search_term_string}"},"query-input":"required name=search_term_string"}],"inLanguage":"fi"}]}},"_links":{"self":[{"href":"https:\/\/enko.ee\/fi\/wp-json\/wp\/v2\/pages\/4945","targetHints":{"allow":["GET"]}}],"collection":[{"href":"https:\/\/enko.ee\/fi\/wp-json\/wp\/v2\/pages"}],"about":[{"href":"https:\/\/enko.ee\/fi\/wp-json\/wp\/v2\/types\/page"}],"author":[{"embeddable":true,"href":"https:\/\/enko.ee\/fi\/wp-json\/wp\/v2\/users\/3"}],"replies":[{"embeddable":true,"href":"https:\/\/enko.ee\/fi\/wp-json\/wp\/v2\/comments?post=4945"}],"version-history":[{"count":2,"href":"https:\/\/enko.ee\/fi\/wp-json\/wp\/v2\/pages\/4945\/revisions"}],"predecessor-version":[{"id":4947,"href":"https:\/\/enko.ee\/fi\/wp-json\/wp\/v2\/pages\/4945\/revisions\/4947"}],"up":[{"embeddable":true,"href":"https:\/\/enko.ee\/fi\/wp-json\/wp\/v2\/pages\/4937"}],"wp:attachment":[{"href":"https:\/\/enko.ee\/fi\/wp-json\/wp\/v2\/media?parent=4945"}],"curies":[{"name":"wp","href":"https:\/\/api.w.org\/{rel}","templated":true}]}}