{"id":4948,"date":"2018-08-28T14:10:15","date_gmt":"2018-08-28T11:10:15","guid":{"rendered":"http:\/\/enko.ee\/fi\/?page_id=4948"},"modified":"2020-02-11T11:21:09","modified_gmt":"2020-02-11T09:21:09","slug":"suunnittelupalvelut","status":"publish","type":"page","link":"https:\/\/enko.ee\/fi\/suunnittelupalvelut\/","title":{"rendered":"Suunnittelupalvelut &#8211; valumuotit, varusteet"},"content":{"rendered":"<h1>Suunnittelupalvelut &#8211; valumuotit, varusteet<\/h1>\n<p>P\u00e4tev\u00e4 tutkimus- ja kehitystoiminta on olennainen osa kilpailukykyist\u00e4 ja innovatiivista tuotantoyrityst\u00e4. Tutkimus- ja kehitysyksikk\u00f6mme tutkii, suunnittelee, kehitt\u00e4\u00e4 ja varmistaa laadun. Hallitsemme suunnittelun ja mallinnuksen, tuote- ja valmistusteknologioiden laadinnan, juurrutuksen ja hy\u00f6dynt\u00e4misen, mittaukset, testauksen sek\u00e4 laadunvarmistuksen.<\/p>\n<p>Hyv\u00e4ksytyss\u00e4 laboratoriossamme on nykyaikaiset testaus- ja tutkimuslaitteet. Kaikki puoli- ja valmistuotteemme tarkastetaan perusteellisesti, jotta ne vastaisivat varmasti asiakkaidemme korkeita laatuvaatimuksia. Teemme tiivist\u00e4 yhteisty\u00f6t\u00e4 asiakkaidemme kanssa kehitt\u00e4ess\u00e4mme uusia menetelmi\u00e4 ja tuotteita.<\/p>\n<p>ENKOn kehitt\u00e4mill\u00e4 tuotteilla on yhteens\u00e4 7 patenttia, 7 hy\u00f6dyllist\u00e4 mallia ja 2 rekister\u00f6ity\u00e4 teollista toteutusratkaisua.<\/p>\n<h2>Oman alansa asiantuntija<\/h2>\n<p>Tutkimuksesta, suunnittelusta ja tuotekehityksest\u00e4 vastaavat p\u00e4tev\u00e4t insin\u00f6\u00f6rimme. Henkil\u00f6st\u00f6ll\u00e4mme on muovi-, kumi- ja metallituotteiden kehitt\u00e4miseen tarvittava osaaminen ja kokemus.<\/p>\n<p>Tuotannon parissa ty\u00f6skentelev\u00e4t insin\u00f6\u00f6rimme vastaavat tarkoitustenmukaisten valmistusprosessien suunnittelusta ja tarvittavista s\u00e4\u00e4d\u00f6ist\u00e4 sek\u00e4 niiden hy\u00f6dynt\u00e4misest\u00e4 tuotannossa.<\/p>\n<p>Suunnittelussa, kehitt\u00e4misess\u00e4 ja valmistuksessa k\u00e4ytett\u00e4vien\u00a0 prosessien laadukkuuden varmistaa vankka osaaminen, joka k\u00e4sitt\u00e4\u00e4:<\/p>\n<p><img loading=\"lazy\" decoding=\"async\" class=\"alignright wp-image-2817 size-full\" src=\"https:\/\/enko.ee\/wp-content\/uploads\/2016\/11\/Research-Development-2.png\" alt=\"enko - valumuotit\" width=\"250\" height=\"267\" \/><\/p>\n<ul>\n<li>Tuotteet<\/li>\n<li>Stanssit<\/li>\n<li>Valumuotit<\/li>\n<li>Valmistusprosessit<\/li>\n<li>Varusteet<\/li>\n<li>Apuv\u00e4lineet jne.<\/li>\n<\/ul>\n<p>ENKO k\u00e4ytt\u00e4\u00e4 nykyaikaisia ty\u00f6v\u00e4lineit\u00e4 ja ohjelmia tuotannon edellytt\u00e4mien piirustusten ja suunnitelmien laadinnassa. Suunnittelijamme hallitsevat muun muassa seuraavat ohjelmistot: Solid Edge, AutoCAD, Mold Design Bundle, Moldwizard jne.<\/p>\n<h2><span lang=\"fi\">Valumuotit, varusteet &#8211; Lue lis\u00e4\u00e4<\/span><\/h2>\n<p>ENKO on er\u00e4s harvoja yrityksi\u00e4, joilla riitt\u00e4\u00e4 osaamista tehd\u00e4 asiakkaan ideasta valmiiksi pakattu tuote alusta loppuun saakka. Emme vain suunnittele ja valmista, vaan toimiva infrastruktuurimme mahdollistaa my\u00f6s kilpailukykyiset hinnat.<\/p>\n<p>Ota yhteytt\u00e4, ja kerromme lis\u00e4\u00e4 tuotekehityksest\u00e4mme.<\/p>\n<p><img loading=\"lazy\" decoding=\"async\" class=\"alignnone size-medium wp-image-5045\" src=\"https:\/\/enko.ee\/wp-content\/uploads\/2016\/11\/cropped-enko-picon-300x300.png\" alt=\"VALUMOUTIT\" width=\"300\" height=\"300\" srcset=\"https:\/\/enko.ee\/wp-content\/uploads\/2016\/11\/cropped-enko-picon-300x300.png 300w, https:\/\/enko.ee\/wp-content\/uploads\/2016\/11\/cropped-enko-picon-150x150.png 150w, https:\/\/enko.ee\/wp-content\/uploads\/2016\/11\/cropped-enko-picon-50x50.png 50w, https:\/\/enko.ee\/wp-content\/uploads\/2016\/11\/cropped-enko-picon-100x100.png 100w, https:\/\/enko.ee\/wp-content\/uploads\/2016\/11\/cropped-enko-picon-500x500.png 500w, https:\/\/enko.ee\/wp-content\/uploads\/2016\/11\/cropped-enko-picon-270x270.png 270w, https:\/\/enko.ee\/wp-content\/uploads\/2016\/11\/cropped-enko-picon-192x192.png 192w, https:\/\/enko.ee\/wp-content\/uploads\/2016\/11\/cropped-enko-picon-180x180.png 180w, https:\/\/enko.ee\/wp-content\/uploads\/2016\/11\/cropped-enko-picon-32x32.png 32w, https:\/\/enko.ee\/wp-content\/uploads\/2016\/11\/cropped-enko-picon.png 512w\" sizes=\"auto, (max-width: 300px) 100vw, 300px\" \/><\/p>\n","protected":false},"excerpt":{"rendered":"<p>Suunnittelupalvelut &#8211; valumuotit, varusteet P\u00e4tev\u00e4 tutkimus- ja kehitystoiminta on olennainen osa kilpailukykyist\u00e4 ja innovatiivista tuotantoyrityst\u00e4. Tutkimus- ja kehitysyksikk\u00f6mme tutkii, suunnittelee, kehitt\u00e4\u00e4 ja varmistaa laadun. Hallitsemme suunnittelun ja mallinnuksen, tuote- ja&#8230;<\/p>\n","protected":false},"author":3,"featured_media":0,"parent":0,"menu_order":3,"comment_status":"closed","ping_status":"closed","template":"","meta":{"_monsterinsights_skip_tracking":false,"_monsterinsights_sitenote_active":false,"_monsterinsights_sitenote_note":"","_monsterinsights_sitenote_category":0,"footnotes":""},"class_list":["post-4948","page","type-page","status-publish"],"yoast_head":"<!-- This site is optimized with the Yoast SEO plugin v22.2 - https:\/\/yoast.com\/wordpress\/plugins\/seo\/ -->\n<title>Valumuotit, stanssit, Apuv\u00e4lineet, Varusteet - Enko AS<\/title>\n<meta name=\"description\" content=\"P\u00e4tev\u00e4 tutkimus- ja kehitystoiminta on olennainen osa kilpailukykyist\u00e4 ja innovatiivista tuotantoyrityst\u00e4. Valumuotit, stanssit, Apuv\u00e4lineet jne.\" \/>\n<meta name=\"robots\" content=\"index, follow, max-snippet:-1, max-image-preview:large, max-video-preview:-1\" \/>\n<link rel=\"canonical\" href=\"https:\/\/enko.ee\/fi\/suunnittelupalvelut\/\" \/>\n<meta property=\"og:locale\" content=\"fi_FI\" \/>\n<meta property=\"og:type\" content=\"article\" \/>\n<meta property=\"og:title\" content=\"Valumuotit, stanssit, Apuv\u00e4lineet, Varusteet - Enko AS\" \/>\n<meta property=\"og:description\" content=\"P\u00e4tev\u00e4 tutkimus- ja kehitystoiminta on olennainen osa kilpailukykyist\u00e4 ja innovatiivista tuotantoyrityst\u00e4. Valumuotit, stanssit, Apuv\u00e4lineet jne.\" \/>\n<meta property=\"og:url\" content=\"https:\/\/enko.ee\/fi\/suunnittelupalvelut\/\" \/>\n<meta property=\"og:site_name\" content=\"Enko AS\" \/>\n<meta property=\"article:modified_time\" content=\"2020-02-11T09:21:09+00:00\" \/>\n<meta property=\"og:image\" content=\"https:\/\/enko.ee\/wp-content\/uploads\/2016\/11\/Research-Development-2.png\" \/>\n<meta name=\"twitter:card\" content=\"summary_large_image\" \/>\n<meta name=\"twitter:label1\" content=\"Arvioitu lukuaika\" \/>\n\t<meta name=\"twitter:data1\" content=\"1 minuutti\" \/>\n<script type=\"application\/ld+json\" class=\"yoast-schema-graph\">{\"@context\":\"https:\/\/schema.org\",\"@graph\":[{\"@type\":\"WebPage\",\"@id\":\"https:\/\/enko.ee\/fi\/suunnittelupalvelut\/\",\"url\":\"https:\/\/enko.ee\/fi\/suunnittelupalvelut\/\",\"name\":\"Valumuotit, stanssit, Apuv\u00e4lineet, Varusteet - Enko AS\",\"isPartOf\":{\"@id\":\"https:\/\/enko.ee\/fi\/#website\"},\"primaryImageOfPage\":{\"@id\":\"https:\/\/enko.ee\/fi\/suunnittelupalvelut\/#primaryimage\"},\"image\":{\"@id\":\"https:\/\/enko.ee\/fi\/suunnittelupalvelut\/#primaryimage\"},\"thumbnailUrl\":\"https:\/\/enko.ee\/wp-content\/uploads\/2016\/11\/Research-Development-2.png\",\"datePublished\":\"2018-08-28T11:10:15+00:00\",\"dateModified\":\"2020-02-11T09:21:09+00:00\",\"description\":\"P\u00e4tev\u00e4 tutkimus- ja kehitystoiminta on olennainen osa kilpailukykyist\u00e4 ja innovatiivista tuotantoyrityst\u00e4. Valumuotit, stanssit, Apuv\u00e4lineet jne.\",\"breadcrumb\":{\"@id\":\"https:\/\/enko.ee\/fi\/suunnittelupalvelut\/#breadcrumb\"},\"inLanguage\":\"fi\",\"potentialAction\":[{\"@type\":\"ReadAction\",\"target\":[\"https:\/\/enko.ee\/fi\/suunnittelupalvelut\/\"]}]},{\"@type\":\"ImageObject\",\"inLanguage\":\"fi\",\"@id\":\"https:\/\/enko.ee\/fi\/suunnittelupalvelut\/#primaryimage\",\"url\":\"https:\/\/enko.ee\/wp-content\/uploads\/2016\/11\/Research-Development-2.png\",\"contentUrl\":\"https:\/\/enko.ee\/wp-content\/uploads\/2016\/11\/Research-Development-2.png\",\"width\":250,\"height\":267},{\"@type\":\"BreadcrumbList\",\"@id\":\"https:\/\/enko.ee\/fi\/suunnittelupalvelut\/#breadcrumb\",\"itemListElement\":[{\"@type\":\"ListItem\",\"position\":1,\"name\":\"Home\",\"item\":\"https:\/\/enko.ee\/fi\/\"},{\"@type\":\"ListItem\",\"position\":2,\"name\":\"Suunnittelupalvelut &#8211; valumuotit, varusteet\"}]},{\"@type\":\"WebSite\",\"@id\":\"https:\/\/enko.ee\/fi\/#website\",\"url\":\"https:\/\/enko.ee\/fi\/\",\"name\":\"Enko AS\",\"description\":\"Metallist, plastikust ja kummist detailide \/ toodete kavandamine, tootmine ning montaa\u017e. Plasti \/ kummi survevalu, lehtmetalli t&ouml;&ouml;tlemine, valuvormide ja stantside projekteerimine, valmistamine ja modifitseerimine. Kinnitusvahendid.\",\"potentialAction\":[{\"@type\":\"SearchAction\",\"target\":{\"@type\":\"EntryPoint\",\"urlTemplate\":\"https:\/\/enko.ee\/fi\/?s={search_term_string}\"},\"query-input\":\"required name=search_term_string\"}],\"inLanguage\":\"fi\"}]}<\/script>\n<!-- \/ Yoast SEO plugin. -->","yoast_head_json":{"title":"Valumuotit, stanssit, Apuv\u00e4lineet, Varusteet - Enko AS","description":"P\u00e4tev\u00e4 tutkimus- ja kehitystoiminta on olennainen osa kilpailukykyist\u00e4 ja innovatiivista tuotantoyrityst\u00e4. Valumuotit, stanssit, Apuv\u00e4lineet jne.","robots":{"index":"index","follow":"follow","max-snippet":"max-snippet:-1","max-image-preview":"max-image-preview:large","max-video-preview":"max-video-preview:-1"},"canonical":"https:\/\/enko.ee\/fi\/suunnittelupalvelut\/","og_locale":"fi_FI","og_type":"article","og_title":"Valumuotit, stanssit, Apuv\u00e4lineet, Varusteet - Enko AS","og_description":"P\u00e4tev\u00e4 tutkimus- ja kehitystoiminta on olennainen osa kilpailukykyist\u00e4 ja innovatiivista tuotantoyrityst\u00e4. Valumuotit, stanssit, Apuv\u00e4lineet jne.","og_url":"https:\/\/enko.ee\/fi\/suunnittelupalvelut\/","og_site_name":"Enko AS","article_modified_time":"2020-02-11T09:21:09+00:00","og_image":[{"url":"https:\/\/enko.ee\/wp-content\/uploads\/2016\/11\/Research-Development-2.png"}],"twitter_card":"summary_large_image","twitter_misc":{"Arvioitu lukuaika":"1 minuutti"},"schema":{"@context":"https:\/\/schema.org","@graph":[{"@type":"WebPage","@id":"https:\/\/enko.ee\/fi\/suunnittelupalvelut\/","url":"https:\/\/enko.ee\/fi\/suunnittelupalvelut\/","name":"Valumuotit, stanssit, Apuv\u00e4lineet, Varusteet - Enko AS","isPartOf":{"@id":"https:\/\/enko.ee\/fi\/#website"},"primaryImageOfPage":{"@id":"https:\/\/enko.ee\/fi\/suunnittelupalvelut\/#primaryimage"},"image":{"@id":"https:\/\/enko.ee\/fi\/suunnittelupalvelut\/#primaryimage"},"thumbnailUrl":"https:\/\/enko.ee\/wp-content\/uploads\/2016\/11\/Research-Development-2.png","datePublished":"2018-08-28T11:10:15+00:00","dateModified":"2020-02-11T09:21:09+00:00","description":"P\u00e4tev\u00e4 tutkimus- ja kehitystoiminta on olennainen osa kilpailukykyist\u00e4 ja innovatiivista tuotantoyrityst\u00e4. Valumuotit, stanssit, Apuv\u00e4lineet jne.","breadcrumb":{"@id":"https:\/\/enko.ee\/fi\/suunnittelupalvelut\/#breadcrumb"},"inLanguage":"fi","potentialAction":[{"@type":"ReadAction","target":["https:\/\/enko.ee\/fi\/suunnittelupalvelut\/"]}]},{"@type":"ImageObject","inLanguage":"fi","@id":"https:\/\/enko.ee\/fi\/suunnittelupalvelut\/#primaryimage","url":"https:\/\/enko.ee\/wp-content\/uploads\/2016\/11\/Research-Development-2.png","contentUrl":"https:\/\/enko.ee\/wp-content\/uploads\/2016\/11\/Research-Development-2.png","width":250,"height":267},{"@type":"BreadcrumbList","@id":"https:\/\/enko.ee\/fi\/suunnittelupalvelut\/#breadcrumb","itemListElement":[{"@type":"ListItem","position":1,"name":"Home","item":"https:\/\/enko.ee\/fi\/"},{"@type":"ListItem","position":2,"name":"Suunnittelupalvelut &#8211; valumuotit, varusteet"}]},{"@type":"WebSite","@id":"https:\/\/enko.ee\/fi\/#website","url":"https:\/\/enko.ee\/fi\/","name":"Enko AS","description":"Metallist, plastikust ja kummist detailide \/ toodete kavandamine, tootmine ning montaa\u017e. Plasti \/ kummi survevalu, lehtmetalli t&ouml;&ouml;tlemine, valuvormide ja stantside projekteerimine, valmistamine ja modifitseerimine. Kinnitusvahendid.","potentialAction":[{"@type":"SearchAction","target":{"@type":"EntryPoint","urlTemplate":"https:\/\/enko.ee\/fi\/?s={search_term_string}"},"query-input":"required name=search_term_string"}],"inLanguage":"fi"}]}},"_links":{"self":[{"href":"https:\/\/enko.ee\/fi\/wp-json\/wp\/v2\/pages\/4948","targetHints":{"allow":["GET"]}}],"collection":[{"href":"https:\/\/enko.ee\/fi\/wp-json\/wp\/v2\/pages"}],"about":[{"href":"https:\/\/enko.ee\/fi\/wp-json\/wp\/v2\/types\/page"}],"author":[{"embeddable":true,"href":"https:\/\/enko.ee\/fi\/wp-json\/wp\/v2\/users\/3"}],"replies":[{"embeddable":true,"href":"https:\/\/enko.ee\/fi\/wp-json\/wp\/v2\/comments?post=4948"}],"version-history":[{"count":7,"href":"https:\/\/enko.ee\/fi\/wp-json\/wp\/v2\/pages\/4948\/revisions"}],"predecessor-version":[{"id":6173,"href":"https:\/\/enko.ee\/fi\/wp-json\/wp\/v2\/pages\/4948\/revisions\/6173"}],"wp:attachment":[{"href":"https:\/\/enko.ee\/fi\/wp-json\/wp\/v2\/media?parent=4948"}],"curies":[{"name":"wp","href":"https:\/\/api.w.org\/{rel}","templated":true}]}}