{"id":4953,"date":"2018-08-28T14:15:30","date_gmt":"2018-08-28T11:15:30","guid":{"rendered":"http:\/\/enko.ee\/fi\/?page_id=4953"},"modified":"2019-05-20T14:02:53","modified_gmt":"2019-05-20T11:02:53","slug":"valmistus-ja-kokoaminen","status":"publish","type":"page","link":"https:\/\/enko.ee\/fi\/valmistus-ja-kokoaminen\/","title":{"rendered":"Tuotanto ja kokoonpano"},"content":{"rendered":"<h1>Tuotanto ja kokoonpano<\/h1>\n<p>Laajat omat resurssit sek\u00e4 erilaisten materiaalien ty\u00f6st\u00f6\u00f6n liittyv\u00e4 osaaminen ovat ENKOn kilpailuetuja. Tuotesuunnittelu ja -kehitys; metallin k\u00e4sittely; muovin, kumin ja silikonin ruiskupuristus; valmiiden osien ja komponenttien\u00a0kokoaminen vaativiksi puoli- ja valmistuotteiksi sek\u00e4 keskeytykset\u00f6n laadunvarmistus ja lopputestaukset. Kaikki n\u00e4m\u00e4 sek\u00e4 monipuoliset lis\u00e4palvelut voi tilata suoraan meilt\u00e4, mik\u00e4 auttaa oleellisesti v\u00e4hent\u00e4m\u00e4\u00e4n toimitusketjun kustannuksia. Useat yritykset tilaavat muovi-, kumi ja metallituotteiden alihankinnan erikseen. ENKOn asiakkaille yhteisty\u00f6mme tarkoittaa kilpailuetua, sill\u00e4 he voivat olla varmoja siit\u00e4, ett\u00e4 toimitukset sujuvat hallitusti ja ammattitaidolla.<\/p>\n<p>N\u00e4ytteit\u00e4 alihankintana valmistamistamme tuotteista voi katsella <a href=\"http:\/\/enko.ee\/fi\/tuotteet\/\">T\u00c4\u00c4LL\u00c4<\/a><\/p>\n<p>&nbsp;<\/p>\n<p><span lang=\"fi\">Lue lis\u00e4\u00e4 valmistus- ja kokoamispalveluistamme:<\/span><\/p>\n<ul>\n<li><a href=\"http:\/\/enko.ee\/fi\/valmistus-ja-kokoaminen\/tarvikkeiden-valmistus\/\">Tarvikkeiden valmistus<\/a><\/li>\n<li><a href=\"http:\/\/enko.ee\/fi\/valmistus-ja-kokoaminen\/ruiskupuristus\/\">Muovin ja kumin ruiskupuristus<\/a><\/li>\n<li><a href=\"http:\/\/enko.ee\/fi\/valmistus-ja-kokoaminen\/metallin-tyosto\/\">Metallin k\u00e4sittely<\/a><\/li>\n<li><a href=\"http:\/\/enko.ee\/fi\/valmistus-ja-kokoaminen\/tukipalvelut\/\">Tukipalvelut<\/a><\/li>\n<li><a href=\"http:\/\/enko.ee\/fi\/valmistus-ja-kokoaminen\/kokoaminen-ja-pakkaaminen\/\">Kokoaminen ja pakkaaminen<\/a><\/li>\n<\/ul>\n<p>&nbsp;<\/p>\n<p><img loading=\"lazy\" decoding=\"async\" class=\"alignnone wp-image-2821 size-full\" src=\"https:\/\/enko.ee\/wp-content\/uploads\/2016\/11\/plastic-department-enko-as-e1480334809415.jpg\" alt=\"Tuotanto ja kokoonpano\" width=\"780\" height=\"230\" srcset=\"https:\/\/enko.ee\/wp-content\/uploads\/2016\/11\/plastic-department-enko-as-e1480334809415.jpg 780w, https:\/\/enko.ee\/wp-content\/uploads\/2016\/11\/plastic-department-enko-as-e1480334809415-300x88.jpg 300w, https:\/\/enko.ee\/wp-content\/uploads\/2016\/11\/plastic-department-enko-as-e1480334809415-768x226.jpg 768w\" sizes=\"auto, (max-width: 780px) 100vw, 780px\" \/><\/p>\n","protected":false},"excerpt":{"rendered":"<p>Tuotanto ja kokoonpano Laajat omat resurssit sek\u00e4 erilaisten materiaalien ty\u00f6st\u00f6\u00f6n liittyv\u00e4 osaaminen ovat ENKOn kilpailuetuja. Tuotesuunnittelu ja -kehitys; metallin k\u00e4sittely; muovin, kumin ja silikonin ruiskupuristus; valmiiden osien ja komponenttien\u00a0kokoaminen vaativiksi&#8230;<\/p>\n","protected":false},"author":3,"featured_media":0,"parent":0,"menu_order":4,"comment_status":"closed","ping_status":"closed","template":"","meta":{"_monsterinsights_skip_tracking":false,"_monsterinsights_sitenote_active":false,"_monsterinsights_sitenote_note":"","_monsterinsights_sitenote_category":0,"footnotes":""},"class_list":["post-4953","page","type-page","status-publish"],"yoast_head":"<!-- This site is optimized with the Yoast SEO plugin v22.2 - https:\/\/yoast.com\/wordpress\/plugins\/seo\/ -->\n<title>Tuotanto ja kokoonpano - Enko AS<\/title>\n<meta name=\"description\" content=\"Tuotanto ja kokoonpano. Laajat omat resurssit sek\u00e4 erilaisten materiaalien ty\u00f6st\u00f6\u00f6n liittyv\u00e4 osaaminen ovat ENKOn kilpailuetuja. Lue lis\u00e4\u00e4.\" \/>\n<meta name=\"robots\" content=\"index, follow, max-snippet:-1, max-image-preview:large, max-video-preview:-1\" \/>\n<link rel=\"canonical\" href=\"https:\/\/enko.ee\/fi\/valmistus-ja-kokoaminen\/\" \/>\n<meta property=\"og:locale\" content=\"fi_FI\" \/>\n<meta property=\"og:type\" content=\"article\" \/>\n<meta property=\"og:title\" content=\"Tuotanto ja kokoonpano - Enko AS\" \/>\n<meta property=\"og:description\" content=\"Tuotanto ja kokoonpano. Laajat omat resurssit sek\u00e4 erilaisten materiaalien ty\u00f6st\u00f6\u00f6n liittyv\u00e4 osaaminen ovat ENKOn kilpailuetuja. Lue lis\u00e4\u00e4.\" \/>\n<meta property=\"og:url\" content=\"https:\/\/enko.ee\/fi\/valmistus-ja-kokoaminen\/\" \/>\n<meta property=\"og:site_name\" content=\"Enko AS\" \/>\n<meta property=\"article:modified_time\" content=\"2019-05-20T11:02:53+00:00\" \/>\n<meta property=\"og:image\" content=\"https:\/\/enko.ee\/wp-content\/uploads\/2016\/11\/plastic-department-enko-as-e1480334809415.jpg\" \/>\n<meta name=\"twitter:card\" content=\"summary_large_image\" \/>\n<meta name=\"twitter:label1\" content=\"Arvioitu lukuaika\" \/>\n\t<meta name=\"twitter:data1\" content=\"1 minuutti\" \/>\n<script type=\"application\/ld+json\" class=\"yoast-schema-graph\">{\"@context\":\"https:\/\/schema.org\",\"@graph\":[{\"@type\":\"WebPage\",\"@id\":\"https:\/\/enko.ee\/fi\/valmistus-ja-kokoaminen\/\",\"url\":\"https:\/\/enko.ee\/fi\/valmistus-ja-kokoaminen\/\",\"name\":\"Tuotanto ja kokoonpano - Enko AS\",\"isPartOf\":{\"@id\":\"https:\/\/enko.ee\/fi\/#website\"},\"primaryImageOfPage\":{\"@id\":\"https:\/\/enko.ee\/fi\/valmistus-ja-kokoaminen\/#primaryimage\"},\"image\":{\"@id\":\"https:\/\/enko.ee\/fi\/valmistus-ja-kokoaminen\/#primaryimage\"},\"thumbnailUrl\":\"https:\/\/enko.ee\/wp-content\/uploads\/2016\/11\/plastic-department-enko-as-e1480334809415.jpg\",\"datePublished\":\"2018-08-28T11:15:30+00:00\",\"dateModified\":\"2019-05-20T11:02:53+00:00\",\"description\":\"Tuotanto ja kokoonpano. Laajat omat resurssit sek\u00e4 erilaisten materiaalien ty\u00f6st\u00f6\u00f6n liittyv\u00e4 osaaminen ovat ENKOn kilpailuetuja. Lue lis\u00e4\u00e4.\",\"breadcrumb\":{\"@id\":\"https:\/\/enko.ee\/fi\/valmistus-ja-kokoaminen\/#breadcrumb\"},\"inLanguage\":\"fi\",\"potentialAction\":[{\"@type\":\"ReadAction\",\"target\":[\"https:\/\/enko.ee\/fi\/valmistus-ja-kokoaminen\/\"]}]},{\"@type\":\"ImageObject\",\"inLanguage\":\"fi\",\"@id\":\"https:\/\/enko.ee\/fi\/valmistus-ja-kokoaminen\/#primaryimage\",\"url\":\"https:\/\/enko.ee\/wp-content\/uploads\/2016\/11\/plastic-department-enko-as-e1480334809415.jpg\",\"contentUrl\":\"https:\/\/enko.ee\/wp-content\/uploads\/2016\/11\/plastic-department-enko-as-e1480334809415.jpg\",\"width\":780,\"height\":230},{\"@type\":\"BreadcrumbList\",\"@id\":\"https:\/\/enko.ee\/fi\/valmistus-ja-kokoaminen\/#breadcrumb\",\"itemListElement\":[{\"@type\":\"ListItem\",\"position\":1,\"name\":\"Home\",\"item\":\"https:\/\/enko.ee\/fi\/\"},{\"@type\":\"ListItem\",\"position\":2,\"name\":\"Tuotanto ja kokoonpano\"}]},{\"@type\":\"WebSite\",\"@id\":\"https:\/\/enko.ee\/fi\/#website\",\"url\":\"https:\/\/enko.ee\/fi\/\",\"name\":\"Enko AS\",\"description\":\"Metallist, plastikust ja kummist detailide \/ toodete kavandamine, tootmine ning montaa\u017e. Plasti \/ kummi survevalu, lehtmetalli t&ouml;&ouml;tlemine, valuvormide ja stantside projekteerimine, valmistamine ja modifitseerimine. Kinnitusvahendid.\",\"potentialAction\":[{\"@type\":\"SearchAction\",\"target\":{\"@type\":\"EntryPoint\",\"urlTemplate\":\"https:\/\/enko.ee\/fi\/?s={search_term_string}\"},\"query-input\":\"required name=search_term_string\"}],\"inLanguage\":\"fi\"}]}<\/script>\n<!-- \/ Yoast SEO plugin. -->","yoast_head_json":{"title":"Tuotanto ja kokoonpano - Enko AS","description":"Tuotanto ja kokoonpano. Laajat omat resurssit sek\u00e4 erilaisten materiaalien ty\u00f6st\u00f6\u00f6n liittyv\u00e4 osaaminen ovat ENKOn kilpailuetuja. Lue lis\u00e4\u00e4.","robots":{"index":"index","follow":"follow","max-snippet":"max-snippet:-1","max-image-preview":"max-image-preview:large","max-video-preview":"max-video-preview:-1"},"canonical":"https:\/\/enko.ee\/fi\/valmistus-ja-kokoaminen\/","og_locale":"fi_FI","og_type":"article","og_title":"Tuotanto ja kokoonpano - Enko AS","og_description":"Tuotanto ja kokoonpano. Laajat omat resurssit sek\u00e4 erilaisten materiaalien ty\u00f6st\u00f6\u00f6n liittyv\u00e4 osaaminen ovat ENKOn kilpailuetuja. Lue lis\u00e4\u00e4.","og_url":"https:\/\/enko.ee\/fi\/valmistus-ja-kokoaminen\/","og_site_name":"Enko AS","article_modified_time":"2019-05-20T11:02:53+00:00","og_image":[{"url":"https:\/\/enko.ee\/wp-content\/uploads\/2016\/11\/plastic-department-enko-as-e1480334809415.jpg"}],"twitter_card":"summary_large_image","twitter_misc":{"Arvioitu lukuaika":"1 minuutti"},"schema":{"@context":"https:\/\/schema.org","@graph":[{"@type":"WebPage","@id":"https:\/\/enko.ee\/fi\/valmistus-ja-kokoaminen\/","url":"https:\/\/enko.ee\/fi\/valmistus-ja-kokoaminen\/","name":"Tuotanto ja kokoonpano - Enko AS","isPartOf":{"@id":"https:\/\/enko.ee\/fi\/#website"},"primaryImageOfPage":{"@id":"https:\/\/enko.ee\/fi\/valmistus-ja-kokoaminen\/#primaryimage"},"image":{"@id":"https:\/\/enko.ee\/fi\/valmistus-ja-kokoaminen\/#primaryimage"},"thumbnailUrl":"https:\/\/enko.ee\/wp-content\/uploads\/2016\/11\/plastic-department-enko-as-e1480334809415.jpg","datePublished":"2018-08-28T11:15:30+00:00","dateModified":"2019-05-20T11:02:53+00:00","description":"Tuotanto ja kokoonpano. Laajat omat resurssit sek\u00e4 erilaisten materiaalien ty\u00f6st\u00f6\u00f6n liittyv\u00e4 osaaminen ovat ENKOn kilpailuetuja. Lue lis\u00e4\u00e4.","breadcrumb":{"@id":"https:\/\/enko.ee\/fi\/valmistus-ja-kokoaminen\/#breadcrumb"},"inLanguage":"fi","potentialAction":[{"@type":"ReadAction","target":["https:\/\/enko.ee\/fi\/valmistus-ja-kokoaminen\/"]}]},{"@type":"ImageObject","inLanguage":"fi","@id":"https:\/\/enko.ee\/fi\/valmistus-ja-kokoaminen\/#primaryimage","url":"https:\/\/enko.ee\/wp-content\/uploads\/2016\/11\/plastic-department-enko-as-e1480334809415.jpg","contentUrl":"https:\/\/enko.ee\/wp-content\/uploads\/2016\/11\/plastic-department-enko-as-e1480334809415.jpg","width":780,"height":230},{"@type":"BreadcrumbList","@id":"https:\/\/enko.ee\/fi\/valmistus-ja-kokoaminen\/#breadcrumb","itemListElement":[{"@type":"ListItem","position":1,"name":"Home","item":"https:\/\/enko.ee\/fi\/"},{"@type":"ListItem","position":2,"name":"Tuotanto ja kokoonpano"}]},{"@type":"WebSite","@id":"https:\/\/enko.ee\/fi\/#website","url":"https:\/\/enko.ee\/fi\/","name":"Enko AS","description":"Metallist, plastikust ja kummist detailide \/ toodete kavandamine, tootmine ning montaa\u017e. Plasti \/ kummi survevalu, lehtmetalli t&ouml;&ouml;tlemine, valuvormide ja stantside projekteerimine, valmistamine ja modifitseerimine. Kinnitusvahendid.","potentialAction":[{"@type":"SearchAction","target":{"@type":"EntryPoint","urlTemplate":"https:\/\/enko.ee\/fi\/?s={search_term_string}"},"query-input":"required name=search_term_string"}],"inLanguage":"fi"}]}},"_links":{"self":[{"href":"https:\/\/enko.ee\/fi\/wp-json\/wp\/v2\/pages\/4953","targetHints":{"allow":["GET"]}}],"collection":[{"href":"https:\/\/enko.ee\/fi\/wp-json\/wp\/v2\/pages"}],"about":[{"href":"https:\/\/enko.ee\/fi\/wp-json\/wp\/v2\/types\/page"}],"author":[{"embeddable":true,"href":"https:\/\/enko.ee\/fi\/wp-json\/wp\/v2\/users\/3"}],"replies":[{"embeddable":true,"href":"https:\/\/enko.ee\/fi\/wp-json\/wp\/v2\/comments?post=4953"}],"version-history":[{"count":8,"href":"https:\/\/enko.ee\/fi\/wp-json\/wp\/v2\/pages\/4953\/revisions"}],"predecessor-version":[{"id":6145,"href":"https:\/\/enko.ee\/fi\/wp-json\/wp\/v2\/pages\/4953\/revisions\/6145"}],"wp:attachment":[{"href":"https:\/\/enko.ee\/fi\/wp-json\/wp\/v2\/media?parent=4953"}],"curies":[{"name":"wp","href":"https:\/\/api.w.org\/{rel}","templated":true}]}}