{"id":4956,"date":"2018-08-28T14:24:34","date_gmt":"2018-08-28T11:24:34","guid":{"rendered":"http:\/\/enko.ee\/fi\/?page_id=4956"},"modified":"2018-08-28T14:24:34","modified_gmt":"2018-08-28T11:24:34","slug":"fysikaalinen-hoyrypinnoitus-pvd","status":"publish","type":"page","link":"https:\/\/enko.ee\/fi\/valmistus-ja-kokoaminen\/fysikaalinen-hoyrypinnoitus-pvd\/","title":{"rendered":"Fysikaalinen h\u00f6yrypinnoitus  \u2013 PVD"},"content":{"rendered":"<h2>Fysikaalinen h\u00f6yrypinnoitus\u00a0 \u2013 PVD<\/h2>\n<p>ENKO AS ryhtyi k\u00e4ytt\u00e4m\u00e4\u00e4n fysikaalista h\u00f6yrypinnoitusta (Physical Vapor Deposition, PVD) muoviosien metallipinnoituksessa 2016<\/p>\n<p>Menetelm\u00e4 korvaa esimerkiksi sellaisen perinteisen menetelm\u00e4n kuin galvanointi. Menetelm\u00e4\u00e4 voidaan k\u00e4ytt\u00e4\u00e4 materiaalista riippumatta (muovi, metalli, lasi jne.), ja se on my\u00f6s ymp\u00e4rist\u00f6yst\u00e4v\u00e4llinen.<\/p>\n<p>PVD-menetelm\u00e4 mahdollistaa muovituotteiden ja -osien todella monipuolisen viimeistelyn (esimerkiksi kiilt\u00e4v\u00e4t metallipinnat). Metallipinnoitus suojataan tehokkaalla kemiallisella tai perinteisell\u00e4 lakkauksella. L\u00e4pin\u00e4kyv\u00e4\u00e4n lakkaan voidaan tarvittaessa sekoittaa v\u00e4riaineita sopivan v\u00e4ris\u00e4vyn aikaansaamiseksi.<\/p>\n<p>PDV-linjasto on italialaisen Kolzer Vacuum Technologiesin valmistama ja mahdollistaa pintaviimeistelyn esimerkiksi alumiinin l\u00e4mp\u00f6h\u00f6yrystyksell\u00e4 ja sputteroinnilla. Kammion tiedot: sis\u00e4halkaisija \u2013 1 000 mm, syvyys \u2013 1 200 mm, teho \u2013 4\u00d710\u20134 Torr.<\/p>\n<p><iframe loading=\"lazy\" width=\"1080\" height=\"608\" src=\"https:\/\/www.youtube.com\/embed\/7taUqhmiLwk?feature=oembed\" frameborder=\"0\" allow=\"autoplay; encrypted-media\" allowfullscreen><\/iframe><\/p>\n<p><iframe loading=\"lazy\" width=\"1080\" height=\"608\" src=\"https:\/\/www.youtube.com\/embed\/2fwK9sF6aWU?feature=oembed\" frameborder=\"0\" allow=\"autoplay; encrypted-media\" allowfullscreen><\/iframe><\/p>\n","protected":false},"excerpt":{"rendered":"<p>Fysikaalinen h\u00f6yrypinnoitus\u00a0 \u2013 PVD ENKO AS ryhtyi k\u00e4ytt\u00e4m\u00e4\u00e4n fysikaalista h\u00f6yrypinnoitusta (Physical Vapor Deposition, PVD) muoviosien metallipinnoituksessa 2016 Menetelm\u00e4 korvaa esimerkiksi sellaisen perinteisen menetelm\u00e4n kuin galvanointi. Menetelm\u00e4\u00e4 voidaan k\u00e4ytt\u00e4\u00e4 materiaalista riippumatta&#8230;<\/p>\n","protected":false},"author":3,"featured_media":0,"parent":4953,"menu_order":1,"comment_status":"closed","ping_status":"closed","template":"","meta":{"_monsterinsights_skip_tracking":false,"_monsterinsights_sitenote_active":false,"_monsterinsights_sitenote_note":"","_monsterinsights_sitenote_category":0,"footnotes":""},"class_list":["post-4956","page","type-page","status-publish"],"yoast_head":"<!-- This site is optimized with the Yoast SEO plugin v22.2 - https:\/\/yoast.com\/wordpress\/plugins\/seo\/ -->\n<title>Fysikaalinen h\u00f6yrypinnoitus \u2013 PVD - Enko AS<\/title>\n<meta name=\"robots\" content=\"index, follow, max-snippet:-1, max-image-preview:large, max-video-preview:-1\" \/>\n<link rel=\"canonical\" href=\"https:\/\/enko.ee\/fi\/valmistus-ja-kokoaminen\/fysikaalinen-hoyrypinnoitus-pvd\/\" \/>\n<meta property=\"og:locale\" content=\"fi_FI\" \/>\n<meta property=\"og:type\" content=\"article\" \/>\n<meta property=\"og:title\" content=\"Fysikaalinen h\u00f6yrypinnoitus \u2013 PVD - Enko AS\" \/>\n<meta property=\"og:description\" content=\"Fysikaalinen h\u00f6yrypinnoitus\u00a0 \u2013 PVD ENKO AS ryhtyi k\u00e4ytt\u00e4m\u00e4\u00e4n fysikaalista h\u00f6yrypinnoitusta (Physical Vapor Deposition, PVD) muoviosien metallipinnoituksessa 2016 Menetelm\u00e4 korvaa esimerkiksi sellaisen perinteisen menetelm\u00e4n kuin galvanointi. Menetelm\u00e4\u00e4 voidaan k\u00e4ytt\u00e4\u00e4 materiaalista riippumatta...\" \/>\n<meta property=\"og:url\" content=\"https:\/\/enko.ee\/fi\/valmistus-ja-kokoaminen\/fysikaalinen-hoyrypinnoitus-pvd\/\" \/>\n<meta property=\"og:site_name\" content=\"Enko AS\" \/>\n<meta name=\"twitter:card\" content=\"summary_large_image\" \/>\n<meta name=\"twitter:label1\" content=\"Arvioitu lukuaika\" \/>\n\t<meta name=\"twitter:data1\" content=\"1 minuutti\" \/>\n<script type=\"application\/ld+json\" class=\"yoast-schema-graph\">{\"@context\":\"https:\/\/schema.org\",\"@graph\":[{\"@type\":\"WebPage\",\"@id\":\"https:\/\/enko.ee\/fi\/valmistus-ja-kokoaminen\/fysikaalinen-hoyrypinnoitus-pvd\/\",\"url\":\"https:\/\/enko.ee\/fi\/valmistus-ja-kokoaminen\/fysikaalinen-hoyrypinnoitus-pvd\/\",\"name\":\"Fysikaalinen h\u00f6yrypinnoitus \u2013 PVD - Enko AS\",\"isPartOf\":{\"@id\":\"https:\/\/enko.ee\/fi\/#website\"},\"datePublished\":\"2018-08-28T11:24:34+00:00\",\"dateModified\":\"2018-08-28T11:24:34+00:00\",\"breadcrumb\":{\"@id\":\"https:\/\/enko.ee\/fi\/valmistus-ja-kokoaminen\/fysikaalinen-hoyrypinnoitus-pvd\/#breadcrumb\"},\"inLanguage\":\"fi\",\"potentialAction\":[{\"@type\":\"ReadAction\",\"target\":[\"https:\/\/enko.ee\/fi\/valmistus-ja-kokoaminen\/fysikaalinen-hoyrypinnoitus-pvd\/\"]}]},{\"@type\":\"BreadcrumbList\",\"@id\":\"https:\/\/enko.ee\/fi\/valmistus-ja-kokoaminen\/fysikaalinen-hoyrypinnoitus-pvd\/#breadcrumb\",\"itemListElement\":[{\"@type\":\"ListItem\",\"position\":1,\"name\":\"Home\",\"item\":\"https:\/\/enko.ee\/fi\/\"},{\"@type\":\"ListItem\",\"position\":2,\"name\":\"Tuotanto ja kokoonpano\",\"item\":\"https:\/\/enko.ee\/fi\/valmistus-ja-kokoaminen\/\"},{\"@type\":\"ListItem\",\"position\":3,\"name\":\"Fysikaalinen h\u00f6yrypinnoitus \u2013 PVD\"}]},{\"@type\":\"WebSite\",\"@id\":\"https:\/\/enko.ee\/fi\/#website\",\"url\":\"https:\/\/enko.ee\/fi\/\",\"name\":\"Enko AS\",\"description\":\"Metallist, plastikust ja kummist detailide \/ toodete kavandamine, tootmine ning montaa\u017e. Plasti \/ kummi survevalu, lehtmetalli t&ouml;&ouml;tlemine, valuvormide ja stantside projekteerimine, valmistamine ja modifitseerimine. Kinnitusvahendid.\",\"potentialAction\":[{\"@type\":\"SearchAction\",\"target\":{\"@type\":\"EntryPoint\",\"urlTemplate\":\"https:\/\/enko.ee\/fi\/?s={search_term_string}\"},\"query-input\":\"required name=search_term_string\"}],\"inLanguage\":\"fi\"}]}<\/script>\n<!-- \/ Yoast SEO plugin. -->","yoast_head_json":{"title":"Fysikaalinen h\u00f6yrypinnoitus \u2013 PVD - Enko AS","robots":{"index":"index","follow":"follow","max-snippet":"max-snippet:-1","max-image-preview":"max-image-preview:large","max-video-preview":"max-video-preview:-1"},"canonical":"https:\/\/enko.ee\/fi\/valmistus-ja-kokoaminen\/fysikaalinen-hoyrypinnoitus-pvd\/","og_locale":"fi_FI","og_type":"article","og_title":"Fysikaalinen h\u00f6yrypinnoitus \u2013 PVD - Enko AS","og_description":"Fysikaalinen h\u00f6yrypinnoitus\u00a0 \u2013 PVD ENKO AS ryhtyi k\u00e4ytt\u00e4m\u00e4\u00e4n fysikaalista h\u00f6yrypinnoitusta (Physical Vapor Deposition, PVD) muoviosien metallipinnoituksessa 2016 Menetelm\u00e4 korvaa esimerkiksi sellaisen perinteisen menetelm\u00e4n kuin galvanointi. Menetelm\u00e4\u00e4 voidaan k\u00e4ytt\u00e4\u00e4 materiaalista riippumatta...","og_url":"https:\/\/enko.ee\/fi\/valmistus-ja-kokoaminen\/fysikaalinen-hoyrypinnoitus-pvd\/","og_site_name":"Enko AS","twitter_card":"summary_large_image","twitter_misc":{"Arvioitu lukuaika":"1 minuutti"},"schema":{"@context":"https:\/\/schema.org","@graph":[{"@type":"WebPage","@id":"https:\/\/enko.ee\/fi\/valmistus-ja-kokoaminen\/fysikaalinen-hoyrypinnoitus-pvd\/","url":"https:\/\/enko.ee\/fi\/valmistus-ja-kokoaminen\/fysikaalinen-hoyrypinnoitus-pvd\/","name":"Fysikaalinen h\u00f6yrypinnoitus \u2013 PVD - Enko AS","isPartOf":{"@id":"https:\/\/enko.ee\/fi\/#website"},"datePublished":"2018-08-28T11:24:34+00:00","dateModified":"2018-08-28T11:24:34+00:00","breadcrumb":{"@id":"https:\/\/enko.ee\/fi\/valmistus-ja-kokoaminen\/fysikaalinen-hoyrypinnoitus-pvd\/#breadcrumb"},"inLanguage":"fi","potentialAction":[{"@type":"ReadAction","target":["https:\/\/enko.ee\/fi\/valmistus-ja-kokoaminen\/fysikaalinen-hoyrypinnoitus-pvd\/"]}]},{"@type":"BreadcrumbList","@id":"https:\/\/enko.ee\/fi\/valmistus-ja-kokoaminen\/fysikaalinen-hoyrypinnoitus-pvd\/#breadcrumb","itemListElement":[{"@type":"ListItem","position":1,"name":"Home","item":"https:\/\/enko.ee\/fi\/"},{"@type":"ListItem","position":2,"name":"Tuotanto ja kokoonpano","item":"https:\/\/enko.ee\/fi\/valmistus-ja-kokoaminen\/"},{"@type":"ListItem","position":3,"name":"Fysikaalinen h\u00f6yrypinnoitus \u2013 PVD"}]},{"@type":"WebSite","@id":"https:\/\/enko.ee\/fi\/#website","url":"https:\/\/enko.ee\/fi\/","name":"Enko AS","description":"Metallist, plastikust ja kummist detailide \/ toodete kavandamine, tootmine ning montaa\u017e. Plasti \/ kummi survevalu, lehtmetalli t&ouml;&ouml;tlemine, valuvormide ja stantside projekteerimine, valmistamine ja modifitseerimine. Kinnitusvahendid.","potentialAction":[{"@type":"SearchAction","target":{"@type":"EntryPoint","urlTemplate":"https:\/\/enko.ee\/fi\/?s={search_term_string}"},"query-input":"required name=search_term_string"}],"inLanguage":"fi"}]}},"_links":{"self":[{"href":"https:\/\/enko.ee\/fi\/wp-json\/wp\/v2\/pages\/4956","targetHints":{"allow":["GET"]}}],"collection":[{"href":"https:\/\/enko.ee\/fi\/wp-json\/wp\/v2\/pages"}],"about":[{"href":"https:\/\/enko.ee\/fi\/wp-json\/wp\/v2\/types\/page"}],"author":[{"embeddable":true,"href":"https:\/\/enko.ee\/fi\/wp-json\/wp\/v2\/users\/3"}],"replies":[{"embeddable":true,"href":"https:\/\/enko.ee\/fi\/wp-json\/wp\/v2\/comments?post=4956"}],"version-history":[{"count":1,"href":"https:\/\/enko.ee\/fi\/wp-json\/wp\/v2\/pages\/4956\/revisions"}],"predecessor-version":[{"id":4957,"href":"https:\/\/enko.ee\/fi\/wp-json\/wp\/v2\/pages\/4956\/revisions\/4957"}],"up":[{"embeddable":true,"href":"https:\/\/enko.ee\/fi\/wp-json\/wp\/v2\/pages\/4953"}],"wp:attachment":[{"href":"https:\/\/enko.ee\/fi\/wp-json\/wp\/v2\/media?parent=4956"}],"curies":[{"name":"wp","href":"https:\/\/api.w.org\/{rel}","templated":true}]}}