{"id":4958,"date":"2018-08-28T14:25:27","date_gmt":"2018-08-28T11:25:27","guid":{"rendered":"http:\/\/enko.ee\/fi\/?page_id=4958"},"modified":"2018-08-28T14:25:27","modified_gmt":"2018-08-28T11:25:27","slug":"tarvikkeiden-valmistus","status":"publish","type":"page","link":"https:\/\/enko.ee\/fi\/valmistus-ja-kokoaminen\/tarvikkeiden-valmistus\/","title":{"rendered":"Tarvikkeiden valmistus"},"content":{"rendered":"<h2>Tarvikkeiden valmistus<\/h2>\n<p>Muottien, stanssien ja muiden valmistuksessa tarvittavien ty\u00f6kalujen valmistus.<\/p>\n<p>Vuonna 1995 perustettu ty\u00f6kaluyksikk\u00f6mme hy\u00f6dynt\u00e4\u00e4 uusinta teknologiaa valumuottien ja stanssien valmistuksessa.<\/p>\n<ul>\n<li>Valumuottien ja stanssien valmistus, huolto ja korjaus. K\u00e4yt\u00e4mme omassa tuotannossamme noin 200 valumuottia ja 250 stanssia.<\/li>\n<li>Hiomakoneet, CNC-jyrsimet, CAD\/CAM-j\u00e4rjestelm\u00e4t, ty\u00f6st\u00f6koneet ja kipin\u00e4ty\u00f6st\u00f6koneet sek\u00e4 erilaiset leikkurit ja puhalluslaitteet.<\/li>\n<li>Valumuottien ja stanssien enimm\u00e4iskoko on 500 x 500 mm<\/li>\n<\/ul>\n<p><img loading=\"lazy\" decoding=\"async\" class=\"wp-image-2836 alignnone\" src=\"\/wp-content\/uploads\/2016\/11\/tool-shop-enko-as-estonia-1-300x225.jpg\" alt=\"tool-shop-enko-as-estonia-1\" width=\"273\" height=\"205\" srcset=\"https:\/\/enko.ee\/wp-content\/uploads\/2016\/11\/tool-shop-enko-as-estonia-1-300x225.jpg 300w, https:\/\/enko.ee\/wp-content\/uploads\/2016\/11\/tool-shop-enko-as-estonia-1.jpg 448w\" sizes=\"auto, (max-width: 273px) 100vw, 273px\" \/>\u00a0 \u00a0 \u00a0 \u00a0\u00a0<img loading=\"lazy\" decoding=\"async\" class=\"wp-image-2835 alignnone\" src=\"\/wp-content\/uploads\/2016\/11\/tool-shop-enko-as-estonia-3-300x225.jpg\" alt=\"tool-shop-enko-as-estonia-3\" width=\"273\" height=\"205\" srcset=\"https:\/\/enko.ee\/wp-content\/uploads\/2016\/11\/tool-shop-enko-as-estonia-3-300x225.jpg 300w, https:\/\/enko.ee\/wp-content\/uploads\/2016\/11\/tool-shop-enko-as-estonia-3.jpg 448w\" sizes=\"auto, (max-width: 273px) 100vw, 273px\" \/><\/p>\n","protected":false},"excerpt":{"rendered":"<p>Tarvikkeiden valmistus Muottien, stanssien ja muiden valmistuksessa tarvittavien ty\u00f6kalujen valmistus. Vuonna 1995 perustettu ty\u00f6kaluyksikk\u00f6mme hy\u00f6dynt\u00e4\u00e4 uusinta teknologiaa valumuottien ja stanssien valmistuksessa. Valumuottien ja stanssien valmistus, huolto ja korjaus. K\u00e4yt\u00e4mme omassa&#8230;<\/p>\n","protected":false},"author":3,"featured_media":6069,"parent":4953,"menu_order":2,"comment_status":"closed","ping_status":"closed","template":"","meta":{"_monsterinsights_skip_tracking":false,"_monsterinsights_sitenote_active":false,"_monsterinsights_sitenote_note":"","_monsterinsights_sitenote_category":0,"footnotes":""},"class_list":["post-4958","page","type-page","status-publish","has-post-thumbnail"],"yoast_head":"<!-- This site is optimized with the Yoast SEO plugin v22.2 - https:\/\/yoast.com\/wordpress\/plugins\/seo\/ -->\n<title>Tarvikkeiden valmistus - Enko AS<\/title>\n<meta name=\"robots\" content=\"index, follow, max-snippet:-1, max-image-preview:large, max-video-preview:-1\" \/>\n<link rel=\"canonical\" href=\"https:\/\/enko.ee\/fi\/valmistus-ja-kokoaminen\/tarvikkeiden-valmistus\/\" \/>\n<meta property=\"og:locale\" content=\"fi_FI\" \/>\n<meta property=\"og:type\" content=\"article\" \/>\n<meta property=\"og:title\" content=\"Tarvikkeiden valmistus - Enko AS\" \/>\n<meta property=\"og:description\" content=\"Tarvikkeiden valmistus Muottien, stanssien ja muiden valmistuksessa tarvittavien ty\u00f6kalujen valmistus. Vuonna 1995 perustettu ty\u00f6kaluyksikk\u00f6mme hy\u00f6dynt\u00e4\u00e4 uusinta teknologiaa valumuottien ja stanssien valmistuksessa. Valumuottien ja stanssien valmistus, huolto ja korjaus. K\u00e4yt\u00e4mme omassa...\" \/>\n<meta property=\"og:url\" content=\"https:\/\/enko.ee\/fi\/valmistus-ja-kokoaminen\/tarvikkeiden-valmistus\/\" \/>\n<meta property=\"og:site_name\" content=\"Enko AS\" \/>\n<meta property=\"og:image\" content=\"https:\/\/enko.ee\/wp-content\/uploads\/2016\/11\/injection-molding-extrusion-enko-as-estonia.jpg\" \/>\n\t<meta property=\"og:image:width\" content=\"718\" \/>\n\t<meta property=\"og:image:height\" content=\"232\" \/>\n\t<meta property=\"og:image:type\" content=\"image\/jpeg\" \/>\n<meta name=\"twitter:card\" content=\"summary_large_image\" \/>\n<script type=\"application\/ld+json\" class=\"yoast-schema-graph\">{\"@context\":\"https:\/\/schema.org\",\"@graph\":[{\"@type\":\"WebPage\",\"@id\":\"https:\/\/enko.ee\/fi\/valmistus-ja-kokoaminen\/tarvikkeiden-valmistus\/\",\"url\":\"https:\/\/enko.ee\/fi\/valmistus-ja-kokoaminen\/tarvikkeiden-valmistus\/\",\"name\":\"Tarvikkeiden valmistus - Enko AS\",\"isPartOf\":{\"@id\":\"https:\/\/enko.ee\/fi\/#website\"},\"primaryImageOfPage\":{\"@id\":\"https:\/\/enko.ee\/fi\/valmistus-ja-kokoaminen\/tarvikkeiden-valmistus\/#primaryimage\"},\"image\":{\"@id\":\"https:\/\/enko.ee\/fi\/valmistus-ja-kokoaminen\/tarvikkeiden-valmistus\/#primaryimage\"},\"thumbnailUrl\":\"https:\/\/enko.ee\/wp-content\/uploads\/2016\/11\/injection-molding-extrusion-enko-as-estonia.jpg\",\"datePublished\":\"2018-08-28T11:25:27+00:00\",\"dateModified\":\"2018-08-28T11:25:27+00:00\",\"breadcrumb\":{\"@id\":\"https:\/\/enko.ee\/fi\/valmistus-ja-kokoaminen\/tarvikkeiden-valmistus\/#breadcrumb\"},\"inLanguage\":\"fi\",\"potentialAction\":[{\"@type\":\"ReadAction\",\"target\":[\"https:\/\/enko.ee\/fi\/valmistus-ja-kokoaminen\/tarvikkeiden-valmistus\/\"]}]},{\"@type\":\"ImageObject\",\"inLanguage\":\"fi\",\"@id\":\"https:\/\/enko.ee\/fi\/valmistus-ja-kokoaminen\/tarvikkeiden-valmistus\/#primaryimage\",\"url\":\"https:\/\/enko.ee\/wp-content\/uploads\/2016\/11\/injection-molding-extrusion-enko-as-estonia.jpg\",\"contentUrl\":\"https:\/\/enko.ee\/wp-content\/uploads\/2016\/11\/injection-molding-extrusion-enko-as-estonia.jpg\",\"width\":718,\"height\":232},{\"@type\":\"BreadcrumbList\",\"@id\":\"https:\/\/enko.ee\/fi\/valmistus-ja-kokoaminen\/tarvikkeiden-valmistus\/#breadcrumb\",\"itemListElement\":[{\"@type\":\"ListItem\",\"position\":1,\"name\":\"Home\",\"item\":\"https:\/\/enko.ee\/fi\/\"},{\"@type\":\"ListItem\",\"position\":2,\"name\":\"Tuotanto ja kokoonpano\",\"item\":\"https:\/\/enko.ee\/fi\/valmistus-ja-kokoaminen\/\"},{\"@type\":\"ListItem\",\"position\":3,\"name\":\"Tarvikkeiden valmistus\"}]},{\"@type\":\"WebSite\",\"@id\":\"https:\/\/enko.ee\/fi\/#website\",\"url\":\"https:\/\/enko.ee\/fi\/\",\"name\":\"Enko AS\",\"description\":\"Metallist, plastikust ja kummist detailide \/ toodete kavandamine, tootmine ning montaa\u017e. Plasti \/ kummi survevalu, lehtmetalli t&ouml;&ouml;tlemine, valuvormide ja stantside projekteerimine, valmistamine ja modifitseerimine. Kinnitusvahendid.\",\"potentialAction\":[{\"@type\":\"SearchAction\",\"target\":{\"@type\":\"EntryPoint\",\"urlTemplate\":\"https:\/\/enko.ee\/fi\/?s={search_term_string}\"},\"query-input\":\"required name=search_term_string\"}],\"inLanguage\":\"fi\"}]}<\/script>\n<!-- \/ Yoast SEO plugin. -->","yoast_head_json":{"title":"Tarvikkeiden valmistus - Enko AS","robots":{"index":"index","follow":"follow","max-snippet":"max-snippet:-1","max-image-preview":"max-image-preview:large","max-video-preview":"max-video-preview:-1"},"canonical":"https:\/\/enko.ee\/fi\/valmistus-ja-kokoaminen\/tarvikkeiden-valmistus\/","og_locale":"fi_FI","og_type":"article","og_title":"Tarvikkeiden valmistus - Enko AS","og_description":"Tarvikkeiden valmistus Muottien, stanssien ja muiden valmistuksessa tarvittavien ty\u00f6kalujen valmistus. Vuonna 1995 perustettu ty\u00f6kaluyksikk\u00f6mme hy\u00f6dynt\u00e4\u00e4 uusinta teknologiaa valumuottien ja stanssien valmistuksessa. Valumuottien ja stanssien valmistus, huolto ja korjaus. K\u00e4yt\u00e4mme omassa...","og_url":"https:\/\/enko.ee\/fi\/valmistus-ja-kokoaminen\/tarvikkeiden-valmistus\/","og_site_name":"Enko AS","og_image":[{"width":718,"height":232,"url":"https:\/\/enko.ee\/wp-content\/uploads\/2016\/11\/injection-molding-extrusion-enko-as-estonia.jpg","type":"image\/jpeg"}],"twitter_card":"summary_large_image","schema":{"@context":"https:\/\/schema.org","@graph":[{"@type":"WebPage","@id":"https:\/\/enko.ee\/fi\/valmistus-ja-kokoaminen\/tarvikkeiden-valmistus\/","url":"https:\/\/enko.ee\/fi\/valmistus-ja-kokoaminen\/tarvikkeiden-valmistus\/","name":"Tarvikkeiden valmistus - Enko AS","isPartOf":{"@id":"https:\/\/enko.ee\/fi\/#website"},"primaryImageOfPage":{"@id":"https:\/\/enko.ee\/fi\/valmistus-ja-kokoaminen\/tarvikkeiden-valmistus\/#primaryimage"},"image":{"@id":"https:\/\/enko.ee\/fi\/valmistus-ja-kokoaminen\/tarvikkeiden-valmistus\/#primaryimage"},"thumbnailUrl":"https:\/\/enko.ee\/wp-content\/uploads\/2016\/11\/injection-molding-extrusion-enko-as-estonia.jpg","datePublished":"2018-08-28T11:25:27+00:00","dateModified":"2018-08-28T11:25:27+00:00","breadcrumb":{"@id":"https:\/\/enko.ee\/fi\/valmistus-ja-kokoaminen\/tarvikkeiden-valmistus\/#breadcrumb"},"inLanguage":"fi","potentialAction":[{"@type":"ReadAction","target":["https:\/\/enko.ee\/fi\/valmistus-ja-kokoaminen\/tarvikkeiden-valmistus\/"]}]},{"@type":"ImageObject","inLanguage":"fi","@id":"https:\/\/enko.ee\/fi\/valmistus-ja-kokoaminen\/tarvikkeiden-valmistus\/#primaryimage","url":"https:\/\/enko.ee\/wp-content\/uploads\/2016\/11\/injection-molding-extrusion-enko-as-estonia.jpg","contentUrl":"https:\/\/enko.ee\/wp-content\/uploads\/2016\/11\/injection-molding-extrusion-enko-as-estonia.jpg","width":718,"height":232},{"@type":"BreadcrumbList","@id":"https:\/\/enko.ee\/fi\/valmistus-ja-kokoaminen\/tarvikkeiden-valmistus\/#breadcrumb","itemListElement":[{"@type":"ListItem","position":1,"name":"Home","item":"https:\/\/enko.ee\/fi\/"},{"@type":"ListItem","position":2,"name":"Tuotanto ja kokoonpano","item":"https:\/\/enko.ee\/fi\/valmistus-ja-kokoaminen\/"},{"@type":"ListItem","position":3,"name":"Tarvikkeiden valmistus"}]},{"@type":"WebSite","@id":"https:\/\/enko.ee\/fi\/#website","url":"https:\/\/enko.ee\/fi\/","name":"Enko AS","description":"Metallist, plastikust ja kummist detailide \/ toodete kavandamine, tootmine ning montaa\u017e. Plasti \/ kummi survevalu, lehtmetalli t&ouml;&ouml;tlemine, valuvormide ja stantside projekteerimine, valmistamine ja modifitseerimine. Kinnitusvahendid.","potentialAction":[{"@type":"SearchAction","target":{"@type":"EntryPoint","urlTemplate":"https:\/\/enko.ee\/fi\/?s={search_term_string}"},"query-input":"required name=search_term_string"}],"inLanguage":"fi"}]}},"_links":{"self":[{"href":"https:\/\/enko.ee\/fi\/wp-json\/wp\/v2\/pages\/4958","targetHints":{"allow":["GET"]}}],"collection":[{"href":"https:\/\/enko.ee\/fi\/wp-json\/wp\/v2\/pages"}],"about":[{"href":"https:\/\/enko.ee\/fi\/wp-json\/wp\/v2\/types\/page"}],"author":[{"embeddable":true,"href":"https:\/\/enko.ee\/fi\/wp-json\/wp\/v2\/users\/3"}],"replies":[{"embeddable":true,"href":"https:\/\/enko.ee\/fi\/wp-json\/wp\/v2\/comments?post=4958"}],"version-history":[{"count":1,"href":"https:\/\/enko.ee\/fi\/wp-json\/wp\/v2\/pages\/4958\/revisions"}],"predecessor-version":[{"id":4959,"href":"https:\/\/enko.ee\/fi\/wp-json\/wp\/v2\/pages\/4958\/revisions\/4959"}],"up":[{"embeddable":true,"href":"https:\/\/enko.ee\/fi\/wp-json\/wp\/v2\/pages\/4953"}],"wp:featuredmedia":[{"embeddable":true,"href":"https:\/\/enko.ee\/fi\/wp-json\/wp\/v2\/media\/6069"}],"wp:attachment":[{"href":"https:\/\/enko.ee\/fi\/wp-json\/wp\/v2\/media?parent=4958"}],"curies":[{"name":"wp","href":"https:\/\/api.w.org\/{rel}","templated":true}]}}