{"id":4960,"date":"2018-08-28T14:26:28","date_gmt":"2018-08-28T11:26:28","guid":{"rendered":"http:\/\/enko.ee\/fi\/?page_id=4960"},"modified":"2019-04-11T13:39:34","modified_gmt":"2019-04-11T10:39:34","slug":"ruiskupuristus","status":"publish","type":"page","link":"https:\/\/enko.ee\/fi\/valmistus-ja-kokoaminen\/ruiskupuristus\/","title":{"rendered":"Ruiskupuristus"},"content":{"rendered":"<h2>Ruiskupuristus<\/h2>\n<p>ENKO on valmistanut muovi-, kumi- ja silikonituotteita erilaisilla menetelmill\u00e4 jo vuodesta 1990 alkaen.<\/p>\n<p>K\u00e4yt\u00e4mme erilaisia ruiskupuristusmenetelmi\u00e4 ja moniv\u00e4rist\u00e4 sek\u00e4 useista komponenteista koostuvaa ruiskupuristusta. K\u00e4yt\u00e4mme Engelin ja Dong Shinin ruiskupuristimia.<\/p>\n<ul>\n<li>30 teholtaan\u00a0200\u20133000 kN ruiskupuristinta<\/li>\n<li>materiaalit: PP, PE, ABS, PC, PA, EPDM, TPE ja useat muut.<\/li>\n<li>Tuotteiden enimm\u00e4ispaino on 0,5 kg ja enimm\u00e4iskoko on 500 x 500 mm<\/li>\n<li>Tutustu tuoten\u00e4ytteisiin T\u00c4\u00c4LL\u00c4<\/li>\n<\/ul>\n<p>Ruiskupuristuksen lis\u00e4ksi k\u00e4yt\u00e4mme\u00a0 suulakepuristusta ja Paganin suulakepuristus- ja yhteisekstruusiolaitteita muoviputkien sek\u00e4 kaksiv\u00e4risten TPE-profiilien valmistukseen.<\/p>\n<p><img loading=\"lazy\" decoding=\"async\" class=\"wp-image-3453 alignnone\" src=\"\/wp-content\/uploads\/2016\/11\/extrusion-enko-as-estonia.jpg\" alt=\"Silikoni ruiskupuristus\" width=\"293\" height=\"195\" srcset=\"https:\/\/enko.ee\/wp-content\/uploads\/2016\/11\/extrusion-enko-as-estonia.jpg 448w, https:\/\/enko.ee\/wp-content\/uploads\/2016\/11\/extrusion-enko-as-estonia-300x200.jpg 300w\" sizes=\"auto, (max-width: 293px) 100vw, 293px\" \/>\u00a0 \u00a0 \u00a0 \u00a0 \u00a0<img loading=\"lazy\" decoding=\"async\" class=\"wp-image-3454 alignnone\" src=\"\/wp-content\/uploads\/2016\/11\/injection-molding-enko-as-estonia.jpg\" width=\"293\" height=\"195\" srcset=\"https:\/\/enko.ee\/wp-content\/uploads\/2016\/11\/injection-molding-enko-as-estonia.jpg 448w, https:\/\/enko.ee\/wp-content\/uploads\/2016\/11\/injection-molding-enko-as-estonia-300x200.jpg 300w\" sizes=\"auto, (max-width: 293px) 100vw, 293px\" \/><\/p>\n","protected":false},"excerpt":{"rendered":"<p>Ruiskupuristus ENKO on valmistanut muovi-, kumi- ja silikonituotteita erilaisilla menetelmill\u00e4 jo vuodesta 1990 alkaen. K\u00e4yt\u00e4mme erilaisia ruiskupuristusmenetelmi\u00e4 ja moniv\u00e4rist\u00e4 sek\u00e4 useista komponenteista koostuvaa ruiskupuristusta. K\u00e4yt\u00e4mme Engelin ja Dong Shinin ruiskupuristimia&#8230;.<\/p>\n","protected":false},"author":3,"featured_media":0,"parent":4953,"menu_order":3,"comment_status":"closed","ping_status":"closed","template":"","meta":{"_monsterinsights_skip_tracking":false,"_monsterinsights_sitenote_active":false,"_monsterinsights_sitenote_note":"","_monsterinsights_sitenote_category":0,"footnotes":""},"class_list":["post-4960","page","type-page","status-publish"],"yoast_head":"<!-- This site is optimized with the Yoast SEO plugin v22.2 - https:\/\/yoast.com\/wordpress\/plugins\/seo\/ -->\n<title>Ruiskupuristus - Enko AS<\/title>\n<meta name=\"description\" content=\"Silikoni ruiskupuristus. ENKO on valmistanut muovi-, kumi- ja silikonituotteita erilaisilla menetelmill\u00e4 jo vuodesta 1990 alkaen.\" \/>\n<meta name=\"robots\" content=\"index, follow, max-snippet:-1, max-image-preview:large, max-video-preview:-1\" \/>\n<link rel=\"canonical\" href=\"https:\/\/enko.ee\/fi\/valmistus-ja-kokoaminen\/ruiskupuristus\/\" \/>\n<meta property=\"og:locale\" content=\"fi_FI\" \/>\n<meta property=\"og:type\" content=\"article\" \/>\n<meta property=\"og:title\" content=\"Ruiskupuristus - Enko AS\" \/>\n<meta property=\"og:description\" content=\"Silikoni ruiskupuristus. ENKO on valmistanut muovi-, kumi- ja silikonituotteita erilaisilla menetelmill\u00e4 jo vuodesta 1990 alkaen.\" \/>\n<meta property=\"og:url\" content=\"https:\/\/enko.ee\/fi\/valmistus-ja-kokoaminen\/ruiskupuristus\/\" \/>\n<meta property=\"og:site_name\" content=\"Enko AS\" \/>\n<meta property=\"article:modified_time\" content=\"2019-04-11T10:39:34+00:00\" \/>\n<meta name=\"twitter:card\" content=\"summary_large_image\" \/>\n<script type=\"application\/ld+json\" class=\"yoast-schema-graph\">{\"@context\":\"https:\/\/schema.org\",\"@graph\":[{\"@type\":\"WebPage\",\"@id\":\"https:\/\/enko.ee\/fi\/valmistus-ja-kokoaminen\/ruiskupuristus\/\",\"url\":\"https:\/\/enko.ee\/fi\/valmistus-ja-kokoaminen\/ruiskupuristus\/\",\"name\":\"Ruiskupuristus - Enko AS\",\"isPartOf\":{\"@id\":\"https:\/\/enko.ee\/fi\/#website\"},\"datePublished\":\"2018-08-28T11:26:28+00:00\",\"dateModified\":\"2019-04-11T10:39:34+00:00\",\"description\":\"Silikoni ruiskupuristus. ENKO on valmistanut muovi-, kumi- ja silikonituotteita erilaisilla menetelmill\u00e4 jo vuodesta 1990 alkaen.\",\"breadcrumb\":{\"@id\":\"https:\/\/enko.ee\/fi\/valmistus-ja-kokoaminen\/ruiskupuristus\/#breadcrumb\"},\"inLanguage\":\"fi\",\"potentialAction\":[{\"@type\":\"ReadAction\",\"target\":[\"https:\/\/enko.ee\/fi\/valmistus-ja-kokoaminen\/ruiskupuristus\/\"]}]},{\"@type\":\"BreadcrumbList\",\"@id\":\"https:\/\/enko.ee\/fi\/valmistus-ja-kokoaminen\/ruiskupuristus\/#breadcrumb\",\"itemListElement\":[{\"@type\":\"ListItem\",\"position\":1,\"name\":\"Home\",\"item\":\"https:\/\/enko.ee\/fi\/\"},{\"@type\":\"ListItem\",\"position\":2,\"name\":\"Tuotanto ja kokoonpano\",\"item\":\"https:\/\/enko.ee\/fi\/valmistus-ja-kokoaminen\/\"},{\"@type\":\"ListItem\",\"position\":3,\"name\":\"Ruiskupuristus\"}]},{\"@type\":\"WebSite\",\"@id\":\"https:\/\/enko.ee\/fi\/#website\",\"url\":\"https:\/\/enko.ee\/fi\/\",\"name\":\"Enko AS\",\"description\":\"Metallist, plastikust ja kummist detailide \/ toodete kavandamine, tootmine ning montaa\u017e. Plasti \/ kummi survevalu, lehtmetalli t&ouml;&ouml;tlemine, valuvormide ja stantside projekteerimine, valmistamine ja modifitseerimine. Kinnitusvahendid.\",\"potentialAction\":[{\"@type\":\"SearchAction\",\"target\":{\"@type\":\"EntryPoint\",\"urlTemplate\":\"https:\/\/enko.ee\/fi\/?s={search_term_string}\"},\"query-input\":\"required name=search_term_string\"}],\"inLanguage\":\"fi\"}]}<\/script>\n<!-- \/ Yoast SEO plugin. -->","yoast_head_json":{"title":"Ruiskupuristus - Enko AS","description":"Silikoni ruiskupuristus. ENKO on valmistanut muovi-, kumi- ja silikonituotteita erilaisilla menetelmill\u00e4 jo vuodesta 1990 alkaen.","robots":{"index":"index","follow":"follow","max-snippet":"max-snippet:-1","max-image-preview":"max-image-preview:large","max-video-preview":"max-video-preview:-1"},"canonical":"https:\/\/enko.ee\/fi\/valmistus-ja-kokoaminen\/ruiskupuristus\/","og_locale":"fi_FI","og_type":"article","og_title":"Ruiskupuristus - Enko AS","og_description":"Silikoni ruiskupuristus. ENKO on valmistanut muovi-, kumi- ja silikonituotteita erilaisilla menetelmill\u00e4 jo vuodesta 1990 alkaen.","og_url":"https:\/\/enko.ee\/fi\/valmistus-ja-kokoaminen\/ruiskupuristus\/","og_site_name":"Enko AS","article_modified_time":"2019-04-11T10:39:34+00:00","twitter_card":"summary_large_image","schema":{"@context":"https:\/\/schema.org","@graph":[{"@type":"WebPage","@id":"https:\/\/enko.ee\/fi\/valmistus-ja-kokoaminen\/ruiskupuristus\/","url":"https:\/\/enko.ee\/fi\/valmistus-ja-kokoaminen\/ruiskupuristus\/","name":"Ruiskupuristus - Enko AS","isPartOf":{"@id":"https:\/\/enko.ee\/fi\/#website"},"datePublished":"2018-08-28T11:26:28+00:00","dateModified":"2019-04-11T10:39:34+00:00","description":"Silikoni ruiskupuristus. ENKO on valmistanut muovi-, kumi- ja silikonituotteita erilaisilla menetelmill\u00e4 jo vuodesta 1990 alkaen.","breadcrumb":{"@id":"https:\/\/enko.ee\/fi\/valmistus-ja-kokoaminen\/ruiskupuristus\/#breadcrumb"},"inLanguage":"fi","potentialAction":[{"@type":"ReadAction","target":["https:\/\/enko.ee\/fi\/valmistus-ja-kokoaminen\/ruiskupuristus\/"]}]},{"@type":"BreadcrumbList","@id":"https:\/\/enko.ee\/fi\/valmistus-ja-kokoaminen\/ruiskupuristus\/#breadcrumb","itemListElement":[{"@type":"ListItem","position":1,"name":"Home","item":"https:\/\/enko.ee\/fi\/"},{"@type":"ListItem","position":2,"name":"Tuotanto ja kokoonpano","item":"https:\/\/enko.ee\/fi\/valmistus-ja-kokoaminen\/"},{"@type":"ListItem","position":3,"name":"Ruiskupuristus"}]},{"@type":"WebSite","@id":"https:\/\/enko.ee\/fi\/#website","url":"https:\/\/enko.ee\/fi\/","name":"Enko AS","description":"Metallist, plastikust ja kummist detailide \/ toodete kavandamine, tootmine ning montaa\u017e. Plasti \/ kummi survevalu, lehtmetalli t&ouml;&ouml;tlemine, valuvormide ja stantside projekteerimine, valmistamine ja modifitseerimine. Kinnitusvahendid.","potentialAction":[{"@type":"SearchAction","target":{"@type":"EntryPoint","urlTemplate":"https:\/\/enko.ee\/fi\/?s={search_term_string}"},"query-input":"required name=search_term_string"}],"inLanguage":"fi"}]}},"_links":{"self":[{"href":"https:\/\/enko.ee\/fi\/wp-json\/wp\/v2\/pages\/4960","targetHints":{"allow":["GET"]}}],"collection":[{"href":"https:\/\/enko.ee\/fi\/wp-json\/wp\/v2\/pages"}],"about":[{"href":"https:\/\/enko.ee\/fi\/wp-json\/wp\/v2\/types\/page"}],"author":[{"embeddable":true,"href":"https:\/\/enko.ee\/fi\/wp-json\/wp\/v2\/users\/3"}],"replies":[{"embeddable":true,"href":"https:\/\/enko.ee\/fi\/wp-json\/wp\/v2\/comments?post=4960"}],"version-history":[{"count":2,"href":"https:\/\/enko.ee\/fi\/wp-json\/wp\/v2\/pages\/4960\/revisions"}],"predecessor-version":[{"id":5014,"href":"https:\/\/enko.ee\/fi\/wp-json\/wp\/v2\/pages\/4960\/revisions\/5014"}],"up":[{"embeddable":true,"href":"https:\/\/enko.ee\/fi\/wp-json\/wp\/v2\/pages\/4953"}],"wp:attachment":[{"href":"https:\/\/enko.ee\/fi\/wp-json\/wp\/v2\/media?parent=4960"}],"curies":[{"name":"wp","href":"https:\/\/api.w.org\/{rel}","templated":true}]}}