{"id":4962,"date":"2018-08-28T14:29:30","date_gmt":"2018-08-28T11:29:30","guid":{"rendered":"http:\/\/enko.ee\/fi\/?page_id=4962"},"modified":"2019-11-20T10:29:38","modified_gmt":"2019-11-20T08:29:38","slug":"metallin-tyosto","status":"publish","type":"page","link":"https:\/\/enko.ee\/fi\/valmistus-ja-kokoaminen\/metallin-tyosto\/","title":{"rendered":"Metallin ty\u00f6st\u00f6"},"content":{"rendered":"<h1>Levyty\u00f6 Metallinty\u00f6st\u00f6<\/h1>\n<p>ENKO AS aloitti metallinty\u00f6st\u00f6n 1990 tuotevalikoimansa perustuotteilla eli ryhtym\u00e4ll\u00e4 valmistamaan erilaisia kiinnitystarvikkeita. Vuosien aikana ker\u00e4tyn osaamisen sek\u00e4 jatkuvan teknologiaan investoimisen ansiosta metallituotevalikoimamme on merkitt\u00e4v\u00e4sti laajentunut.<\/p>\n<ul>\n<li><img loading=\"lazy\" decoding=\"async\" class=\"alignright wp-image-3035 size-full\" src=\"https:\/\/enko.ee\/wp-content\/uploads\/2016\/11\/dsc_4061.jpg\" alt=\"levyty\u00f6\" width=\"342\" height=\"227\" srcset=\"https:\/\/enko.ee\/wp-content\/uploads\/2016\/11\/dsc_4061.jpg 342w, https:\/\/enko.ee\/wp-content\/uploads\/2016\/11\/dsc_4061-300x199.jpg 300w\" sizes=\"auto, (max-width: 342px) 100vw, 342px\" \/>Finn-Powerin metallinty\u00f6st\u00f6keskus, stanssaus, katkaisu- ja taivutuslaitteet, kierteitys jne.<\/li>\n<li>Musta ter\u00e4s, sinkitty ter\u00e4s, ruostumaton ter\u00e4s, ruostumaton jousiter\u00e4s, alumiini ja kupari.<\/li>\n<li>Levy-, rulla- ja nauhater\u00e4s 0,5\u00a0 \u2013 4 mm<\/li>\n<li>Tutustu tuoten\u00e4ytteisiin <a href=\"http:\/\/enko.ee\/et\/portfolio\/teostatud-lehtmetalli-tootlemine\/\">T\u00c4\u00c4LL\u00c4<\/a><\/li>\n<\/ul>\n<p>Metallinty\u00f6st\u00f6laitteemme:<\/p>\n<p>Katkaisu: levyn paksuus enint\u00e4\u00e4n 4,0 mm ja leveys enint\u00e4\u00e4n 2,5 m<\/p>\n<p>Ep\u00e4keskopuristimet: 2,5 \u2013 100 t<\/p>\n<p>Hydrauliset puristimet: 10 \u2013 100 t<\/p>\n<p>Automaattiset ep\u00e4keskopuristimet: 25 \u2013 63 t<\/p>\n<p>Taivutus: leveys enint\u00e4\u00e4n 2,5 m<\/p>\n<p>Metallinty\u00f6st\u00f6keskus FINN-POWER E5 U: Ty\u00f6stett\u00e4v\u00e4n levyn enimm\u00e4ismitat 2530 x 1270 mm, paksuus: ruostumaton ter\u00e4s enint\u00e4\u00e4n 3,0 mm, ter\u00e4s enint\u00e4\u00e4n 4,0 mm, alumiini enint\u00e4\u00e4n 4,0 mm<\/p>\n<h2><img loading=\"lazy\" decoding=\"async\" class=\"alignright wp-image-3034 size-full\" src=\"https:\/\/enko.ee\/wp-content\/uploads\/2016\/11\/press-e1480334712285.jpg\" alt=\"levyty\u00f6\" width=\"341\" height=\"227\" \/><\/h2>\n<h2>Levymetallin taivutus<\/h2>\n<p>Taivutus: leveys enint\u00e4\u00e4n 2,5 m<\/p>\n<h2>Levymetallin leikkaus<\/h2>\n<p><span lang=\"fi\">Katkaisu: levyn paksuus enint\u00e4\u00e4n 4,0 mm ja leveys enint\u00e4\u00e4n 2,5 m<\/span><\/p>\n<h2>Levymetallin stanssaus<\/h2>\n<p>Ep\u00e4keskopuristimet: 2,5 \u2013 100 t<\/p>\n<p>Hydrauliset puristimet: 10 \u2013 100 t<\/p>\n<p>Automaattiset ep\u00e4keskopuristimet: 25 \u2013 63 t<\/p>\n<p>Metallinty\u00f6st\u00f6keskus FINN-POWER E5 U: Ty\u00f6stett\u00e4v\u00e4n levyn enimm\u00e4ismitat 2530 x 1270 mm, paksuus: ruostumaton ter\u00e4s enint\u00e4\u00e4n 3,0 mm, ter\u00e4s enint\u00e4\u00e4n 4,0<\/p>\n<p><img loading=\"lazy\" decoding=\"async\" class=\"alignnone wp-image-3040 size-full\" src=\"https:\/\/enko.ee\/wp-content\/uploads\/2016\/11\/metal-processing-enko-as-estonia.jpg\" alt=\"levyty\u00f6 - enko\" width=\"730\" height=\"250\" srcset=\"https:\/\/enko.ee\/wp-content\/uploads\/2016\/11\/metal-processing-enko-as-estonia.jpg 730w, https:\/\/enko.ee\/wp-content\/uploads\/2016\/11\/metal-processing-enko-as-estonia-300x103.jpg 300w\" sizes=\"auto, (max-width: 730px) 100vw, 730px\" \/><\/p>\n","protected":false},"excerpt":{"rendered":"<p>Levyty\u00f6 Metallinty\u00f6st\u00f6 ENKO AS aloitti metallinty\u00f6st\u00f6n 1990 tuotevalikoimansa perustuotteilla eli ryhtym\u00e4ll\u00e4 valmistamaan erilaisia kiinnitystarvikkeita. Vuosien aikana ker\u00e4tyn osaamisen sek\u00e4 jatkuvan teknologiaan investoimisen ansiosta metallituotevalikoimamme on merkitt\u00e4v\u00e4sti laajentunut. Finn-Powerin metallinty\u00f6st\u00f6keskus, stanssaus,&#8230;<\/p>\n","protected":false},"author":3,"featured_media":0,"parent":4953,"menu_order":4,"comment_status":"closed","ping_status":"closed","template":"","meta":{"_monsterinsights_skip_tracking":false,"_monsterinsights_sitenote_active":false,"_monsterinsights_sitenote_note":"","_monsterinsights_sitenote_category":0,"footnotes":""},"class_list":["post-4962","page","type-page","status-publish"],"yoast_head":"<!-- This site is optimized with the Yoast SEO plugin v22.2 - https:\/\/yoast.com\/wordpress\/plugins\/seo\/ -->\n<title>Levyty\u00f6 - Enko AS<\/title>\n<meta name=\"description\" content=\"Levyty\u00f6. Levymetallin taivutus, leikkaus, stanssaus - lue lis\u00e4\u00e4...\" \/>\n<meta name=\"robots\" content=\"index, follow, max-snippet:-1, max-image-preview:large, max-video-preview:-1\" \/>\n<link rel=\"canonical\" href=\"https:\/\/enko.ee\/fi\/valmistus-ja-kokoaminen\/metallin-tyosto\/\" \/>\n<meta property=\"og:locale\" content=\"fi_FI\" \/>\n<meta property=\"og:type\" content=\"article\" \/>\n<meta property=\"og:title\" content=\"Levyty\u00f6 - Enko AS\" \/>\n<meta property=\"og:description\" content=\"Levyty\u00f6. Levymetallin taivutus, leikkaus, stanssaus - lue lis\u00e4\u00e4...\" \/>\n<meta property=\"og:url\" content=\"https:\/\/enko.ee\/fi\/valmistus-ja-kokoaminen\/metallin-tyosto\/\" \/>\n<meta property=\"og:site_name\" content=\"Enko AS\" \/>\n<meta property=\"article:modified_time\" content=\"2019-11-20T08:29:38+00:00\" \/>\n<meta property=\"og:image\" content=\"https:\/\/enko.ee\/wp-content\/uploads\/2016\/11\/dsc_4061.jpg\" \/>\n<meta name=\"twitter:card\" content=\"summary_large_image\" \/>\n<meta name=\"twitter:label1\" content=\"Arvioitu lukuaika\" \/>\n\t<meta name=\"twitter:data1\" content=\"1 minuutti\" \/>\n<script type=\"application\/ld+json\" class=\"yoast-schema-graph\">{\"@context\":\"https:\/\/schema.org\",\"@graph\":[{\"@type\":\"WebPage\",\"@id\":\"https:\/\/enko.ee\/fi\/valmistus-ja-kokoaminen\/metallin-tyosto\/\",\"url\":\"https:\/\/enko.ee\/fi\/valmistus-ja-kokoaminen\/metallin-tyosto\/\",\"name\":\"Levyty\u00f6 - Enko AS\",\"isPartOf\":{\"@id\":\"https:\/\/enko.ee\/fi\/#website\"},\"primaryImageOfPage\":{\"@id\":\"https:\/\/enko.ee\/fi\/valmistus-ja-kokoaminen\/metallin-tyosto\/#primaryimage\"},\"image\":{\"@id\":\"https:\/\/enko.ee\/fi\/valmistus-ja-kokoaminen\/metallin-tyosto\/#primaryimage\"},\"thumbnailUrl\":\"https:\/\/enko.ee\/wp-content\/uploads\/2016\/11\/dsc_4061.jpg\",\"datePublished\":\"2018-08-28T11:29:30+00:00\",\"dateModified\":\"2019-11-20T08:29:38+00:00\",\"description\":\"Levyty\u00f6. Levymetallin taivutus, leikkaus, stanssaus - lue lis\u00e4\u00e4...\",\"breadcrumb\":{\"@id\":\"https:\/\/enko.ee\/fi\/valmistus-ja-kokoaminen\/metallin-tyosto\/#breadcrumb\"},\"inLanguage\":\"fi\",\"potentialAction\":[{\"@type\":\"ReadAction\",\"target\":[\"https:\/\/enko.ee\/fi\/valmistus-ja-kokoaminen\/metallin-tyosto\/\"]}]},{\"@type\":\"ImageObject\",\"inLanguage\":\"fi\",\"@id\":\"https:\/\/enko.ee\/fi\/valmistus-ja-kokoaminen\/metallin-tyosto\/#primaryimage\",\"url\":\"https:\/\/enko.ee\/wp-content\/uploads\/2016\/11\/dsc_4061.jpg\",\"contentUrl\":\"https:\/\/enko.ee\/wp-content\/uploads\/2016\/11\/dsc_4061.jpg\",\"width\":342,\"height\":227},{\"@type\":\"BreadcrumbList\",\"@id\":\"https:\/\/enko.ee\/fi\/valmistus-ja-kokoaminen\/metallin-tyosto\/#breadcrumb\",\"itemListElement\":[{\"@type\":\"ListItem\",\"position\":1,\"name\":\"Home\",\"item\":\"https:\/\/enko.ee\/fi\/\"},{\"@type\":\"ListItem\",\"position\":2,\"name\":\"Tuotanto ja kokoonpano\",\"item\":\"https:\/\/enko.ee\/fi\/valmistus-ja-kokoaminen\/\"},{\"@type\":\"ListItem\",\"position\":3,\"name\":\"Metallin ty\u00f6st\u00f6\"}]},{\"@type\":\"WebSite\",\"@id\":\"https:\/\/enko.ee\/fi\/#website\",\"url\":\"https:\/\/enko.ee\/fi\/\",\"name\":\"Enko AS\",\"description\":\"Metallist, plastikust ja kummist detailide \/ toodete kavandamine, tootmine ning montaa\u017e. Plasti \/ kummi survevalu, lehtmetalli t&ouml;&ouml;tlemine, valuvormide ja stantside projekteerimine, valmistamine ja modifitseerimine. Kinnitusvahendid.\",\"potentialAction\":[{\"@type\":\"SearchAction\",\"target\":{\"@type\":\"EntryPoint\",\"urlTemplate\":\"https:\/\/enko.ee\/fi\/?s={search_term_string}\"},\"query-input\":\"required name=search_term_string\"}],\"inLanguage\":\"fi\"}]}<\/script>\n<!-- \/ Yoast SEO plugin. -->","yoast_head_json":{"title":"Levyty\u00f6 - Enko AS","description":"Levyty\u00f6. Levymetallin taivutus, leikkaus, stanssaus - lue lis\u00e4\u00e4...","robots":{"index":"index","follow":"follow","max-snippet":"max-snippet:-1","max-image-preview":"max-image-preview:large","max-video-preview":"max-video-preview:-1"},"canonical":"https:\/\/enko.ee\/fi\/valmistus-ja-kokoaminen\/metallin-tyosto\/","og_locale":"fi_FI","og_type":"article","og_title":"Levyty\u00f6 - Enko AS","og_description":"Levyty\u00f6. Levymetallin taivutus, leikkaus, stanssaus - lue lis\u00e4\u00e4...","og_url":"https:\/\/enko.ee\/fi\/valmistus-ja-kokoaminen\/metallin-tyosto\/","og_site_name":"Enko AS","article_modified_time":"2019-11-20T08:29:38+00:00","og_image":[{"url":"https:\/\/enko.ee\/wp-content\/uploads\/2016\/11\/dsc_4061.jpg"}],"twitter_card":"summary_large_image","twitter_misc":{"Arvioitu lukuaika":"1 minuutti"},"schema":{"@context":"https:\/\/schema.org","@graph":[{"@type":"WebPage","@id":"https:\/\/enko.ee\/fi\/valmistus-ja-kokoaminen\/metallin-tyosto\/","url":"https:\/\/enko.ee\/fi\/valmistus-ja-kokoaminen\/metallin-tyosto\/","name":"Levyty\u00f6 - Enko AS","isPartOf":{"@id":"https:\/\/enko.ee\/fi\/#website"},"primaryImageOfPage":{"@id":"https:\/\/enko.ee\/fi\/valmistus-ja-kokoaminen\/metallin-tyosto\/#primaryimage"},"image":{"@id":"https:\/\/enko.ee\/fi\/valmistus-ja-kokoaminen\/metallin-tyosto\/#primaryimage"},"thumbnailUrl":"https:\/\/enko.ee\/wp-content\/uploads\/2016\/11\/dsc_4061.jpg","datePublished":"2018-08-28T11:29:30+00:00","dateModified":"2019-11-20T08:29:38+00:00","description":"Levyty\u00f6. Levymetallin taivutus, leikkaus, stanssaus - lue lis\u00e4\u00e4...","breadcrumb":{"@id":"https:\/\/enko.ee\/fi\/valmistus-ja-kokoaminen\/metallin-tyosto\/#breadcrumb"},"inLanguage":"fi","potentialAction":[{"@type":"ReadAction","target":["https:\/\/enko.ee\/fi\/valmistus-ja-kokoaminen\/metallin-tyosto\/"]}]},{"@type":"ImageObject","inLanguage":"fi","@id":"https:\/\/enko.ee\/fi\/valmistus-ja-kokoaminen\/metallin-tyosto\/#primaryimage","url":"https:\/\/enko.ee\/wp-content\/uploads\/2016\/11\/dsc_4061.jpg","contentUrl":"https:\/\/enko.ee\/wp-content\/uploads\/2016\/11\/dsc_4061.jpg","width":342,"height":227},{"@type":"BreadcrumbList","@id":"https:\/\/enko.ee\/fi\/valmistus-ja-kokoaminen\/metallin-tyosto\/#breadcrumb","itemListElement":[{"@type":"ListItem","position":1,"name":"Home","item":"https:\/\/enko.ee\/fi\/"},{"@type":"ListItem","position":2,"name":"Tuotanto ja kokoonpano","item":"https:\/\/enko.ee\/fi\/valmistus-ja-kokoaminen\/"},{"@type":"ListItem","position":3,"name":"Metallin ty\u00f6st\u00f6"}]},{"@type":"WebSite","@id":"https:\/\/enko.ee\/fi\/#website","url":"https:\/\/enko.ee\/fi\/","name":"Enko AS","description":"Metallist, plastikust ja kummist detailide \/ toodete kavandamine, tootmine ning montaa\u017e. Plasti \/ kummi survevalu, lehtmetalli t&ouml;&ouml;tlemine, valuvormide ja stantside projekteerimine, valmistamine ja modifitseerimine. Kinnitusvahendid.","potentialAction":[{"@type":"SearchAction","target":{"@type":"EntryPoint","urlTemplate":"https:\/\/enko.ee\/fi\/?s={search_term_string}"},"query-input":"required name=search_term_string"}],"inLanguage":"fi"}]}},"_links":{"self":[{"href":"https:\/\/enko.ee\/fi\/wp-json\/wp\/v2\/pages\/4962","targetHints":{"allow":["GET"]}}],"collection":[{"href":"https:\/\/enko.ee\/fi\/wp-json\/wp\/v2\/pages"}],"about":[{"href":"https:\/\/enko.ee\/fi\/wp-json\/wp\/v2\/types\/page"}],"author":[{"embeddable":true,"href":"https:\/\/enko.ee\/fi\/wp-json\/wp\/v2\/users\/3"}],"replies":[{"embeddable":true,"href":"https:\/\/enko.ee\/fi\/wp-json\/wp\/v2\/comments?post=4962"}],"version-history":[{"count":6,"href":"https:\/\/enko.ee\/fi\/wp-json\/wp\/v2\/pages\/4962\/revisions"}],"predecessor-version":[{"id":6165,"href":"https:\/\/enko.ee\/fi\/wp-json\/wp\/v2\/pages\/4962\/revisions\/6165"}],"up":[{"embeddable":true,"href":"https:\/\/enko.ee\/fi\/wp-json\/wp\/v2\/pages\/4953"}],"wp:attachment":[{"href":"https:\/\/enko.ee\/fi\/wp-json\/wp\/v2\/media?parent=4962"}],"curies":[{"name":"wp","href":"https:\/\/api.w.org\/{rel}","templated":true}]}}