{"id":4964,"date":"2018-08-28T14:32:23","date_gmt":"2018-08-28T11:32:23","guid":{"rendered":"http:\/\/enko.ee\/fi\/?page_id=4964"},"modified":"2018-08-28T14:32:23","modified_gmt":"2018-08-28T11:32:23","slug":"tukipalvelut","status":"publish","type":"page","link":"https:\/\/enko.ee\/fi\/valmistus-ja-kokoaminen\/tukipalvelut\/","title":{"rendered":"Tukipalvelut"},"content":{"rendered":"<h2>Tukipalvelut<\/h2>\n<h3><img loading=\"lazy\" decoding=\"async\" class=\"alignright wp-image-3052 size-full\" src=\"\/wp-content\/uploads\/2016\/11\/turning-enko-as-estonia.jpg\" alt=\"turning-enko-as-estonia\" width=\"314\" height=\"209\" srcset=\"https:\/\/enko.ee\/wp-content\/uploads\/2016\/11\/turning-enko-as-estonia.jpg 314w, https:\/\/enko.ee\/wp-content\/uploads\/2016\/11\/turning-enko-as-estonia-300x200.jpg 300w\" sizes=\"auto, (max-width: 314px) 100vw, 314px\" \/><\/h3>\n<h3>Hitsaus<\/h3>\n<ul>\n<li>Metallilevyn vastushitsaus. Materiaalit: ter\u00e4s, ruostumaton ter\u00e4s, sinkitty ter\u00e4s<\/li>\n<li>MIG\/MAG-hitsaus<\/li>\n<\/ul>\n<h3>Sorvaus<\/h3>\n<ul>\n<li>Automaattiset sorvit<\/li>\n<li>Erikoistarkat automaattiset sorvit (esimerkkej\u00e4 l\u00f6yd\u00e4t<a href=\"http:\/\/enko.ee\/et\/portfolio\/teostatud-treimistood\/\">t\u00e4\u00e4lt\u00e4<\/a>)<\/li>\n<li>CNC-sorvauskeskukset<\/li>\n<\/ul>\n<h3><img loading=\"lazy\" decoding=\"async\" class=\"alignright wp-image-3053\" src=\"\/wp-content\/uploads\/2016\/11\/vibratory-finishing-enko-as.jpg\" alt=\"vibratory-finishing-enko-as\" width=\"314\" height=\"209\" srcset=\"https:\/\/enko.ee\/wp-content\/uploads\/2016\/11\/vibratory-finishing-enko-as.jpg 448w, https:\/\/enko.ee\/wp-content\/uploads\/2016\/11\/vibratory-finishing-enko-as-300x200.jpg 300w\" sizes=\"auto, (max-width: 314px) 100vw, 314px\" \/><span lang=\"fi\">Kiinnitystarvikkeiden leikkaaminen metallilevyst\u00e4:<\/span><\/h3>\n<ul class=\"arrow\">\n<li>Erilaisten kiinnitystarvikkeiden (puristusmutterit, kierretapit jne.) leikkaaminen metallilevyst\u00e4 teholtaan enint\u00e4\u00e4n 72 kN Haegerin laitteella.<\/li>\n<\/ul>\n<h3>Viimeistely v\u00e4r\u00e4htelevill\u00e4 viimeistelylaitteilla:<\/h3>\n<ul class=\"arrow\">\n<li>Stanssattujen metalliosien reunojen ja pinnan hionta.\n<p>Laitteiden s\u00e4ili\u00f6koko: 630 x 370 x 460 mm<sup>3<\/sup>.<\/li>\n<\/ul>\n","protected":false},"excerpt":{"rendered":"<p>Tukipalvelut Hitsaus Metallilevyn vastushitsaus. Materiaalit: ter\u00e4s, ruostumaton ter\u00e4s, sinkitty ter\u00e4s MIG\/MAG-hitsaus Sorvaus Automaattiset sorvit Erikoistarkat automaattiset sorvit (esimerkkej\u00e4 l\u00f6yd\u00e4tt\u00e4\u00e4lt\u00e4) CNC-sorvauskeskukset Kiinnitystarvikkeiden leikkaaminen metallilevyst\u00e4: Erilaisten kiinnitystarvikkeiden (puristusmutterit, kierretapit jne.) leikkaaminen metallilevyst\u00e4&#8230;<\/p>\n","protected":false},"author":3,"featured_media":0,"parent":4953,"menu_order":5,"comment_status":"closed","ping_status":"closed","template":"","meta":{"_monsterinsights_skip_tracking":false,"_monsterinsights_sitenote_active":false,"_monsterinsights_sitenote_note":"","_monsterinsights_sitenote_category":0,"footnotes":""},"class_list":["post-4964","page","type-page","status-publish"],"yoast_head":"<!-- This site is optimized with the Yoast SEO plugin v22.2 - https:\/\/yoast.com\/wordpress\/plugins\/seo\/ -->\n<title>Tukipalvelut - Enko AS<\/title>\n<meta name=\"robots\" content=\"index, follow, max-snippet:-1, max-image-preview:large, max-video-preview:-1\" \/>\n<link rel=\"canonical\" href=\"https:\/\/enko.ee\/fi\/valmistus-ja-kokoaminen\/tukipalvelut\/\" \/>\n<meta property=\"og:locale\" content=\"fi_FI\" \/>\n<meta property=\"og:type\" content=\"article\" \/>\n<meta property=\"og:title\" content=\"Tukipalvelut - Enko AS\" \/>\n<meta property=\"og:description\" content=\"Tukipalvelut Hitsaus Metallilevyn vastushitsaus. Materiaalit: ter\u00e4s, ruostumaton ter\u00e4s, sinkitty ter\u00e4s MIG\/MAG-hitsaus Sorvaus Automaattiset sorvit Erikoistarkat automaattiset sorvit (esimerkkej\u00e4 l\u00f6yd\u00e4tt\u00e4\u00e4lt\u00e4) CNC-sorvauskeskukset Kiinnitystarvikkeiden leikkaaminen metallilevyst\u00e4: Erilaisten kiinnitystarvikkeiden (puristusmutterit, kierretapit jne.) leikkaaminen metallilevyst\u00e4...\" \/>\n<meta property=\"og:url\" content=\"https:\/\/enko.ee\/fi\/valmistus-ja-kokoaminen\/tukipalvelut\/\" \/>\n<meta property=\"og:site_name\" content=\"Enko AS\" \/>\n<meta name=\"twitter:card\" content=\"summary_large_image\" \/>\n<script type=\"application\/ld+json\" class=\"yoast-schema-graph\">{\"@context\":\"https:\/\/schema.org\",\"@graph\":[{\"@type\":\"WebPage\",\"@id\":\"https:\/\/enko.ee\/fi\/valmistus-ja-kokoaminen\/tukipalvelut\/\",\"url\":\"https:\/\/enko.ee\/fi\/valmistus-ja-kokoaminen\/tukipalvelut\/\",\"name\":\"Tukipalvelut - Enko AS\",\"isPartOf\":{\"@id\":\"https:\/\/enko.ee\/fi\/#website\"},\"datePublished\":\"2018-08-28T11:32:23+00:00\",\"dateModified\":\"2018-08-28T11:32:23+00:00\",\"breadcrumb\":{\"@id\":\"https:\/\/enko.ee\/fi\/valmistus-ja-kokoaminen\/tukipalvelut\/#breadcrumb\"},\"inLanguage\":\"fi\",\"potentialAction\":[{\"@type\":\"ReadAction\",\"target\":[\"https:\/\/enko.ee\/fi\/valmistus-ja-kokoaminen\/tukipalvelut\/\"]}]},{\"@type\":\"BreadcrumbList\",\"@id\":\"https:\/\/enko.ee\/fi\/valmistus-ja-kokoaminen\/tukipalvelut\/#breadcrumb\",\"itemListElement\":[{\"@type\":\"ListItem\",\"position\":1,\"name\":\"Home\",\"item\":\"https:\/\/enko.ee\/fi\/\"},{\"@type\":\"ListItem\",\"position\":2,\"name\":\"Tuotanto ja kokoonpano\",\"item\":\"https:\/\/enko.ee\/fi\/valmistus-ja-kokoaminen\/\"},{\"@type\":\"ListItem\",\"position\":3,\"name\":\"Tukipalvelut\"}]},{\"@type\":\"WebSite\",\"@id\":\"https:\/\/enko.ee\/fi\/#website\",\"url\":\"https:\/\/enko.ee\/fi\/\",\"name\":\"Enko AS\",\"description\":\"Metallist, plastikust ja kummist detailide \/ toodete kavandamine, tootmine ning montaa\u017e. Plasti \/ kummi survevalu, lehtmetalli t&ouml;&ouml;tlemine, valuvormide ja stantside projekteerimine, valmistamine ja modifitseerimine. Kinnitusvahendid.\",\"potentialAction\":[{\"@type\":\"SearchAction\",\"target\":{\"@type\":\"EntryPoint\",\"urlTemplate\":\"https:\/\/enko.ee\/fi\/?s={search_term_string}\"},\"query-input\":\"required name=search_term_string\"}],\"inLanguage\":\"fi\"}]}<\/script>\n<!-- \/ Yoast SEO plugin. -->","yoast_head_json":{"title":"Tukipalvelut - Enko AS","robots":{"index":"index","follow":"follow","max-snippet":"max-snippet:-1","max-image-preview":"max-image-preview:large","max-video-preview":"max-video-preview:-1"},"canonical":"https:\/\/enko.ee\/fi\/valmistus-ja-kokoaminen\/tukipalvelut\/","og_locale":"fi_FI","og_type":"article","og_title":"Tukipalvelut - Enko AS","og_description":"Tukipalvelut Hitsaus Metallilevyn vastushitsaus. Materiaalit: ter\u00e4s, ruostumaton ter\u00e4s, sinkitty ter\u00e4s MIG\/MAG-hitsaus Sorvaus Automaattiset sorvit Erikoistarkat automaattiset sorvit (esimerkkej\u00e4 l\u00f6yd\u00e4tt\u00e4\u00e4lt\u00e4) CNC-sorvauskeskukset Kiinnitystarvikkeiden leikkaaminen metallilevyst\u00e4: Erilaisten kiinnitystarvikkeiden (puristusmutterit, kierretapit jne.) leikkaaminen metallilevyst\u00e4...","og_url":"https:\/\/enko.ee\/fi\/valmistus-ja-kokoaminen\/tukipalvelut\/","og_site_name":"Enko AS","twitter_card":"summary_large_image","schema":{"@context":"https:\/\/schema.org","@graph":[{"@type":"WebPage","@id":"https:\/\/enko.ee\/fi\/valmistus-ja-kokoaminen\/tukipalvelut\/","url":"https:\/\/enko.ee\/fi\/valmistus-ja-kokoaminen\/tukipalvelut\/","name":"Tukipalvelut - Enko AS","isPartOf":{"@id":"https:\/\/enko.ee\/fi\/#website"},"datePublished":"2018-08-28T11:32:23+00:00","dateModified":"2018-08-28T11:32:23+00:00","breadcrumb":{"@id":"https:\/\/enko.ee\/fi\/valmistus-ja-kokoaminen\/tukipalvelut\/#breadcrumb"},"inLanguage":"fi","potentialAction":[{"@type":"ReadAction","target":["https:\/\/enko.ee\/fi\/valmistus-ja-kokoaminen\/tukipalvelut\/"]}]},{"@type":"BreadcrumbList","@id":"https:\/\/enko.ee\/fi\/valmistus-ja-kokoaminen\/tukipalvelut\/#breadcrumb","itemListElement":[{"@type":"ListItem","position":1,"name":"Home","item":"https:\/\/enko.ee\/fi\/"},{"@type":"ListItem","position":2,"name":"Tuotanto ja kokoonpano","item":"https:\/\/enko.ee\/fi\/valmistus-ja-kokoaminen\/"},{"@type":"ListItem","position":3,"name":"Tukipalvelut"}]},{"@type":"WebSite","@id":"https:\/\/enko.ee\/fi\/#website","url":"https:\/\/enko.ee\/fi\/","name":"Enko AS","description":"Metallist, plastikust ja kummist detailide \/ toodete kavandamine, tootmine ning montaa\u017e. Plasti \/ kummi survevalu, lehtmetalli t&ouml;&ouml;tlemine, valuvormide ja stantside projekteerimine, valmistamine ja modifitseerimine. Kinnitusvahendid.","potentialAction":[{"@type":"SearchAction","target":{"@type":"EntryPoint","urlTemplate":"https:\/\/enko.ee\/fi\/?s={search_term_string}"},"query-input":"required name=search_term_string"}],"inLanguage":"fi"}]}},"_links":{"self":[{"href":"https:\/\/enko.ee\/fi\/wp-json\/wp\/v2\/pages\/4964","targetHints":{"allow":["GET"]}}],"collection":[{"href":"https:\/\/enko.ee\/fi\/wp-json\/wp\/v2\/pages"}],"about":[{"href":"https:\/\/enko.ee\/fi\/wp-json\/wp\/v2\/types\/page"}],"author":[{"embeddable":true,"href":"https:\/\/enko.ee\/fi\/wp-json\/wp\/v2\/users\/3"}],"replies":[{"embeddable":true,"href":"https:\/\/enko.ee\/fi\/wp-json\/wp\/v2\/comments?post=4964"}],"version-history":[{"count":1,"href":"https:\/\/enko.ee\/fi\/wp-json\/wp\/v2\/pages\/4964\/revisions"}],"predecessor-version":[{"id":4965,"href":"https:\/\/enko.ee\/fi\/wp-json\/wp\/v2\/pages\/4964\/revisions\/4965"}],"up":[{"embeddable":true,"href":"https:\/\/enko.ee\/fi\/wp-json\/wp\/v2\/pages\/4953"}],"wp:attachment":[{"href":"https:\/\/enko.ee\/fi\/wp-json\/wp\/v2\/media?parent=4964"}],"curies":[{"name":"wp","href":"https:\/\/api.w.org\/{rel}","templated":true}]}}