{"id":4966,"date":"2018-08-28T14:35:43","date_gmt":"2018-08-28T11:35:43","guid":{"rendered":"http:\/\/enko.ee\/fi\/?page_id=4966"},"modified":"2018-08-28T14:35:43","modified_gmt":"2018-08-28T11:35:43","slug":"kokoaminen-ja-pakkaaminen","status":"publish","type":"page","link":"https:\/\/enko.ee\/fi\/valmistus-ja-kokoaminen\/kokoaminen-ja-pakkaaminen\/","title":{"rendered":"Kokoaminen ja pakkaaminen"},"content":{"rendered":"<h2>Kokoaminen ja pakkaaminen<\/h2>\n<p>ENKO kokoaa ja pakkaa kaikki valmistamansa tuotteet. Kokoamisessa k\u00e4ytet\u00e4\u00e4n erilaisia laitteita, ty\u00f6kaluja ja apuv\u00e4lineit\u00e4. Kaikki tuotteet tarkastetaan sek\u00e4 valmistuksen aikana ett\u00e4 sen p\u00e4\u00e4tteeksi, ja vaativammat tuotteet testataan valmistuksen eri vaiheissa erillisiss\u00e4 tuotekohtaisissa testaustelineiss\u00e4.<\/p>\n<p>ENKOlla on pitk\u00e4 kokemus yhteisty\u00f6st\u00e4 Viron suurimpien standardia ISO 9001 noudattavien pakkausvalmistajien kanssa.<\/p>\n<p>ENKO merkitse pakkaukset asiakkaan ohjeistuksen mukaan.<\/p>\n<p><img loading=\"lazy\" decoding=\"async\" class=\"alignleft size-full wp-image-3078\" src=\"\/wp-content\/uploads\/2016\/11\/assembly-packaging-25-enko-as-estonia.jpg\" alt=\"assembly-packaging-25-enko-as-estonia\" width=\"341\" height=\"225\" srcset=\"https:\/\/enko.ee\/wp-content\/uploads\/2016\/11\/assembly-packaging-25-enko-as-estonia.jpg 341w, https:\/\/enko.ee\/wp-content\/uploads\/2016\/11\/assembly-packaging-25-enko-as-estonia-300x198.jpg 300w\" sizes=\"auto, (max-width: 341px) 100vw, 341px\" \/>\u00a0<img loading=\"lazy\" decoding=\"async\" class=\"alignleft size-full wp-image-3077\" src=\"\/wp-content\/uploads\/2016\/11\/assembly-26-enko-as-estonia.jpg\" alt=\"assembly-26-enko-as-estonia\" width=\"339\" height=\"225\" srcset=\"https:\/\/enko.ee\/wp-content\/uploads\/2016\/11\/assembly-26-enko-as-estonia.jpg 339w, https:\/\/enko.ee\/wp-content\/uploads\/2016\/11\/assembly-26-enko-as-estonia-300x199.jpg 300w\" sizes=\"auto, (max-width: 339px) 100vw, 339px\" \/><\/p>\n<p>&nbsp;<\/p>\n","protected":false},"excerpt":{"rendered":"<p>Kokoaminen ja pakkaaminen ENKO kokoaa ja pakkaa kaikki valmistamansa tuotteet. Kokoamisessa k\u00e4ytet\u00e4\u00e4n erilaisia laitteita, ty\u00f6kaluja ja apuv\u00e4lineit\u00e4. Kaikki tuotteet tarkastetaan sek\u00e4 valmistuksen aikana ett\u00e4 sen p\u00e4\u00e4tteeksi, ja vaativammat tuotteet testataan&#8230;<\/p>\n","protected":false},"author":3,"featured_media":0,"parent":4953,"menu_order":6,"comment_status":"closed","ping_status":"closed","template":"","meta":{"_monsterinsights_skip_tracking":false,"_monsterinsights_sitenote_active":false,"_monsterinsights_sitenote_note":"","_monsterinsights_sitenote_category":0,"footnotes":""},"class_list":["post-4966","page","type-page","status-publish"],"yoast_head":"<!-- This site is optimized with the Yoast SEO plugin v22.2 - https:\/\/yoast.com\/wordpress\/plugins\/seo\/ -->\n<title>Kokoaminen ja pakkaaminen - Enko AS<\/title>\n<meta name=\"robots\" content=\"index, follow, max-snippet:-1, max-image-preview:large, max-video-preview:-1\" \/>\n<link rel=\"canonical\" href=\"https:\/\/enko.ee\/fi\/valmistus-ja-kokoaminen\/kokoaminen-ja-pakkaaminen\/\" \/>\n<meta property=\"og:locale\" content=\"fi_FI\" \/>\n<meta property=\"og:type\" content=\"article\" \/>\n<meta property=\"og:title\" content=\"Kokoaminen ja pakkaaminen - Enko AS\" \/>\n<meta property=\"og:description\" content=\"Kokoaminen ja pakkaaminen ENKO kokoaa ja pakkaa kaikki valmistamansa tuotteet. Kokoamisessa k\u00e4ytet\u00e4\u00e4n erilaisia laitteita, ty\u00f6kaluja ja apuv\u00e4lineit\u00e4. Kaikki tuotteet tarkastetaan sek\u00e4 valmistuksen aikana ett\u00e4 sen p\u00e4\u00e4tteeksi, ja vaativammat tuotteet testataan...\" \/>\n<meta property=\"og:url\" content=\"https:\/\/enko.ee\/fi\/valmistus-ja-kokoaminen\/kokoaminen-ja-pakkaaminen\/\" \/>\n<meta property=\"og:site_name\" content=\"Enko AS\" \/>\n<meta name=\"twitter:card\" content=\"summary_large_image\" \/>\n<script type=\"application\/ld+json\" class=\"yoast-schema-graph\">{\"@context\":\"https:\/\/schema.org\",\"@graph\":[{\"@type\":\"WebPage\",\"@id\":\"https:\/\/enko.ee\/fi\/valmistus-ja-kokoaminen\/kokoaminen-ja-pakkaaminen\/\",\"url\":\"https:\/\/enko.ee\/fi\/valmistus-ja-kokoaminen\/kokoaminen-ja-pakkaaminen\/\",\"name\":\"Kokoaminen ja pakkaaminen - Enko AS\",\"isPartOf\":{\"@id\":\"https:\/\/enko.ee\/fi\/#website\"},\"datePublished\":\"2018-08-28T11:35:43+00:00\",\"dateModified\":\"2018-08-28T11:35:43+00:00\",\"breadcrumb\":{\"@id\":\"https:\/\/enko.ee\/fi\/valmistus-ja-kokoaminen\/kokoaminen-ja-pakkaaminen\/#breadcrumb\"},\"inLanguage\":\"fi\",\"potentialAction\":[{\"@type\":\"ReadAction\",\"target\":[\"https:\/\/enko.ee\/fi\/valmistus-ja-kokoaminen\/kokoaminen-ja-pakkaaminen\/\"]}]},{\"@type\":\"BreadcrumbList\",\"@id\":\"https:\/\/enko.ee\/fi\/valmistus-ja-kokoaminen\/kokoaminen-ja-pakkaaminen\/#breadcrumb\",\"itemListElement\":[{\"@type\":\"ListItem\",\"position\":1,\"name\":\"Home\",\"item\":\"https:\/\/enko.ee\/fi\/\"},{\"@type\":\"ListItem\",\"position\":2,\"name\":\"Tuotanto ja kokoonpano\",\"item\":\"https:\/\/enko.ee\/fi\/valmistus-ja-kokoaminen\/\"},{\"@type\":\"ListItem\",\"position\":3,\"name\":\"Kokoaminen ja pakkaaminen\"}]},{\"@type\":\"WebSite\",\"@id\":\"https:\/\/enko.ee\/fi\/#website\",\"url\":\"https:\/\/enko.ee\/fi\/\",\"name\":\"Enko AS\",\"description\":\"Metallist, plastikust ja kummist detailide \/ toodete kavandamine, tootmine ning montaa\u017e. Plasti \/ kummi survevalu, lehtmetalli t&ouml;&ouml;tlemine, valuvormide ja stantside projekteerimine, valmistamine ja modifitseerimine. Kinnitusvahendid.\",\"potentialAction\":[{\"@type\":\"SearchAction\",\"target\":{\"@type\":\"EntryPoint\",\"urlTemplate\":\"https:\/\/enko.ee\/fi\/?s={search_term_string}\"},\"query-input\":\"required name=search_term_string\"}],\"inLanguage\":\"fi\"}]}<\/script>\n<!-- \/ Yoast SEO plugin. -->","yoast_head_json":{"title":"Kokoaminen ja pakkaaminen - Enko AS","robots":{"index":"index","follow":"follow","max-snippet":"max-snippet:-1","max-image-preview":"max-image-preview:large","max-video-preview":"max-video-preview:-1"},"canonical":"https:\/\/enko.ee\/fi\/valmistus-ja-kokoaminen\/kokoaminen-ja-pakkaaminen\/","og_locale":"fi_FI","og_type":"article","og_title":"Kokoaminen ja pakkaaminen - Enko AS","og_description":"Kokoaminen ja pakkaaminen ENKO kokoaa ja pakkaa kaikki valmistamansa tuotteet. Kokoamisessa k\u00e4ytet\u00e4\u00e4n erilaisia laitteita, ty\u00f6kaluja ja apuv\u00e4lineit\u00e4. Kaikki tuotteet tarkastetaan sek\u00e4 valmistuksen aikana ett\u00e4 sen p\u00e4\u00e4tteeksi, ja vaativammat tuotteet testataan...","og_url":"https:\/\/enko.ee\/fi\/valmistus-ja-kokoaminen\/kokoaminen-ja-pakkaaminen\/","og_site_name":"Enko AS","twitter_card":"summary_large_image","schema":{"@context":"https:\/\/schema.org","@graph":[{"@type":"WebPage","@id":"https:\/\/enko.ee\/fi\/valmistus-ja-kokoaminen\/kokoaminen-ja-pakkaaminen\/","url":"https:\/\/enko.ee\/fi\/valmistus-ja-kokoaminen\/kokoaminen-ja-pakkaaminen\/","name":"Kokoaminen ja pakkaaminen - Enko AS","isPartOf":{"@id":"https:\/\/enko.ee\/fi\/#website"},"datePublished":"2018-08-28T11:35:43+00:00","dateModified":"2018-08-28T11:35:43+00:00","breadcrumb":{"@id":"https:\/\/enko.ee\/fi\/valmistus-ja-kokoaminen\/kokoaminen-ja-pakkaaminen\/#breadcrumb"},"inLanguage":"fi","potentialAction":[{"@type":"ReadAction","target":["https:\/\/enko.ee\/fi\/valmistus-ja-kokoaminen\/kokoaminen-ja-pakkaaminen\/"]}]},{"@type":"BreadcrumbList","@id":"https:\/\/enko.ee\/fi\/valmistus-ja-kokoaminen\/kokoaminen-ja-pakkaaminen\/#breadcrumb","itemListElement":[{"@type":"ListItem","position":1,"name":"Home","item":"https:\/\/enko.ee\/fi\/"},{"@type":"ListItem","position":2,"name":"Tuotanto ja kokoonpano","item":"https:\/\/enko.ee\/fi\/valmistus-ja-kokoaminen\/"},{"@type":"ListItem","position":3,"name":"Kokoaminen ja pakkaaminen"}]},{"@type":"WebSite","@id":"https:\/\/enko.ee\/fi\/#website","url":"https:\/\/enko.ee\/fi\/","name":"Enko AS","description":"Metallist, plastikust ja kummist detailide \/ toodete kavandamine, tootmine ning montaa\u017e. Plasti \/ kummi survevalu, lehtmetalli t&ouml;&ouml;tlemine, valuvormide ja stantside projekteerimine, valmistamine ja modifitseerimine. Kinnitusvahendid.","potentialAction":[{"@type":"SearchAction","target":{"@type":"EntryPoint","urlTemplate":"https:\/\/enko.ee\/fi\/?s={search_term_string}"},"query-input":"required name=search_term_string"}],"inLanguage":"fi"}]}},"_links":{"self":[{"href":"https:\/\/enko.ee\/fi\/wp-json\/wp\/v2\/pages\/4966","targetHints":{"allow":["GET"]}}],"collection":[{"href":"https:\/\/enko.ee\/fi\/wp-json\/wp\/v2\/pages"}],"about":[{"href":"https:\/\/enko.ee\/fi\/wp-json\/wp\/v2\/types\/page"}],"author":[{"embeddable":true,"href":"https:\/\/enko.ee\/fi\/wp-json\/wp\/v2\/users\/3"}],"replies":[{"embeddable":true,"href":"https:\/\/enko.ee\/fi\/wp-json\/wp\/v2\/comments?post=4966"}],"version-history":[{"count":1,"href":"https:\/\/enko.ee\/fi\/wp-json\/wp\/v2\/pages\/4966\/revisions"}],"predecessor-version":[{"id":4967,"href":"https:\/\/enko.ee\/fi\/wp-json\/wp\/v2\/pages\/4966\/revisions\/4967"}],"up":[{"embeddable":true,"href":"https:\/\/enko.ee\/fi\/wp-json\/wp\/v2\/pages\/4953"}],"wp:attachment":[{"href":"https:\/\/enko.ee\/fi\/wp-json\/wp\/v2\/media?parent=4966"}],"curies":[{"name":"wp","href":"https:\/\/api.w.org\/{rel}","templated":true}]}}