{"id":4968,"date":"2018-08-28T14:36:30","date_gmt":"2018-08-28T11:36:30","guid":{"rendered":"http:\/\/enko.ee\/fi\/?page_id=4968"},"modified":"2018-08-28T14:36:30","modified_gmt":"2018-08-28T11:36:30","slug":"testaus-ja-kalibrointilaboratorio","status":"publish","type":"page","link":"https:\/\/enko.ee\/fi\/valmistus-ja-kokoaminen\/testaus-ja-kalibrointilaboratorio\/","title":{"rendered":"Testaus- ja kalibrointilaboratorio"},"content":{"rendered":"<h2>Testaus- ja kalibrointilaboratorio<\/h2>\n<p>Laboratorio on hyv\u00e4ksynt\u00e4laitoksen Eesti Akrediteerimiskeskus hyv\u00e4ksym\u00e4 ja vastaa standardia ISO 17025. Laboratorion rekister\u00f6intinumero on K017.<\/p>\n<p>Laboratorio vastaa korkeatasoisesta laadunvarmistuksesta tuotekehityksen ja valmistuksen jokaisessa vaiheessa.<\/p>\n<p>Laboratorio:<\/p>\n<ul>\n<li><em>ty\u00f6nt\u00f6mittojen kalibrointi, mittausala: (0,5\u00f7500) mm<\/em><\/li>\n<li><em>mikrometrien kalibrointi, mittausala: ( 0\u00f725 ) mm<\/em><\/li>\n<li><em>kiinnitystarvikkeiden lujuustestaukset, mittausala: (0,1\u00f7100) kN<\/em><\/li>\n<li><em>mittakellojen\u00a0kalibrointi, mittausala: (0\u00f750) mm<\/em><\/li>\n<li><em>kumin ja muovin kovuuden m\u00e4\u00e4ritys (IRHD, Shore A)<\/em><\/li>\n<\/ul>\n<p>LIITE Enko AS:n testaus- ja kalibrointilaboratorion hyv\u00e4ksynt\u00e4todistus K017 <a href=\"http:\/\/enko.ee\/wp-content\/uploads\/2016\/11\/merged_document.pdf\">T\u00c4\u00c4LL\u00c4<\/a><\/p>\n<p>&nbsp;<\/p>\n<p>&nbsp;<\/p>\n","protected":false},"excerpt":{"rendered":"<p>Testaus- ja kalibrointilaboratorio Laboratorio on hyv\u00e4ksynt\u00e4laitoksen Eesti Akrediteerimiskeskus hyv\u00e4ksym\u00e4 ja vastaa standardia ISO 17025. Laboratorion rekister\u00f6intinumero on K017. Laboratorio vastaa korkeatasoisesta laadunvarmistuksesta tuotekehityksen ja valmistuksen jokaisessa vaiheessa. Laboratorio: ty\u00f6nt\u00f6mittojen kalibrointi,&#8230;<\/p>\n","protected":false},"author":3,"featured_media":0,"parent":4953,"menu_order":7,"comment_status":"closed","ping_status":"closed","template":"","meta":{"_monsterinsights_skip_tracking":false,"_monsterinsights_sitenote_active":false,"_monsterinsights_sitenote_note":"","_monsterinsights_sitenote_category":0,"footnotes":""},"class_list":["post-4968","page","type-page","status-publish"],"yoast_head":"<!-- This site is optimized with the Yoast SEO plugin v22.2 - https:\/\/yoast.com\/wordpress\/plugins\/seo\/ -->\n<title>Testaus- ja kalibrointilaboratorio - Enko AS<\/title>\n<meta name=\"robots\" content=\"index, follow, max-snippet:-1, max-image-preview:large, max-video-preview:-1\" \/>\n<link rel=\"canonical\" href=\"https:\/\/enko.ee\/fi\/valmistus-ja-kokoaminen\/testaus-ja-kalibrointilaboratorio\/\" \/>\n<meta property=\"og:locale\" content=\"fi_FI\" \/>\n<meta property=\"og:type\" content=\"article\" \/>\n<meta property=\"og:title\" content=\"Testaus- ja kalibrointilaboratorio - Enko AS\" \/>\n<meta property=\"og:description\" content=\"Testaus- ja kalibrointilaboratorio Laboratorio on hyv\u00e4ksynt\u00e4laitoksen Eesti Akrediteerimiskeskus hyv\u00e4ksym\u00e4 ja vastaa standardia ISO 17025. Laboratorion rekister\u00f6intinumero on K017. Laboratorio vastaa korkeatasoisesta laadunvarmistuksesta tuotekehityksen ja valmistuksen jokaisessa vaiheessa. Laboratorio: ty\u00f6nt\u00f6mittojen kalibrointi,...\" \/>\n<meta property=\"og:url\" content=\"https:\/\/enko.ee\/fi\/valmistus-ja-kokoaminen\/testaus-ja-kalibrointilaboratorio\/\" \/>\n<meta property=\"og:site_name\" content=\"Enko AS\" \/>\n<meta name=\"twitter:card\" content=\"summary_large_image\" \/>\n<script type=\"application\/ld+json\" class=\"yoast-schema-graph\">{\"@context\":\"https:\/\/schema.org\",\"@graph\":[{\"@type\":\"WebPage\",\"@id\":\"https:\/\/enko.ee\/fi\/valmistus-ja-kokoaminen\/testaus-ja-kalibrointilaboratorio\/\",\"url\":\"https:\/\/enko.ee\/fi\/valmistus-ja-kokoaminen\/testaus-ja-kalibrointilaboratorio\/\",\"name\":\"Testaus- ja kalibrointilaboratorio - Enko AS\",\"isPartOf\":{\"@id\":\"https:\/\/enko.ee\/fi\/#website\"},\"datePublished\":\"2018-08-28T11:36:30+00:00\",\"dateModified\":\"2018-08-28T11:36:30+00:00\",\"breadcrumb\":{\"@id\":\"https:\/\/enko.ee\/fi\/valmistus-ja-kokoaminen\/testaus-ja-kalibrointilaboratorio\/#breadcrumb\"},\"inLanguage\":\"fi\",\"potentialAction\":[{\"@type\":\"ReadAction\",\"target\":[\"https:\/\/enko.ee\/fi\/valmistus-ja-kokoaminen\/testaus-ja-kalibrointilaboratorio\/\"]}]},{\"@type\":\"BreadcrumbList\",\"@id\":\"https:\/\/enko.ee\/fi\/valmistus-ja-kokoaminen\/testaus-ja-kalibrointilaboratorio\/#breadcrumb\",\"itemListElement\":[{\"@type\":\"ListItem\",\"position\":1,\"name\":\"Home\",\"item\":\"https:\/\/enko.ee\/fi\/\"},{\"@type\":\"ListItem\",\"position\":2,\"name\":\"Tuotanto ja kokoonpano\",\"item\":\"https:\/\/enko.ee\/fi\/valmistus-ja-kokoaminen\/\"},{\"@type\":\"ListItem\",\"position\":3,\"name\":\"Testaus- ja kalibrointilaboratorio\"}]},{\"@type\":\"WebSite\",\"@id\":\"https:\/\/enko.ee\/fi\/#website\",\"url\":\"https:\/\/enko.ee\/fi\/\",\"name\":\"Enko AS\",\"description\":\"Metallist, plastikust ja kummist detailide \/ toodete kavandamine, tootmine ning montaa\u017e. Plasti \/ kummi survevalu, lehtmetalli t&ouml;&ouml;tlemine, valuvormide ja stantside projekteerimine, valmistamine ja modifitseerimine. Kinnitusvahendid.\",\"potentialAction\":[{\"@type\":\"SearchAction\",\"target\":{\"@type\":\"EntryPoint\",\"urlTemplate\":\"https:\/\/enko.ee\/fi\/?s={search_term_string}\"},\"query-input\":\"required name=search_term_string\"}],\"inLanguage\":\"fi\"}]}<\/script>\n<!-- \/ Yoast SEO plugin. -->","yoast_head_json":{"title":"Testaus- ja kalibrointilaboratorio - Enko AS","robots":{"index":"index","follow":"follow","max-snippet":"max-snippet:-1","max-image-preview":"max-image-preview:large","max-video-preview":"max-video-preview:-1"},"canonical":"https:\/\/enko.ee\/fi\/valmistus-ja-kokoaminen\/testaus-ja-kalibrointilaboratorio\/","og_locale":"fi_FI","og_type":"article","og_title":"Testaus- ja kalibrointilaboratorio - Enko AS","og_description":"Testaus- ja kalibrointilaboratorio Laboratorio on hyv\u00e4ksynt\u00e4laitoksen Eesti Akrediteerimiskeskus hyv\u00e4ksym\u00e4 ja vastaa standardia ISO 17025. Laboratorion rekister\u00f6intinumero on K017. Laboratorio vastaa korkeatasoisesta laadunvarmistuksesta tuotekehityksen ja valmistuksen jokaisessa vaiheessa. Laboratorio: ty\u00f6nt\u00f6mittojen kalibrointi,...","og_url":"https:\/\/enko.ee\/fi\/valmistus-ja-kokoaminen\/testaus-ja-kalibrointilaboratorio\/","og_site_name":"Enko AS","twitter_card":"summary_large_image","schema":{"@context":"https:\/\/schema.org","@graph":[{"@type":"WebPage","@id":"https:\/\/enko.ee\/fi\/valmistus-ja-kokoaminen\/testaus-ja-kalibrointilaboratorio\/","url":"https:\/\/enko.ee\/fi\/valmistus-ja-kokoaminen\/testaus-ja-kalibrointilaboratorio\/","name":"Testaus- ja kalibrointilaboratorio - Enko AS","isPartOf":{"@id":"https:\/\/enko.ee\/fi\/#website"},"datePublished":"2018-08-28T11:36:30+00:00","dateModified":"2018-08-28T11:36:30+00:00","breadcrumb":{"@id":"https:\/\/enko.ee\/fi\/valmistus-ja-kokoaminen\/testaus-ja-kalibrointilaboratorio\/#breadcrumb"},"inLanguage":"fi","potentialAction":[{"@type":"ReadAction","target":["https:\/\/enko.ee\/fi\/valmistus-ja-kokoaminen\/testaus-ja-kalibrointilaboratorio\/"]}]},{"@type":"BreadcrumbList","@id":"https:\/\/enko.ee\/fi\/valmistus-ja-kokoaminen\/testaus-ja-kalibrointilaboratorio\/#breadcrumb","itemListElement":[{"@type":"ListItem","position":1,"name":"Home","item":"https:\/\/enko.ee\/fi\/"},{"@type":"ListItem","position":2,"name":"Tuotanto ja kokoonpano","item":"https:\/\/enko.ee\/fi\/valmistus-ja-kokoaminen\/"},{"@type":"ListItem","position":3,"name":"Testaus- ja kalibrointilaboratorio"}]},{"@type":"WebSite","@id":"https:\/\/enko.ee\/fi\/#website","url":"https:\/\/enko.ee\/fi\/","name":"Enko AS","description":"Metallist, plastikust ja kummist detailide \/ toodete kavandamine, tootmine ning montaa\u017e. Plasti \/ kummi survevalu, lehtmetalli t&ouml;&ouml;tlemine, valuvormide ja stantside projekteerimine, valmistamine ja modifitseerimine. Kinnitusvahendid.","potentialAction":[{"@type":"SearchAction","target":{"@type":"EntryPoint","urlTemplate":"https:\/\/enko.ee\/fi\/?s={search_term_string}"},"query-input":"required name=search_term_string"}],"inLanguage":"fi"}]}},"_links":{"self":[{"href":"https:\/\/enko.ee\/fi\/wp-json\/wp\/v2\/pages\/4968","targetHints":{"allow":["GET"]}}],"collection":[{"href":"https:\/\/enko.ee\/fi\/wp-json\/wp\/v2\/pages"}],"about":[{"href":"https:\/\/enko.ee\/fi\/wp-json\/wp\/v2\/types\/page"}],"author":[{"embeddable":true,"href":"https:\/\/enko.ee\/fi\/wp-json\/wp\/v2\/users\/3"}],"replies":[{"embeddable":true,"href":"https:\/\/enko.ee\/fi\/wp-json\/wp\/v2\/comments?post=4968"}],"version-history":[{"count":1,"href":"https:\/\/enko.ee\/fi\/wp-json\/wp\/v2\/pages\/4968\/revisions"}],"predecessor-version":[{"id":4969,"href":"https:\/\/enko.ee\/fi\/wp-json\/wp\/v2\/pages\/4968\/revisions\/4969"}],"up":[{"embeddable":true,"href":"https:\/\/enko.ee\/fi\/wp-json\/wp\/v2\/pages\/4953"}],"wp:attachment":[{"href":"https:\/\/enko.ee\/fi\/wp-json\/wp\/v2\/media?parent=4968"}],"curies":[{"name":"wp","href":"https:\/\/api.w.org\/{rel}","templated":true}]}}