{"id":4970,"date":"2018-08-28T14:37:17","date_gmt":"2018-08-28T11:37:17","guid":{"rendered":"http:\/\/enko.ee\/fi\/?page_id=4970"},"modified":"2025-04-14T19:22:29","modified_gmt":"2025-04-14T16:22:29","slug":"laatu","status":"publish","type":"page","link":"https:\/\/enko.ee\/fi\/laatu\/","title":{"rendered":"Laatu"},"content":{"rendered":"<h2>Laatu<\/h2>\n<p>Otimme standardia <strong>ISO 9001<\/strong> vastaavan laadunvarmistusj\u00e4rjestelm\u00e4mme k\u00e4ytt\u00f6\u00f6n 1998, ja j\u00e4rjestelm\u00e4 kattaa kaikki vaiheet tuotesuunnittelusta lopullisen tuotteen tarkastukseen. Laadunvarmistusj\u00e4rjestelm\u00e4n ISO9001:2015 ovat sertifioineet INSPECTA Estonia O\u00fc ja IQNet.<\/p>\n<p><a href=\"\/wp-content\/uploads\/2024\/03\/Q-117-24 eng_STAMPED.pdf\" target=\"_blank\" rel=\"noopener noreferrer\"><img loading=\"lazy\" decoding=\"async\" class=\"alignleft wp-image-3760 size-medium\" src=\"\/wp-content\/uploads\/2024\/03\/Inspecta_ISO9001_Q-117-24_212x300_v0.png\" width=\"211\" height=\"300\" \/><\/a><a href=\"\/wp-content\/uploads\/2016\/11\/IQNET-Certificate.pdf\" target=\"_blank\" rel=\"noopener noreferrer\"><img loading=\"lazy\" decoding=\"async\" class=\"alignleft wp-image-3761 size-medium\" src=\"\/wp-content\/uploads\/2016\/11\/ENKO_iqnet-212x300.png\" width=\"212\" height=\"300\" srcset=\"https:\/\/enko.ee\/wp-content\/uploads\/2016\/11\/ENKO_iqnet-212x300.png 212w, https:\/\/enko.ee\/wp-content\/uploads\/2016\/11\/ENKO_iqnet.png 484w\" sizes=\"auto, (max-width: 212px) 100vw, 212px\" \/><\/a><br \/>\n&nbsp;<\/p>\n","protected":false},"excerpt":{"rendered":"<p>Laatu Otimme standardia ISO 9001 vastaavan laadunvarmistusj\u00e4rjestelm\u00e4mme k\u00e4ytt\u00f6\u00f6n 1998, ja j\u00e4rjestelm\u00e4 kattaa kaikki vaiheet tuotesuunnittelusta lopullisen tuotteen tarkastukseen. Laadunvarmistusj\u00e4rjestelm\u00e4n ISO9001:2015 ovat sertifioineet INSPECTA Estonia O\u00fc ja IQNet. &nbsp;<\/p>\n","protected":false},"author":3,"featured_media":0,"parent":0,"menu_order":5,"comment_status":"closed","ping_status":"closed","template":"","meta":{"_monsterinsights_skip_tracking":false,"_monsterinsights_sitenote_active":false,"_monsterinsights_sitenote_note":"","_monsterinsights_sitenote_category":0,"footnotes":""},"class_list":["post-4970","page","type-page","status-publish"],"yoast_head":"<!-- This site is optimized with the Yoast SEO plugin v22.2 - https:\/\/yoast.com\/wordpress\/plugins\/seo\/ -->\n<title>Laatu - Enko AS<\/title>\n<meta name=\"robots\" content=\"index, follow, max-snippet:-1, max-image-preview:large, max-video-preview:-1\" \/>\n<link rel=\"canonical\" href=\"https:\/\/enko.ee\/fi\/laatu\/\" \/>\n<meta property=\"og:locale\" content=\"fi_FI\" \/>\n<meta property=\"og:type\" content=\"article\" \/>\n<meta property=\"og:title\" content=\"Laatu - Enko AS\" \/>\n<meta property=\"og:description\" content=\"Laatu Otimme standardia ISO 9001 vastaavan laadunvarmistusj\u00e4rjestelm\u00e4mme k\u00e4ytt\u00f6\u00f6n 1998, ja j\u00e4rjestelm\u00e4 kattaa kaikki vaiheet tuotesuunnittelusta lopullisen tuotteen tarkastukseen. Laadunvarmistusj\u00e4rjestelm\u00e4n ISO9001:2015 ovat sertifioineet INSPECTA Estonia O\u00fc ja IQNet. &nbsp;\" \/>\n<meta property=\"og:url\" content=\"https:\/\/enko.ee\/fi\/laatu\/\" \/>\n<meta property=\"og:site_name\" content=\"Enko AS\" \/>\n<meta property=\"article:modified_time\" content=\"2025-04-14T16:22:29+00:00\" \/>\n<meta name=\"twitter:card\" content=\"summary_large_image\" \/>\n<script type=\"application\/ld+json\" class=\"yoast-schema-graph\">{\"@context\":\"https:\/\/schema.org\",\"@graph\":[{\"@type\":\"WebPage\",\"@id\":\"https:\/\/enko.ee\/fi\/laatu\/\",\"url\":\"https:\/\/enko.ee\/fi\/laatu\/\",\"name\":\"Laatu - Enko AS\",\"isPartOf\":{\"@id\":\"https:\/\/enko.ee\/fi\/#website\"},\"datePublished\":\"2018-08-28T11:37:17+00:00\",\"dateModified\":\"2025-04-14T16:22:29+00:00\",\"breadcrumb\":{\"@id\":\"https:\/\/enko.ee\/fi\/laatu\/#breadcrumb\"},\"inLanguage\":\"fi\",\"potentialAction\":[{\"@type\":\"ReadAction\",\"target\":[\"https:\/\/enko.ee\/fi\/laatu\/\"]}]},{\"@type\":\"BreadcrumbList\",\"@id\":\"https:\/\/enko.ee\/fi\/laatu\/#breadcrumb\",\"itemListElement\":[{\"@type\":\"ListItem\",\"position\":1,\"name\":\"Home\",\"item\":\"https:\/\/enko.ee\/fi\/\"},{\"@type\":\"ListItem\",\"position\":2,\"name\":\"Laatu\"}]},{\"@type\":\"WebSite\",\"@id\":\"https:\/\/enko.ee\/fi\/#website\",\"url\":\"https:\/\/enko.ee\/fi\/\",\"name\":\"Enko AS\",\"description\":\"Metallist, plastikust ja kummist detailide \/ toodete kavandamine, tootmine ning montaa\u017e. Plasti \/ kummi survevalu, lehtmetalli t&ouml;&ouml;tlemine, valuvormide ja stantside projekteerimine, valmistamine ja modifitseerimine. Kinnitusvahendid.\",\"potentialAction\":[{\"@type\":\"SearchAction\",\"target\":{\"@type\":\"EntryPoint\",\"urlTemplate\":\"https:\/\/enko.ee\/fi\/?s={search_term_string}\"},\"query-input\":\"required name=search_term_string\"}],\"inLanguage\":\"fi\"}]}<\/script>\n<!-- \/ Yoast SEO plugin. -->","yoast_head_json":{"title":"Laatu - Enko AS","robots":{"index":"index","follow":"follow","max-snippet":"max-snippet:-1","max-image-preview":"max-image-preview:large","max-video-preview":"max-video-preview:-1"},"canonical":"https:\/\/enko.ee\/fi\/laatu\/","og_locale":"fi_FI","og_type":"article","og_title":"Laatu - Enko AS","og_description":"Laatu Otimme standardia ISO 9001 vastaavan laadunvarmistusj\u00e4rjestelm\u00e4mme k\u00e4ytt\u00f6\u00f6n 1998, ja j\u00e4rjestelm\u00e4 kattaa kaikki vaiheet tuotesuunnittelusta lopullisen tuotteen tarkastukseen. Laadunvarmistusj\u00e4rjestelm\u00e4n ISO9001:2015 ovat sertifioineet INSPECTA Estonia O\u00fc ja IQNet. &nbsp;","og_url":"https:\/\/enko.ee\/fi\/laatu\/","og_site_name":"Enko AS","article_modified_time":"2025-04-14T16:22:29+00:00","twitter_card":"summary_large_image","schema":{"@context":"https:\/\/schema.org","@graph":[{"@type":"WebPage","@id":"https:\/\/enko.ee\/fi\/laatu\/","url":"https:\/\/enko.ee\/fi\/laatu\/","name":"Laatu - Enko AS","isPartOf":{"@id":"https:\/\/enko.ee\/fi\/#website"},"datePublished":"2018-08-28T11:37:17+00:00","dateModified":"2025-04-14T16:22:29+00:00","breadcrumb":{"@id":"https:\/\/enko.ee\/fi\/laatu\/#breadcrumb"},"inLanguage":"fi","potentialAction":[{"@type":"ReadAction","target":["https:\/\/enko.ee\/fi\/laatu\/"]}]},{"@type":"BreadcrumbList","@id":"https:\/\/enko.ee\/fi\/laatu\/#breadcrumb","itemListElement":[{"@type":"ListItem","position":1,"name":"Home","item":"https:\/\/enko.ee\/fi\/"},{"@type":"ListItem","position":2,"name":"Laatu"}]},{"@type":"WebSite","@id":"https:\/\/enko.ee\/fi\/#website","url":"https:\/\/enko.ee\/fi\/","name":"Enko AS","description":"Metallist, plastikust ja kummist detailide \/ toodete kavandamine, tootmine ning montaa\u017e. Plasti \/ kummi survevalu, lehtmetalli t&ouml;&ouml;tlemine, valuvormide ja stantside projekteerimine, valmistamine ja modifitseerimine. Kinnitusvahendid.","potentialAction":[{"@type":"SearchAction","target":{"@type":"EntryPoint","urlTemplate":"https:\/\/enko.ee\/fi\/?s={search_term_string}"},"query-input":"required name=search_term_string"}],"inLanguage":"fi"}]}},"_links":{"self":[{"href":"https:\/\/enko.ee\/fi\/wp-json\/wp\/v2\/pages\/4970","targetHints":{"allow":["GET"]}}],"collection":[{"href":"https:\/\/enko.ee\/fi\/wp-json\/wp\/v2\/pages"}],"about":[{"href":"https:\/\/enko.ee\/fi\/wp-json\/wp\/v2\/types\/page"}],"author":[{"embeddable":true,"href":"https:\/\/enko.ee\/fi\/wp-json\/wp\/v2\/users\/3"}],"replies":[{"embeddable":true,"href":"https:\/\/enko.ee\/fi\/wp-json\/wp\/v2\/comments?post=4970"}],"version-history":[{"count":3,"href":"https:\/\/enko.ee\/fi\/wp-json\/wp\/v2\/pages\/4970\/revisions"}],"predecessor-version":[{"id":6323,"href":"https:\/\/enko.ee\/fi\/wp-json\/wp\/v2\/pages\/4970\/revisions\/6323"}],"wp:attachment":[{"href":"https:\/\/enko.ee\/fi\/wp-json\/wp\/v2\/media?parent=4970"}],"curies":[{"name":"wp","href":"https:\/\/api.w.org\/{rel}","templated":true}]}}