{"id":4972,"date":"2018-08-28T14:39:55","date_gmt":"2018-08-28T11:39:55","guid":{"rendered":"http:\/\/enko.ee\/fi\/?page_id=4972"},"modified":"2025-04-14T19:16:13","modified_gmt":"2025-04-14T16:16:13","slug":"yhteystiedot","status":"publish","type":"page","link":"https:\/\/enko.ee\/fi\/yhteystiedot\/","title":{"rendered":"Yhteystiedot"},"content":{"rendered":"[vc_row type=&#8221;in_container&#8221; scene_position=&#8221;center&#8221; text_color=&#8221;dark&#8221; text_align=&#8221;left&#8221; overlay_strength=&#8221;0.3&#8243;][vc_column column_padding=&#8221;no-extra-padding&#8221; column_padding_position=&#8221;all&#8221; background_color_opacity=&#8221;1&#8243; background_hover_color_opacity=&#8221;1&#8243; width=&#8221;1\/1&#8243;][\/vc_column][\/vc_row][vc_row type=&#8221;in_container&#8221; scene_position=&#8221;center&#8221; text_color=&#8221;dark&#8221; text_align=&#8221;left&#8221; overlay_strength=&#8221;0.3&#8243;][vc_column column_padding=&#8221;no-extra-padding&#8221; column_padding_position=&#8221;all&#8221; background_color_opacity=&#8221;1&#8243; background_hover_color_opacity=&#8221;1&#8243; width=&#8221;2\/4&#8243;]<div role=\"form\" class=\"wpcf7\" id=\"wpcf7-f3908-o1\" lang=\"en-US\" dir=\"ltr\">\n<div class=\"screen-reader-response\"><p role=\"status\" aria-live=\"polite\" aria-atomic=\"true\"><\/p> <ul><\/ul><\/div>\n<form action=\"\/fi\/wp-json\/wp\/v2\/pages\/4972#wpcf7-f3908-o1\" method=\"post\" class=\"wpcf7-form init\" novalidate=\"novalidate\" data-status=\"init\">\n<div style=\"display: none;\">\n<input type=\"hidden\" name=\"_wpcf7\" value=\"3908\" \/>\n<input type=\"hidden\" name=\"_wpcf7_version\" value=\"5.4.1\" \/>\n<input type=\"hidden\" name=\"_wpcf7_locale\" value=\"en_US\" \/>\n<input type=\"hidden\" name=\"_wpcf7_unit_tag\" value=\"wpcf7-f3908-o1\" \/>\n<input type=\"hidden\" name=\"_wpcf7_container_post\" value=\"0\" \/>\n<input type=\"hidden\" name=\"_wpcf7_posted_data_hash\" value=\"\" \/>\n<input type=\"hidden\" name=\"_wpcf7_recaptcha_response\" value=\"\" \/>\n<\/div>\n<p><label> Teie nimi (required)<br \/>\n    <span class=\"wpcf7-form-control-wrap your-name\"><input type=\"text\" name=\"your-name\" value=\"\" size=\"40\" class=\"wpcf7-form-control wpcf7-text wpcf7-validates-as-required\" aria-required=\"true\" aria-invalid=\"false\" \/><\/span> <\/label><\/p>\n<p><label> Teie e-post (required)<br \/>\n    <span class=\"wpcf7-form-control-wrap your-email\"><input type=\"email\" name=\"your-email\" value=\"\" size=\"40\" class=\"wpcf7-form-control wpcf7-text wpcf7-email wpcf7-validates-as-required wpcf7-validates-as-email\" aria-required=\"true\" aria-invalid=\"false\" \/><\/span> <\/label><\/p>\n<p><label> Teema<br \/>\n    <span class=\"wpcf7-form-control-wrap your-subject\"><input type=\"text\" name=\"your-subject\" value=\"\" size=\"40\" class=\"wpcf7-form-control wpcf7-text\" aria-invalid=\"false\" \/><\/span> <\/label><\/p>\n<p><label> Teie teade<br \/>\n    <span class=\"wpcf7-form-control-wrap your-message\"><textarea name=\"your-message\" cols=\"40\" rows=\"10\" class=\"wpcf7-form-control wpcf7-textarea\" aria-invalid=\"false\"><\/textarea><\/span> <\/label><\/p>\n\n<p><input type=\"submit\" value=\"Saada\" class=\"wpcf7-form-control wpcf7-submit\" \/><\/p>\n<div class=\"wpcf7-response-output\" aria-hidden=\"true\"><\/div><\/form><\/div>[\/vc_column][vc_column column_padding=&#8221;no-extra-padding&#8221; column_padding_position=&#8221;all&#8221; background_color_opacity=&#8221;1&#8243; background_hover_color_opacity=&#8221;1&#8243; width=&#8221;1\/4&#8243;][vc_column_text]\n<h2>Yhteystiedot<\/h2>\n<h4>ENKO AS<\/h4>\n<p>P\u00e4hkli<br \/>\nLilli k\u00fcla, Anija vald, Harju maakond<br \/>\n74414<br \/>\nViro<\/p>\n<p><span lang=\"fi\">Puhelin<\/span>:\u00a0 \u00a0 \u00a0 \u00a0 \u00a0(+372) 6032 900<br \/>\n<span lang=\"fi\">Puhelin<\/span>:\u00a0 \u00a0 \u00a0 \u00a0 \u00a0(+372) 5660 9389<\/p>\n<p><span lang=\"fi\">S\u00e4hk\u00f6posti<\/span>:\u00a0 \u00a0 enko@enko.ee<br \/>\n<span lang=\"fi\">Verkkosivut<\/span>:\u00a0 \u00a0https:\/\/www.enko.ee<\/p>\n<p>Jos etsit yrityksellesi luotettavaa yhteisty\u00f6kumppania tai alihankkijaa, ota yhteytt\u00e4 ja kerromme lis\u00e4\u00e4. Palvelemme viroksi, englanniksi, suomeksi ja ven\u00e4j\u00e4ksi.<\/p>\n[\/vc_column_text][\/vc_column][vc_column column_padding=&#8221;no-extra-padding&#8221; column_padding_position=&#8221;all&#8221; background_color_opacity=&#8221;1&#8243; background_hover_color_opacity=&#8221;1&#8243; width=&#8221;1\/4&#8243;][vc_column_text]\n<h2><span lang=\"fi\">Suorat yhteystiedot<\/span><\/h2>\n<h4>Marko Lutter<br \/>\n<img loading=\"lazy\" decoding=\"async\" title=\"Eesti\" src=\"http:\/\/enko.ee\/wp-content\/plugins\/sitepress-multilingual-cms\/res\/flags\/et.png\" alt=\"et\" width=\"18\" height=\"12\" \/> <img loading=\"lazy\" decoding=\"async\" title=\"English\" src=\"http:\/\/enko.ee\/wp-content\/plugins\/sitepress-multilingual-cms\/res\/flags\/en.png\" alt=\"eng\" width=\"18\" height=\"12\" \/> <img loading=\"lazy\" decoding=\"async\" title=\"Suomi\" src=\"http:\/\/enko.ee\/wp-content\/plugins\/sitepress-multilingual-cms\/res\/flags\/fi.png\" alt=\"fi\" width=\"18\" height=\"12\" \/> <img loading=\"lazy\" decoding=\"async\" title=\"Russian\" src=\"http:\/\/enko.ee\/wp-content\/plugins\/sitepress-multilingual-cms\/res\/flags\/ru.png\" alt=\"ru\" width=\"18\" height=\"12\" \/> <\/h4>\n<h6>Myynti ja markkinointi<\/h6>\n<p><span lang=\"fi\">S\u00e4hk\u00f6posti<\/span>: marko.lutter@enko.ee<br \/>\n<span lang=\"fi\">Puhelin<\/span>:\u00a0 (+372) 5340 6500<\/p>\n<h4>Aleksandr T\u0161ut\u0161man<br \/>\n<img loading=\"lazy\" decoding=\"async\" title=\"Eesti\" src=\"http:\/\/enko.ee\/wp-content\/plugins\/sitepress-multilingual-cms\/res\/flags\/et.png\" alt=\"et\" width=\"18\" height=\"12\" \/>\u00a0\u00a0<img loading=\"lazy\" decoding=\"async\" title=\"Russian\" src=\"http:\/\/enko.ee\/wp-content\/plugins\/sitepress-multilingual-cms\/res\/flags\/ru.png\" alt=\"ru\" width=\"18\" height=\"12\" \/><\/h4>\n<h6>Osto ja hankinnat; tuotantop\u00e4\u00e4llikk\u00f6<\/h6>\n<p><span lang=\"fi\">S\u00e4hk\u00f6posti<\/span>: aleksandr@enko.ee<br \/>\n<span lang=\"fi\">Puhelin<\/span>:\u00a0 \u00a0 (+372) 6032 908<br \/>\n<span lang=\"fi\">Puhelin<\/span>:\u00a0 \u00a0 (+372) 5668 7121<\/p>\n","protected":false},"excerpt":{"rendered":"<p>[vc_row type=&#8221;in_container&#8221; scene_position=&#8221;center&#8221; text_color=&#8221;dark&#8221; text_align=&#8221;left&#8221; overlay_strength=&#8221;0.3&#8243;][vc_column column_padding=&#8221;no-extra-padding&#8221; column_padding_position=&#8221;all&#8221; background_color_opacity=&#8221;1&#8243; background_hover_color_opacity=&#8221;1&#8243; width=&#8221;1\/1&#8243;][\/vc_column][\/vc_row][vc_row type=&#8221;in_container&#8221; scene_position=&#8221;center&#8221; text_color=&#8221;dark&#8221; text_align=&#8221;left&#8221; overlay_strength=&#8221;0.3&#8243;][vc_column column_padding=&#8221;no-extra-padding&#8221; column_padding_position=&#8221;all&#8221; background_color_opacity=&#8221;1&#8243; background_hover_color_opacity=&#8221;1&#8243; width=&#8221;2\/4&#8243;][\/vc_column][vc_column column_padding=&#8221;no-extra-padding&#8221; column_padding_position=&#8221;all&#8221; background_color_opacity=&#8221;1&#8243; background_hover_color_opacity=&#8221;1&#8243; width=&#8221;1\/4&#8243;][vc_column_text] Yhteystiedot ENKO AS P\u00e4hkli&#8230;<\/p>\n","protected":false},"author":3,"featured_media":0,"parent":0,"menu_order":7,"comment_status":"closed","ping_status":"closed","template":"","meta":{"_monsterinsights_skip_tracking":false,"_monsterinsights_sitenote_active":false,"_monsterinsights_sitenote_note":"","_monsterinsights_sitenote_category":0,"footnotes":""},"class_list":["post-4972","page","type-page","status-publish"],"yoast_head":"<!-- This site is optimized with the Yoast SEO plugin v22.2 - https:\/\/yoast.com\/wordpress\/plugins\/seo\/ -->\n<title>Yhteystiedot - Enko AS<\/title>\n<meta name=\"robots\" content=\"index, follow, max-snippet:-1, max-image-preview:large, max-video-preview:-1\" \/>\n<link rel=\"canonical\" href=\"https:\/\/enko.ee\/fi\/yhteystiedot\/\" \/>\n<meta property=\"og:locale\" content=\"fi_FI\" \/>\n<meta property=\"og:type\" content=\"article\" \/>\n<meta property=\"og:title\" content=\"Yhteystiedot - Enko AS\" \/>\n<meta property=\"og:description\" content=\"[vc_row type=&#8221;in_container&#8221; scene_position=&#8221;center&#8221; text_color=&#8221;dark&#8221; text_align=&#8221;left&#8221; overlay_strength=&#8221;0.3&#8243;][vc_column column_padding=&#8221;no-extra-padding&#8221; column_padding_position=&#8221;all&#8221; background_color_opacity=&#8221;1&#8243; background_hover_color_opacity=&#8221;1&#8243; width=&#8221;1\/1&#8243;][\/vc_column][\/vc_row][vc_row type=&#8221;in_container&#8221; scene_position=&#8221;center&#8221; text_color=&#8221;dark&#8221; text_align=&#8221;left&#8221; overlay_strength=&#8221;0.3&#8243;][vc_column column_padding=&#8221;no-extra-padding&#8221; column_padding_position=&#8221;all&#8221; background_color_opacity=&#8221;1&#8243; background_hover_color_opacity=&#8221;1&#8243; width=&#8221;2\/4&#8243;][\/vc_column][vc_column column_padding=&#8221;no-extra-padding&#8221; column_padding_position=&#8221;all&#8221; background_color_opacity=&#8221;1&#8243; background_hover_color_opacity=&#8221;1&#8243; width=&#8221;1\/4&#8243;][vc_column_text] Yhteystiedot ENKO AS P\u00e4hkli...\" \/>\n<meta property=\"og:url\" content=\"https:\/\/enko.ee\/fi\/yhteystiedot\/\" \/>\n<meta property=\"og:site_name\" content=\"Enko AS\" \/>\n<meta property=\"article:modified_time\" content=\"2025-04-14T16:16:13+00:00\" \/>\n<meta property=\"og:image\" content=\"http:\/\/enko.ee\/wp-content\/plugins\/sitepress-multilingual-cms\/res\/flags\/et.png\" \/>\n<meta name=\"twitter:card\" content=\"summary_large_image\" \/>\n<meta name=\"twitter:label1\" content=\"Arvioitu lukuaika\" \/>\n\t<meta name=\"twitter:data1\" content=\"2 minuuttia\" \/>\n<script type=\"application\/ld+json\" class=\"yoast-schema-graph\">{\"@context\":\"https:\/\/schema.org\",\"@graph\":[{\"@type\":\"WebPage\",\"@id\":\"https:\/\/enko.ee\/fi\/yhteystiedot\/\",\"url\":\"https:\/\/enko.ee\/fi\/yhteystiedot\/\",\"name\":\"Yhteystiedot - Enko AS\",\"isPartOf\":{\"@id\":\"https:\/\/enko.ee\/fi\/#website\"},\"primaryImageOfPage\":{\"@id\":\"https:\/\/enko.ee\/fi\/yhteystiedot\/#primaryimage\"},\"image\":{\"@id\":\"https:\/\/enko.ee\/fi\/yhteystiedot\/#primaryimage\"},\"thumbnailUrl\":\"http:\/\/enko.ee\/wp-content\/plugins\/sitepress-multilingual-cms\/res\/flags\/et.png\",\"datePublished\":\"2018-08-28T11:39:55+00:00\",\"dateModified\":\"2025-04-14T16:16:13+00:00\",\"breadcrumb\":{\"@id\":\"https:\/\/enko.ee\/fi\/yhteystiedot\/#breadcrumb\"},\"inLanguage\":\"fi\",\"potentialAction\":[{\"@type\":\"ReadAction\",\"target\":[\"https:\/\/enko.ee\/fi\/yhteystiedot\/\"]}]},{\"@type\":\"ImageObject\",\"inLanguage\":\"fi\",\"@id\":\"https:\/\/enko.ee\/fi\/yhteystiedot\/#primaryimage\",\"url\":\"http:\/\/enko.ee\/wp-content\/plugins\/sitepress-multilingual-cms\/res\/flags\/et.png\",\"contentUrl\":\"http:\/\/enko.ee\/wp-content\/plugins\/sitepress-multilingual-cms\/res\/flags\/et.png\"},{\"@type\":\"BreadcrumbList\",\"@id\":\"https:\/\/enko.ee\/fi\/yhteystiedot\/#breadcrumb\",\"itemListElement\":[{\"@type\":\"ListItem\",\"position\":1,\"name\":\"Home\",\"item\":\"https:\/\/enko.ee\/fi\/\"},{\"@type\":\"ListItem\",\"position\":2,\"name\":\"Yhteystiedot\"}]},{\"@type\":\"WebSite\",\"@id\":\"https:\/\/enko.ee\/fi\/#website\",\"url\":\"https:\/\/enko.ee\/fi\/\",\"name\":\"Enko AS\",\"description\":\"Metallist, plastikust ja kummist detailide \/ toodete kavandamine, tootmine ning montaa\u017e. Plasti \/ kummi survevalu, lehtmetalli t&ouml;&ouml;tlemine, valuvormide ja stantside projekteerimine, valmistamine ja modifitseerimine. Kinnitusvahendid.\",\"potentialAction\":[{\"@type\":\"SearchAction\",\"target\":{\"@type\":\"EntryPoint\",\"urlTemplate\":\"https:\/\/enko.ee\/fi\/?s={search_term_string}\"},\"query-input\":\"required name=search_term_string\"}],\"inLanguage\":\"fi\"}]}<\/script>\n<!-- \/ Yoast SEO plugin. -->","yoast_head_json":{"title":"Yhteystiedot - Enko AS","robots":{"index":"index","follow":"follow","max-snippet":"max-snippet:-1","max-image-preview":"max-image-preview:large","max-video-preview":"max-video-preview:-1"},"canonical":"https:\/\/enko.ee\/fi\/yhteystiedot\/","og_locale":"fi_FI","og_type":"article","og_title":"Yhteystiedot - Enko AS","og_description":"[vc_row type=&#8221;in_container&#8221; scene_position=&#8221;center&#8221; text_color=&#8221;dark&#8221; text_align=&#8221;left&#8221; overlay_strength=&#8221;0.3&#8243;][vc_column column_padding=&#8221;no-extra-padding&#8221; column_padding_position=&#8221;all&#8221; background_color_opacity=&#8221;1&#8243; background_hover_color_opacity=&#8221;1&#8243; width=&#8221;1\/1&#8243;][\/vc_column][\/vc_row][vc_row type=&#8221;in_container&#8221; scene_position=&#8221;center&#8221; text_color=&#8221;dark&#8221; text_align=&#8221;left&#8221; overlay_strength=&#8221;0.3&#8243;][vc_column column_padding=&#8221;no-extra-padding&#8221; column_padding_position=&#8221;all&#8221; background_color_opacity=&#8221;1&#8243; background_hover_color_opacity=&#8221;1&#8243; width=&#8221;2\/4&#8243;][\/vc_column][vc_column column_padding=&#8221;no-extra-padding&#8221; column_padding_position=&#8221;all&#8221; background_color_opacity=&#8221;1&#8243; background_hover_color_opacity=&#8221;1&#8243; width=&#8221;1\/4&#8243;][vc_column_text] Yhteystiedot ENKO AS P\u00e4hkli...","og_url":"https:\/\/enko.ee\/fi\/yhteystiedot\/","og_site_name":"Enko AS","article_modified_time":"2025-04-14T16:16:13+00:00","og_image":[{"url":"http:\/\/enko.ee\/wp-content\/plugins\/sitepress-multilingual-cms\/res\/flags\/et.png"}],"twitter_card":"summary_large_image","twitter_misc":{"Arvioitu lukuaika":"2 minuuttia"},"schema":{"@context":"https:\/\/schema.org","@graph":[{"@type":"WebPage","@id":"https:\/\/enko.ee\/fi\/yhteystiedot\/","url":"https:\/\/enko.ee\/fi\/yhteystiedot\/","name":"Yhteystiedot - Enko AS","isPartOf":{"@id":"https:\/\/enko.ee\/fi\/#website"},"primaryImageOfPage":{"@id":"https:\/\/enko.ee\/fi\/yhteystiedot\/#primaryimage"},"image":{"@id":"https:\/\/enko.ee\/fi\/yhteystiedot\/#primaryimage"},"thumbnailUrl":"http:\/\/enko.ee\/wp-content\/plugins\/sitepress-multilingual-cms\/res\/flags\/et.png","datePublished":"2018-08-28T11:39:55+00:00","dateModified":"2025-04-14T16:16:13+00:00","breadcrumb":{"@id":"https:\/\/enko.ee\/fi\/yhteystiedot\/#breadcrumb"},"inLanguage":"fi","potentialAction":[{"@type":"ReadAction","target":["https:\/\/enko.ee\/fi\/yhteystiedot\/"]}]},{"@type":"ImageObject","inLanguage":"fi","@id":"https:\/\/enko.ee\/fi\/yhteystiedot\/#primaryimage","url":"http:\/\/enko.ee\/wp-content\/plugins\/sitepress-multilingual-cms\/res\/flags\/et.png","contentUrl":"http:\/\/enko.ee\/wp-content\/plugins\/sitepress-multilingual-cms\/res\/flags\/et.png"},{"@type":"BreadcrumbList","@id":"https:\/\/enko.ee\/fi\/yhteystiedot\/#breadcrumb","itemListElement":[{"@type":"ListItem","position":1,"name":"Home","item":"https:\/\/enko.ee\/fi\/"},{"@type":"ListItem","position":2,"name":"Yhteystiedot"}]},{"@type":"WebSite","@id":"https:\/\/enko.ee\/fi\/#website","url":"https:\/\/enko.ee\/fi\/","name":"Enko AS","description":"Metallist, plastikust ja kummist detailide \/ toodete kavandamine, tootmine ning montaa\u017e. Plasti \/ kummi survevalu, lehtmetalli t&ouml;&ouml;tlemine, valuvormide ja stantside projekteerimine, valmistamine ja modifitseerimine. Kinnitusvahendid.","potentialAction":[{"@type":"SearchAction","target":{"@type":"EntryPoint","urlTemplate":"https:\/\/enko.ee\/fi\/?s={search_term_string}"},"query-input":"required name=search_term_string"}],"inLanguage":"fi"}]}},"_links":{"self":[{"href":"https:\/\/enko.ee\/fi\/wp-json\/wp\/v2\/pages\/4972","targetHints":{"allow":["GET"]}}],"collection":[{"href":"https:\/\/enko.ee\/fi\/wp-json\/wp\/v2\/pages"}],"about":[{"href":"https:\/\/enko.ee\/fi\/wp-json\/wp\/v2\/types\/page"}],"author":[{"embeddable":true,"href":"https:\/\/enko.ee\/fi\/wp-json\/wp\/v2\/users\/3"}],"replies":[{"embeddable":true,"href":"https:\/\/enko.ee\/fi\/wp-json\/wp\/v2\/comments?post=4972"}],"version-history":[{"count":14,"href":"https:\/\/enko.ee\/fi\/wp-json\/wp\/v2\/pages\/4972\/revisions"}],"predecessor-version":[{"id":6321,"href":"https:\/\/enko.ee\/fi\/wp-json\/wp\/v2\/pages\/4972\/revisions\/6321"}],"wp:attachment":[{"href":"https:\/\/enko.ee\/fi\/wp-json\/wp\/v2\/media?parent=4972"}],"curies":[{"name":"wp","href":"https:\/\/api.w.org\/{rel}","templated":true}]}}